{"id":4286,"date":"2026-02-25T08:25:55","date_gmt":"2026-02-25T07:25:55","guid":{"rendered":"https:\/\/iph-multisite.berta-bewegt.ch\/?page_id=4286"},"modified":"2026-02-25T13:13:13","modified_gmt":"2026-02-25T12:13:13","slug":"le-long-chemin-vers-un-medicament","status":"publish","type":"page","link":"https:\/\/www.interpharma.ch\/fr\/themen\/a-la-pointe-de-la-recherche-et-developpement\/le-long-chemin-vers-un-medicament\/","title":{"rendered":"Le long chemin vers un m\u00e9dicament"},"content":{"rendered":"\n<p>Les d\u00e9couvertes r\u00e9volutionnaires\nconstituent une exception dans la recherche, les petits progr\u00e8s sont la r\u00e8gle. C\u2019est\naussi le cas dans le domaine de la recherche pharmaceutique. Les innovations\nprogressives, qui prennent des ann\u00e9es, finissent par optimiser l\u2019utilit\u00e9 des nouveaux\ntraitements pour les patients. Dans le cas des maladies tr\u00e8s r\u00e9pandues, les\nentreprises pharmaceutiques se livrent une rude concurrence \u00e0 l\u2019\u00e9chelle\nmondiale pour ce qui est de ces innovations progressives. Elles utilisent par\nexemple diff\u00e9rentes substances visant le m\u00eame point d\u2019attaque pharmacologique.\nIl faut souvent utiliser un m\u00e9dicament pendant un certain temps avant que son\nsucc\u00e8s th\u00e9rapeutique ne se cristallise. Il faut pour cela que de multiples\nfacteurs de succ\u00e8s se conjuguent: efficacit\u00e9, dur\u00e9e de l\u2019effet, interactions\navec d\u2019autres m\u00e9dicaments, effets secondaires \u00e9ventuels, disponibilit\u00e9 optimale\nde la substance active ou forme gal\u00e9nique optimale.<\/p>\n\n\n\n<h2 class=\"wp-block-heading\" id=\"h-complexite-croissante-du-developpement\"><strong>Complexit\u00e9 croissante du d\u00e9veloppement<\/strong><\/h2>\n\n\n\n<p>La recherche et le d\u00e9veloppement sont devenus de plus en plus complexes et co\u00fbteux au cours des derni\u00e8res d\u00e9cennies, entre autres en raison des exigences l\u00e9gales \u00e9lev\u00e9es en mati\u00e8re de s\u00e9curit\u00e9. Il faut actuellement compter en moyenne 12&nbsp;ans jusqu\u2019au lancement d\u2019un nouveau m\u00e9dicament sur le march\u00e9. Les co\u00fbts se montent \u00e0 environ 2,6&nbsp;milliards de dollars, dont environ deux tiers sont d\u00e9pens\u00e9s avant m\u00eame le d\u00e9but des essais cliniques. Sur 10&nbsp;000 substances \u00e9tudi\u00e9es et contr\u00f4l\u00e9es en laboratoire, tout juste dix parviennent \u00e0 la phase des essais cliniques, et une seule satisfait \u00e0 tous les tests et finit par \u00eatre mise sur le march\u00e9 sous forme de m\u00e9dicament. En raison de la dur\u00e9e du d\u00e9veloppement, le laps de temps dont les entreprises pharmaceutiques b\u00e9n\u00e9ficient pour refinancer leurs co\u00fbts de d\u00e9veloppement gr\u00e2ce \u00e0 la protection conf\u00e9r\u00e9e par un brevet est de plus en plus court.<\/p>\n\n\n\n<h2 class=\"wp-block-heading\" id=\"h-importance-des-brevets-pour-les-nouvelles-substances-actives\"><strong>Importance des brevets pour les nouvelles\nsubstances actives<\/strong><\/h2>\n\n\n\n<p>\u00c0 l\u2019\u00e9chelon\nmondial, les entreprises pharmaceutiques investissent dans la recherche et le\nd\u00e9veloppement environ 20% du chiffre d\u2019affaires r\u00e9alis\u00e9 avec des m\u00e9dicaments\nsoumis \u00e0 ordonnance. C\u2019est un taux record, toutes branches confondues. Par\ncons\u00e9quent, les entreprises pratiquant la recherche doivent \u00eatre s\u00fbres que\nleurs inventions ne seront pas utilis\u00e9es \u00e0 des fins commerciales par des tiers\nn\u2019ayant pas contribu\u00e9 aux d\u00e9penses de recherche. L\u2019\u00c9tat prot\u00e8ge les nouvelles\nsubstances actives par un brevet. La protection l\u00e9gale conf\u00e9r\u00e9e par un brevet\nest limit\u00e9e \u00e0 20&nbsp;ans et commence d\u00e8s le d\u00e9p\u00f4t du brevet, c\u2019est-\u00e0-dire\navant m\u00eame que les essais pr\u00e9cliniques aient par exemple \u00e9t\u00e9 men\u00e9s dans des\nsyst\u00e8mes cellulaires. Compte tenu des exigences de s\u00e9curit\u00e9 croissantes, la\ndur\u00e9e de protection effectivement utilisable est devenue de plus en plus\ncourte. Pour faire face \u00e0 cette \u00e9volution, le \u00abcertificat de protection\ncompl\u00e9mentaire\u00bb a \u00e9t\u00e9 cr\u00e9\u00e9. Il permet de prolonger la dur\u00e9e de la protection\nconf\u00e9r\u00e9e par le brevet aux nouveaux m\u00e9dicaments de cinq ans, la portant \u00e0 une\ndur\u00e9e de protection effective de 15&nbsp;ans au maximum.<\/p>\n\n\n\n<h2 class=\"wp-block-heading\" id=\"h-incitations-par-la-protection-des-donnees-deposees\"><strong>Incitations par la protection des donn\u00e9es\nd\u00e9pos\u00e9es<\/strong><\/h2>\n\n\n\n<p>Avant d\u2019autoriser la mise sur le march\u00e9 d\u2019un m\u00e9dicament, les autorit\u00e9s sanitaires exigent de l\u2019industrie pharmaceutique un vaste dossier contenant des donn\u00e9es des \u00e9tudes pr\u00e9cliniques et cliniques. Ces donn\u00e9es sont n\u00e9cessaires pour juger de la qualit\u00e9, de l\u2019efficacit\u00e9 et de l\u2019innocuit\u00e9 d\u2019un m\u00e9dicament. Les entreprises pharmaceutiques investissent beaucoup de temps et d\u2019argent dans le traitement de ces donn\u00e9es. La protection de ces donn\u00e9es (protection du premier requ\u00e9rant) garantit qu\u2019aucune autre entreprise n\u2019acc\u00e8de aux donn\u00e9es ni ne les utilise pendant la p\u00e9riode de protection qui fait suite \u00e0 l\u2019autorisation de mise sur le march\u00e9. La protection du premier requ\u00e9rant est une incitation \u00e0 consentir des fonds pour la recherche et le d\u00e9veloppement. Elle repr\u00e9sente une incitation \u00e0 l\u2019investissement ind\u00e9pendante de la protection par brevet. Pour diverses raisons, il se peut qu\u2019un certain produit ne soit pas brevet\u00e9 dans un certain pays. Dans ce cas, la protection du premier requ\u00e9rant est la principale incitation \u00e0 l\u2019investissement. Cela s\u2019applique par exemple \u00e0 la tendance croissante \u00e0 \u00e9laborer de nouvelles indications pour des substances actives bien \u00e9tablies.<\/p>\n\n\n\n<p><\/p>\n\n\n\n<figure class=\"wp-block-video\"><video controls src=\"https:\/\/interpharma.ch\/wp-content\/uploads\/2024\/11\/20241029_iph_erklaervideo_fr.mp4\"><\/video><\/figure>\n","protected":false},"excerpt":{"rendered":"<p>Les d\u00e9couvertes r\u00e9volutionnaires constituent une exception dans la recherche, les petits progr\u00e8s sont la r\u00e8gle. C\u2019est aussi le cas dans le domaine de la recherche pharmaceutique. Les innovations progressives, qui prennent des ann\u00e9es, finissent par optimiser l\u2019utilit\u00e9 des nouveaux traitements pour les patients. Dans le cas des maladies tr\u00e8s r\u00e9pandues, les entreprises pharmaceutiques se livrent [&hellip;]<\/p>\n","protected":false},"author":1,"featured_media":14773,"parent":4300,"menu_order":0,"comment_status":"closed","ping_status":"closed","template":"page-templates\/unterthema.php","meta":{"_acf_changed":false,"inline_featured_image":false,"footnotes":""},"class_list":["post-4286","page","type-page","status-publish","has-post-thumbnail","hentry"],"acf":[],"yoast_head":"<!-- This site is optimized with the Yoast SEO Premium plugin v27.2 (Yoast SEO v27.2) - https:\/\/yoast.com\/product\/yoast-seo-premium-wordpress\/ -->\n<title>Le long chemin vers un m\u00e9dicament - Interpharma<\/title>\n<meta name=\"robots\" content=\"index, follow, max-snippet:-1, max-image-preview:large, max-video-preview:-1\" \/>\n<link rel=\"canonical\" href=\"https:\/\/www.interpharma.ch\/fr\/themen\/a-la-pointe-de-la-recherche-et-developpement\/le-long-chemin-vers-un-medicament\/\" \/>\n<meta property=\"og:locale\" content=\"fr_FR\" \/>\n<meta property=\"og:type\" content=\"article\" \/>\n<meta property=\"og:title\" content=\"Le long chemin vers un m\u00e9dicament\" \/>\n<meta property=\"og:description\" content=\"Les d\u00e9couvertes r\u00e9volutionnaires constituent une exception dans la recherche, les petits progr\u00e8s sont la r\u00e8gle. C\u2019est aussi le cas dans le domaine de la recherche pharmaceutique. Les innovations progressives, qui prennent des ann\u00e9es, finissent par optimiser l\u2019utilit\u00e9 des nouveaux traitements pour les patients. Dans le cas des maladies tr\u00e8s r\u00e9pandues, les entreprises pharmaceutiques se livrent [&hellip;]\" \/>\n<meta property=\"og:url\" content=\"https:\/\/www.interpharma.ch\/fr\/themen\/a-la-pointe-de-la-recherche-et-developpement\/le-long-chemin-vers-un-medicament\/\" \/>\n<meta property=\"og:site_name\" content=\"Interpharma\" \/>\n<meta property=\"article:modified_time\" content=\"2026-02-25T12:13:13+00:00\" \/>\n<meta property=\"og:image\" content=\"https:\/\/www.interpharma.ch\/wp-content\/uploads\/2026\/03\/Interpharma_fuehrendinforschungundentwicklung_derlangeweg.jpg\" \/>\n\t<meta property=\"og:image:width\" content=\"960\" \/>\n\t<meta property=\"og:image:height\" content=\"721\" \/>\n\t<meta property=\"og:image:type\" content=\"image\/jpeg\" \/>\n<meta name=\"twitter:card\" content=\"summary_large_image\" \/>\n<meta name=\"twitter:site\" content=\"@interpharma_ch\" \/>\n<meta name=\"twitter:label1\" content=\"Dur\u00e9e de lecture estim\u00e9e\" \/>\n\t<meta name=\"twitter:data1\" content=\"4 minutes\" \/>\n<script type=\"application\/ld+json\" class=\"yoast-schema-graph\">{\"@context\":\"https:\/\/schema.org\",\"@graph\":[{\"@type\":\"WebPage\",\"@id\":\"https:\/\/www.interpharma.ch\/fr\/themen\/a-la-pointe-de-la-recherche-et-developpement\/le-long-chemin-vers-un-medicament\/\",\"url\":\"https:\/\/www.interpharma.ch\/fr\/themen\/a-la-pointe-de-la-recherche-et-developpement\/le-long-chemin-vers-un-medicament\/\",\"name\":\"Le long chemin vers un m\u00e9dicament - Interpharma\",\"isPartOf\":{\"@id\":\"https:\/\/www.interpharma.ch\/#website\"},\"primaryImageOfPage\":{\"@id\":\"https:\/\/www.interpharma.ch\/fr\/themen\/a-la-pointe-de-la-recherche-et-developpement\/le-long-chemin-vers-un-medicament\/#primaryimage\"},\"image\":{\"@id\":\"https:\/\/www.interpharma.ch\/fr\/themen\/a-la-pointe-de-la-recherche-et-developpement\/le-long-chemin-vers-un-medicament\/#primaryimage\"},\"thumbnailUrl\":\"https:\/\/www.interpharma.ch\/wp-content\/uploads\/2026\/03\/Interpharma_fuehrendinforschungundentwicklung_derlangeweg.jpg\",\"datePublished\":\"2026-02-25T07:25:55+00:00\",\"dateModified\":\"2026-02-25T12:13:13+00:00\",\"breadcrumb\":{\"@id\":\"https:\/\/www.interpharma.ch\/fr\/themen\/a-la-pointe-de-la-recherche-et-developpement\/le-long-chemin-vers-un-medicament\/#breadcrumb\"},\"inLanguage\":\"fr-FR\",\"potentialAction\":[{\"@type\":\"ReadAction\",\"target\":[\"https:\/\/www.interpharma.ch\/fr\/themen\/a-la-pointe-de-la-recherche-et-developpement\/le-long-chemin-vers-un-medicament\/\"]}]},{\"@type\":\"ImageObject\",\"inLanguage\":\"fr-FR\",\"@id\":\"https:\/\/www.interpharma.ch\/fr\/themen\/a-la-pointe-de-la-recherche-et-developpement\/le-long-chemin-vers-un-medicament\/#primaryimage\",\"url\":\"https:\/\/www.interpharma.ch\/wp-content\/uploads\/2026\/03\/Interpharma_fuehrendinforschungundentwicklung_derlangeweg.jpg\",\"contentUrl\":\"https:\/\/www.interpharma.ch\/wp-content\/uploads\/2026\/03\/Interpharma_fuehrendinforschungundentwicklung_derlangeweg.jpg\",\"width\":960,\"height\":721},{\"@type\":\"BreadcrumbList\",\"@id\":\"https:\/\/www.interpharma.ch\/fr\/themen\/a-la-pointe-de-la-recherche-et-developpement\/le-long-chemin-vers-un-medicament\/#breadcrumb\",\"itemListElement\":[{\"@type\":\"ListItem\",\"position\":1,\"name\":\"Startseite\",\"item\":\"https:\/\/www.interpharma.ch\/fr\/\"},{\"@type\":\"ListItem\",\"position\":2,\"name\":\"Nos th\u00e8mes\",\"item\":\"https:\/\/www.interpharma.ch\/fr\/themen\/\"},{\"@type\":\"ListItem\",\"position\":3,\"name\":\"\u00c0 la pointe de la recherche et d\u00e9veloppement\",\"item\":\"https:\/\/www.interpharma.ch\/fr\/themen\/a-la-pointe-de-la-recherche-et-developpement\/\"},{\"@type\":\"ListItem\",\"position\":4,\"name\":\"Le long chemin vers un m\u00e9dicament\"}]},{\"@type\":\"WebSite\",\"@id\":\"https:\/\/www.interpharma.ch\/#website\",\"url\":\"https:\/\/www.interpharma.ch\/\",\"name\":\"Interpharma\",\"description\":\"Verband der forschenden Pharmazeutischen Firmen\",\"publisher\":{\"@id\":\"https:\/\/www.interpharma.ch\/#organization\"},\"potentialAction\":[{\"@type\":\"SearchAction\",\"target\":{\"@type\":\"EntryPoint\",\"urlTemplate\":\"https:\/\/www.interpharma.ch\/?s={search_term_string}\"},\"query-input\":{\"@type\":\"PropertyValueSpecification\",\"valueRequired\":true,\"valueName\":\"search_term_string\"}}],\"inLanguage\":\"fr-FR\"},{\"@type\":\"Organization\",\"@id\":\"https:\/\/www.interpharma.ch\/#organization\",\"name\":\"Interpharma\",\"url\":\"https:\/\/www.interpharma.ch\/\",\"logo\":{\"@type\":\"ImageObject\",\"inLanguage\":\"fr-FR\",\"@id\":\"https:\/\/www.interpharma.ch\/#\/schema\/logo\/image\/\",\"url\":\"https:\/\/interpharma.ch\/wp-content\/uploads\/2026\/03\/20251014_iph_logo_wort_bildmarke_rgb_final_cu01.svg\",\"contentUrl\":\"https:\/\/interpharma.ch\/wp-content\/uploads\/2026\/03\/20251014_iph_logo_wort_bildmarke_rgb_final_cu01.svg\",\"width\":\"1200\",\"height\":\"1200\",\"caption\":\"Interpharma\"},\"image\":{\"@id\":\"https:\/\/www.interpharma.ch\/#\/schema\/logo\/image\/\"},\"sameAs\":[\"https:\/\/x.com\/interpharma_ch\",\"https:\/\/ch.linkedin.com\/company\/interpharma\",\"https:\/\/www.instagram.com\/interpharma_ch\/\"]}]}<\/script>\n<!-- \/ Yoast SEO Premium plugin. -->","yoast_head_json":{"title":"Le long chemin vers un m\u00e9dicament - Interpharma","robots":{"index":"index","follow":"follow","max-snippet":"max-snippet:-1","max-image-preview":"max-image-preview:large","max-video-preview":"max-video-preview:-1"},"canonical":"https:\/\/www.interpharma.ch\/fr\/themen\/a-la-pointe-de-la-recherche-et-developpement\/le-long-chemin-vers-un-medicament\/","og_locale":"fr_FR","og_type":"article","og_title":"Le long chemin vers un m\u00e9dicament","og_description":"Les d\u00e9couvertes r\u00e9volutionnaires constituent une exception dans la recherche, les petits progr\u00e8s sont la r\u00e8gle. C\u2019est aussi le cas dans le domaine de la recherche pharmaceutique. Les innovations progressives, qui prennent des ann\u00e9es, finissent par optimiser l\u2019utilit\u00e9 des nouveaux traitements pour les patients. Dans le cas des maladies tr\u00e8s r\u00e9pandues, les entreprises pharmaceutiques se livrent [&hellip;]","og_url":"https:\/\/www.interpharma.ch\/fr\/themen\/a-la-pointe-de-la-recherche-et-developpement\/le-long-chemin-vers-un-medicament\/","og_site_name":"Interpharma","article_modified_time":"2026-02-25T12:13:13+00:00","og_image":[{"width":960,"height":721,"url":"https:\/\/www.interpharma.ch\/wp-content\/uploads\/2026\/03\/Interpharma_fuehrendinforschungundentwicklung_derlangeweg.jpg","type":"image\/jpeg"}],"twitter_card":"summary_large_image","twitter_site":"@interpharma_ch","twitter_misc":{"Dur\u00e9e de lecture estim\u00e9e":"4 minutes"},"schema":{"@context":"https:\/\/schema.org","@graph":[{"@type":"WebPage","@id":"https:\/\/www.interpharma.ch\/fr\/themen\/a-la-pointe-de-la-recherche-et-developpement\/le-long-chemin-vers-un-medicament\/","url":"https:\/\/www.interpharma.ch\/fr\/themen\/a-la-pointe-de-la-recherche-et-developpement\/le-long-chemin-vers-un-medicament\/","name":"Le long chemin vers un m\u00e9dicament - Interpharma","isPartOf":{"@id":"https:\/\/www.interpharma.ch\/#website"},"primaryImageOfPage":{"@id":"https:\/\/www.interpharma.ch\/fr\/themen\/a-la-pointe-de-la-recherche-et-developpement\/le-long-chemin-vers-un-medicament\/#primaryimage"},"image":{"@id":"https:\/\/www.interpharma.ch\/fr\/themen\/a-la-pointe-de-la-recherche-et-developpement\/le-long-chemin-vers-un-medicament\/#primaryimage"},"thumbnailUrl":"https:\/\/www.interpharma.ch\/wp-content\/uploads\/2026\/03\/Interpharma_fuehrendinforschungundentwicklung_derlangeweg.jpg","datePublished":"2026-02-25T07:25:55+00:00","dateModified":"2026-02-25T12:13:13+00:00","breadcrumb":{"@id":"https:\/\/www.interpharma.ch\/fr\/themen\/a-la-pointe-de-la-recherche-et-developpement\/le-long-chemin-vers-un-medicament\/#breadcrumb"},"inLanguage":"fr-FR","potentialAction":[{"@type":"ReadAction","target":["https:\/\/www.interpharma.ch\/fr\/themen\/a-la-pointe-de-la-recherche-et-developpement\/le-long-chemin-vers-un-medicament\/"]}]},{"@type":"ImageObject","inLanguage":"fr-FR","@id":"https:\/\/www.interpharma.ch\/fr\/themen\/a-la-pointe-de-la-recherche-et-developpement\/le-long-chemin-vers-un-medicament\/#primaryimage","url":"https:\/\/www.interpharma.ch\/wp-content\/uploads\/2026\/03\/Interpharma_fuehrendinforschungundentwicklung_derlangeweg.jpg","contentUrl":"https:\/\/www.interpharma.ch\/wp-content\/uploads\/2026\/03\/Interpharma_fuehrendinforschungundentwicklung_derlangeweg.jpg","width":960,"height":721},{"@type":"BreadcrumbList","@id":"https:\/\/www.interpharma.ch\/fr\/themen\/a-la-pointe-de-la-recherche-et-developpement\/le-long-chemin-vers-un-medicament\/#breadcrumb","itemListElement":[{"@type":"ListItem","position":1,"name":"Startseite","item":"https:\/\/www.interpharma.ch\/fr\/"},{"@type":"ListItem","position":2,"name":"Nos th\u00e8mes","item":"https:\/\/www.interpharma.ch\/fr\/themen\/"},{"@type":"ListItem","position":3,"name":"\u00c0 la pointe de la recherche et d\u00e9veloppement","item":"https:\/\/www.interpharma.ch\/fr\/themen\/a-la-pointe-de-la-recherche-et-developpement\/"},{"@type":"ListItem","position":4,"name":"Le long chemin vers un m\u00e9dicament"}]},{"@type":"WebSite","@id":"https:\/\/www.interpharma.ch\/#website","url":"https:\/\/www.interpharma.ch\/","name":"Interpharma","description":"Verband der forschenden Pharmazeutischen Firmen","publisher":{"@id":"https:\/\/www.interpharma.ch\/#organization"},"potentialAction":[{"@type":"SearchAction","target":{"@type":"EntryPoint","urlTemplate":"https:\/\/www.interpharma.ch\/?s={search_term_string}"},"query-input":{"@type":"PropertyValueSpecification","valueRequired":true,"valueName":"search_term_string"}}],"inLanguage":"fr-FR"},{"@type":"Organization","@id":"https:\/\/www.interpharma.ch\/#organization","name":"Interpharma","url":"https:\/\/www.interpharma.ch\/","logo":{"@type":"ImageObject","inLanguage":"fr-FR","@id":"https:\/\/www.interpharma.ch\/#\/schema\/logo\/image\/","url":"https:\/\/interpharma.ch\/wp-content\/uploads\/2026\/03\/20251014_iph_logo_wort_bildmarke_rgb_final_cu01.svg","contentUrl":"https:\/\/interpharma.ch\/wp-content\/uploads\/2026\/03\/20251014_iph_logo_wort_bildmarke_rgb_final_cu01.svg","width":"1200","height":"1200","caption":"Interpharma"},"image":{"@id":"https:\/\/www.interpharma.ch\/#\/schema\/logo\/image\/"},"sameAs":["https:\/\/x.com\/interpharma_ch","https:\/\/ch.linkedin.com\/company\/interpharma","https:\/\/www.instagram.com\/interpharma_ch\/"]}]}},"_links":{"self":[{"href":"https:\/\/www.interpharma.ch\/fr\/wp-json\/wp\/v2\/pages\/4286","targetHints":{"allow":["GET"]}}],"collection":[{"href":"https:\/\/www.interpharma.ch\/fr\/wp-json\/wp\/v2\/pages"}],"about":[{"href":"https:\/\/www.interpharma.ch\/fr\/wp-json\/wp\/v2\/types\/page"}],"author":[{"embeddable":true,"href":"https:\/\/www.interpharma.ch\/fr\/wp-json\/wp\/v2\/users\/1"}],"replies":[{"embeddable":true,"href":"https:\/\/www.interpharma.ch\/fr\/wp-json\/wp\/v2\/comments?post=4286"}],"version-history":[{"count":2,"href":"https:\/\/www.interpharma.ch\/fr\/wp-json\/wp\/v2\/pages\/4286\/revisions"}],"predecessor-version":[{"id":4486,"href":"https:\/\/www.interpharma.ch\/fr\/wp-json\/wp\/v2\/pages\/4286\/revisions\/4486"}],"up":[{"embeddable":true,"href":"https:\/\/www.interpharma.ch\/fr\/wp-json\/wp\/v2\/pages\/4300"}],"wp:featuredmedia":[{"embeddable":true,"href":"https:\/\/www.interpharma.ch\/fr\/wp-json\/wp\/v2\/media\/14773"}],"wp:attachment":[{"href":"https:\/\/www.interpharma.ch\/fr\/wp-json\/wp\/v2\/media?parent=4286"}],"curies":[{"name":"wp","href":"https:\/\/api.w.org\/{rel}","templated":true}]}}