{"id":4272,"date":"2026-02-25T08:25:55","date_gmt":"2026-02-25T07:25:55","guid":{"rendered":"https:\/\/iph-multisite.berta-bewegt.ch\/?page_id=4272"},"modified":"2026-02-25T08:25:55","modified_gmt":"2026-02-25T07:25:55","slug":"charte-pour-la-protection-des-animaux","status":"publish","type":"page","link":"https:\/\/www.interpharma.ch\/fr\/themen\/a-la-pointe-de-la-recherche-et-developpement\/recherche-impliquant-des-animaux\/charte-pour-la-protection-des-animaux\/","title":{"rendered":"Charte pour la protection des animaux"},"content":{"rendered":"\n<p>Nous sommes conscients\ndes obligations l\u00e9gales et \u00e9thiques qui accompagnent la recherche sur les\nanimaux et de la n\u00e9cessit\u00e9 d\u2019observer les normes les plus strictes en mati\u00e8re\nd\u2019exp\u00e9rience sur les animaux. Nous prenons cette responsabilit\u00e9 tr\u00e8s au s\u00e9rieux\net nous sommes par cons\u00e9quent engag\u00e9s \u00e0 respecter les principes fix\u00e9s dans\nnotre charte. Ces principes s\u2019appliquent \u00e0 nos activit\u00e9s dans le monde entier.<\/p>\n\n\n\n<p>Les entreprises\nmembres d\u2019Interpharma s\u2019engagent:<\/p>\n\n\n\n<ol class=\"post wp-block-list\">\n<li>\u00e0 appliquer et \u00e0 encourager activement le principe des\n3R (R\u00e9duire, R\u00e9former et Remplacer les \u00e9tudes animales), notamment en mati\u00e8re\nde recherche, de d\u00e9veloppement et de mise en \u0153uvre de m\u00e9thodes et de techniques\ncon\u00e7ues pour remplacer les exp\u00e9riences sur animaux, r\u00e9duire le nombre d\u2019animaux\nutilis\u00e9s et att\u00e9nuer la souffrance et le stress des animaux de laboratoire;<\/li>\n\n\n\n<li>\u00e0 garantir \u00e0 nos animaux de laboratoire des conditions\nd\u2019h\u00e9bergement et de soin de pointe et de haute qualit\u00e9 et \u00e0 nous efforcer\nd\u2019am\u00e9liorer continuellement ces conditions;<\/li>\n\n\n\n<li>\u00e0 d\u00e9velopper et \u00e0 encourager l\u2019\u00e9ducation et la\nformation de tous les employ\u00e9s et collaborateurs qui travaillent avec les\nanimaux;<\/li>\n\n\n\n<li>\u00e0 obliger contractuellement nos partenaires externes \u00e0\nrespecter ces standards \u00e9lev\u00e9s de bien-\u00eatre animal lorsqu\u2019ils effectuent des\n\u00e9tudes avec des animaux pour notre compte ou nous fournissent des animaux;<\/li>\n\n\n\n<li>\u00e0 appliquer des syst\u00e8mes d\u2019audits internes rigoureux,\ncon\u00e7us pour assurer le respect des normes convenues de bien-\u00eatre animal;<\/li>\n\n\n\n<li>\u00e0 unir nos efforts pour auditer nos partenaires\nexternes sur les normes de protection des animaux, et ceci \u00e0 l\u2019\u00e9chelle\ninternationale;<\/li>\n\n\n\n<li>\u00e0 encourager, en sus des inspections r\u00e9guli\u00e8res des\npouvoirs publics, le d\u00e9veloppement de programmes externes et ind\u00e9pendants\nd\u2019\u00e9valuation de nos normes de protection des animaux et de nos installations \u00e0\nl\u2019\u00e9chelle internationale;<\/li>\n\n\n\n<li>\u00e0 encourager la validation et l\u2019acceptation\nr\u00e9glementaire des m\u00e9thodes qui servent \u00e0 remplacer, r\u00e9duire ou raffiner les\n\u00e9tudes animales;<\/li>\n\n\n\n<li>\u00e0 contribuer \u00e0 un dialogue continu, franc et\nconstructif en mati\u00e8re de recherche et de protection des animaux avec le public\nainsi qu\u2019avec les pouvoirs publics, les d\u00e9cideurs politiques et autres parties\nprenantes concern\u00e9es;<\/li>\n\n\n\n<li>\u00e0 publier un rapport\nannuel sur les progr\u00e8s r\u00e9alis\u00e9s en relation \u00e0 cette Charte.<\/li>\n<\/ol>\n","protected":false},"excerpt":{"rendered":"<p>Nous sommes conscients des obligations l\u00e9gales et \u00e9thiques qui accompagnent la recherche sur les animaux et de la n\u00e9cessit\u00e9 d\u2019observer les normes les plus strictes en mati\u00e8re d\u2019exp\u00e9rience sur les animaux. Nous prenons cette responsabilit\u00e9 tr\u00e8s au s\u00e9rieux et nous sommes par cons\u00e9quent engag\u00e9s \u00e0 respecter les principes fix\u00e9s dans notre charte. Ces principes s\u2019appliquent [&hellip;]<\/p>\n","protected":false},"author":1,"featured_media":1364,"parent":4280,"menu_order":0,"comment_status":"closed","ping_status":"closed","template":"page-templates\/unterthema.php","meta":{"_acf_changed":false,"inline_featured_image":false,"footnotes":""},"class_list":["post-4272","page","type-page","status-publish","has-post-thumbnail","hentry"],"acf":[],"yoast_head":"<!-- This site is optimized with the Yoast SEO Premium plugin v27.2 (Yoast SEO v27.2) - https:\/\/yoast.com\/product\/yoast-seo-premium-wordpress\/ -->\n<title>Charte pour la protection des animaux - Interpharma<\/title>\n<meta name=\"robots\" content=\"index, follow, max-snippet:-1, max-image-preview:large, max-video-preview:-1\" \/>\n<link rel=\"canonical\" href=\"https:\/\/www.interpharma.ch\/fr\/themen\/a-la-pointe-de-la-recherche-et-developpement\/recherche-impliquant-des-animaux\/charte-pour-la-protection-des-animaux\/\" \/>\n<meta property=\"og:locale\" content=\"fr_FR\" \/>\n<meta property=\"og:type\" content=\"article\" \/>\n<meta property=\"og:title\" content=\"Charte pour la protection des animaux\" \/>\n<meta property=\"og:description\" content=\"Nous sommes conscients des obligations l\u00e9gales et \u00e9thiques qui accompagnent la recherche sur les animaux et de la n\u00e9cessit\u00e9 d\u2019observer les normes les plus strictes en mati\u00e8re d\u2019exp\u00e9rience sur les animaux. Nous prenons cette responsabilit\u00e9 tr\u00e8s au s\u00e9rieux et nous sommes par cons\u00e9quent engag\u00e9s \u00e0 respecter les principes fix\u00e9s dans notre charte. Ces principes s\u2019appliquent [&hellip;]\" \/>\n<meta property=\"og:url\" content=\"https:\/\/www.interpharma.ch\/fr\/themen\/a-la-pointe-de-la-recherche-et-developpement\/recherche-impliquant-des-animaux\/charte-pour-la-protection-des-animaux\/\" \/>\n<meta property=\"og:site_name\" content=\"Interpharma\" \/>\n<meta property=\"og:image\" content=\"https:\/\/www.interpharma.ch\/wp-content\/uploads\/2019\/10\/Animal-Welfare-Charter-Poster-\u2013-World-Congress-on-Alternatives-2014.png\" \/>\n\t<meta property=\"og:image:width\" content=\"710\" \/>\n\t<meta property=\"og:image:height\" content=\"1101\" \/>\n\t<meta property=\"og:image:type\" content=\"image\/png\" \/>\n<meta name=\"twitter:card\" content=\"summary_large_image\" \/>\n<meta name=\"twitter:site\" content=\"@interpharma_ch\" \/>\n<meta name=\"twitter:label1\" content=\"Dur\u00e9e de lecture estim\u00e9e\" \/>\n\t<meta name=\"twitter:data1\" content=\"2 minutes\" \/>\n<script type=\"application\/ld+json\" class=\"yoast-schema-graph\">{\"@context\":\"https:\/\/schema.org\",\"@graph\":[{\"@type\":\"WebPage\",\"@id\":\"https:\/\/www.interpharma.ch\/fr\/themen\/a-la-pointe-de-la-recherche-et-developpement\/recherche-impliquant-des-animaux\/charte-pour-la-protection-des-animaux\/\",\"url\":\"https:\/\/www.interpharma.ch\/fr\/themen\/a-la-pointe-de-la-recherche-et-developpement\/recherche-impliquant-des-animaux\/charte-pour-la-protection-des-animaux\/\",\"name\":\"Charte pour la protection des animaux - Interpharma\",\"isPartOf\":{\"@id\":\"https:\/\/www.interpharma.ch\/#website\"},\"primaryImageOfPage\":{\"@id\":\"https:\/\/www.interpharma.ch\/fr\/themen\/a-la-pointe-de-la-recherche-et-developpement\/recherche-impliquant-des-animaux\/charte-pour-la-protection-des-animaux\/#primaryimage\"},\"image\":{\"@id\":\"https:\/\/www.interpharma.ch\/fr\/themen\/a-la-pointe-de-la-recherche-et-developpement\/recherche-impliquant-des-animaux\/charte-pour-la-protection-des-animaux\/#primaryimage\"},\"thumbnailUrl\":\"https:\/\/www.interpharma.ch\/wp-content\/uploads\/2019\/10\/Animal-Welfare-Charter-Poster-\u2013-World-Congress-on-Alternatives-2014.png\",\"datePublished\":\"2026-02-25T07:25:55+00:00\",\"breadcrumb\":{\"@id\":\"https:\/\/www.interpharma.ch\/fr\/themen\/a-la-pointe-de-la-recherche-et-developpement\/recherche-impliquant-des-animaux\/charte-pour-la-protection-des-animaux\/#breadcrumb\"},\"inLanguage\":\"fr-FR\",\"potentialAction\":[{\"@type\":\"ReadAction\",\"target\":[\"https:\/\/www.interpharma.ch\/fr\/themen\/a-la-pointe-de-la-recherche-et-developpement\/recherche-impliquant-des-animaux\/charte-pour-la-protection-des-animaux\/\"]}]},{\"@type\":\"ImageObject\",\"inLanguage\":\"fr-FR\",\"@id\":\"https:\/\/www.interpharma.ch\/fr\/themen\/a-la-pointe-de-la-recherche-et-developpement\/recherche-impliquant-des-animaux\/charte-pour-la-protection-des-animaux\/#primaryimage\",\"url\":\"https:\/\/www.interpharma.ch\/wp-content\/uploads\/2019\/10\/Animal-Welfare-Charter-Poster-\u2013-World-Congress-on-Alternatives-2014.png\",\"contentUrl\":\"https:\/\/www.interpharma.ch\/wp-content\/uploads\/2019\/10\/Animal-Welfare-Charter-Poster-\u2013-World-Congress-on-Alternatives-2014.png\",\"width\":710,\"height\":1101},{\"@type\":\"BreadcrumbList\",\"@id\":\"https:\/\/www.interpharma.ch\/fr\/themen\/a-la-pointe-de-la-recherche-et-developpement\/recherche-impliquant-des-animaux\/charte-pour-la-protection-des-animaux\/#breadcrumb\",\"itemListElement\":[{\"@type\":\"ListItem\",\"position\":1,\"name\":\"Startseite\",\"item\":\"https:\/\/www.interpharma.ch\/fr\/\"},{\"@type\":\"ListItem\",\"position\":2,\"name\":\"Nos th\u00e8mes\",\"item\":\"https:\/\/www.interpharma.ch\/fr\/themen\/\"},{\"@type\":\"ListItem\",\"position\":3,\"name\":\"\u00c0 la pointe de la recherche et d\u00e9veloppement\",\"item\":\"https:\/\/www.interpharma.ch\/fr\/themen\/a-la-pointe-de-la-recherche-et-developpement\/\"},{\"@type\":\"ListItem\",\"position\":4,\"name\":\"Recherche impliquant des animaux\",\"item\":\"https:\/\/www.interpharma.ch\/fr\/themen\/a-la-pointe-de-la-recherche-et-developpement\/recherche-impliquant-des-animaux\/\"},{\"@type\":\"ListItem\",\"position\":5,\"name\":\"Charte pour la protection des animaux\"}]},{\"@type\":\"WebSite\",\"@id\":\"https:\/\/www.interpharma.ch\/#website\",\"url\":\"https:\/\/www.interpharma.ch\/\",\"name\":\"Interpharma\",\"description\":\"Verband der forschenden Pharmazeutischen Firmen\",\"publisher\":{\"@id\":\"https:\/\/www.interpharma.ch\/#organization\"},\"potentialAction\":[{\"@type\":\"SearchAction\",\"target\":{\"@type\":\"EntryPoint\",\"urlTemplate\":\"https:\/\/www.interpharma.ch\/?s={search_term_string}\"},\"query-input\":{\"@type\":\"PropertyValueSpecification\",\"valueRequired\":true,\"valueName\":\"search_term_string\"}}],\"inLanguage\":\"fr-FR\"},{\"@type\":\"Organization\",\"@id\":\"https:\/\/www.interpharma.ch\/#organization\",\"name\":\"Interpharma\",\"url\":\"https:\/\/www.interpharma.ch\/\",\"logo\":{\"@type\":\"ImageObject\",\"inLanguage\":\"fr-FR\",\"@id\":\"https:\/\/www.interpharma.ch\/#\/schema\/logo\/image\/\",\"url\":\"https:\/\/interpharma.ch\/wp-content\/uploads\/2026\/03\/20251014_iph_logo_wort_bildmarke_rgb_final_cu01.svg\",\"contentUrl\":\"https:\/\/interpharma.ch\/wp-content\/uploads\/2026\/03\/20251014_iph_logo_wort_bildmarke_rgb_final_cu01.svg\",\"width\":\"1200\",\"height\":\"1200\",\"caption\":\"Interpharma\"},\"image\":{\"@id\":\"https:\/\/www.interpharma.ch\/#\/schema\/logo\/image\/\"},\"sameAs\":[\"https:\/\/x.com\/interpharma_ch\",\"https:\/\/ch.linkedin.com\/company\/interpharma\",\"https:\/\/www.instagram.com\/interpharma_ch\/\"]}]}<\/script>\n<!-- \/ Yoast SEO Premium plugin. -->","yoast_head_json":{"title":"Charte pour la protection des animaux - Interpharma","robots":{"index":"index","follow":"follow","max-snippet":"max-snippet:-1","max-image-preview":"max-image-preview:large","max-video-preview":"max-video-preview:-1"},"canonical":"https:\/\/www.interpharma.ch\/fr\/themen\/a-la-pointe-de-la-recherche-et-developpement\/recherche-impliquant-des-animaux\/charte-pour-la-protection-des-animaux\/","og_locale":"fr_FR","og_type":"article","og_title":"Charte pour la protection des animaux","og_description":"Nous sommes conscients des obligations l\u00e9gales et \u00e9thiques qui accompagnent la recherche sur les animaux et de la n\u00e9cessit\u00e9 d\u2019observer les normes les plus strictes en mati\u00e8re d\u2019exp\u00e9rience sur les animaux. Nous prenons cette responsabilit\u00e9 tr\u00e8s au s\u00e9rieux et nous sommes par cons\u00e9quent engag\u00e9s \u00e0 respecter les principes fix\u00e9s dans notre charte. Ces principes s\u2019appliquent [&hellip;]","og_url":"https:\/\/www.interpharma.ch\/fr\/themen\/a-la-pointe-de-la-recherche-et-developpement\/recherche-impliquant-des-animaux\/charte-pour-la-protection-des-animaux\/","og_site_name":"Interpharma","og_image":[{"width":710,"height":1101,"url":"https:\/\/www.interpharma.ch\/wp-content\/uploads\/2019\/10\/Animal-Welfare-Charter-Poster-\u2013-World-Congress-on-Alternatives-2014.png","type":"image\/png"}],"twitter_card":"summary_large_image","twitter_site":"@interpharma_ch","twitter_misc":{"Dur\u00e9e de lecture estim\u00e9e":"2 minutes"},"schema":{"@context":"https:\/\/schema.org","@graph":[{"@type":"WebPage","@id":"https:\/\/www.interpharma.ch\/fr\/themen\/a-la-pointe-de-la-recherche-et-developpement\/recherche-impliquant-des-animaux\/charte-pour-la-protection-des-animaux\/","url":"https:\/\/www.interpharma.ch\/fr\/themen\/a-la-pointe-de-la-recherche-et-developpement\/recherche-impliquant-des-animaux\/charte-pour-la-protection-des-animaux\/","name":"Charte pour la protection des animaux - Interpharma","isPartOf":{"@id":"https:\/\/www.interpharma.ch\/#website"},"primaryImageOfPage":{"@id":"https:\/\/www.interpharma.ch\/fr\/themen\/a-la-pointe-de-la-recherche-et-developpement\/recherche-impliquant-des-animaux\/charte-pour-la-protection-des-animaux\/#primaryimage"},"image":{"@id":"https:\/\/www.interpharma.ch\/fr\/themen\/a-la-pointe-de-la-recherche-et-developpement\/recherche-impliquant-des-animaux\/charte-pour-la-protection-des-animaux\/#primaryimage"},"thumbnailUrl":"https:\/\/www.interpharma.ch\/wp-content\/uploads\/2019\/10\/Animal-Welfare-Charter-Poster-\u2013-World-Congress-on-Alternatives-2014.png","datePublished":"2026-02-25T07:25:55+00:00","breadcrumb":{"@id":"https:\/\/www.interpharma.ch\/fr\/themen\/a-la-pointe-de-la-recherche-et-developpement\/recherche-impliquant-des-animaux\/charte-pour-la-protection-des-animaux\/#breadcrumb"},"inLanguage":"fr-FR","potentialAction":[{"@type":"ReadAction","target":["https:\/\/www.interpharma.ch\/fr\/themen\/a-la-pointe-de-la-recherche-et-developpement\/recherche-impliquant-des-animaux\/charte-pour-la-protection-des-animaux\/"]}]},{"@type":"ImageObject","inLanguage":"fr-FR","@id":"https:\/\/www.interpharma.ch\/fr\/themen\/a-la-pointe-de-la-recherche-et-developpement\/recherche-impliquant-des-animaux\/charte-pour-la-protection-des-animaux\/#primaryimage","url":"https:\/\/www.interpharma.ch\/wp-content\/uploads\/2019\/10\/Animal-Welfare-Charter-Poster-\u2013-World-Congress-on-Alternatives-2014.png","contentUrl":"https:\/\/www.interpharma.ch\/wp-content\/uploads\/2019\/10\/Animal-Welfare-Charter-Poster-\u2013-World-Congress-on-Alternatives-2014.png","width":710,"height":1101},{"@type":"BreadcrumbList","@id":"https:\/\/www.interpharma.ch\/fr\/themen\/a-la-pointe-de-la-recherche-et-developpement\/recherche-impliquant-des-animaux\/charte-pour-la-protection-des-animaux\/#breadcrumb","itemListElement":[{"@type":"ListItem","position":1,"name":"Startseite","item":"https:\/\/www.interpharma.ch\/fr\/"},{"@type":"ListItem","position":2,"name":"Nos th\u00e8mes","item":"https:\/\/www.interpharma.ch\/fr\/themen\/"},{"@type":"ListItem","position":3,"name":"\u00c0 la pointe de la recherche et d\u00e9veloppement","item":"https:\/\/www.interpharma.ch\/fr\/themen\/a-la-pointe-de-la-recherche-et-developpement\/"},{"@type":"ListItem","position":4,"name":"Recherche impliquant des animaux","item":"https:\/\/www.interpharma.ch\/fr\/themen\/a-la-pointe-de-la-recherche-et-developpement\/recherche-impliquant-des-animaux\/"},{"@type":"ListItem","position":5,"name":"Charte pour la protection des animaux"}]},{"@type":"WebSite","@id":"https:\/\/www.interpharma.ch\/#website","url":"https:\/\/www.interpharma.ch\/","name":"Interpharma","description":"Verband der forschenden Pharmazeutischen Firmen","publisher":{"@id":"https:\/\/www.interpharma.ch\/#organization"},"potentialAction":[{"@type":"SearchAction","target":{"@type":"EntryPoint","urlTemplate":"https:\/\/www.interpharma.ch\/?s={search_term_string}"},"query-input":{"@type":"PropertyValueSpecification","valueRequired":true,"valueName":"search_term_string"}}],"inLanguage":"fr-FR"},{"@type":"Organization","@id":"https:\/\/www.interpharma.ch\/#organization","name":"Interpharma","url":"https:\/\/www.interpharma.ch\/","logo":{"@type":"ImageObject","inLanguage":"fr-FR","@id":"https:\/\/www.interpharma.ch\/#\/schema\/logo\/image\/","url":"https:\/\/interpharma.ch\/wp-content\/uploads\/2026\/03\/20251014_iph_logo_wort_bildmarke_rgb_final_cu01.svg","contentUrl":"https:\/\/interpharma.ch\/wp-content\/uploads\/2026\/03\/20251014_iph_logo_wort_bildmarke_rgb_final_cu01.svg","width":"1200","height":"1200","caption":"Interpharma"},"image":{"@id":"https:\/\/www.interpharma.ch\/#\/schema\/logo\/image\/"},"sameAs":["https:\/\/x.com\/interpharma_ch","https:\/\/ch.linkedin.com\/company\/interpharma","https:\/\/www.instagram.com\/interpharma_ch\/"]}]}},"_links":{"self":[{"href":"https:\/\/www.interpharma.ch\/fr\/wp-json\/wp\/v2\/pages\/4272","targetHints":{"allow":["GET"]}}],"collection":[{"href":"https:\/\/www.interpharma.ch\/fr\/wp-json\/wp\/v2\/pages"}],"about":[{"href":"https:\/\/www.interpharma.ch\/fr\/wp-json\/wp\/v2\/types\/page"}],"author":[{"embeddable":true,"href":"https:\/\/www.interpharma.ch\/fr\/wp-json\/wp\/v2\/users\/1"}],"replies":[{"embeddable":true,"href":"https:\/\/www.interpharma.ch\/fr\/wp-json\/wp\/v2\/comments?post=4272"}],"version-history":[{"count":1,"href":"https:\/\/www.interpharma.ch\/fr\/wp-json\/wp\/v2\/pages\/4272\/revisions"}],"predecessor-version":[{"id":4274,"href":"https:\/\/www.interpharma.ch\/fr\/wp-json\/wp\/v2\/pages\/4272\/revisions\/4274"}],"up":[{"embeddable":true,"href":"https:\/\/www.interpharma.ch\/fr\/wp-json\/wp\/v2\/pages\/4280"}],"wp:featuredmedia":[{"embeddable":true,"href":"https:\/\/www.interpharma.ch\/fr\/wp-json\/wp\/v2\/media\/1364"}],"wp:attachment":[{"href":"https:\/\/www.interpharma.ch\/fr\/wp-json\/wp\/v2\/media?parent=4272"}],"curies":[{"name":"wp","href":"https:\/\/api.w.org\/{rel}","templated":true}]}}