{"id":4266,"date":"2026-02-25T08:25:54","date_gmt":"2026-02-25T07:25:54","guid":{"rendered":"https:\/\/iph-multisite.berta-bewegt.ch\/?page_id=4266"},"modified":"2026-02-25T08:25:55","modified_gmt":"2026-02-25T07:25:55","slug":"principes-des-3r","status":"publish","type":"page","link":"https:\/\/www.interpharma.ch\/fr\/themen\/a-la-pointe-de-la-recherche-et-developpement\/recherche-impliquant-des-animaux\/principes-des-3r\/","title":{"rendered":"Principes des 3R"},"content":{"rendered":"\n<p>Notre soci\u00e9t\u00e9 a d\u00e9velopp\u00e9 une grande sensibilit\u00e9 vis-\u00e0-vis du traitement des animaux. Cela se traduit dans la l\u00e9gislation sur la protection des animaux, qui vise \u00e0 prot\u00e9ger l\u2019animal et \u00e0 assurer son bien-\u00eatre, et qui r\u00e9glemente le comportement de l\u2019homme \u00e0 l\u2019\u00e9gard des animaux. La Fondation Recherche 3R, cr\u00e9\u00e9e en 1987 et transform\u00e9e par la suite en 3RCC, en est un exemple. Elle soutient des projets de recherche visant \u00e0 d\u00e9velopper des m\u00e9thodes susceptibles de remplacer les exp\u00e9riences sur animaux (Replace), de limiter le nombre d\u2019animaux utilis\u00e9s (Reduce) ou de r\u00e9duire les contraintes impos\u00e9es aux animaux dans l\u2019\u00e9levage, le transport, l\u2019h\u00e9bergement et les exp\u00e9riences (Refine).<\/p>\n\n\n\n<p>Les entreprises membres\nd\u2019Interpharma sont en dialogue permanent, franc et constructif sur\nl\u2019exp\u00e9rimentation animale et la protection des animaux et investissent dans la\nmise en \u0153uvre des principes des 3R dans leurs travaux de recherche. Ces\ninitiatives portent par exemple sur une utilisation optimale des archives de\ndonn\u00e9es animales, dans le but d\u2019am\u00e9liorer l\u2019\u00e9valuation du risque de toxicit\u00e9\nchez l\u2019\u00eatre humain tout en r\u00e9duisant les exp\u00e9riences sur animaux. Des approches\ntelles qu\u2019annotation des donn\u00e9es et fonctions de mod\u00e9lisation \u00e9tendues\n(utilisant l\u2019intelligence artificielle, y compris multitasking et Deep\nLearning) sont renforc\u00e9es pour permettre des pr\u00e9dictions <em>in silico<\/em> en\npharmacologie. Les entreprises membres d\u2019Interpharma participent \u00e0 ce sujet \u00e0\ndiverses coop\u00e9rations internationales.<\/p>\n\n\n\n<h2 class=\"wp-block-heading\" id=\"h-centre-de-competences-3r-3rcc\"><strong>Centre de comp\u00e9tences 3R (3RCC) <\/strong><strong><\/strong><\/h2>\n\n\n\n<p>Le Centre national de comp\u00e9tences\n3R (3RCC) a \u00e9t\u00e9 cr\u00e9\u00e9 en 2018 pour encourager les principes des 3R dans toute la\nSuisse. Les objectifs du 3RCC sont la promotion de projets de recherche 3R de\nhaute qualit\u00e9, l\u2019\u00e9laboration d\u2019une strat\u00e9gie de formation initiale et continue\nbas\u00e9e sur les 3R ainsi que la mise en place d\u2019une strat\u00e9gie de communication\nprofessionnelle. Le 3RCC donne acc\u00e8s \u00e0 tous les acteurs concern\u00e9s aux\ninformations les plus r\u00e9centes sur les 3R et sur les alternatives \u00e0\nl\u2019exp\u00e9rimentation animale et propose ses services aux autorit\u00e9s, aux\ninstitutions d\u2019enseignement et de formation ainsi qu\u2019\u00e0 d\u2019autres cercles\nint\u00e9ress\u00e9s. En outre, le centre surveille les progr\u00e8s accomplis en Suisse dans\nces domaines. Onze hautes \u00e9coles, Interpharma, la Protection Suisse des Animaux\net l\u2019Office f\u00e9d\u00e9ral de la s\u00e9curit\u00e9 alimentaire et des affaires v\u00e9t\u00e9rinaires\n(OSAV) contribuent \u00e0 ce centre.<\/p>\n","protected":false},"excerpt":{"rendered":"<p>Notre soci\u00e9t\u00e9 a d\u00e9velopp\u00e9 une grande sensibilit\u00e9 vis-\u00e0-vis du traitement des animaux. Cela se traduit dans la l\u00e9gislation sur la protection des animaux, qui vise \u00e0 prot\u00e9ger l\u2019animal et \u00e0 assurer son bien-\u00eatre, et qui r\u00e9glemente le comportement de l\u2019homme \u00e0 l\u2019\u00e9gard des animaux. La Fondation Recherche 3R, cr\u00e9\u00e9e en 1987 et transform\u00e9e par la [&hellip;]<\/p>\n","protected":false},"author":1,"featured_media":0,"parent":4280,"menu_order":1,"comment_status":"closed","ping_status":"closed","template":"page-templates\/unterthema.php","meta":{"_acf_changed":false,"inline_featured_image":false,"footnotes":""},"class_list":["post-4266","page","type-page","status-publish","hentry"],"acf":[],"yoast_head":"<!-- This site is optimized with the Yoast SEO Premium plugin v27.2 (Yoast SEO v27.2) - https:\/\/yoast.com\/product\/yoast-seo-premium-wordpress\/ -->\n<title>Principes des 3R - Interpharma<\/title>\n<meta name=\"robots\" content=\"index, follow, max-snippet:-1, max-image-preview:large, max-video-preview:-1\" \/>\n<link rel=\"canonical\" href=\"https:\/\/www.interpharma.ch\/fr\/themen\/a-la-pointe-de-la-recherche-et-developpement\/recherche-impliquant-des-animaux\/principes-des-3r\/\" \/>\n<meta property=\"og:locale\" content=\"fr_FR\" \/>\n<meta property=\"og:type\" content=\"article\" \/>\n<meta property=\"og:title\" content=\"Principes des 3R\" \/>\n<meta property=\"og:description\" content=\"Notre soci\u00e9t\u00e9 a d\u00e9velopp\u00e9 une grande sensibilit\u00e9 vis-\u00e0-vis du traitement des animaux. Cela se traduit dans la l\u00e9gislation sur la protection des animaux, qui vise \u00e0 prot\u00e9ger l\u2019animal et \u00e0 assurer son bien-\u00eatre, et qui r\u00e9glemente le comportement de l\u2019homme \u00e0 l\u2019\u00e9gard des animaux. La Fondation Recherche 3R, cr\u00e9\u00e9e en 1987 et transform\u00e9e par la [&hellip;]\" \/>\n<meta property=\"og:url\" content=\"https:\/\/www.interpharma.ch\/fr\/themen\/a-la-pointe-de-la-recherche-et-developpement\/recherche-impliquant-des-animaux\/principes-des-3r\/\" \/>\n<meta property=\"og:site_name\" content=\"Interpharma\" \/>\n<meta property=\"article:modified_time\" content=\"2026-02-25T07:25:55+00:00\" \/>\n<meta name=\"twitter:card\" content=\"summary_large_image\" \/>\n<meta name=\"twitter:site\" content=\"@interpharma_ch\" \/>\n<meta name=\"twitter:label1\" content=\"Dur\u00e9e de lecture estim\u00e9e\" \/>\n\t<meta name=\"twitter:data1\" content=\"2 minutes\" \/>\n<script type=\"application\/ld+json\" class=\"yoast-schema-graph\">{\"@context\":\"https:\/\/schema.org\",\"@graph\":[{\"@type\":\"WebPage\",\"@id\":\"https:\/\/www.interpharma.ch\/fr\/themen\/a-la-pointe-de-la-recherche-et-developpement\/recherche-impliquant-des-animaux\/principes-des-3r\/\",\"url\":\"https:\/\/www.interpharma.ch\/fr\/themen\/a-la-pointe-de-la-recherche-et-developpement\/recherche-impliquant-des-animaux\/principes-des-3r\/\",\"name\":\"Principes des 3R - Interpharma\",\"isPartOf\":{\"@id\":\"https:\/\/www.interpharma.ch\/#website\"},\"datePublished\":\"2026-02-25T07:25:54+00:00\",\"dateModified\":\"2026-02-25T07:25:55+00:00\",\"breadcrumb\":{\"@id\":\"https:\/\/www.interpharma.ch\/fr\/themen\/a-la-pointe-de-la-recherche-et-developpement\/recherche-impliquant-des-animaux\/principes-des-3r\/#breadcrumb\"},\"inLanguage\":\"fr-FR\",\"potentialAction\":[{\"@type\":\"ReadAction\",\"target\":[\"https:\/\/www.interpharma.ch\/fr\/themen\/a-la-pointe-de-la-recherche-et-developpement\/recherche-impliquant-des-animaux\/principes-des-3r\/\"]}]},{\"@type\":\"BreadcrumbList\",\"@id\":\"https:\/\/www.interpharma.ch\/fr\/themen\/a-la-pointe-de-la-recherche-et-developpement\/recherche-impliquant-des-animaux\/principes-des-3r\/#breadcrumb\",\"itemListElement\":[{\"@type\":\"ListItem\",\"position\":1,\"name\":\"Startseite\",\"item\":\"https:\/\/www.interpharma.ch\/fr\/\"},{\"@type\":\"ListItem\",\"position\":2,\"name\":\"Nos th\u00e8mes\",\"item\":\"https:\/\/www.interpharma.ch\/fr\/themen\/\"},{\"@type\":\"ListItem\",\"position\":3,\"name\":\"\u00c0 la pointe de la recherche et d\u00e9veloppement\",\"item\":\"https:\/\/www.interpharma.ch\/fr\/themen\/a-la-pointe-de-la-recherche-et-developpement\/\"},{\"@type\":\"ListItem\",\"position\":4,\"name\":\"Recherche impliquant des animaux\",\"item\":\"https:\/\/www.interpharma.ch\/fr\/themen\/a-la-pointe-de-la-recherche-et-developpement\/recherche-impliquant-des-animaux\/\"},{\"@type\":\"ListItem\",\"position\":5,\"name\":\"Principes des 3R\"}]},{\"@type\":\"WebSite\",\"@id\":\"https:\/\/www.interpharma.ch\/#website\",\"url\":\"https:\/\/www.interpharma.ch\/\",\"name\":\"Interpharma\",\"description\":\"Verband der forschenden Pharmazeutischen Firmen\",\"publisher\":{\"@id\":\"https:\/\/www.interpharma.ch\/#organization\"},\"potentialAction\":[{\"@type\":\"SearchAction\",\"target\":{\"@type\":\"EntryPoint\",\"urlTemplate\":\"https:\/\/www.interpharma.ch\/?s={search_term_string}\"},\"query-input\":{\"@type\":\"PropertyValueSpecification\",\"valueRequired\":true,\"valueName\":\"search_term_string\"}}],\"inLanguage\":\"fr-FR\"},{\"@type\":\"Organization\",\"@id\":\"https:\/\/www.interpharma.ch\/#organization\",\"name\":\"Interpharma\",\"url\":\"https:\/\/www.interpharma.ch\/\",\"logo\":{\"@type\":\"ImageObject\",\"inLanguage\":\"fr-FR\",\"@id\":\"https:\/\/www.interpharma.ch\/#\/schema\/logo\/image\/\",\"url\":\"https:\/\/interpharma.ch\/wp-content\/uploads\/2026\/03\/20251014_iph_logo_wort_bildmarke_rgb_final_cu01.svg\",\"contentUrl\":\"https:\/\/interpharma.ch\/wp-content\/uploads\/2026\/03\/20251014_iph_logo_wort_bildmarke_rgb_final_cu01.svg\",\"width\":\"1200\",\"height\":\"1200\",\"caption\":\"Interpharma\"},\"image\":{\"@id\":\"https:\/\/www.interpharma.ch\/#\/schema\/logo\/image\/\"},\"sameAs\":[\"https:\/\/x.com\/interpharma_ch\",\"https:\/\/ch.linkedin.com\/company\/interpharma\",\"https:\/\/www.instagram.com\/interpharma_ch\/\"]}]}<\/script>\n<!-- \/ Yoast SEO Premium plugin. -->","yoast_head_json":{"title":"Principes des 3R - Interpharma","robots":{"index":"index","follow":"follow","max-snippet":"max-snippet:-1","max-image-preview":"max-image-preview:large","max-video-preview":"max-video-preview:-1"},"canonical":"https:\/\/www.interpharma.ch\/fr\/themen\/a-la-pointe-de-la-recherche-et-developpement\/recherche-impliquant-des-animaux\/principes-des-3r\/","og_locale":"fr_FR","og_type":"article","og_title":"Principes des 3R","og_description":"Notre soci\u00e9t\u00e9 a d\u00e9velopp\u00e9 une grande sensibilit\u00e9 vis-\u00e0-vis du traitement des animaux. Cela se traduit dans la l\u00e9gislation sur la protection des animaux, qui vise \u00e0 prot\u00e9ger l\u2019animal et \u00e0 assurer son bien-\u00eatre, et qui r\u00e9glemente le comportement de l\u2019homme \u00e0 l\u2019\u00e9gard des animaux. La Fondation Recherche 3R, cr\u00e9\u00e9e en 1987 et transform\u00e9e par la [&hellip;]","og_url":"https:\/\/www.interpharma.ch\/fr\/themen\/a-la-pointe-de-la-recherche-et-developpement\/recherche-impliquant-des-animaux\/principes-des-3r\/","og_site_name":"Interpharma","article_modified_time":"2026-02-25T07:25:55+00:00","twitter_card":"summary_large_image","twitter_site":"@interpharma_ch","twitter_misc":{"Dur\u00e9e de lecture estim\u00e9e":"2 minutes"},"schema":{"@context":"https:\/\/schema.org","@graph":[{"@type":"WebPage","@id":"https:\/\/www.interpharma.ch\/fr\/themen\/a-la-pointe-de-la-recherche-et-developpement\/recherche-impliquant-des-animaux\/principes-des-3r\/","url":"https:\/\/www.interpharma.ch\/fr\/themen\/a-la-pointe-de-la-recherche-et-developpement\/recherche-impliquant-des-animaux\/principes-des-3r\/","name":"Principes des 3R - Interpharma","isPartOf":{"@id":"https:\/\/www.interpharma.ch\/#website"},"datePublished":"2026-02-25T07:25:54+00:00","dateModified":"2026-02-25T07:25:55+00:00","breadcrumb":{"@id":"https:\/\/www.interpharma.ch\/fr\/themen\/a-la-pointe-de-la-recherche-et-developpement\/recherche-impliquant-des-animaux\/principes-des-3r\/#breadcrumb"},"inLanguage":"fr-FR","potentialAction":[{"@type":"ReadAction","target":["https:\/\/www.interpharma.ch\/fr\/themen\/a-la-pointe-de-la-recherche-et-developpement\/recherche-impliquant-des-animaux\/principes-des-3r\/"]}]},{"@type":"BreadcrumbList","@id":"https:\/\/www.interpharma.ch\/fr\/themen\/a-la-pointe-de-la-recherche-et-developpement\/recherche-impliquant-des-animaux\/principes-des-3r\/#breadcrumb","itemListElement":[{"@type":"ListItem","position":1,"name":"Startseite","item":"https:\/\/www.interpharma.ch\/fr\/"},{"@type":"ListItem","position":2,"name":"Nos th\u00e8mes","item":"https:\/\/www.interpharma.ch\/fr\/themen\/"},{"@type":"ListItem","position":3,"name":"\u00c0 la pointe de la recherche et d\u00e9veloppement","item":"https:\/\/www.interpharma.ch\/fr\/themen\/a-la-pointe-de-la-recherche-et-developpement\/"},{"@type":"ListItem","position":4,"name":"Recherche impliquant des animaux","item":"https:\/\/www.interpharma.ch\/fr\/themen\/a-la-pointe-de-la-recherche-et-developpement\/recherche-impliquant-des-animaux\/"},{"@type":"ListItem","position":5,"name":"Principes des 3R"}]},{"@type":"WebSite","@id":"https:\/\/www.interpharma.ch\/#website","url":"https:\/\/www.interpharma.ch\/","name":"Interpharma","description":"Verband der forschenden Pharmazeutischen Firmen","publisher":{"@id":"https:\/\/www.interpharma.ch\/#organization"},"potentialAction":[{"@type":"SearchAction","target":{"@type":"EntryPoint","urlTemplate":"https:\/\/www.interpharma.ch\/?s={search_term_string}"},"query-input":{"@type":"PropertyValueSpecification","valueRequired":true,"valueName":"search_term_string"}}],"inLanguage":"fr-FR"},{"@type":"Organization","@id":"https:\/\/www.interpharma.ch\/#organization","name":"Interpharma","url":"https:\/\/www.interpharma.ch\/","logo":{"@type":"ImageObject","inLanguage":"fr-FR","@id":"https:\/\/www.interpharma.ch\/#\/schema\/logo\/image\/","url":"https:\/\/interpharma.ch\/wp-content\/uploads\/2026\/03\/20251014_iph_logo_wort_bildmarke_rgb_final_cu01.svg","contentUrl":"https:\/\/interpharma.ch\/wp-content\/uploads\/2026\/03\/20251014_iph_logo_wort_bildmarke_rgb_final_cu01.svg","width":"1200","height":"1200","caption":"Interpharma"},"image":{"@id":"https:\/\/www.interpharma.ch\/#\/schema\/logo\/image\/"},"sameAs":["https:\/\/x.com\/interpharma_ch","https:\/\/ch.linkedin.com\/company\/interpharma","https:\/\/www.instagram.com\/interpharma_ch\/"]}]}},"_links":{"self":[{"href":"https:\/\/www.interpharma.ch\/fr\/wp-json\/wp\/v2\/pages\/4266","targetHints":{"allow":["GET"]}}],"collection":[{"href":"https:\/\/www.interpharma.ch\/fr\/wp-json\/wp\/v2\/pages"}],"about":[{"href":"https:\/\/www.interpharma.ch\/fr\/wp-json\/wp\/v2\/types\/page"}],"author":[{"embeddable":true,"href":"https:\/\/www.interpharma.ch\/fr\/wp-json\/wp\/v2\/users\/1"}],"replies":[{"embeddable":true,"href":"https:\/\/www.interpharma.ch\/fr\/wp-json\/wp\/v2\/comments?post=4266"}],"version-history":[{"count":1,"href":"https:\/\/www.interpharma.ch\/fr\/wp-json\/wp\/v2\/pages\/4266\/revisions"}],"predecessor-version":[{"id":4267,"href":"https:\/\/www.interpharma.ch\/fr\/wp-json\/wp\/v2\/pages\/4266\/revisions\/4267"}],"up":[{"embeddable":true,"href":"https:\/\/www.interpharma.ch\/fr\/wp-json\/wp\/v2\/pages\/4280"}],"wp:attachment":[{"href":"https:\/\/www.interpharma.ch\/fr\/wp-json\/wp\/v2\/media?parent=4266"}],"curies":[{"name":"wp","href":"https:\/\/api.w.org\/{rel}","templated":true}]}}