{"id":4260,"date":"2026-02-25T08:25:54","date_gmt":"2026-02-25T07:25:54","guid":{"rendered":"https:\/\/iph-multisite.berta-bewegt.ch\/?page_id=4260"},"modified":"2026-04-09T15:07:06","modified_gmt":"2026-04-09T13:07:06","slug":"assurer-lacces-aux-marches-dexportation","status":"publish","type":"page","link":"https:\/\/www.interpharma.ch\/fr\/themen\/un-cadre-solide-en-matiere-de-politique-economique\/assurer-lacces-aux-marches-dexportation\/","title":{"rendered":"Assurer l\u2019acc\u00e8s aux march\u00e9s d\u2019exportation"},"content":{"rendered":"\n<p>Le paquet visant \u00e0 stabiliser et \u00e0 d\u00e9velopper la voie bilat\u00e9rale (\u00ab Bilat\u00e9rales III \u00bb) garantit un acc\u00e8s sans entrave au march\u00e9 int\u00e9rieur europ\u00e9en et \u00e9tablit les relations \u00e9conomiques et politiques entre la Suisse et l&rsquo;UE sur des bases solides.<\/p>\n\n\n\n<p>Interpharma soutient la stabilisation et le d\u00e9veloppement des relations bilat\u00e9rales avec l\u2019Union europ\u00e9enne (UE) sur la base du paquet propos\u00e9 \u00ab Stabilisation et d\u00e9veloppement des relations entre la Suisse et l\u2019UE \u00bb. Le paquet n\u00e9goci\u00e9 garantit la s\u00e9curit\u00e9 juridique et la pr\u00e9visibilit\u00e9 avec le principal partenaire commercial dans un environnement international marqu\u00e9 par une incertitude croissante. La population reconna\u00eet \u00e9galement les avantages de la voie bilat\u00e9rale sur mesure : selon un sondage repr\u00e9sentatif r\u00e9alis\u00e9 par gfs.bern pour le compte d&rsquo;Interpharma, plus de 60 pour cent des personnes interrog\u00e9es se prononcent en faveur de la stabilisation des accords existants.<\/p>\n\n\n\n<p>D\u00e9couvrez dans la vid\u00e9o ce que les relations bilat\u00e9rales signifient pour la recherche et le d\u00e9veloppement de m\u00e9dicaments innovants en Suisse ainsi que pour l&rsquo;exportation.<\/p>\n\n\n\n            <section class=\"custom-video-block block-margins scrollMagic-block visibleInBackend\" data-uid=\"69d8311f29fc1\">\n            <div class=\"video-text-inner-container\">\n                <div class=\"video-part-wrapper\">\n                    <div class=\"video-inner-container\">\n                        <div class=\"video-play-wrapper play-icon-visible\" style=\"background-image: url('https:\/\/www.interpharma.ch\/wp-content\/uploads\/2024\/03\/Bildschirmfoto-2024-03-13-um-16.36.14-1200x677.png')\">\n                            <svg width=\"48\" height=\"48\" viewBox=\"0 0 48 48\" fill=\"none\" xmlns=\"http:\/\/www.w3.org\/2000\/svg\">\n                                <rect width=\"48\" height=\"48\" rx=\"24\" fill=\"white\"\/>\n                                <rect x=\"2\" y=\"2\" width=\"44\" height=\"44\" rx=\"22\" stroke=\"#298899\" stroke-opacity=\"0.8\" stroke-width=\"4\"\/>\n                                <g clip-path=\"url(#clip0_8699_35528)\">\n                                    <mask id=\"mask0_8699_35528\" style=\"mask-type:alpha\" maskUnits=\"userSpaceOnUse\" x=\"12\" y=\"12\" width=\"24\" height=\"24\">\n                                        <rect x=\"12\" y=\"12\" width=\"24\" height=\"24\" fill=\"#D9D9D9\"\/>\n                                    <\/mask>\n                                    <g mask=\"url(#mask0_8699_35528)\">\n                                        <path d=\"M20 31L20 17L31 24L20 31Z\" fill=\"#298899\" fill-opacity=\"0.8\"\/>\n                                    <\/g>\n                                <\/g>\n                                <defs>\n                                    <clipPath id=\"clip0_8699_35528\">\n                                        <rect width=\"24\" height=\"24\" fill=\"white\" transform=\"translate(12 12)\"\/>\n                                    <\/clipPath>\n                                <\/defs>\n                            <\/svg>\n                        <\/div>\n\n                        <video playsinline controls id=\"video-id-69d8311f29fbf\">\n                            <source src=\"https:\/\/player.vimeo.com\/progressive_redirect\/playback\/922960998\/rendition\/1080p\/file.mp4?loc=external&#038;log_user=0&#038;signature=45104225a5c3efb8ad3c71df069101b1aff0365fe46bf6eccfa17eb7ea9462e3\" type=\"video\/mp4\">\n                        <\/video>\n                    <\/div>\n                <\/div>\n            <\/div>\n        <\/section>\n    \n\n\n\n\n<p>Pour un pays exportateur tel que la Suisse, il est vital de pouvoir s\u2019appuyer sur un r\u00e9seau de relations commerciales fonctionnel. L\u2019industrie pharmaceutique exporte chaque ann\u00e9e \u00e0 elle seule des produits d\u2019une valeur plus de 100&nbsp;milliards de francs, dont la moiti\u00e9 environ vers l\u2019Union europ\u00e9enne. Le maintien de relations commerciales r\u00e9glement\u00e9es et stables avec l\u2019UE rev\u00eat d\u00e8s lors une importance majeure pour le secteur pharmaceutique. La Suisse est n\u00e9anmoins tenue de conclure des trait\u00e9s de libre-\u00e9change avec d\u2019autres pays. Pour ce faire, elle devra proc\u00e9der selon une approche sp\u00e9cifique pour chacun d\u2019eux en fonction du niveau de d\u00e9veloppement des diff\u00e9rents pays concern\u00e9s. Ainsi, les pays \u00e0 revenu faible ou interm\u00e9diaire doivent eux aussi pouvoir avoir acc\u00e8s aux m\u00e9dicaments innovants. <\/p>\n\n\n\n<p>Le secteur pharmaceutique s\u2019implique activement dans la question des trait\u00e9s de libre-\u00e9change. En cas de nouveaux trait\u00e9s, il est imp\u00e9ratif de garantir le respect de normes minimales pour une protection solide de la propri\u00e9t\u00e9 intellectuelle. Outre les trait\u00e9s multilat\u00e9raux, lesquels constituent la solution la plus efficace afin de s\u2019assurer l\u2019acc\u00e8s \u00e0 un march\u00e9, la signature d\u2019accords de reconnaissance mutuelle (ARM) secteur par secteur est \u00e9galement indispensable.<\/p>\n\n\n\n<h2 class=\"wp-block-heading\" id=\"h-reconnaissance-mondiale-des-performances-d-innovation\"><strong>Reconnaissance mondiale des\nperformances d\u2019innovation<\/strong><strong><\/strong><\/h2>\n\n\n\n<p>L\u2019industrie\npharmaceutique pratiquant la recherche poursuit une strat\u00e9gie syst\u00e9matique de\nsp\u00e9cialisation et d\u2019innovation qui requiert des investissements consid\u00e9rables\ndes entreprises dans la recherche et le d\u00e9veloppement. Ces investissements \u00e0\nlong terme ne peuvent se justifier du point de vue \u00e9conomique que dans un\ncontexte d\u2019acc\u00e8s aux march\u00e9s mondiaux exempt de discrimination et assurant une\nprotection de la propri\u00e9t\u00e9 intellectuelle solide et applicable. Il est crucial\n\u00e0 cet effet de disposer d\u2019un syst\u00e8me commercial international qui fonctionne\nbien, dans le cadre de l\u2019Organisation mondiale du commerce (OMC), et d\u2019\u00e9tendre\nle r\u00e9seau des accords de libre-\u00e9change en d\u00e9finissant des priorit\u00e9s claires.<\/p>\n","protected":false},"excerpt":{"rendered":"<p>Le paquet visant \u00e0 stabiliser et \u00e0 d\u00e9velopper la voie bilat\u00e9rale (\u00ab Bilat\u00e9rales III \u00bb) garantit un acc\u00e8s sans entrave au march\u00e9 int\u00e9rieur europ\u00e9en et \u00e9tablit les relations \u00e9conomiques et politiques entre la Suisse et l&rsquo;UE sur des bases solides. Interpharma soutient la stabilisation et le d\u00e9veloppement des relations bilat\u00e9rales avec l\u2019Union europ\u00e9enne (UE) sur [&hellip;]<\/p>\n","protected":false},"author":1,"featured_media":14792,"parent":4292,"menu_order":1,"comment_status":"closed","ping_status":"closed","template":"page-templates\/unterthema.php","meta":{"_acf_changed":false,"inline_featured_image":false,"footnotes":""},"class_list":["post-4260","page","type-page","status-publish","has-post-thumbnail","hentry"],"acf":[],"yoast_head":"<!-- This site is optimized with the Yoast SEO Premium plugin v27.2 (Yoast SEO v27.2) - https:\/\/yoast.com\/product\/yoast-seo-premium-wordpress\/ -->\n<title>Assurer l\u2019acc\u00e8s aux march\u00e9s d\u2019exportation - Interpharma<\/title>\n<meta name=\"robots\" content=\"index, follow, max-snippet:-1, max-image-preview:large, max-video-preview:-1\" \/>\n<link rel=\"canonical\" href=\"https:\/\/www.interpharma.ch\/fr\/themen\/un-cadre-solide-en-matiere-de-politique-economique\/assurer-lacces-aux-marches-dexportation\/\" \/>\n<meta property=\"og:locale\" content=\"fr_FR\" \/>\n<meta property=\"og:type\" content=\"article\" \/>\n<meta property=\"og:title\" content=\"Assurer l\u2019acc\u00e8s aux march\u00e9s d\u2019exportation\" \/>\n<meta property=\"og:description\" content=\"Le paquet visant \u00e0 stabiliser et \u00e0 d\u00e9velopper la voie bilat\u00e9rale (\u00ab Bilat\u00e9rales III \u00bb) garantit un acc\u00e8s sans entrave au march\u00e9 int\u00e9rieur europ\u00e9en et \u00e9tablit les relations \u00e9conomiques et politiques entre la Suisse et l&rsquo;UE sur des bases solides. Interpharma soutient la stabilisation et le d\u00e9veloppement des relations bilat\u00e9rales avec l\u2019Union europ\u00e9enne (UE) sur [&hellip;]\" \/>\n<meta property=\"og:url\" content=\"https:\/\/www.interpharma.ch\/fr\/themen\/un-cadre-solide-en-matiere-de-politique-economique\/assurer-lacces-aux-marches-dexportation\/\" \/>\n<meta property=\"og:site_name\" content=\"Interpharma\" \/>\n<meta property=\"article:modified_time\" content=\"2026-04-09T13:07:06+00:00\" \/>\n<meta property=\"og:image\" content=\"https:\/\/www.interpharma.ch\/wp-content\/uploads\/2026\/03\/Interpharma_starkewirtschaftlicheRahmenbedingungen_zugangzuexportmaerkten-1.jpg\" \/>\n\t<meta property=\"og:image:width\" content=\"960\" \/>\n\t<meta property=\"og:image:height\" content=\"721\" \/>\n\t<meta property=\"og:image:type\" content=\"image\/jpeg\" \/>\n<meta name=\"twitter:card\" content=\"summary_large_image\" \/>\n<meta name=\"twitter:site\" content=\"@interpharma_ch\" \/>\n<meta name=\"twitter:label1\" content=\"Dur\u00e9e de lecture estim\u00e9e\" \/>\n\t<meta name=\"twitter:data1\" content=\"3 minutes\" \/>\n<script type=\"application\/ld+json\" class=\"yoast-schema-graph\">{\"@context\":\"https:\/\/schema.org\",\"@graph\":[{\"@type\":\"WebPage\",\"@id\":\"https:\/\/www.interpharma.ch\/fr\/themen\/un-cadre-solide-en-matiere-de-politique-economique\/assurer-lacces-aux-marches-dexportation\/\",\"url\":\"https:\/\/www.interpharma.ch\/fr\/themen\/un-cadre-solide-en-matiere-de-politique-economique\/assurer-lacces-aux-marches-dexportation\/\",\"name\":\"Assurer l\u2019acc\u00e8s aux march\u00e9s d\u2019exportation - Interpharma\",\"isPartOf\":{\"@id\":\"https:\/\/www.interpharma.ch\/#website\"},\"primaryImageOfPage\":{\"@id\":\"https:\/\/www.interpharma.ch\/fr\/themen\/un-cadre-solide-en-matiere-de-politique-economique\/assurer-lacces-aux-marches-dexportation\/#primaryimage\"},\"image\":{\"@id\":\"https:\/\/www.interpharma.ch\/fr\/themen\/un-cadre-solide-en-matiere-de-politique-economique\/assurer-lacces-aux-marches-dexportation\/#primaryimage\"},\"thumbnailUrl\":\"https:\/\/www.interpharma.ch\/wp-content\/uploads\/2026\/03\/Interpharma_starkewirtschaftlicheRahmenbedingungen_zugangzuexportmaerkten-1.jpg\",\"datePublished\":\"2026-02-25T07:25:54+00:00\",\"dateModified\":\"2026-04-09T13:07:06+00:00\",\"breadcrumb\":{\"@id\":\"https:\/\/www.interpharma.ch\/fr\/themen\/un-cadre-solide-en-matiere-de-politique-economique\/assurer-lacces-aux-marches-dexportation\/#breadcrumb\"},\"inLanguage\":\"fr-FR\",\"potentialAction\":[{\"@type\":\"ReadAction\",\"target\":[\"https:\/\/www.interpharma.ch\/fr\/themen\/un-cadre-solide-en-matiere-de-politique-economique\/assurer-lacces-aux-marches-dexportation\/\"]}]},{\"@type\":\"ImageObject\",\"inLanguage\":\"fr-FR\",\"@id\":\"https:\/\/www.interpharma.ch\/fr\/themen\/un-cadre-solide-en-matiere-de-politique-economique\/assurer-lacces-aux-marches-dexportation\/#primaryimage\",\"url\":\"https:\/\/www.interpharma.ch\/wp-content\/uploads\/2026\/03\/Interpharma_starkewirtschaftlicheRahmenbedingungen_zugangzuexportmaerkten-1.jpg\",\"contentUrl\":\"https:\/\/www.interpharma.ch\/wp-content\/uploads\/2026\/03\/Interpharma_starkewirtschaftlicheRahmenbedingungen_zugangzuexportmaerkten-1.jpg\",\"width\":960,\"height\":721},{\"@type\":\"BreadcrumbList\",\"@id\":\"https:\/\/www.interpharma.ch\/fr\/themen\/un-cadre-solide-en-matiere-de-politique-economique\/assurer-lacces-aux-marches-dexportation\/#breadcrumb\",\"itemListElement\":[{\"@type\":\"ListItem\",\"position\":1,\"name\":\"Startseite\",\"item\":\"https:\/\/www.interpharma.ch\/fr\/\"},{\"@type\":\"ListItem\",\"position\":2,\"name\":\"Nos th\u00e8mes\",\"item\":\"https:\/\/www.interpharma.ch\/fr\/themen\/\"},{\"@type\":\"ListItem\",\"position\":3,\"name\":\"Un cadre solide en mati\u00e8re de politique \u00e9conomique\",\"item\":\"https:\/\/www.interpharma.ch\/fr\/themen\/un-cadre-solide-en-matiere-de-politique-economique\/\"},{\"@type\":\"ListItem\",\"position\":4,\"name\":\"Assurer l\u2019acc\u00e8s aux march\u00e9s d\u2019exportation\"}]},{\"@type\":\"WebSite\",\"@id\":\"https:\/\/www.interpharma.ch\/#website\",\"url\":\"https:\/\/www.interpharma.ch\/\",\"name\":\"Interpharma\",\"description\":\"Verband der forschenden Pharmazeutischen Firmen\",\"publisher\":{\"@id\":\"https:\/\/www.interpharma.ch\/#organization\"},\"potentialAction\":[{\"@type\":\"SearchAction\",\"target\":{\"@type\":\"EntryPoint\",\"urlTemplate\":\"https:\/\/www.interpharma.ch\/?s={search_term_string}\"},\"query-input\":{\"@type\":\"PropertyValueSpecification\",\"valueRequired\":true,\"valueName\":\"search_term_string\"}}],\"inLanguage\":\"fr-FR\"},{\"@type\":\"Organization\",\"@id\":\"https:\/\/www.interpharma.ch\/#organization\",\"name\":\"Interpharma\",\"url\":\"https:\/\/www.interpharma.ch\/\",\"logo\":{\"@type\":\"ImageObject\",\"inLanguage\":\"fr-FR\",\"@id\":\"https:\/\/www.interpharma.ch\/#\/schema\/logo\/image\/\",\"url\":\"https:\/\/interpharma.ch\/wp-content\/uploads\/2026\/03\/20251014_iph_logo_wort_bildmarke_rgb_final_cu01.svg\",\"contentUrl\":\"https:\/\/interpharma.ch\/wp-content\/uploads\/2026\/03\/20251014_iph_logo_wort_bildmarke_rgb_final_cu01.svg\",\"width\":\"1200\",\"height\":\"1200\",\"caption\":\"Interpharma\"},\"image\":{\"@id\":\"https:\/\/www.interpharma.ch\/#\/schema\/logo\/image\/\"},\"sameAs\":[\"https:\/\/x.com\/interpharma_ch\",\"https:\/\/ch.linkedin.com\/company\/interpharma\",\"https:\/\/www.instagram.com\/interpharma_ch\/\"]}]}<\/script>\n<!-- \/ Yoast SEO Premium plugin. -->","yoast_head_json":{"title":"Assurer l\u2019acc\u00e8s aux march\u00e9s d\u2019exportation - Interpharma","robots":{"index":"index","follow":"follow","max-snippet":"max-snippet:-1","max-image-preview":"max-image-preview:large","max-video-preview":"max-video-preview:-1"},"canonical":"https:\/\/www.interpharma.ch\/fr\/themen\/un-cadre-solide-en-matiere-de-politique-economique\/assurer-lacces-aux-marches-dexportation\/","og_locale":"fr_FR","og_type":"article","og_title":"Assurer l\u2019acc\u00e8s aux march\u00e9s d\u2019exportation","og_description":"Le paquet visant \u00e0 stabiliser et \u00e0 d\u00e9velopper la voie bilat\u00e9rale (\u00ab Bilat\u00e9rales III \u00bb) garantit un acc\u00e8s sans entrave au march\u00e9 int\u00e9rieur europ\u00e9en et \u00e9tablit les relations \u00e9conomiques et politiques entre la Suisse et l&rsquo;UE sur des bases solides. Interpharma soutient la stabilisation et le d\u00e9veloppement des relations bilat\u00e9rales avec l\u2019Union europ\u00e9enne (UE) sur [&hellip;]","og_url":"https:\/\/www.interpharma.ch\/fr\/themen\/un-cadre-solide-en-matiere-de-politique-economique\/assurer-lacces-aux-marches-dexportation\/","og_site_name":"Interpharma","article_modified_time":"2026-04-09T13:07:06+00:00","og_image":[{"width":960,"height":721,"url":"https:\/\/www.interpharma.ch\/wp-content\/uploads\/2026\/03\/Interpharma_starkewirtschaftlicheRahmenbedingungen_zugangzuexportmaerkten-1.jpg","type":"image\/jpeg"}],"twitter_card":"summary_large_image","twitter_site":"@interpharma_ch","twitter_misc":{"Dur\u00e9e de lecture estim\u00e9e":"3 minutes"},"schema":{"@context":"https:\/\/schema.org","@graph":[{"@type":"WebPage","@id":"https:\/\/www.interpharma.ch\/fr\/themen\/un-cadre-solide-en-matiere-de-politique-economique\/assurer-lacces-aux-marches-dexportation\/","url":"https:\/\/www.interpharma.ch\/fr\/themen\/un-cadre-solide-en-matiere-de-politique-economique\/assurer-lacces-aux-marches-dexportation\/","name":"Assurer l\u2019acc\u00e8s aux march\u00e9s d\u2019exportation - Interpharma","isPartOf":{"@id":"https:\/\/www.interpharma.ch\/#website"},"primaryImageOfPage":{"@id":"https:\/\/www.interpharma.ch\/fr\/themen\/un-cadre-solide-en-matiere-de-politique-economique\/assurer-lacces-aux-marches-dexportation\/#primaryimage"},"image":{"@id":"https:\/\/www.interpharma.ch\/fr\/themen\/un-cadre-solide-en-matiere-de-politique-economique\/assurer-lacces-aux-marches-dexportation\/#primaryimage"},"thumbnailUrl":"https:\/\/www.interpharma.ch\/wp-content\/uploads\/2026\/03\/Interpharma_starkewirtschaftlicheRahmenbedingungen_zugangzuexportmaerkten-1.jpg","datePublished":"2026-02-25T07:25:54+00:00","dateModified":"2026-04-09T13:07:06+00:00","breadcrumb":{"@id":"https:\/\/www.interpharma.ch\/fr\/themen\/un-cadre-solide-en-matiere-de-politique-economique\/assurer-lacces-aux-marches-dexportation\/#breadcrumb"},"inLanguage":"fr-FR","potentialAction":[{"@type":"ReadAction","target":["https:\/\/www.interpharma.ch\/fr\/themen\/un-cadre-solide-en-matiere-de-politique-economique\/assurer-lacces-aux-marches-dexportation\/"]}]},{"@type":"ImageObject","inLanguage":"fr-FR","@id":"https:\/\/www.interpharma.ch\/fr\/themen\/un-cadre-solide-en-matiere-de-politique-economique\/assurer-lacces-aux-marches-dexportation\/#primaryimage","url":"https:\/\/www.interpharma.ch\/wp-content\/uploads\/2026\/03\/Interpharma_starkewirtschaftlicheRahmenbedingungen_zugangzuexportmaerkten-1.jpg","contentUrl":"https:\/\/www.interpharma.ch\/wp-content\/uploads\/2026\/03\/Interpharma_starkewirtschaftlicheRahmenbedingungen_zugangzuexportmaerkten-1.jpg","width":960,"height":721},{"@type":"BreadcrumbList","@id":"https:\/\/www.interpharma.ch\/fr\/themen\/un-cadre-solide-en-matiere-de-politique-economique\/assurer-lacces-aux-marches-dexportation\/#breadcrumb","itemListElement":[{"@type":"ListItem","position":1,"name":"Startseite","item":"https:\/\/www.interpharma.ch\/fr\/"},{"@type":"ListItem","position":2,"name":"Nos th\u00e8mes","item":"https:\/\/www.interpharma.ch\/fr\/themen\/"},{"@type":"ListItem","position":3,"name":"Un cadre solide en mati\u00e8re de politique \u00e9conomique","item":"https:\/\/www.interpharma.ch\/fr\/themen\/un-cadre-solide-en-matiere-de-politique-economique\/"},{"@type":"ListItem","position":4,"name":"Assurer l\u2019acc\u00e8s aux march\u00e9s d\u2019exportation"}]},{"@type":"WebSite","@id":"https:\/\/www.interpharma.ch\/#website","url":"https:\/\/www.interpharma.ch\/","name":"Interpharma","description":"Verband der forschenden Pharmazeutischen Firmen","publisher":{"@id":"https:\/\/www.interpharma.ch\/#organization"},"potentialAction":[{"@type":"SearchAction","target":{"@type":"EntryPoint","urlTemplate":"https:\/\/www.interpharma.ch\/?s={search_term_string}"},"query-input":{"@type":"PropertyValueSpecification","valueRequired":true,"valueName":"search_term_string"}}],"inLanguage":"fr-FR"},{"@type":"Organization","@id":"https:\/\/www.interpharma.ch\/#organization","name":"Interpharma","url":"https:\/\/www.interpharma.ch\/","logo":{"@type":"ImageObject","inLanguage":"fr-FR","@id":"https:\/\/www.interpharma.ch\/#\/schema\/logo\/image\/","url":"https:\/\/interpharma.ch\/wp-content\/uploads\/2026\/03\/20251014_iph_logo_wort_bildmarke_rgb_final_cu01.svg","contentUrl":"https:\/\/interpharma.ch\/wp-content\/uploads\/2026\/03\/20251014_iph_logo_wort_bildmarke_rgb_final_cu01.svg","width":"1200","height":"1200","caption":"Interpharma"},"image":{"@id":"https:\/\/www.interpharma.ch\/#\/schema\/logo\/image\/"},"sameAs":["https:\/\/x.com\/interpharma_ch","https:\/\/ch.linkedin.com\/company\/interpharma","https:\/\/www.instagram.com\/interpharma_ch\/"]}]}},"_links":{"self":[{"href":"https:\/\/www.interpharma.ch\/fr\/wp-json\/wp\/v2\/pages\/4260","targetHints":{"allow":["GET"]}}],"collection":[{"href":"https:\/\/www.interpharma.ch\/fr\/wp-json\/wp\/v2\/pages"}],"about":[{"href":"https:\/\/www.interpharma.ch\/fr\/wp-json\/wp\/v2\/types\/page"}],"author":[{"embeddable":true,"href":"https:\/\/www.interpharma.ch\/fr\/wp-json\/wp\/v2\/users\/1"}],"replies":[{"embeddable":true,"href":"https:\/\/www.interpharma.ch\/fr\/wp-json\/wp\/v2\/comments?post=4260"}],"version-history":[{"count":6,"href":"https:\/\/www.interpharma.ch\/fr\/wp-json\/wp\/v2\/pages\/4260\/revisions"}],"predecessor-version":[{"id":16324,"href":"https:\/\/www.interpharma.ch\/fr\/wp-json\/wp\/v2\/pages\/4260\/revisions\/16324"}],"up":[{"embeddable":true,"href":"https:\/\/www.interpharma.ch\/fr\/wp-json\/wp\/v2\/pages\/4292"}],"wp:featuredmedia":[{"embeddable":true,"href":"https:\/\/www.interpharma.ch\/fr\/wp-json\/wp\/v2\/media\/14792"}],"wp:attachment":[{"href":"https:\/\/www.interpharma.ch\/fr\/wp-json\/wp\/v2\/media?parent=4260"}],"curies":[{"name":"wp","href":"https:\/\/api.w.org\/{rel}","templated":true}]}}