{"id":4248,"date":"2026-02-25T08:25:54","date_gmt":"2026-02-25T07:25:54","guid":{"rendered":"https:\/\/iph-multisite.berta-bewegt.ch\/?page_id=4248"},"modified":"2026-02-25T08:25:54","modified_gmt":"2026-02-25T07:25:54","slug":"contrefacons-de-medicaments","status":"publish","type":"page","link":"https:\/\/www.interpharma.ch\/fr\/themen\/der-patient-im-mittelpunkt\/securite-pharmaceutique\/contrefacons-de-medicaments\/","title":{"rendered":"Contrefa\u00e7ons de m\u00e9dicaments"},"content":{"rendered":"\n<p>Les\ncontrefa\u00e7ons de m\u00e9dicaments repr\u00e9sentent un s\u00e9rieux danger pour la sant\u00e9. Dans\nle cas des contrefa\u00e7ons de m\u00e9dicaments, il en va non seulement de la s\u00e9curit\u00e9,\nmais aussi dans le pire des cas, de la vie des patients. Dans le cas des\ncontrefa\u00e7ons de produits de luxe tels que montres, sacs \u00e0 main ou v\u00eatements,\nles entreprises sont victimes d\u2019un pr\u00e9judice \u00e9conomique et les consommateurs\nd\u2019une d\u00e9ception car ils payent au prix fort ce qui n\u2019est qu\u2019une imitation. De\nplus, les contrefa\u00e7ons portent atteinte dans tous les cas au droit \u00e0 la propri\u00e9t\u00e9\nintellectuelle: droit des brevets, protection des marques, droit d\u2019auteur,\nprotection des donn\u00e9es par exemple.<\/p>\n\n\n\n<h2 class=\"wp-block-heading\">La contrefa\u00e7on ne concerne pas seulement les produits de confort<\/h2>\n\n\n\n<p>Les contrefa\u00e7ons ne concernent plus seulement les produits de\nconfort (p.&nbsp;ex. compl\u00e9ments alimentaires pour la musculation ou produits\namaigrissants), mais aussi des m\u00e9dicaments anticanc\u00e9reux, des m\u00e9dicaments\ndestin\u00e9s \u00e0 soigner des maladies cardio-vasculaires, des antibiotiques, des\nanalg\u00e9siques, des contraceptifs et autres m\u00e9dicaments d\u00e9livr\u00e9s sur ordonnance.<\/p>\n\n\n\n<p>Les contrefa\u00e7ons peuvent contenir la bonne substance active, mais\nen quantit\u00e9 trop \u00e9lev\u00e9e ou insuffisante ou sous une forme contenant des\nimpuret\u00e9s. Elles peuvent aussi \u00eatre dangereuses si elles ne contiennent aucune\ntrace de la substance active escompt\u00e9e, ou si elles renferment une autre\nsubstance active, voire toxique. Bien souvent, les contrefa\u00e7ons de m\u00e9dicaments\ncontiennent par exemple de la poudre de briques ou de la farine, plus rarement\nd\u2019autres substances actives ou des poisons tels qu\u2019insecticides ou\nmort-aux-rats. D\u2019apr\u00e8s l\u2019Organisation mondiale de la Sant\u00e9 (OMS), 10% des\nm\u00e9dicaments de par le monde sont des contrefa\u00e7ons, et ce taux est plus \u00e9lev\u00e9\ndans les pays en d\u00e9veloppement.<\/p>\n\n\n\n<h2 class=\"wp-block-heading\">Les cha\u00eenes de distribution \u00e9prouv\u00e9es sont garantes de s\u00e9curit\u00e9<\/h2>\n\n\n\n<p>Dans les pays industrialis\u00e9s, la vente de m\u00e9dicaments sur Internet\nest la principale porte d\u2019entr\u00e9e des contrefa\u00e7ons de m\u00e9dicaments. D\u2019apr\u00e8s\nl\u2019OMS, plus de 50% des m\u00e9dicaments achet\u00e9s ill\u00e9galement sur Internet seraient\ndes contrefa\u00e7ons. <\/p>\n\n\n\n<p>La proc\u00e9dure rigoureuse d\u2019autorisation de mise sur le march\u00e9 pour\nles m\u00e9dicaments, la proc\u00e9dure d\u2019autorisation de fabrication et de\ncommercialisation ainsi que les cha\u00eenes de distribution \u00e9prouv\u00e9es sont \u00e0 m\u00eame\nd\u2019assurer au mieux la s\u00e9curit\u00e9 des m\u00e9dicaments en Suisse. Tous les efforts mis\nen \u0153uvre ont pour but que les patient-e-s re\u00e7oivent le m\u00e9dicament qui leur a\n\u00e9t\u00e9 prescrit en temps utile, dans une qualit\u00e9 irr\u00e9prochable et accompagn\u00e9 d\u2019une\nnotice d\u2019information correcte. Les m\u00e9dicaments obtenus de sources officielles\n(pharmacie, droguerie, h\u00f4pital, cabinet m\u00e9dical) ne pr\u00e9sentent en Suisse aucun\ndanger d\u2019\u00eatre des contrefa\u00e7ons.<\/p>\n\n\n\n<h2 class=\"wp-block-heading\">Lutte contre les contrefa\u00e7ons de m\u00e9dicaments<\/h2>\n\n\n\n<p>Les entreprises pharmaceutiques collaborent \u00e9troitement entre\nelles ainsi qu\u2019avec les autorit\u00e9s douani\u00e8res et d\u2019autorisation de mise sur le\nmarch\u00e9. Les fabricants munissent les emballages de signes de s\u00e9curit\u00e9 visibles\net dissimul\u00e9s, qui rendent la contrefa\u00e7on plus difficile. Il s\u2019agit par exemple\nd\u2019hologrammes, d\u2019encre qui change de couleur ou de surfaces iris\u00e9es. De plus,\nles entreprises pharmaceutiques utilisent aussi depuis 2019 des techniques de\ntra\u00e7abilit\u00e9 telles que num\u00e9ros de s\u00e9rie, en combinaison avec le code\nbidimensionnel Datamatrix. Il fournit la base \u00e0 une tra\u00e7abilit\u00e9 sans faille des\nm\u00e9dicaments et un contr\u00f4le d\u2019authenticit\u00e9 de chaque emballage individuel. \u00c0 cet\neffet, chaque m\u00e9dicament est pourvu d\u2019un num\u00e9ro de s\u00e9rie sp\u00e9cifique \u00e0\nl\u2019emballage, enregistr\u00e9 dans une banque de donn\u00e9es s\u00e9curis\u00e9e. Concr\u00e8tement,\nchaque bo\u00eete de m\u00e9dicament porte un code d\u2019identification que le pharmacien v\u00e9rifie\navant de remettre le m\u00e9dicament au patient. Si un emballage au num\u00e9ro inconnu\nest scann\u00e9 en pharmacie, ou si le num\u00e9ro a d\u00e9j\u00e0 \u00e9t\u00e9 scann\u00e9 avant remise au\npatient, le syst\u00e8me donne l\u2019alarme.<\/p>\n\n\n\n<p>Des mesures de s\u00e9curit\u00e9 compl\u00e9mentaires ont \u00e9t\u00e9 introduite \u00e0\nl\u2019\u00e9chelle de l\u2019UE afin d\u2019am\u00e9liorer encore la s\u00e9curit\u00e9 des cha\u00eenes l\u00e9gales de\nlivraison. C\u2019est ainsi que depuis 2019, les emballages de m\u00e9dicaments soumis \u00e0\nordonnance doivent \u00eatre munis d\u2019une s\u00e9curit\u00e9 de premi\u00e8re ouverture (par exemple\nun sceau). <\/p>\n\n\n\n<p>Les entreprises membres d\u2019Interpharma s\u2019engagent \u00e0 imprimer\n\u00e9galement en Suisse sur les emballages de m\u00e9dicaments des rep\u00e8res correspondant\naux normes europ\u00e9ennes de s\u00e9curit\u00e9 et permettant l\u2019identification du produit au\npoint de remise.<\/p>\n","protected":false},"excerpt":{"rendered":"<p>Les contrefa\u00e7ons de m\u00e9dicaments repr\u00e9sentent un s\u00e9rieux danger pour la sant\u00e9. Dans le cas des contrefa\u00e7ons de m\u00e9dicaments, il en va non seulement de la s\u00e9curit\u00e9, mais aussi dans le pire des cas, de la vie des patients. Dans le cas des contrefa\u00e7ons de produits de luxe tels que montres, sacs \u00e0 main ou v\u00eatements, [&hellip;]<\/p>\n","protected":false},"author":1,"featured_media":0,"parent":4128,"menu_order":2,"comment_status":"closed","ping_status":"closed","template":"page-templates\/unterthema.php","meta":{"_acf_changed":false,"inline_featured_image":false,"footnotes":""},"class_list":["post-4248","page","type-page","status-publish","hentry"],"acf":[],"yoast_head":"<!-- This site is optimized with the Yoast SEO Premium plugin v27.2 (Yoast SEO v27.2) - https:\/\/yoast.com\/product\/yoast-seo-premium-wordpress\/ -->\n<title>Contrefa\u00e7ons de m\u00e9dicaments - Interpharma<\/title>\n<meta name=\"robots\" content=\"index, follow, max-snippet:-1, max-image-preview:large, max-video-preview:-1\" \/>\n<link rel=\"canonical\" href=\"https:\/\/www.interpharma.ch\/fr\/themen\/der-patient-im-mittelpunkt\/securite-pharmaceutique\/contrefacons-de-medicaments\/\" \/>\n<meta property=\"og:locale\" content=\"fr_FR\" \/>\n<meta property=\"og:type\" content=\"article\" \/>\n<meta property=\"og:title\" content=\"Contrefa\u00e7ons de m\u00e9dicaments\" \/>\n<meta property=\"og:description\" content=\"Les contrefa\u00e7ons de m\u00e9dicaments repr\u00e9sentent un s\u00e9rieux danger pour la sant\u00e9. Dans le cas des contrefa\u00e7ons de m\u00e9dicaments, il en va non seulement de la s\u00e9curit\u00e9, mais aussi dans le pire des cas, de la vie des patients. Dans le cas des contrefa\u00e7ons de produits de luxe tels que montres, sacs \u00e0 main ou v\u00eatements, [&hellip;]\" \/>\n<meta property=\"og:url\" content=\"https:\/\/www.interpharma.ch\/fr\/themen\/der-patient-im-mittelpunkt\/securite-pharmaceutique\/contrefacons-de-medicaments\/\" \/>\n<meta property=\"og:site_name\" content=\"Interpharma\" \/>\n<meta name=\"twitter:card\" content=\"summary_large_image\" \/>\n<meta name=\"twitter:site\" content=\"@interpharma_ch\" \/>\n<meta name=\"twitter:label1\" content=\"Dur\u00e9e de lecture estim\u00e9e\" \/>\n\t<meta name=\"twitter:data1\" content=\"4 minutes\" \/>\n<script type=\"application\/ld+json\" class=\"yoast-schema-graph\">{\"@context\":\"https:\/\/schema.org\",\"@graph\":[{\"@type\":\"WebPage\",\"@id\":\"https:\/\/www.interpharma.ch\/fr\/themen\/der-patient-im-mittelpunkt\/securite-pharmaceutique\/contrefacons-de-medicaments\/\",\"url\":\"https:\/\/www.interpharma.ch\/fr\/themen\/der-patient-im-mittelpunkt\/securite-pharmaceutique\/contrefacons-de-medicaments\/\",\"name\":\"Contrefa\u00e7ons de m\u00e9dicaments - Interpharma\",\"isPartOf\":{\"@id\":\"https:\/\/www.interpharma.ch\/#website\"},\"datePublished\":\"2026-02-25T07:25:54+00:00\",\"breadcrumb\":{\"@id\":\"https:\/\/www.interpharma.ch\/fr\/themen\/der-patient-im-mittelpunkt\/securite-pharmaceutique\/contrefacons-de-medicaments\/#breadcrumb\"},\"inLanguage\":\"fr-FR\",\"potentialAction\":[{\"@type\":\"ReadAction\",\"target\":[\"https:\/\/www.interpharma.ch\/fr\/themen\/der-patient-im-mittelpunkt\/securite-pharmaceutique\/contrefacons-de-medicaments\/\"]}]},{\"@type\":\"BreadcrumbList\",\"@id\":\"https:\/\/www.interpharma.ch\/fr\/themen\/der-patient-im-mittelpunkt\/securite-pharmaceutique\/contrefacons-de-medicaments\/#breadcrumb\",\"itemListElement\":[{\"@type\":\"ListItem\",\"position\":1,\"name\":\"Startseite\",\"item\":\"https:\/\/www.interpharma.ch\/fr\/\"},{\"@type\":\"ListItem\",\"position\":2,\"name\":\"Nos th\u00e8mes\",\"item\":\"https:\/\/www.interpharma.ch\/fr\/themen\/\"},{\"@type\":\"ListItem\",\"position\":3,\"name\":\"Le patient au centre des consid\u00e9rations\",\"item\":\"https:\/\/www.interpharma.ch\/fr\/themen\/der-patient-im-mittelpunkt\/\"},{\"@type\":\"ListItem\",\"position\":4,\"name\":\"S\u00e9curit\u00e9 pharmaceutique\",\"item\":\"https:\/\/www.interpharma.ch\/fr\/themen\/der-patient-im-mittelpunkt\/securite-pharmaceutique\/\"},{\"@type\":\"ListItem\",\"position\":5,\"name\":\"Contrefa\u00e7ons de m\u00e9dicaments\"}]},{\"@type\":\"WebSite\",\"@id\":\"https:\/\/www.interpharma.ch\/#website\",\"url\":\"https:\/\/www.interpharma.ch\/\",\"name\":\"Interpharma\",\"description\":\"Verband der forschenden Pharmazeutischen Firmen\",\"publisher\":{\"@id\":\"https:\/\/www.interpharma.ch\/#organization\"},\"potentialAction\":[{\"@type\":\"SearchAction\",\"target\":{\"@type\":\"EntryPoint\",\"urlTemplate\":\"https:\/\/www.interpharma.ch\/?s={search_term_string}\"},\"query-input\":{\"@type\":\"PropertyValueSpecification\",\"valueRequired\":true,\"valueName\":\"search_term_string\"}}],\"inLanguage\":\"fr-FR\"},{\"@type\":\"Organization\",\"@id\":\"https:\/\/www.interpharma.ch\/#organization\",\"name\":\"Interpharma\",\"url\":\"https:\/\/www.interpharma.ch\/\",\"logo\":{\"@type\":\"ImageObject\",\"inLanguage\":\"fr-FR\",\"@id\":\"https:\/\/www.interpharma.ch\/#\/schema\/logo\/image\/\",\"url\":\"https:\/\/interpharma.ch\/wp-content\/uploads\/2026\/03\/20251014_iph_logo_wort_bildmarke_rgb_final_cu01.svg\",\"contentUrl\":\"https:\/\/interpharma.ch\/wp-content\/uploads\/2026\/03\/20251014_iph_logo_wort_bildmarke_rgb_final_cu01.svg\",\"width\":\"1200\",\"height\":\"1200\",\"caption\":\"Interpharma\"},\"image\":{\"@id\":\"https:\/\/www.interpharma.ch\/#\/schema\/logo\/image\/\"},\"sameAs\":[\"https:\/\/x.com\/interpharma_ch\",\"https:\/\/ch.linkedin.com\/company\/interpharma\",\"https:\/\/www.instagram.com\/interpharma_ch\/\"]}]}<\/script>\n<!-- \/ Yoast SEO Premium plugin. -->","yoast_head_json":{"title":"Contrefa\u00e7ons de m\u00e9dicaments - Interpharma","robots":{"index":"index","follow":"follow","max-snippet":"max-snippet:-1","max-image-preview":"max-image-preview:large","max-video-preview":"max-video-preview:-1"},"canonical":"https:\/\/www.interpharma.ch\/fr\/themen\/der-patient-im-mittelpunkt\/securite-pharmaceutique\/contrefacons-de-medicaments\/","og_locale":"fr_FR","og_type":"article","og_title":"Contrefa\u00e7ons de m\u00e9dicaments","og_description":"Les contrefa\u00e7ons de m\u00e9dicaments repr\u00e9sentent un s\u00e9rieux danger pour la sant\u00e9. Dans le cas des contrefa\u00e7ons de m\u00e9dicaments, il en va non seulement de la s\u00e9curit\u00e9, mais aussi dans le pire des cas, de la vie des patients. Dans le cas des contrefa\u00e7ons de produits de luxe tels que montres, sacs \u00e0 main ou v\u00eatements, [&hellip;]","og_url":"https:\/\/www.interpharma.ch\/fr\/themen\/der-patient-im-mittelpunkt\/securite-pharmaceutique\/contrefacons-de-medicaments\/","og_site_name":"Interpharma","twitter_card":"summary_large_image","twitter_site":"@interpharma_ch","twitter_misc":{"Dur\u00e9e de lecture estim\u00e9e":"4 minutes"},"schema":{"@context":"https:\/\/schema.org","@graph":[{"@type":"WebPage","@id":"https:\/\/www.interpharma.ch\/fr\/themen\/der-patient-im-mittelpunkt\/securite-pharmaceutique\/contrefacons-de-medicaments\/","url":"https:\/\/www.interpharma.ch\/fr\/themen\/der-patient-im-mittelpunkt\/securite-pharmaceutique\/contrefacons-de-medicaments\/","name":"Contrefa\u00e7ons de m\u00e9dicaments - Interpharma","isPartOf":{"@id":"https:\/\/www.interpharma.ch\/#website"},"datePublished":"2026-02-25T07:25:54+00:00","breadcrumb":{"@id":"https:\/\/www.interpharma.ch\/fr\/themen\/der-patient-im-mittelpunkt\/securite-pharmaceutique\/contrefacons-de-medicaments\/#breadcrumb"},"inLanguage":"fr-FR","potentialAction":[{"@type":"ReadAction","target":["https:\/\/www.interpharma.ch\/fr\/themen\/der-patient-im-mittelpunkt\/securite-pharmaceutique\/contrefacons-de-medicaments\/"]}]},{"@type":"BreadcrumbList","@id":"https:\/\/www.interpharma.ch\/fr\/themen\/der-patient-im-mittelpunkt\/securite-pharmaceutique\/contrefacons-de-medicaments\/#breadcrumb","itemListElement":[{"@type":"ListItem","position":1,"name":"Startseite","item":"https:\/\/www.interpharma.ch\/fr\/"},{"@type":"ListItem","position":2,"name":"Nos th\u00e8mes","item":"https:\/\/www.interpharma.ch\/fr\/themen\/"},{"@type":"ListItem","position":3,"name":"Le patient au centre des consid\u00e9rations","item":"https:\/\/www.interpharma.ch\/fr\/themen\/der-patient-im-mittelpunkt\/"},{"@type":"ListItem","position":4,"name":"S\u00e9curit\u00e9 pharmaceutique","item":"https:\/\/www.interpharma.ch\/fr\/themen\/der-patient-im-mittelpunkt\/securite-pharmaceutique\/"},{"@type":"ListItem","position":5,"name":"Contrefa\u00e7ons de m\u00e9dicaments"}]},{"@type":"WebSite","@id":"https:\/\/www.interpharma.ch\/#website","url":"https:\/\/www.interpharma.ch\/","name":"Interpharma","description":"Verband der forschenden Pharmazeutischen Firmen","publisher":{"@id":"https:\/\/www.interpharma.ch\/#organization"},"potentialAction":[{"@type":"SearchAction","target":{"@type":"EntryPoint","urlTemplate":"https:\/\/www.interpharma.ch\/?s={search_term_string}"},"query-input":{"@type":"PropertyValueSpecification","valueRequired":true,"valueName":"search_term_string"}}],"inLanguage":"fr-FR"},{"@type":"Organization","@id":"https:\/\/www.interpharma.ch\/#organization","name":"Interpharma","url":"https:\/\/www.interpharma.ch\/","logo":{"@type":"ImageObject","inLanguage":"fr-FR","@id":"https:\/\/www.interpharma.ch\/#\/schema\/logo\/image\/","url":"https:\/\/interpharma.ch\/wp-content\/uploads\/2026\/03\/20251014_iph_logo_wort_bildmarke_rgb_final_cu01.svg","contentUrl":"https:\/\/interpharma.ch\/wp-content\/uploads\/2026\/03\/20251014_iph_logo_wort_bildmarke_rgb_final_cu01.svg","width":"1200","height":"1200","caption":"Interpharma"},"image":{"@id":"https:\/\/www.interpharma.ch\/#\/schema\/logo\/image\/"},"sameAs":["https:\/\/x.com\/interpharma_ch","https:\/\/ch.linkedin.com\/company\/interpharma","https:\/\/www.instagram.com\/interpharma_ch\/"]}]}},"_links":{"self":[{"href":"https:\/\/www.interpharma.ch\/fr\/wp-json\/wp\/v2\/pages\/4248","targetHints":{"allow":["GET"]}}],"collection":[{"href":"https:\/\/www.interpharma.ch\/fr\/wp-json\/wp\/v2\/pages"}],"about":[{"href":"https:\/\/www.interpharma.ch\/fr\/wp-json\/wp\/v2\/types\/page"}],"author":[{"embeddable":true,"href":"https:\/\/www.interpharma.ch\/fr\/wp-json\/wp\/v2\/users\/1"}],"replies":[{"embeddable":true,"href":"https:\/\/www.interpharma.ch\/fr\/wp-json\/wp\/v2\/comments?post=4248"}],"version-history":[{"count":1,"href":"https:\/\/www.interpharma.ch\/fr\/wp-json\/wp\/v2\/pages\/4248\/revisions"}],"predecessor-version":[{"id":4249,"href":"https:\/\/www.interpharma.ch\/fr\/wp-json\/wp\/v2\/pages\/4248\/revisions\/4249"}],"up":[{"embeddable":true,"href":"https:\/\/www.interpharma.ch\/fr\/wp-json\/wp\/v2\/pages\/4128"}],"wp:attachment":[{"href":"https:\/\/www.interpharma.ch\/fr\/wp-json\/wp\/v2\/media?parent=4248"}],"curies":[{"name":"wp","href":"https:\/\/api.w.org\/{rel}","templated":true}]}}