{"id":4224,"date":"2026-02-25T08:25:52","date_gmt":"2026-02-25T07:25:52","guid":{"rendered":"https:\/\/iph-multisite.berta-bewegt.ch\/?page_id=4224"},"modified":"2026-02-25T08:25:52","modified_gmt":"2026-02-25T07:25:52","slug":"recherche-sur-les-cellules-souches","status":"publish","type":"page","link":"https:\/\/www.interpharma.ch\/fr\/themen\/a-la-pointe-de-la-recherche-et-developpement\/nouvelles-approches-de-recherche-et-de-traitement\/recherche-sur-les-cellules-souches\/","title":{"rendered":"Recherche sur les cellules souches"},"content":{"rendered":"\n<p>Les cellules souches sont des\ncellules qui se renouvellent elles-m\u00eames par division et multiplication et se\ndiff\u00e9rencient ensuite vers diff\u00e9rents types de cellules de l\u2019organisme aux\nfonctions sp\u00e9cifiques. Elles renferment donc le potentiel de renouveler des\ncellules et tissus de notre organisme. Les cellules souches h\u00e9matopo\u00ef\u00e9tiques de\nnotre moelle osseuse produisent par exemple toute l\u2019\u00e9ventail de cellules\nsanguines, c\u2019est-\u00e0-dire les globules blancs et rouges et les plaquettes.<\/p>\n\n\n\n<p>Cette propri\u00e9t\u00e9 des cellules\nsouches est utilis\u00e9e aujourd\u2019hui pour les tests <em>in vitro<\/em> de nouveaux\nm\u00e9dicaments, pour des mod\u00e8les de maladies, pour \u00e9valuer la s\u00e9curit\u00e9 de\nm\u00e9dicaments, ou encore pour le traitement de certaines maladies. <\/p>\n\n\n\n<p>Par exemple, pour la transplantation\nde moelle osseuse, on utilise ce que l\u2019on appelle des cellules souches adultes.\nCelles-ci peuvent se diff\u00e9rencier vers diff\u00e9rentes cellules sanguines, mais pas\nvers d\u2019autres types de cellules, comme par exemple des cellules nerveuses. Pour\ncultiver de mani\u00e8re cibl\u00e9e des types de cellules ou de tissus utiles du point\nde vue th\u00e9rapeutique, voire des organes complets, susceptibles de remplacer des\ntissus et des organes malades, la recherche a besoin de cellules souches\nembryonnaires. Celles-ci renferment le potentiel de se diff\u00e9rencier vers toutes\nles cellules de l\u2019organisme. Un jour, les cellules souches embryonnaires\npourraient se transformer en cellules cardiaques, nerveuses ou musculaires et\naider ainsi \u00e0 d\u00e9velopper de nouvelles applications contre des maladies comme la\nmaladie de Parkinson, d\u2019Alzheimer ou le diab\u00e8te. Pour le moment, il s\u2019agit de\nvisions d\u2019avenir. Pour qu\u2019elles se r\u00e9alisent, il faut pouvoir faire des travaux\nde recherche sur les cellules souches.<\/p>\n\n\n\n<h2 class=\"wp-block-heading\"><strong>Loi relative \u00e0 la recherche sur les cellules souches (LRCS)<\/strong><strong><\/strong><\/h2>\n\n\n\n<p>Le cadre juridique de la\nrecherche sur les cellules souches est fourni en Suisse par la loi relative \u00e0\nla recherche sur les cellules souches (LRCS), en vigueur depuis 2005. Elle\nr\u00e8gle la production de cellules souches embryonnaires \u00e0 partir d\u2019embryons\nsurnum\u00e9raires \u00e0 des fins de recherche ainsi que la recherche sur les cellules\nsouches embryonnaires. On se trouve en pr\u00e9sence d\u2019embryons surnum\u00e9raires lors\nde la f\u00e9condation <em>in vitro<\/em>, m\u00e9thode utilis\u00e9e pour la procr\u00e9ation\nm\u00e9dicalement assist\u00e9e. Selon le droit en vigueur, les embryons surnum\u00e9raires\ndoivent \u00eatre d\u00e9truits. La loi relative \u00e0 la recherche sur les cellules souches\nfixe les conditions strictes dans lesquelles ces embryons surnum\u00e9raires devant\n\u00eatre d\u00e9truits peuvent \u00eatre utilis\u00e9s pour en pr\u00e9lever des cellules souches\nembryonnaires \u00e0 des fins de recherche. La production d\u2019embryons \u00e0 des fins de\nrecherche est interdite en Suisse. Le but de la loi relative \u00e0 la recherche sur\nles cellules souches est de pr\u00e9venir les abus et de prot\u00e9ger la dignit\u00e9\nhumaine.<\/p>\n","protected":false},"excerpt":{"rendered":"<p>Les cellules souches sont des cellules qui se renouvellent elles-m\u00eames par division et multiplication et se diff\u00e9rencient ensuite vers diff\u00e9rents types de cellules de l\u2019organisme aux fonctions sp\u00e9cifiques. Elles renferment donc le potentiel de renouveler des cellules et tissus de notre organisme. Les cellules souches h\u00e9matopo\u00ef\u00e9tiques de notre moelle osseuse produisent par exemple toute l\u2019\u00e9ventail [&hellip;]<\/p>\n","protected":false},"author":1,"featured_media":0,"parent":4176,"menu_order":3,"comment_status":"closed","ping_status":"closed","template":"page-templates\/unterthema.php","meta":{"_acf_changed":false,"inline_featured_image":false,"footnotes":""},"class_list":["post-4224","page","type-page","status-publish","hentry"],"acf":[],"yoast_head":"<!-- This site is optimized with the Yoast SEO Premium plugin v27.2 (Yoast SEO v27.2) - https:\/\/yoast.com\/product\/yoast-seo-premium-wordpress\/ -->\n<title>Recherche sur les cellules souches - Interpharma<\/title>\n<meta name=\"robots\" content=\"index, follow, max-snippet:-1, max-image-preview:large, max-video-preview:-1\" \/>\n<link rel=\"canonical\" href=\"https:\/\/www.interpharma.ch\/fr\/themen\/a-la-pointe-de-la-recherche-et-developpement\/nouvelles-approches-de-recherche-et-de-traitement\/recherche-sur-les-cellules-souches\/\" \/>\n<meta property=\"og:locale\" content=\"fr_FR\" \/>\n<meta property=\"og:type\" content=\"article\" \/>\n<meta property=\"og:title\" content=\"Recherche sur les cellules souches\" \/>\n<meta property=\"og:description\" content=\"Les cellules souches sont des cellules qui se renouvellent elles-m\u00eames par division et multiplication et se diff\u00e9rencient ensuite vers diff\u00e9rents types de cellules de l\u2019organisme aux fonctions sp\u00e9cifiques. Elles renferment donc le potentiel de renouveler des cellules et tissus de notre organisme. Les cellules souches h\u00e9matopo\u00ef\u00e9tiques de notre moelle osseuse produisent par exemple toute l\u2019\u00e9ventail [&hellip;]\" \/>\n<meta property=\"og:url\" content=\"https:\/\/www.interpharma.ch\/fr\/themen\/a-la-pointe-de-la-recherche-et-developpement\/nouvelles-approches-de-recherche-et-de-traitement\/recherche-sur-les-cellules-souches\/\" \/>\n<meta property=\"og:site_name\" content=\"Interpharma\" \/>\n<meta name=\"twitter:card\" content=\"summary_large_image\" \/>\n<meta name=\"twitter:site\" content=\"@interpharma_ch\" \/>\n<meta name=\"twitter:label1\" content=\"Dur\u00e9e de lecture estim\u00e9e\" \/>\n\t<meta name=\"twitter:data1\" content=\"2 minutes\" \/>\n<script type=\"application\/ld+json\" class=\"yoast-schema-graph\">{\"@context\":\"https:\/\/schema.org\",\"@graph\":[{\"@type\":\"WebPage\",\"@id\":\"https:\/\/www.interpharma.ch\/fr\/themen\/a-la-pointe-de-la-recherche-et-developpement\/nouvelles-approches-de-recherche-et-de-traitement\/recherche-sur-les-cellules-souches\/\",\"url\":\"https:\/\/www.interpharma.ch\/fr\/themen\/a-la-pointe-de-la-recherche-et-developpement\/nouvelles-approches-de-recherche-et-de-traitement\/recherche-sur-les-cellules-souches\/\",\"name\":\"Recherche sur les cellules souches - Interpharma\",\"isPartOf\":{\"@id\":\"https:\/\/www.interpharma.ch\/#website\"},\"datePublished\":\"2026-02-25T07:25:52+00:00\",\"breadcrumb\":{\"@id\":\"https:\/\/www.interpharma.ch\/fr\/themen\/a-la-pointe-de-la-recherche-et-developpement\/nouvelles-approches-de-recherche-et-de-traitement\/recherche-sur-les-cellules-souches\/#breadcrumb\"},\"inLanguage\":\"fr-FR\",\"potentialAction\":[{\"@type\":\"ReadAction\",\"target\":[\"https:\/\/www.interpharma.ch\/fr\/themen\/a-la-pointe-de-la-recherche-et-developpement\/nouvelles-approches-de-recherche-et-de-traitement\/recherche-sur-les-cellules-souches\/\"]}]},{\"@type\":\"BreadcrumbList\",\"@id\":\"https:\/\/www.interpharma.ch\/fr\/themen\/a-la-pointe-de-la-recherche-et-developpement\/nouvelles-approches-de-recherche-et-de-traitement\/recherche-sur-les-cellules-souches\/#breadcrumb\",\"itemListElement\":[{\"@type\":\"ListItem\",\"position\":1,\"name\":\"Startseite\",\"item\":\"https:\/\/www.interpharma.ch\/fr\/\"},{\"@type\":\"ListItem\",\"position\":2,\"name\":\"Nos th\u00e8mes\",\"item\":\"https:\/\/www.interpharma.ch\/fr\/themen\/\"},{\"@type\":\"ListItem\",\"position\":3,\"name\":\"\u00c0 la pointe de la recherche et d\u00e9veloppement\",\"item\":\"https:\/\/www.interpharma.ch\/fr\/themen\/a-la-pointe-de-la-recherche-et-developpement\/\"},{\"@type\":\"ListItem\",\"position\":4,\"name\":\"Nouvelles approches de recherche et de traitement\",\"item\":\"https:\/\/www.interpharma.ch\/fr\/themen\/a-la-pointe-de-la-recherche-et-developpement\/nouvelles-approches-de-recherche-et-de-traitement\/\"},{\"@type\":\"ListItem\",\"position\":5,\"name\":\"Recherche sur les cellules souches\"}]},{\"@type\":\"WebSite\",\"@id\":\"https:\/\/www.interpharma.ch\/#website\",\"url\":\"https:\/\/www.interpharma.ch\/\",\"name\":\"Interpharma\",\"description\":\"Verband der forschenden Pharmazeutischen Firmen\",\"publisher\":{\"@id\":\"https:\/\/www.interpharma.ch\/#organization\"},\"potentialAction\":[{\"@type\":\"SearchAction\",\"target\":{\"@type\":\"EntryPoint\",\"urlTemplate\":\"https:\/\/www.interpharma.ch\/?s={search_term_string}\"},\"query-input\":{\"@type\":\"PropertyValueSpecification\",\"valueRequired\":true,\"valueName\":\"search_term_string\"}}],\"inLanguage\":\"fr-FR\"},{\"@type\":\"Organization\",\"@id\":\"https:\/\/www.interpharma.ch\/#organization\",\"name\":\"Interpharma\",\"url\":\"https:\/\/www.interpharma.ch\/\",\"logo\":{\"@type\":\"ImageObject\",\"inLanguage\":\"fr-FR\",\"@id\":\"https:\/\/www.interpharma.ch\/#\/schema\/logo\/image\/\",\"url\":\"https:\/\/interpharma.ch\/wp-content\/uploads\/2026\/03\/20251014_iph_logo_wort_bildmarke_rgb_final_cu01.svg\",\"contentUrl\":\"https:\/\/interpharma.ch\/wp-content\/uploads\/2026\/03\/20251014_iph_logo_wort_bildmarke_rgb_final_cu01.svg\",\"width\":\"1200\",\"height\":\"1200\",\"caption\":\"Interpharma\"},\"image\":{\"@id\":\"https:\/\/www.interpharma.ch\/#\/schema\/logo\/image\/\"},\"sameAs\":[\"https:\/\/x.com\/interpharma_ch\",\"https:\/\/ch.linkedin.com\/company\/interpharma\",\"https:\/\/www.instagram.com\/interpharma_ch\/\"]}]}<\/script>\n<!-- \/ Yoast SEO Premium plugin. -->","yoast_head_json":{"title":"Recherche sur les cellules souches - Interpharma","robots":{"index":"index","follow":"follow","max-snippet":"max-snippet:-1","max-image-preview":"max-image-preview:large","max-video-preview":"max-video-preview:-1"},"canonical":"https:\/\/www.interpharma.ch\/fr\/themen\/a-la-pointe-de-la-recherche-et-developpement\/nouvelles-approches-de-recherche-et-de-traitement\/recherche-sur-les-cellules-souches\/","og_locale":"fr_FR","og_type":"article","og_title":"Recherche sur les cellules souches","og_description":"Les cellules souches sont des cellules qui se renouvellent elles-m\u00eames par division et multiplication et se diff\u00e9rencient ensuite vers diff\u00e9rents types de cellules de l\u2019organisme aux fonctions sp\u00e9cifiques. Elles renferment donc le potentiel de renouveler des cellules et tissus de notre organisme. Les cellules souches h\u00e9matopo\u00ef\u00e9tiques de notre moelle osseuse produisent par exemple toute l\u2019\u00e9ventail [&hellip;]","og_url":"https:\/\/www.interpharma.ch\/fr\/themen\/a-la-pointe-de-la-recherche-et-developpement\/nouvelles-approches-de-recherche-et-de-traitement\/recherche-sur-les-cellules-souches\/","og_site_name":"Interpharma","twitter_card":"summary_large_image","twitter_site":"@interpharma_ch","twitter_misc":{"Dur\u00e9e de lecture estim\u00e9e":"2 minutes"},"schema":{"@context":"https:\/\/schema.org","@graph":[{"@type":"WebPage","@id":"https:\/\/www.interpharma.ch\/fr\/themen\/a-la-pointe-de-la-recherche-et-developpement\/nouvelles-approches-de-recherche-et-de-traitement\/recherche-sur-les-cellules-souches\/","url":"https:\/\/www.interpharma.ch\/fr\/themen\/a-la-pointe-de-la-recherche-et-developpement\/nouvelles-approches-de-recherche-et-de-traitement\/recherche-sur-les-cellules-souches\/","name":"Recherche sur les cellules souches - Interpharma","isPartOf":{"@id":"https:\/\/www.interpharma.ch\/#website"},"datePublished":"2026-02-25T07:25:52+00:00","breadcrumb":{"@id":"https:\/\/www.interpharma.ch\/fr\/themen\/a-la-pointe-de-la-recherche-et-developpement\/nouvelles-approches-de-recherche-et-de-traitement\/recherche-sur-les-cellules-souches\/#breadcrumb"},"inLanguage":"fr-FR","potentialAction":[{"@type":"ReadAction","target":["https:\/\/www.interpharma.ch\/fr\/themen\/a-la-pointe-de-la-recherche-et-developpement\/nouvelles-approches-de-recherche-et-de-traitement\/recherche-sur-les-cellules-souches\/"]}]},{"@type":"BreadcrumbList","@id":"https:\/\/www.interpharma.ch\/fr\/themen\/a-la-pointe-de-la-recherche-et-developpement\/nouvelles-approches-de-recherche-et-de-traitement\/recherche-sur-les-cellules-souches\/#breadcrumb","itemListElement":[{"@type":"ListItem","position":1,"name":"Startseite","item":"https:\/\/www.interpharma.ch\/fr\/"},{"@type":"ListItem","position":2,"name":"Nos th\u00e8mes","item":"https:\/\/www.interpharma.ch\/fr\/themen\/"},{"@type":"ListItem","position":3,"name":"\u00c0 la pointe de la recherche et d\u00e9veloppement","item":"https:\/\/www.interpharma.ch\/fr\/themen\/a-la-pointe-de-la-recherche-et-developpement\/"},{"@type":"ListItem","position":4,"name":"Nouvelles approches de recherche et de traitement","item":"https:\/\/www.interpharma.ch\/fr\/themen\/a-la-pointe-de-la-recherche-et-developpement\/nouvelles-approches-de-recherche-et-de-traitement\/"},{"@type":"ListItem","position":5,"name":"Recherche sur les cellules souches"}]},{"@type":"WebSite","@id":"https:\/\/www.interpharma.ch\/#website","url":"https:\/\/www.interpharma.ch\/","name":"Interpharma","description":"Verband der forschenden Pharmazeutischen Firmen","publisher":{"@id":"https:\/\/www.interpharma.ch\/#organization"},"potentialAction":[{"@type":"SearchAction","target":{"@type":"EntryPoint","urlTemplate":"https:\/\/www.interpharma.ch\/?s={search_term_string}"},"query-input":{"@type":"PropertyValueSpecification","valueRequired":true,"valueName":"search_term_string"}}],"inLanguage":"fr-FR"},{"@type":"Organization","@id":"https:\/\/www.interpharma.ch\/#organization","name":"Interpharma","url":"https:\/\/www.interpharma.ch\/","logo":{"@type":"ImageObject","inLanguage":"fr-FR","@id":"https:\/\/www.interpharma.ch\/#\/schema\/logo\/image\/","url":"https:\/\/interpharma.ch\/wp-content\/uploads\/2026\/03\/20251014_iph_logo_wort_bildmarke_rgb_final_cu01.svg","contentUrl":"https:\/\/interpharma.ch\/wp-content\/uploads\/2026\/03\/20251014_iph_logo_wort_bildmarke_rgb_final_cu01.svg","width":"1200","height":"1200","caption":"Interpharma"},"image":{"@id":"https:\/\/www.interpharma.ch\/#\/schema\/logo\/image\/"},"sameAs":["https:\/\/x.com\/interpharma_ch","https:\/\/ch.linkedin.com\/company\/interpharma","https:\/\/www.instagram.com\/interpharma_ch\/"]}]}},"_links":{"self":[{"href":"https:\/\/www.interpharma.ch\/fr\/wp-json\/wp\/v2\/pages\/4224","targetHints":{"allow":["GET"]}}],"collection":[{"href":"https:\/\/www.interpharma.ch\/fr\/wp-json\/wp\/v2\/pages"}],"about":[{"href":"https:\/\/www.interpharma.ch\/fr\/wp-json\/wp\/v2\/types\/page"}],"author":[{"embeddable":true,"href":"https:\/\/www.interpharma.ch\/fr\/wp-json\/wp\/v2\/users\/1"}],"replies":[{"embeddable":true,"href":"https:\/\/www.interpharma.ch\/fr\/wp-json\/wp\/v2\/comments?post=4224"}],"version-history":[{"count":1,"href":"https:\/\/www.interpharma.ch\/fr\/wp-json\/wp\/v2\/pages\/4224\/revisions"}],"predecessor-version":[{"id":4225,"href":"https:\/\/www.interpharma.ch\/fr\/wp-json\/wp\/v2\/pages\/4224\/revisions\/4225"}],"up":[{"embeddable":true,"href":"https:\/\/www.interpharma.ch\/fr\/wp-json\/wp\/v2\/pages\/4176"}],"wp:attachment":[{"href":"https:\/\/www.interpharma.ch\/fr\/wp-json\/wp\/v2\/media?parent=4224"}],"curies":[{"name":"wp","href":"https:\/\/api.w.org\/{rel}","templated":true}]}}