{"id":4218,"date":"2026-02-25T08:25:52","date_gmt":"2026-02-25T07:25:52","guid":{"rendered":"https:\/\/iph-multisite.berta-bewegt.ch\/?page_id=4218"},"modified":"2026-02-25T08:25:52","modified_gmt":"2026-02-25T07:25:52","slug":"catalogue-des-prestations","status":"publish","type":"page","link":"https:\/\/www.interpharma.ch\/fr\/themen\/gesundheitswesen-fr\/financement-perenne\/catalogue-des-prestations\/","title":{"rendered":"Catalogue des prestations"},"content":{"rendered":"\n<p>Compar\u00e9e avec l\u2019\u00e9tranger, la Suisse a un catalogue des prestations\nuniforme et g\u00e9n\u00e9reux, contenant toutes les prestations couvertes par\nl\u2019assurance obligatoire des soins (AOS). Son ampleur limite le transfert des\nco\u00fbts et assure \u00e0 l\u2019ensemble de la population l\u2019acc\u00e8s \u00e0 des soins de grande\nqualit\u00e9. <\/p>\n\n\n\n<p>Pour pouvoir \u00eatre inscrits au catalogue des prestations de l\u2019AOS\net donc \u00eatre rembours\u00e9s par les caisses-maladie, les prestations et produits\nm\u00e9dicaux doivent remplir les crit\u00e8res efficacit\u00e9, ad\u00e9quation et caract\u00e8re\n\u00e9conomique (EAE). La Loi f\u00e9d\u00e9rale sur l\u2019assurance-maladie (LAMal) exige \u00e0 cet\neffet un r\u00e9examen p\u00e9riodique. C\u2019est l\u2019Office f\u00e9d\u00e9ral de la sant\u00e9 publique\n(OFSP) qui est responsable de ce r\u00e9examen. Il contr\u00f4le les nouvelles\nprestations sur demande des fabricants qui doivent prouver qu\u2019ils satisfont aux\ncrit\u00e8res EAE. Si son \u00e9valuation est positive, l\u2019OFSP admet les m\u00e9dicaments dans\nla liste des sp\u00e9cialit\u00e9s (LS). Celle-ci contient tous les m\u00e9dicaments et\ntraitements rembours\u00e9s par l\u2019assurance de base.<\/p>\n\n\n\n<p>Les prestations curatives sont couvertes par l\u2019assurance de base\ndans la mesure o\u00f9 elles ne sont pas express\u00e9ment exclues. De m\u00eame, pour la\ncouverture et le remboursement des m\u00e9dicaments, analyses de laboratoire et\nautres moyens d\u2019examen et de traitement, le fabricant doit d\u00e9montrer\nl\u2019efficacit\u00e9, l\u2019ad\u00e9quation et le caract\u00e8re \u00e9conomique de son produit.<\/p>\n\n\n\n<h2 class=\"wp-block-heading\" id=\"h-\"><\/h2>\n","protected":false},"excerpt":{"rendered":"<p>Compar\u00e9e avec l\u2019\u00e9tranger, la Suisse a un catalogue des prestations uniforme et g\u00e9n\u00e9reux, contenant toutes les prestations couvertes par l\u2019assurance obligatoire des soins (AOS). Son ampleur limite le transfert des co\u00fbts et assure \u00e0 l\u2019ensemble de la population l\u2019acc\u00e8s \u00e0 des soins de grande qualit\u00e9. Pour pouvoir \u00eatre inscrits au catalogue des prestations de l\u2019AOS [&hellip;]<\/p>\n","protected":false},"author":1,"featured_media":0,"parent":4254,"menu_order":1,"comment_status":"closed","ping_status":"closed","template":"page-templates\/unterthema.php","meta":{"_acf_changed":false,"inline_featured_image":false,"footnotes":""},"class_list":["post-4218","page","type-page","status-publish","hentry"],"acf":[],"yoast_head":"<!-- This site is optimized with the Yoast SEO Premium plugin v27.2 (Yoast SEO v27.2) - https:\/\/yoast.com\/product\/yoast-seo-premium-wordpress\/ -->\n<title>Catalogue des prestations - Interpharma<\/title>\n<meta name=\"robots\" content=\"index, follow, max-snippet:-1, max-image-preview:large, max-video-preview:-1\" \/>\n<link rel=\"canonical\" href=\"https:\/\/www.interpharma.ch\/fr\/themen\/gesundheitswesen-fr\/financement-perenne\/catalogue-des-prestations\/\" \/>\n<meta property=\"og:locale\" content=\"fr_FR\" \/>\n<meta property=\"og:type\" content=\"article\" \/>\n<meta property=\"og:title\" content=\"Catalogue des prestations\" \/>\n<meta property=\"og:description\" content=\"Compar\u00e9e avec l\u2019\u00e9tranger, la Suisse a un catalogue des prestations uniforme et g\u00e9n\u00e9reux, contenant toutes les prestations couvertes par l\u2019assurance obligatoire des soins (AOS). Son ampleur limite le transfert des co\u00fbts et assure \u00e0 l\u2019ensemble de la population l\u2019acc\u00e8s \u00e0 des soins de grande qualit\u00e9. Pour pouvoir \u00eatre inscrits au catalogue des prestations de l\u2019AOS [&hellip;]\" \/>\n<meta property=\"og:url\" content=\"https:\/\/www.interpharma.ch\/fr\/themen\/gesundheitswesen-fr\/financement-perenne\/catalogue-des-prestations\/\" \/>\n<meta property=\"og:site_name\" content=\"Interpharma\" \/>\n<meta name=\"twitter:card\" content=\"summary_large_image\" \/>\n<meta name=\"twitter:site\" content=\"@interpharma_ch\" \/>\n<meta name=\"twitter:label1\" content=\"Dur\u00e9e de lecture estim\u00e9e\" \/>\n\t<meta name=\"twitter:data1\" content=\"1 minute\" \/>\n<script type=\"application\/ld+json\" class=\"yoast-schema-graph\">{\"@context\":\"https:\/\/schema.org\",\"@graph\":[{\"@type\":\"WebPage\",\"@id\":\"https:\/\/www.interpharma.ch\/fr\/themen\/gesundheitswesen-fr\/financement-perenne\/catalogue-des-prestations\/\",\"url\":\"https:\/\/www.interpharma.ch\/fr\/themen\/gesundheitswesen-fr\/financement-perenne\/catalogue-des-prestations\/\",\"name\":\"Catalogue des prestations - Interpharma\",\"isPartOf\":{\"@id\":\"https:\/\/www.interpharma.ch\/#website\"},\"datePublished\":\"2026-02-25T07:25:52+00:00\",\"breadcrumb\":{\"@id\":\"https:\/\/www.interpharma.ch\/fr\/themen\/gesundheitswesen-fr\/financement-perenne\/catalogue-des-prestations\/#breadcrumb\"},\"inLanguage\":\"fr-FR\",\"potentialAction\":[{\"@type\":\"ReadAction\",\"target\":[\"https:\/\/www.interpharma.ch\/fr\/themen\/gesundheitswesen-fr\/financement-perenne\/catalogue-des-prestations\/\"]}]},{\"@type\":\"BreadcrumbList\",\"@id\":\"https:\/\/www.interpharma.ch\/fr\/themen\/gesundheitswesen-fr\/financement-perenne\/catalogue-des-prestations\/#breadcrumb\",\"itemListElement\":[{\"@type\":\"ListItem\",\"position\":1,\"name\":\"Startseite\",\"item\":\"https:\/\/www.interpharma.ch\/fr\/\"},{\"@type\":\"ListItem\",\"position\":2,\"name\":\"Nos th\u00e8mes\",\"item\":\"https:\/\/www.interpharma.ch\/fr\/themen\/\"},{\"@type\":\"ListItem\",\"position\":3,\"name\":\"Syst\u00e8me de sant\u00e9\",\"item\":\"https:\/\/www.interpharma.ch\/fr\/themen\/gesundheitswesen-fr\/\"},{\"@type\":\"ListItem\",\"position\":4,\"name\":\"Financement p\u00e9renne\",\"item\":\"https:\/\/www.interpharma.ch\/fr\/themen\/gesundheitswesen-fr\/financement-perenne\/\"},{\"@type\":\"ListItem\",\"position\":5,\"name\":\"Catalogue des prestations\"}]},{\"@type\":\"WebSite\",\"@id\":\"https:\/\/www.interpharma.ch\/#website\",\"url\":\"https:\/\/www.interpharma.ch\/\",\"name\":\"Interpharma\",\"description\":\"Verband der forschenden Pharmazeutischen Firmen\",\"publisher\":{\"@id\":\"https:\/\/www.interpharma.ch\/#organization\"},\"potentialAction\":[{\"@type\":\"SearchAction\",\"target\":{\"@type\":\"EntryPoint\",\"urlTemplate\":\"https:\/\/www.interpharma.ch\/?s={search_term_string}\"},\"query-input\":{\"@type\":\"PropertyValueSpecification\",\"valueRequired\":true,\"valueName\":\"search_term_string\"}}],\"inLanguage\":\"fr-FR\"},{\"@type\":\"Organization\",\"@id\":\"https:\/\/www.interpharma.ch\/#organization\",\"name\":\"Interpharma\",\"url\":\"https:\/\/www.interpharma.ch\/\",\"logo\":{\"@type\":\"ImageObject\",\"inLanguage\":\"fr-FR\",\"@id\":\"https:\/\/www.interpharma.ch\/#\/schema\/logo\/image\/\",\"url\":\"https:\/\/interpharma.ch\/wp-content\/uploads\/2026\/03\/20251014_iph_logo_wort_bildmarke_rgb_final_cu01.svg\",\"contentUrl\":\"https:\/\/interpharma.ch\/wp-content\/uploads\/2026\/03\/20251014_iph_logo_wort_bildmarke_rgb_final_cu01.svg\",\"width\":\"1200\",\"height\":\"1200\",\"caption\":\"Interpharma\"},\"image\":{\"@id\":\"https:\/\/www.interpharma.ch\/#\/schema\/logo\/image\/\"},\"sameAs\":[\"https:\/\/x.com\/interpharma_ch\",\"https:\/\/ch.linkedin.com\/company\/interpharma\",\"https:\/\/www.instagram.com\/interpharma_ch\/\"]}]}<\/script>\n<!-- \/ Yoast SEO Premium plugin. -->","yoast_head_json":{"title":"Catalogue des prestations - Interpharma","robots":{"index":"index","follow":"follow","max-snippet":"max-snippet:-1","max-image-preview":"max-image-preview:large","max-video-preview":"max-video-preview:-1"},"canonical":"https:\/\/www.interpharma.ch\/fr\/themen\/gesundheitswesen-fr\/financement-perenne\/catalogue-des-prestations\/","og_locale":"fr_FR","og_type":"article","og_title":"Catalogue des prestations","og_description":"Compar\u00e9e avec l\u2019\u00e9tranger, la Suisse a un catalogue des prestations uniforme et g\u00e9n\u00e9reux, contenant toutes les prestations couvertes par l\u2019assurance obligatoire des soins (AOS). Son ampleur limite le transfert des co\u00fbts et assure \u00e0 l\u2019ensemble de la population l\u2019acc\u00e8s \u00e0 des soins de grande qualit\u00e9. Pour pouvoir \u00eatre inscrits au catalogue des prestations de l\u2019AOS [&hellip;]","og_url":"https:\/\/www.interpharma.ch\/fr\/themen\/gesundheitswesen-fr\/financement-perenne\/catalogue-des-prestations\/","og_site_name":"Interpharma","twitter_card":"summary_large_image","twitter_site":"@interpharma_ch","twitter_misc":{"Dur\u00e9e de lecture estim\u00e9e":"1 minute"},"schema":{"@context":"https:\/\/schema.org","@graph":[{"@type":"WebPage","@id":"https:\/\/www.interpharma.ch\/fr\/themen\/gesundheitswesen-fr\/financement-perenne\/catalogue-des-prestations\/","url":"https:\/\/www.interpharma.ch\/fr\/themen\/gesundheitswesen-fr\/financement-perenne\/catalogue-des-prestations\/","name":"Catalogue des prestations - Interpharma","isPartOf":{"@id":"https:\/\/www.interpharma.ch\/#website"},"datePublished":"2026-02-25T07:25:52+00:00","breadcrumb":{"@id":"https:\/\/www.interpharma.ch\/fr\/themen\/gesundheitswesen-fr\/financement-perenne\/catalogue-des-prestations\/#breadcrumb"},"inLanguage":"fr-FR","potentialAction":[{"@type":"ReadAction","target":["https:\/\/www.interpharma.ch\/fr\/themen\/gesundheitswesen-fr\/financement-perenne\/catalogue-des-prestations\/"]}]},{"@type":"BreadcrumbList","@id":"https:\/\/www.interpharma.ch\/fr\/themen\/gesundheitswesen-fr\/financement-perenne\/catalogue-des-prestations\/#breadcrumb","itemListElement":[{"@type":"ListItem","position":1,"name":"Startseite","item":"https:\/\/www.interpharma.ch\/fr\/"},{"@type":"ListItem","position":2,"name":"Nos th\u00e8mes","item":"https:\/\/www.interpharma.ch\/fr\/themen\/"},{"@type":"ListItem","position":3,"name":"Syst\u00e8me de sant\u00e9","item":"https:\/\/www.interpharma.ch\/fr\/themen\/gesundheitswesen-fr\/"},{"@type":"ListItem","position":4,"name":"Financement p\u00e9renne","item":"https:\/\/www.interpharma.ch\/fr\/themen\/gesundheitswesen-fr\/financement-perenne\/"},{"@type":"ListItem","position":5,"name":"Catalogue des prestations"}]},{"@type":"WebSite","@id":"https:\/\/www.interpharma.ch\/#website","url":"https:\/\/www.interpharma.ch\/","name":"Interpharma","description":"Verband der forschenden Pharmazeutischen Firmen","publisher":{"@id":"https:\/\/www.interpharma.ch\/#organization"},"potentialAction":[{"@type":"SearchAction","target":{"@type":"EntryPoint","urlTemplate":"https:\/\/www.interpharma.ch\/?s={search_term_string}"},"query-input":{"@type":"PropertyValueSpecification","valueRequired":true,"valueName":"search_term_string"}}],"inLanguage":"fr-FR"},{"@type":"Organization","@id":"https:\/\/www.interpharma.ch\/#organization","name":"Interpharma","url":"https:\/\/www.interpharma.ch\/","logo":{"@type":"ImageObject","inLanguage":"fr-FR","@id":"https:\/\/www.interpharma.ch\/#\/schema\/logo\/image\/","url":"https:\/\/interpharma.ch\/wp-content\/uploads\/2026\/03\/20251014_iph_logo_wort_bildmarke_rgb_final_cu01.svg","contentUrl":"https:\/\/interpharma.ch\/wp-content\/uploads\/2026\/03\/20251014_iph_logo_wort_bildmarke_rgb_final_cu01.svg","width":"1200","height":"1200","caption":"Interpharma"},"image":{"@id":"https:\/\/www.interpharma.ch\/#\/schema\/logo\/image\/"},"sameAs":["https:\/\/x.com\/interpharma_ch","https:\/\/ch.linkedin.com\/company\/interpharma","https:\/\/www.instagram.com\/interpharma_ch\/"]}]}},"_links":{"self":[{"href":"https:\/\/www.interpharma.ch\/fr\/wp-json\/wp\/v2\/pages\/4218","targetHints":{"allow":["GET"]}}],"collection":[{"href":"https:\/\/www.interpharma.ch\/fr\/wp-json\/wp\/v2\/pages"}],"about":[{"href":"https:\/\/www.interpharma.ch\/fr\/wp-json\/wp\/v2\/types\/page"}],"author":[{"embeddable":true,"href":"https:\/\/www.interpharma.ch\/fr\/wp-json\/wp\/v2\/users\/1"}],"replies":[{"embeddable":true,"href":"https:\/\/www.interpharma.ch\/fr\/wp-json\/wp\/v2\/comments?post=4218"}],"version-history":[{"count":1,"href":"https:\/\/www.interpharma.ch\/fr\/wp-json\/wp\/v2\/pages\/4218\/revisions"}],"predecessor-version":[{"id":4219,"href":"https:\/\/www.interpharma.ch\/fr\/wp-json\/wp\/v2\/pages\/4218\/revisions\/4219"}],"up":[{"embeddable":true,"href":"https:\/\/www.interpharma.ch\/fr\/wp-json\/wp\/v2\/pages\/4254"}],"wp:attachment":[{"href":"https:\/\/www.interpharma.ch\/fr\/wp-json\/wp\/v2\/media?parent=4218"}],"curies":[{"name":"wp","href":"https:\/\/api.w.org\/{rel}","templated":true}]}}