{"id":4212,"date":"2026-02-25T08:25:52","date_gmt":"2026-02-25T07:25:52","guid":{"rendered":"https:\/\/iph-multisite.berta-bewegt.ch\/?page_id=4212"},"modified":"2026-02-25T08:25:52","modified_gmt":"2026-02-25T07:25:52","slug":"recherche-clinique","status":"publish","type":"page","link":"https:\/\/www.interpharma.ch\/fr\/themen\/a-la-pointe-de-la-recherche-et-developpement\/recherche-clinique\/","title":{"rendered":"Recherche clinique"},"content":{"rendered":"\n<p>Le progr\u00e8s m\u00e9dical a non\nseulement am\u00e9lior\u00e9 la qualit\u00e9 de vie des patient-e-s, mais il a aussi contribu\u00e9\n\u00e0 am\u00e9liorer consid\u00e9rablement les chances de gu\u00e9rison et de survie. Cependant, la\nrecherche est toujours aussi utile car nous ne comprenons encore que tr\u00e8s\nrudimentairement bon nombre de maladies, y compris fr\u00e9quentes.<\/p>\n\n\n\n<p>On entend par recherche clinique\nau sens large la recherche m\u00e9thodologique visant \u00e0 obtenir des connaissances\ng\u00e9n\u00e9ralisables. Au sens plus strict, ce terme recouvre le plus souvent la recherche\nportant directement sur les patients et r\u00e9alis\u00e9e avec eux ou avec des\nvolontaires. En font partie principalement les essais (ou \u00e9tudes) cliniques aux\ndiff\u00e9rentes phases ainsi que les \u00e9tudes \u00e9pid\u00e9miologiques et les \u00e9tudes\ncas-t\u00e9moins ainsi qu\u2019une bonne partie de la recherche sur les services de\nsant\u00e9. Bien souvent, la recherche clinique consiste en des essais cliniques de\nm\u00e9dicaments.<\/p>\n\n\n\n<h2 class=\"wp-block-heading\">Pr\u00e9misses de la recherche\nclinique<\/h2>\n\n\n\n<p>Aujourd\u2019hui, la recherche\nclinique sur des traitements a lieu le plus souvent dans plusieurs pays\nsimultan\u00e9ment. Cela permet d\u2019une part de r\u00e9duire l\u2019influence de facteurs locaux\nsur le r\u00e9sultat de l\u2019\u00e9tude. D\u2019autre part, pour un essai clinique, on a besoin\nd\u2019un nombre suffisant de participant-e-s. Il n\u2019est g\u00e9n\u00e9ralement pas possible de\ntrouver assez de patient-e-s dans un seul pays, en particulier pour les\nmaladies relativement rares. De plus, les essais cliniques sont de plus en plus\nvastes. Ne serait-ce que la phase clinique III, c\u2019est-\u00e0-dire le contr\u00f4le sur un\ngrand nombre de patient-e-s dans des conditions proches de la pratique, dure\nactuellement deux ans en moyenne, voire plus pour des essais de grande\ndimension. Le recrutement des participant-e-s dure \u00e0 lui seul souvent plus d\u2019un\nan.<\/p>\n\n\n\n<p>Un d\u00e9fi de taille pour la\nrecherche clinique se pose en raison des diff\u00e9rences de r\u00e9glementation entre\nles diff\u00e9rents sites d\u2019\u00e9tude. Pour les entreprises multinationales r\u00e9alisant\ndes essais cliniques sur plusieurs sites en m\u00eame temps, les prescriptions\nnationales et locales s\u2019appliquent. Bien souvent, l\u2019industrie pharmaceutique\nengage en outre des instituts de recherche externes, appel\u00e9s Contract Research\nOrganizations (CRO), qui aident \u00e0 planifier et r\u00e9aliser les essais cliniques.\nPour la recherche clinique, on recrute les participant-e-s le plus souvent dans\nles h\u00f4pitaux, de sorte qu\u2019une coop\u00e9ration \u00e9troite est entretenue avec les\nexperts cliniques.<\/p>\n","protected":false},"excerpt":{"rendered":"<p>Le progr\u00e8s m\u00e9dical a non seulement am\u00e9lior\u00e9 la qualit\u00e9 de vie des patient-e-s, mais il a aussi contribu\u00e9 \u00e0 am\u00e9liorer consid\u00e9rablement les chances de gu\u00e9rison et de survie. Cependant, la recherche est toujours aussi utile car nous ne comprenons encore que tr\u00e8s rudimentairement bon nombre de maladies, y compris fr\u00e9quentes. On entend par recherche clinique [&hellip;]<\/p>\n","protected":false},"author":1,"featured_media":14775,"parent":4300,"menu_order":1,"comment_status":"closed","ping_status":"closed","template":"page-templates\/unterthema.php","meta":{"_acf_changed":false,"inline_featured_image":false,"footnotes":""},"class_list":["post-4212","page","type-page","status-publish","has-post-thumbnail","hentry"],"acf":[],"yoast_head":"<!-- This site is optimized with the Yoast SEO Premium plugin v27.2 (Yoast SEO v27.2) - https:\/\/yoast.com\/product\/yoast-seo-premium-wordpress\/ -->\n<title>Recherche clinique - Interpharma<\/title>\n<meta name=\"robots\" content=\"index, follow, max-snippet:-1, max-image-preview:large, max-video-preview:-1\" \/>\n<link rel=\"canonical\" href=\"https:\/\/www.interpharma.ch\/fr\/themen\/a-la-pointe-de-la-recherche-et-developpement\/recherche-clinique\/\" \/>\n<meta property=\"og:locale\" content=\"fr_FR\" \/>\n<meta property=\"og:type\" content=\"article\" \/>\n<meta property=\"og:title\" content=\"Recherche clinique\" \/>\n<meta property=\"og:description\" content=\"Le progr\u00e8s m\u00e9dical a non seulement am\u00e9lior\u00e9 la qualit\u00e9 de vie des patient-e-s, mais il a aussi contribu\u00e9 \u00e0 am\u00e9liorer consid\u00e9rablement les chances de gu\u00e9rison et de survie. Cependant, la recherche est toujours aussi utile car nous ne comprenons encore que tr\u00e8s rudimentairement bon nombre de maladies, y compris fr\u00e9quentes. On entend par recherche clinique [&hellip;]\" \/>\n<meta property=\"og:url\" content=\"https:\/\/www.interpharma.ch\/fr\/themen\/a-la-pointe-de-la-recherche-et-developpement\/recherche-clinique\/\" \/>\n<meta property=\"og:site_name\" content=\"Interpharma\" \/>\n<meta property=\"og:image\" content=\"https:\/\/www.interpharma.ch\/wp-content\/uploads\/2026\/03\/Interpharma_fuehrendinforschungundentwicklung_klinischeforschung.jpg\" \/>\n\t<meta property=\"og:image:width\" content=\"960\" \/>\n\t<meta property=\"og:image:height\" content=\"721\" \/>\n\t<meta property=\"og:image:type\" content=\"image\/jpeg\" \/>\n<meta name=\"twitter:card\" content=\"summary_large_image\" \/>\n<meta name=\"twitter:site\" content=\"@interpharma_ch\" \/>\n<meta name=\"twitter:label1\" content=\"Dur\u00e9e de lecture estim\u00e9e\" \/>\n\t<meta name=\"twitter:data1\" content=\"2 minutes\" \/>\n<script type=\"application\/ld+json\" class=\"yoast-schema-graph\">{\"@context\":\"https:\/\/schema.org\",\"@graph\":[{\"@type\":\"WebPage\",\"@id\":\"https:\/\/www.interpharma.ch\/fr\/themen\/a-la-pointe-de-la-recherche-et-developpement\/recherche-clinique\/\",\"url\":\"https:\/\/www.interpharma.ch\/fr\/themen\/a-la-pointe-de-la-recherche-et-developpement\/recherche-clinique\/\",\"name\":\"Recherche clinique - Interpharma\",\"isPartOf\":{\"@id\":\"https:\/\/www.interpharma.ch\/#website\"},\"primaryImageOfPage\":{\"@id\":\"https:\/\/www.interpharma.ch\/fr\/themen\/a-la-pointe-de-la-recherche-et-developpement\/recherche-clinique\/#primaryimage\"},\"image\":{\"@id\":\"https:\/\/www.interpharma.ch\/fr\/themen\/a-la-pointe-de-la-recherche-et-developpement\/recherche-clinique\/#primaryimage\"},\"thumbnailUrl\":\"https:\/\/www.interpharma.ch\/wp-content\/uploads\/2026\/03\/Interpharma_fuehrendinforschungundentwicklung_klinischeforschung.jpg\",\"datePublished\":\"2026-02-25T07:25:52+00:00\",\"breadcrumb\":{\"@id\":\"https:\/\/www.interpharma.ch\/fr\/themen\/a-la-pointe-de-la-recherche-et-developpement\/recherche-clinique\/#breadcrumb\"},\"inLanguage\":\"fr-FR\",\"potentialAction\":[{\"@type\":\"ReadAction\",\"target\":[\"https:\/\/www.interpharma.ch\/fr\/themen\/a-la-pointe-de-la-recherche-et-developpement\/recherche-clinique\/\"]}]},{\"@type\":\"ImageObject\",\"inLanguage\":\"fr-FR\",\"@id\":\"https:\/\/www.interpharma.ch\/fr\/themen\/a-la-pointe-de-la-recherche-et-developpement\/recherche-clinique\/#primaryimage\",\"url\":\"https:\/\/www.interpharma.ch\/wp-content\/uploads\/2026\/03\/Interpharma_fuehrendinforschungundentwicklung_klinischeforschung.jpg\",\"contentUrl\":\"https:\/\/www.interpharma.ch\/wp-content\/uploads\/2026\/03\/Interpharma_fuehrendinforschungundentwicklung_klinischeforschung.jpg\",\"width\":960,\"height\":721},{\"@type\":\"BreadcrumbList\",\"@id\":\"https:\/\/www.interpharma.ch\/fr\/themen\/a-la-pointe-de-la-recherche-et-developpement\/recherche-clinique\/#breadcrumb\",\"itemListElement\":[{\"@type\":\"ListItem\",\"position\":1,\"name\":\"Startseite\",\"item\":\"https:\/\/www.interpharma.ch\/fr\/\"},{\"@type\":\"ListItem\",\"position\":2,\"name\":\"Nos th\u00e8mes\",\"item\":\"https:\/\/www.interpharma.ch\/fr\/themen\/\"},{\"@type\":\"ListItem\",\"position\":3,\"name\":\"\u00c0 la pointe de la recherche et d\u00e9veloppement\",\"item\":\"https:\/\/www.interpharma.ch\/fr\/themen\/a-la-pointe-de-la-recherche-et-developpement\/\"},{\"@type\":\"ListItem\",\"position\":4,\"name\":\"Recherche clinique\"}]},{\"@type\":\"WebSite\",\"@id\":\"https:\/\/www.interpharma.ch\/#website\",\"url\":\"https:\/\/www.interpharma.ch\/\",\"name\":\"Interpharma\",\"description\":\"Verband der forschenden Pharmazeutischen Firmen\",\"publisher\":{\"@id\":\"https:\/\/www.interpharma.ch\/#organization\"},\"potentialAction\":[{\"@type\":\"SearchAction\",\"target\":{\"@type\":\"EntryPoint\",\"urlTemplate\":\"https:\/\/www.interpharma.ch\/?s={search_term_string}\"},\"query-input\":{\"@type\":\"PropertyValueSpecification\",\"valueRequired\":true,\"valueName\":\"search_term_string\"}}],\"inLanguage\":\"fr-FR\"},{\"@type\":\"Organization\",\"@id\":\"https:\/\/www.interpharma.ch\/#organization\",\"name\":\"Interpharma\",\"url\":\"https:\/\/www.interpharma.ch\/\",\"logo\":{\"@type\":\"ImageObject\",\"inLanguage\":\"fr-FR\",\"@id\":\"https:\/\/www.interpharma.ch\/#\/schema\/logo\/image\/\",\"url\":\"https:\/\/interpharma.ch\/wp-content\/uploads\/2026\/03\/20251014_iph_logo_wort_bildmarke_rgb_final_cu01.svg\",\"contentUrl\":\"https:\/\/interpharma.ch\/wp-content\/uploads\/2026\/03\/20251014_iph_logo_wort_bildmarke_rgb_final_cu01.svg\",\"width\":\"1200\",\"height\":\"1200\",\"caption\":\"Interpharma\"},\"image\":{\"@id\":\"https:\/\/www.interpharma.ch\/#\/schema\/logo\/image\/\"},\"sameAs\":[\"https:\/\/x.com\/interpharma_ch\",\"https:\/\/ch.linkedin.com\/company\/interpharma\",\"https:\/\/www.instagram.com\/interpharma_ch\/\"]}]}<\/script>\n<!-- \/ Yoast SEO Premium plugin. -->","yoast_head_json":{"title":"Recherche clinique - Interpharma","robots":{"index":"index","follow":"follow","max-snippet":"max-snippet:-1","max-image-preview":"max-image-preview:large","max-video-preview":"max-video-preview:-1"},"canonical":"https:\/\/www.interpharma.ch\/fr\/themen\/a-la-pointe-de-la-recherche-et-developpement\/recherche-clinique\/","og_locale":"fr_FR","og_type":"article","og_title":"Recherche clinique","og_description":"Le progr\u00e8s m\u00e9dical a non seulement am\u00e9lior\u00e9 la qualit\u00e9 de vie des patient-e-s, mais il a aussi contribu\u00e9 \u00e0 am\u00e9liorer consid\u00e9rablement les chances de gu\u00e9rison et de survie. Cependant, la recherche est toujours aussi utile car nous ne comprenons encore que tr\u00e8s rudimentairement bon nombre de maladies, y compris fr\u00e9quentes. On entend par recherche clinique [&hellip;]","og_url":"https:\/\/www.interpharma.ch\/fr\/themen\/a-la-pointe-de-la-recherche-et-developpement\/recherche-clinique\/","og_site_name":"Interpharma","og_image":[{"width":960,"height":721,"url":"https:\/\/www.interpharma.ch\/wp-content\/uploads\/2026\/03\/Interpharma_fuehrendinforschungundentwicklung_klinischeforschung.jpg","type":"image\/jpeg"}],"twitter_card":"summary_large_image","twitter_site":"@interpharma_ch","twitter_misc":{"Dur\u00e9e de lecture estim\u00e9e":"2 minutes"},"schema":{"@context":"https:\/\/schema.org","@graph":[{"@type":"WebPage","@id":"https:\/\/www.interpharma.ch\/fr\/themen\/a-la-pointe-de-la-recherche-et-developpement\/recherche-clinique\/","url":"https:\/\/www.interpharma.ch\/fr\/themen\/a-la-pointe-de-la-recherche-et-developpement\/recherche-clinique\/","name":"Recherche clinique - Interpharma","isPartOf":{"@id":"https:\/\/www.interpharma.ch\/#website"},"primaryImageOfPage":{"@id":"https:\/\/www.interpharma.ch\/fr\/themen\/a-la-pointe-de-la-recherche-et-developpement\/recherche-clinique\/#primaryimage"},"image":{"@id":"https:\/\/www.interpharma.ch\/fr\/themen\/a-la-pointe-de-la-recherche-et-developpement\/recherche-clinique\/#primaryimage"},"thumbnailUrl":"https:\/\/www.interpharma.ch\/wp-content\/uploads\/2026\/03\/Interpharma_fuehrendinforschungundentwicklung_klinischeforschung.jpg","datePublished":"2026-02-25T07:25:52+00:00","breadcrumb":{"@id":"https:\/\/www.interpharma.ch\/fr\/themen\/a-la-pointe-de-la-recherche-et-developpement\/recherche-clinique\/#breadcrumb"},"inLanguage":"fr-FR","potentialAction":[{"@type":"ReadAction","target":["https:\/\/www.interpharma.ch\/fr\/themen\/a-la-pointe-de-la-recherche-et-developpement\/recherche-clinique\/"]}]},{"@type":"ImageObject","inLanguage":"fr-FR","@id":"https:\/\/www.interpharma.ch\/fr\/themen\/a-la-pointe-de-la-recherche-et-developpement\/recherche-clinique\/#primaryimage","url":"https:\/\/www.interpharma.ch\/wp-content\/uploads\/2026\/03\/Interpharma_fuehrendinforschungundentwicklung_klinischeforschung.jpg","contentUrl":"https:\/\/www.interpharma.ch\/wp-content\/uploads\/2026\/03\/Interpharma_fuehrendinforschungundentwicklung_klinischeforschung.jpg","width":960,"height":721},{"@type":"BreadcrumbList","@id":"https:\/\/www.interpharma.ch\/fr\/themen\/a-la-pointe-de-la-recherche-et-developpement\/recherche-clinique\/#breadcrumb","itemListElement":[{"@type":"ListItem","position":1,"name":"Startseite","item":"https:\/\/www.interpharma.ch\/fr\/"},{"@type":"ListItem","position":2,"name":"Nos th\u00e8mes","item":"https:\/\/www.interpharma.ch\/fr\/themen\/"},{"@type":"ListItem","position":3,"name":"\u00c0 la pointe de la recherche et d\u00e9veloppement","item":"https:\/\/www.interpharma.ch\/fr\/themen\/a-la-pointe-de-la-recherche-et-developpement\/"},{"@type":"ListItem","position":4,"name":"Recherche clinique"}]},{"@type":"WebSite","@id":"https:\/\/www.interpharma.ch\/#website","url":"https:\/\/www.interpharma.ch\/","name":"Interpharma","description":"Verband der forschenden Pharmazeutischen Firmen","publisher":{"@id":"https:\/\/www.interpharma.ch\/#organization"},"potentialAction":[{"@type":"SearchAction","target":{"@type":"EntryPoint","urlTemplate":"https:\/\/www.interpharma.ch\/?s={search_term_string}"},"query-input":{"@type":"PropertyValueSpecification","valueRequired":true,"valueName":"search_term_string"}}],"inLanguage":"fr-FR"},{"@type":"Organization","@id":"https:\/\/www.interpharma.ch\/#organization","name":"Interpharma","url":"https:\/\/www.interpharma.ch\/","logo":{"@type":"ImageObject","inLanguage":"fr-FR","@id":"https:\/\/www.interpharma.ch\/#\/schema\/logo\/image\/","url":"https:\/\/interpharma.ch\/wp-content\/uploads\/2026\/03\/20251014_iph_logo_wort_bildmarke_rgb_final_cu01.svg","contentUrl":"https:\/\/interpharma.ch\/wp-content\/uploads\/2026\/03\/20251014_iph_logo_wort_bildmarke_rgb_final_cu01.svg","width":"1200","height":"1200","caption":"Interpharma"},"image":{"@id":"https:\/\/www.interpharma.ch\/#\/schema\/logo\/image\/"},"sameAs":["https:\/\/x.com\/interpharma_ch","https:\/\/ch.linkedin.com\/company\/interpharma","https:\/\/www.instagram.com\/interpharma_ch\/"]}]}},"_links":{"self":[{"href":"https:\/\/www.interpharma.ch\/fr\/wp-json\/wp\/v2\/pages\/4212","targetHints":{"allow":["GET"]}}],"collection":[{"href":"https:\/\/www.interpharma.ch\/fr\/wp-json\/wp\/v2\/pages"}],"about":[{"href":"https:\/\/www.interpharma.ch\/fr\/wp-json\/wp\/v2\/types\/page"}],"author":[{"embeddable":true,"href":"https:\/\/www.interpharma.ch\/fr\/wp-json\/wp\/v2\/users\/1"}],"replies":[{"embeddable":true,"href":"https:\/\/www.interpharma.ch\/fr\/wp-json\/wp\/v2\/comments?post=4212"}],"version-history":[{"count":1,"href":"https:\/\/www.interpharma.ch\/fr\/wp-json\/wp\/v2\/pages\/4212\/revisions"}],"predecessor-version":[{"id":4213,"href":"https:\/\/www.interpharma.ch\/fr\/wp-json\/wp\/v2\/pages\/4212\/revisions\/4213"}],"up":[{"embeddable":true,"href":"https:\/\/www.interpharma.ch\/fr\/wp-json\/wp\/v2\/pages\/4300"}],"wp:featuredmedia":[{"embeddable":true,"href":"https:\/\/www.interpharma.ch\/fr\/wp-json\/wp\/v2\/media\/14775"}],"wp:attachment":[{"href":"https:\/\/www.interpharma.ch\/fr\/wp-json\/wp\/v2\/media?parent=4212"}],"curies":[{"name":"wp","href":"https:\/\/api.w.org\/{rel}","templated":true}]}}