{"id":4188,"date":"2026-02-25T08:25:51","date_gmt":"2026-02-25T07:25:51","guid":{"rendered":"https:\/\/iph-multisite.berta-bewegt.ch\/?page_id=4188"},"modified":"2026-02-25T08:25:51","modified_gmt":"2026-02-25T07:25:51","slug":"place-pharmaceutique-suisse","status":"publish","type":"page","link":"https:\/\/www.interpharma.ch\/fr\/themen\/un-cadre-solide-en-matiere-de-politique-economique\/place-pharmaceutique-suisse\/","title":{"rendered":"Place pharmaceutique suisse"},"content":{"rendered":"\n<h2 class=\"wp-block-heading\" id=\"h-l-industrie-pharmaceutique-est-la-locomotive-de-l-economie-suisse\"><strong>L\u2019industrie pharmaceutique est la locomotive de l\u2019\u00e9conomie suisse.<\/strong><\/h2>\n\n\n\n<p>Avec des exportations d\u2019une valeur de 105.5\u00a0milliards de francs et une part de 40.5% de l\u2019ensemble des exportations, l\u2019industrie pharmaceutique est la principale branche exportatrice de Suisse. Affichant une part directe du produit int\u00e9rieur brut (PIB) de l\u2019ordre de 5.8%, elle est l\u2019une des principales branches priv\u00e9es de l\u2019\u00e9conomie suisse et apporte une contribution sup\u00e9rieure \u00e0 la moyenne \u00e0 la prosp\u00e9rit\u00e9 du pays. Quelque 50\u00a0600 personnes travaillent dans l\u2019industrie pharmaceutique en Suisse. Pour ses activit\u00e9s, elle ach\u00e8te des prestations interm\u00e9diaires, par exemple machines, substances chimiques, personnel de nettoyage ou de s\u00e9curit\u00e9, assurances, \u00e9nergie, de sorte qu\u2019elle assure environ 250\u00a0200 emplois suppl\u00e9mentaires dans d\u2019autres branches.<\/p>\n\n\n\n<p>Pour une place pharmaceutique performante et comp\u00e9titive \u00e0 l\u2019\u00e9chelle internationale, le maintien de conditions cadres optimales demeure essentiel. Mais l\u2019attractivit\u00e9 du site est sous pression de toutes parts: l\u2019ins\u00e9curit\u00e9 g\u00e9opolitique croissante, des incertitudes au niveau des accords bilat\u00e9raux avec l\u2019UE, ainsi que la hausse des co\u00fbts li\u00e9s aux contraintes bureaucratiques et administratives mettent en p\u00e9ril la comp\u00e9titivit\u00e9 de notre pays.<\/p>\n\n\n\n<h2 class=\"wp-block-heading\" id=\"h-renforcer-la-stabilite-politique-et-la-securite-juridique\"><strong>Renforcer la stabilit\u00e9 politique et la s\u00e9curit\u00e9 juridique<\/strong><\/h2>\n\n\n\n<p>Traditionnellement, la stabilit\u00e9 politique et la s\u00e9curit\u00e9 juridique sont deux grands points forts de la place suisse. En particulier les branches innovantes, avec un horizon d\u2019investissements \u00e0 long terme, ont besoin de pr\u00e9visibilit\u00e9 et de s\u00e9curit\u00e9 juridique. Lorsque les entreprises veulent s\u2019implanter ou investir, la stabilit\u00e9 politique est un facteur important pour le choix du site. Une \u00e9rosion de la stabilit\u00e9 peut toutefois \u00eatre observ\u00e9e ces derni\u00e8res ann\u00e9es, ce qui se refl\u00e8te \u00e9galement dans l\u2019\u00e9volution des indices internationaux correspondants. Il convient d\u2019entretenir un dialogue transparent avec la soci\u00e9t\u00e9 et la politique quant \u00e0 l\u2019importance de l\u2019industrie pharmaceutique pour la Suisse et aux conditions cadres n\u00e9cessaires pour forger et b\u00e2tir l\u2019avenir.<\/p>\n\n\n\n<h2 class=\"wp-block-heading\" id=\"h-sauvegarder-l-acces-aux-marches-d-exportation-et-d-importation\"><strong>Sauvegarder l\u2019acc\u00e8s aux march\u00e9s d\u2019exportation et d\u2019importation<\/strong><\/h2>\n\n\n\n<p>Un pays comme la Suisse, connect\u00e9 \u00e0 l\u2019\u00e9chelon international et orient\u00e9 vers l\u2019exportation, est tributaire de relations commerciales stables et de march\u00e9s ouverts. En 2024, environ 46% des exportations pharmaceutiques suisses sont all\u00e9es vers l\u2019Union europ\u00e9enne. L\u2019UE est ainsi le principal march\u00e9 pour les produits pharmaceutiques. Les \u00c9tats-Unis sont le principal pays acheteur: 28%. La part des exportations vers les \u00c9tats-Unis (de 12.8% autrefois) a plus que doubl\u00e9 au cours des quelque 20 derni\u00e8res ann\u00e9es.<\/p>\n\n\n\n<h2 class=\"wp-block-heading\" id=\"h-offrir-un-contexte-attrayant-pour-les-investissements\"><strong>Offrir un contexte attrayant pour les investissements<\/strong><\/h2>\n\n\n\n<p>L\u2019environnement fiscal de la Suisse reste comp\u00e9titif, mais la concurrence fiscale internationale est toujours une r\u00e9alit\u00e9. La politique int\u00e9rieure de la Suisse doit rester flexible et pragmatique et s\u2019adapter aussi bien que possible aux nouvelles r\u00e8gles de concurrence entre les places \u00e9conomiques.<\/p>\n\n\n\n<p>Depuis 2017, les investissements directs en provenance de l\u2019\u00e9tranger diminuent en Suisse. En revanche, depuis, des fonds quittent le pays en grande quantit\u00e9. Ces fuites de capitaux mettent en danger les emplois, la force d\u2019innovation, les recettes fiscales et la comp\u00e9titivit\u00e9 internationale de la place suisse. Les investissements dans les start-up sont aussi en recul. Tandis qu\u2019en 2017, pr\u00e8s de la moiti\u00e9 des investissements sont all\u00e9s \u00e0 des start-up dans le domaine de la biotechnologie, celles-ci ne repr\u00e9sentaient plus que 31% en 2024. Ceci est un signe d\u2019attrait d\u00e9croissant de ce domaine.<\/p>\n","protected":false},"excerpt":{"rendered":"<p>L\u2019industrie pharmaceutique est la locomotive de l\u2019\u00e9conomie suisse. Avec des exportations d\u2019une valeur de 105.5\u00a0milliards de francs et une part de 40.5% de l\u2019ensemble des exportations, l\u2019industrie pharmaceutique est la principale branche exportatrice de Suisse. Affichant une part directe du produit int\u00e9rieur brut (PIB) de l\u2019ordre de 5.8%, elle est l\u2019une des principales branches priv\u00e9es [&hellip;]<\/p>\n","protected":false},"author":1,"featured_media":14789,"parent":4292,"menu_order":0,"comment_status":"closed","ping_status":"closed","template":"page-templates\/unterthema.php","meta":{"_acf_changed":false,"inline_featured_image":false,"footnotes":""},"class_list":["post-4188","page","type-page","status-publish","has-post-thumbnail","hentry"],"acf":[],"yoast_head":"<!-- This site is optimized with the Yoast SEO Premium plugin v27.2 (Yoast SEO v27.2) - https:\/\/yoast.com\/product\/yoast-seo-premium-wordpress\/ -->\n<title>Place pharmaceutique suisse - Interpharma<\/title>\n<meta name=\"robots\" content=\"index, follow, max-snippet:-1, max-image-preview:large, max-video-preview:-1\" \/>\n<link rel=\"canonical\" href=\"https:\/\/www.interpharma.ch\/fr\/themen\/un-cadre-solide-en-matiere-de-politique-economique\/place-pharmaceutique-suisse\/\" \/>\n<meta property=\"og:locale\" content=\"fr_FR\" \/>\n<meta property=\"og:type\" content=\"article\" \/>\n<meta property=\"og:title\" content=\"Place pharmaceutique suisse\" \/>\n<meta property=\"og:description\" content=\"L\u2019industrie pharmaceutique est la locomotive de l\u2019\u00e9conomie suisse. Avec des exportations d\u2019une valeur de 105.5\u00a0milliards de francs et une part de 40.5% de l\u2019ensemble des exportations, l\u2019industrie pharmaceutique est la principale branche exportatrice de Suisse. Affichant une part directe du produit int\u00e9rieur brut (PIB) de l\u2019ordre de 5.8%, elle est l\u2019une des principales branches priv\u00e9es [&hellip;]\" \/>\n<meta property=\"og:url\" content=\"https:\/\/www.interpharma.ch\/fr\/themen\/un-cadre-solide-en-matiere-de-politique-economique\/place-pharmaceutique-suisse\/\" \/>\n<meta property=\"og:site_name\" content=\"Interpharma\" \/>\n<meta property=\"og:image\" content=\"https:\/\/www.interpharma.ch\/wp-content\/uploads\/2026\/03\/Interpharma_starkewirtschaftlicheRahmenbedingungen_pharmastandortschweiz.jpg\" \/>\n\t<meta property=\"og:image:width\" content=\"960\" \/>\n\t<meta property=\"og:image:height\" content=\"721\" \/>\n\t<meta property=\"og:image:type\" content=\"image\/jpeg\" \/>\n<meta name=\"twitter:card\" content=\"summary_large_image\" \/>\n<meta name=\"twitter:site\" content=\"@interpharma_ch\" \/>\n<meta name=\"twitter:label1\" content=\"Dur\u00e9e de lecture estim\u00e9e\" \/>\n\t<meta name=\"twitter:data1\" content=\"3 minutes\" \/>\n<script type=\"application\/ld+json\" class=\"yoast-schema-graph\">{\"@context\":\"https:\/\/schema.org\",\"@graph\":[{\"@type\":\"WebPage\",\"@id\":\"https:\/\/www.interpharma.ch\/fr\/themen\/un-cadre-solide-en-matiere-de-politique-economique\/place-pharmaceutique-suisse\/\",\"url\":\"https:\/\/www.interpharma.ch\/fr\/themen\/un-cadre-solide-en-matiere-de-politique-economique\/place-pharmaceutique-suisse\/\",\"name\":\"Place pharmaceutique suisse - Interpharma\",\"isPartOf\":{\"@id\":\"https:\/\/www.interpharma.ch\/#website\"},\"primaryImageOfPage\":{\"@id\":\"https:\/\/www.interpharma.ch\/fr\/themen\/un-cadre-solide-en-matiere-de-politique-economique\/place-pharmaceutique-suisse\/#primaryimage\"},\"image\":{\"@id\":\"https:\/\/www.interpharma.ch\/fr\/themen\/un-cadre-solide-en-matiere-de-politique-economique\/place-pharmaceutique-suisse\/#primaryimage\"},\"thumbnailUrl\":\"https:\/\/www.interpharma.ch\/wp-content\/uploads\/2026\/03\/Interpharma_starkewirtschaftlicheRahmenbedingungen_pharmastandortschweiz.jpg\",\"datePublished\":\"2026-02-25T07:25:51+00:00\",\"breadcrumb\":{\"@id\":\"https:\/\/www.interpharma.ch\/fr\/themen\/un-cadre-solide-en-matiere-de-politique-economique\/place-pharmaceutique-suisse\/#breadcrumb\"},\"inLanguage\":\"fr-FR\",\"potentialAction\":[{\"@type\":\"ReadAction\",\"target\":[\"https:\/\/www.interpharma.ch\/fr\/themen\/un-cadre-solide-en-matiere-de-politique-economique\/place-pharmaceutique-suisse\/\"]}]},{\"@type\":\"ImageObject\",\"inLanguage\":\"fr-FR\",\"@id\":\"https:\/\/www.interpharma.ch\/fr\/themen\/un-cadre-solide-en-matiere-de-politique-economique\/place-pharmaceutique-suisse\/#primaryimage\",\"url\":\"https:\/\/www.interpharma.ch\/wp-content\/uploads\/2026\/03\/Interpharma_starkewirtschaftlicheRahmenbedingungen_pharmastandortschweiz.jpg\",\"contentUrl\":\"https:\/\/www.interpharma.ch\/wp-content\/uploads\/2026\/03\/Interpharma_starkewirtschaftlicheRahmenbedingungen_pharmastandortschweiz.jpg\",\"width\":960,\"height\":721},{\"@type\":\"BreadcrumbList\",\"@id\":\"https:\/\/www.interpharma.ch\/fr\/themen\/un-cadre-solide-en-matiere-de-politique-economique\/place-pharmaceutique-suisse\/#breadcrumb\",\"itemListElement\":[{\"@type\":\"ListItem\",\"position\":1,\"name\":\"Startseite\",\"item\":\"https:\/\/www.interpharma.ch\/fr\/\"},{\"@type\":\"ListItem\",\"position\":2,\"name\":\"Nos th\u00e8mes\",\"item\":\"https:\/\/www.interpharma.ch\/fr\/themen\/\"},{\"@type\":\"ListItem\",\"position\":3,\"name\":\"Un cadre solide en mati\u00e8re de politique \u00e9conomique\",\"item\":\"https:\/\/www.interpharma.ch\/fr\/themen\/un-cadre-solide-en-matiere-de-politique-economique\/\"},{\"@type\":\"ListItem\",\"position\":4,\"name\":\"Place pharmaceutique suisse\"}]},{\"@type\":\"WebSite\",\"@id\":\"https:\/\/www.interpharma.ch\/#website\",\"url\":\"https:\/\/www.interpharma.ch\/\",\"name\":\"Interpharma\",\"description\":\"Verband der forschenden Pharmazeutischen Firmen\",\"publisher\":{\"@id\":\"https:\/\/www.interpharma.ch\/#organization\"},\"potentialAction\":[{\"@type\":\"SearchAction\",\"target\":{\"@type\":\"EntryPoint\",\"urlTemplate\":\"https:\/\/www.interpharma.ch\/?s={search_term_string}\"},\"query-input\":{\"@type\":\"PropertyValueSpecification\",\"valueRequired\":true,\"valueName\":\"search_term_string\"}}],\"inLanguage\":\"fr-FR\"},{\"@type\":\"Organization\",\"@id\":\"https:\/\/www.interpharma.ch\/#organization\",\"name\":\"Interpharma\",\"url\":\"https:\/\/www.interpharma.ch\/\",\"logo\":{\"@type\":\"ImageObject\",\"inLanguage\":\"fr-FR\",\"@id\":\"https:\/\/www.interpharma.ch\/#\/schema\/logo\/image\/\",\"url\":\"https:\/\/interpharma.ch\/wp-content\/uploads\/2026\/03\/20251014_iph_logo_wort_bildmarke_rgb_final_cu01.svg\",\"contentUrl\":\"https:\/\/interpharma.ch\/wp-content\/uploads\/2026\/03\/20251014_iph_logo_wort_bildmarke_rgb_final_cu01.svg\",\"width\":\"1200\",\"height\":\"1200\",\"caption\":\"Interpharma\"},\"image\":{\"@id\":\"https:\/\/www.interpharma.ch\/#\/schema\/logo\/image\/\"},\"sameAs\":[\"https:\/\/x.com\/interpharma_ch\",\"https:\/\/ch.linkedin.com\/company\/interpharma\",\"https:\/\/www.instagram.com\/interpharma_ch\/\"]}]}<\/script>\n<!-- \/ Yoast SEO Premium plugin. -->","yoast_head_json":{"title":"Place pharmaceutique suisse - Interpharma","robots":{"index":"index","follow":"follow","max-snippet":"max-snippet:-1","max-image-preview":"max-image-preview:large","max-video-preview":"max-video-preview:-1"},"canonical":"https:\/\/www.interpharma.ch\/fr\/themen\/un-cadre-solide-en-matiere-de-politique-economique\/place-pharmaceutique-suisse\/","og_locale":"fr_FR","og_type":"article","og_title":"Place pharmaceutique suisse","og_description":"L\u2019industrie pharmaceutique est la locomotive de l\u2019\u00e9conomie suisse. Avec des exportations d\u2019une valeur de 105.5\u00a0milliards de francs et une part de 40.5% de l\u2019ensemble des exportations, l\u2019industrie pharmaceutique est la principale branche exportatrice de Suisse. Affichant une part directe du produit int\u00e9rieur brut (PIB) de l\u2019ordre de 5.8%, elle est l\u2019une des principales branches priv\u00e9es [&hellip;]","og_url":"https:\/\/www.interpharma.ch\/fr\/themen\/un-cadre-solide-en-matiere-de-politique-economique\/place-pharmaceutique-suisse\/","og_site_name":"Interpharma","og_image":[{"width":960,"height":721,"url":"https:\/\/www.interpharma.ch\/wp-content\/uploads\/2026\/03\/Interpharma_starkewirtschaftlicheRahmenbedingungen_pharmastandortschweiz.jpg","type":"image\/jpeg"}],"twitter_card":"summary_large_image","twitter_site":"@interpharma_ch","twitter_misc":{"Dur\u00e9e de lecture estim\u00e9e":"3 minutes"},"schema":{"@context":"https:\/\/schema.org","@graph":[{"@type":"WebPage","@id":"https:\/\/www.interpharma.ch\/fr\/themen\/un-cadre-solide-en-matiere-de-politique-economique\/place-pharmaceutique-suisse\/","url":"https:\/\/www.interpharma.ch\/fr\/themen\/un-cadre-solide-en-matiere-de-politique-economique\/place-pharmaceutique-suisse\/","name":"Place pharmaceutique suisse - Interpharma","isPartOf":{"@id":"https:\/\/www.interpharma.ch\/#website"},"primaryImageOfPage":{"@id":"https:\/\/www.interpharma.ch\/fr\/themen\/un-cadre-solide-en-matiere-de-politique-economique\/place-pharmaceutique-suisse\/#primaryimage"},"image":{"@id":"https:\/\/www.interpharma.ch\/fr\/themen\/un-cadre-solide-en-matiere-de-politique-economique\/place-pharmaceutique-suisse\/#primaryimage"},"thumbnailUrl":"https:\/\/www.interpharma.ch\/wp-content\/uploads\/2026\/03\/Interpharma_starkewirtschaftlicheRahmenbedingungen_pharmastandortschweiz.jpg","datePublished":"2026-02-25T07:25:51+00:00","breadcrumb":{"@id":"https:\/\/www.interpharma.ch\/fr\/themen\/un-cadre-solide-en-matiere-de-politique-economique\/place-pharmaceutique-suisse\/#breadcrumb"},"inLanguage":"fr-FR","potentialAction":[{"@type":"ReadAction","target":["https:\/\/www.interpharma.ch\/fr\/themen\/un-cadre-solide-en-matiere-de-politique-economique\/place-pharmaceutique-suisse\/"]}]},{"@type":"ImageObject","inLanguage":"fr-FR","@id":"https:\/\/www.interpharma.ch\/fr\/themen\/un-cadre-solide-en-matiere-de-politique-economique\/place-pharmaceutique-suisse\/#primaryimage","url":"https:\/\/www.interpharma.ch\/wp-content\/uploads\/2026\/03\/Interpharma_starkewirtschaftlicheRahmenbedingungen_pharmastandortschweiz.jpg","contentUrl":"https:\/\/www.interpharma.ch\/wp-content\/uploads\/2026\/03\/Interpharma_starkewirtschaftlicheRahmenbedingungen_pharmastandortschweiz.jpg","width":960,"height":721},{"@type":"BreadcrumbList","@id":"https:\/\/www.interpharma.ch\/fr\/themen\/un-cadre-solide-en-matiere-de-politique-economique\/place-pharmaceutique-suisse\/#breadcrumb","itemListElement":[{"@type":"ListItem","position":1,"name":"Startseite","item":"https:\/\/www.interpharma.ch\/fr\/"},{"@type":"ListItem","position":2,"name":"Nos th\u00e8mes","item":"https:\/\/www.interpharma.ch\/fr\/themen\/"},{"@type":"ListItem","position":3,"name":"Un cadre solide en mati\u00e8re de politique \u00e9conomique","item":"https:\/\/www.interpharma.ch\/fr\/themen\/un-cadre-solide-en-matiere-de-politique-economique\/"},{"@type":"ListItem","position":4,"name":"Place pharmaceutique suisse"}]},{"@type":"WebSite","@id":"https:\/\/www.interpharma.ch\/#website","url":"https:\/\/www.interpharma.ch\/","name":"Interpharma","description":"Verband der forschenden Pharmazeutischen Firmen","publisher":{"@id":"https:\/\/www.interpharma.ch\/#organization"},"potentialAction":[{"@type":"SearchAction","target":{"@type":"EntryPoint","urlTemplate":"https:\/\/www.interpharma.ch\/?s={search_term_string}"},"query-input":{"@type":"PropertyValueSpecification","valueRequired":true,"valueName":"search_term_string"}}],"inLanguage":"fr-FR"},{"@type":"Organization","@id":"https:\/\/www.interpharma.ch\/#organization","name":"Interpharma","url":"https:\/\/www.interpharma.ch\/","logo":{"@type":"ImageObject","inLanguage":"fr-FR","@id":"https:\/\/www.interpharma.ch\/#\/schema\/logo\/image\/","url":"https:\/\/interpharma.ch\/wp-content\/uploads\/2026\/03\/20251014_iph_logo_wort_bildmarke_rgb_final_cu01.svg","contentUrl":"https:\/\/interpharma.ch\/wp-content\/uploads\/2026\/03\/20251014_iph_logo_wort_bildmarke_rgb_final_cu01.svg","width":"1200","height":"1200","caption":"Interpharma"},"image":{"@id":"https:\/\/www.interpharma.ch\/#\/schema\/logo\/image\/"},"sameAs":["https:\/\/x.com\/interpharma_ch","https:\/\/ch.linkedin.com\/company\/interpharma","https:\/\/www.instagram.com\/interpharma_ch\/"]}]}},"_links":{"self":[{"href":"https:\/\/www.interpharma.ch\/fr\/wp-json\/wp\/v2\/pages\/4188","targetHints":{"allow":["GET"]}}],"collection":[{"href":"https:\/\/www.interpharma.ch\/fr\/wp-json\/wp\/v2\/pages"}],"about":[{"href":"https:\/\/www.interpharma.ch\/fr\/wp-json\/wp\/v2\/types\/page"}],"author":[{"embeddable":true,"href":"https:\/\/www.interpharma.ch\/fr\/wp-json\/wp\/v2\/users\/1"}],"replies":[{"embeddable":true,"href":"https:\/\/www.interpharma.ch\/fr\/wp-json\/wp\/v2\/comments?post=4188"}],"version-history":[{"count":1,"href":"https:\/\/www.interpharma.ch\/fr\/wp-json\/wp\/v2\/pages\/4188\/revisions"}],"predecessor-version":[{"id":4189,"href":"https:\/\/www.interpharma.ch\/fr\/wp-json\/wp\/v2\/pages\/4188\/revisions\/4189"}],"up":[{"embeddable":true,"href":"https:\/\/www.interpharma.ch\/fr\/wp-json\/wp\/v2\/pages\/4292"}],"wp:featuredmedia":[{"embeddable":true,"href":"https:\/\/www.interpharma.ch\/fr\/wp-json\/wp\/v2\/media\/14789"}],"wp:attachment":[{"href":"https:\/\/www.interpharma.ch\/fr\/wp-json\/wp\/v2\/media?parent=4188"}],"curies":[{"name":"wp","href":"https:\/\/api.w.org\/{rel}","templated":true}]}}