{"id":4176,"date":"2026-02-25T08:25:50","date_gmt":"2026-02-25T07:25:50","guid":{"rendered":"https:\/\/iph-multisite.berta-bewegt.ch\/?page_id=4176"},"modified":"2026-02-25T08:25:50","modified_gmt":"2026-02-25T07:25:50","slug":"nouvelles-approches-de-recherche-et-de-traitement","status":"publish","type":"page","link":"https:\/\/www.interpharma.ch\/fr\/themen\/a-la-pointe-de-la-recherche-et-developpement\/nouvelles-approches-de-recherche-et-de-traitement\/","title":{"rendered":"Nouvelles approches de recherche et de traitement"},"content":{"rendered":"\n<p>Le progr\u00e8s m\u00e9dical extr\u00eamement\nrapide ces derni\u00e8res d\u00e9cennies a non seulement permis d\u2019accro\u00eetre les chances\nde survie et de gu\u00e9rison de nombreux patients, mais a aussi contribu\u00e9 \u00e0 une\nam\u00e9lioration consid\u00e9rable de la qualit\u00e9 de vie. On a cependant toujours autant\nbesoin de la recherche clinique et de nouvelles connaissances afin de continuer\n\u00e0 progresser. <\/p>\n\n\n\n<p>Nous ne comprenons encore que\ntr\u00e8s partiellement les causes de bon nombre de maladies, y compris fr\u00e9quentes.\nDans le cas de maladies neurologiques comme la d\u00e9mence qui, en raison du\nvieillissement de la population, vont prendre encore plus d\u2019ampleur \u00e0 l\u2019avenir,\nnous en sommes encore tout au d\u00e9but. Nous avons besoins de traitements plus\nefficaces, capables de stopper la maladie, voire d\u2019emp\u00eacher qu\u2019elle se d\u00e9clare.\nSi nous n\u2019y parvenons pas, notre syst\u00e8me de sant\u00e9 et notre soci\u00e9t\u00e9 devront\nfaire face \u00e0 un d\u00e9fi de taille.<\/p>\n\n\n\n<h2 class=\"wp-block-heading\">Le patient\nau centre des consid\u00e9rations<\/h2>\n\n\n\n<p>Pour qu\u2019un traitement fonctionne,\nil est crucial qu\u2019il soit ax\u00e9 sur les besoins personnels des patient-e-s. Des\n\u00e9l\u00e9ments importants sont ses ant\u00e9c\u00e9dents, les facteurs environnementaux et les\nfacteurs personnels tels que l\u2019\u00e2ge et le sexe. En outre, en m\u00e9decine moderne,\nune autre composante individuelle est de plus en plus prise en compte: le\nprofil g\u00e9n\u00e9tique du patient. <\/p>\n\n\n\n<p>La m\u00e9decine dite \u00abpersonnalis\u00e9e\u00bb\nou \u00abde pr\u00e9cision\u00bb vise \u00e0 utiliser les connaissances sur le profil g\u00e9n\u00e9tique du\npatient pour \u00e9valuer, avant d\u2019entamer un traitement pr\u00e9cis, si un patient va y\nr\u00e9pondre. Des tests g\u00e9n\u00e9tiques d\u00e9velopp\u00e9s en m\u00eame temps que les nouveaux\nm\u00e9dicaments permettent d\u2019am\u00e9liorer le diagnostic et d\u2019utiliser les m\u00e9dicaments\nplus efficacement. De m\u00eame, la m\u00e9decine personnalis\u00e9e est une approche qui\npermet de r\u00e9duire les effets secondaires ind\u00e9sirables.<\/p>\n\n\n\n<h2 class=\"wp-block-heading\"><strong>Accro\u00eetre la force d\u2019innovation de l\u2019industrie pharmaceutique<\/strong><strong><\/strong><\/h2>\n\n\n\n<p>Par son initiative #WeWontRest,\nla f\u00e9d\u00e9ration europ\u00e9enne de l\u2019industrie pharmaceutique EFPIA montre que la\nforce d\u2019innovation de l\u2019industrie pharmaceutique est un \u00e9l\u00e9ment important pour\ncontinuer \u00e0 progresser dans le domaine de la sant\u00e9. La campagne #WeWontRest met\nen lumi\u00e8re le d\u00e9veloppement de m\u00e9dicaments innovants, qui pr\u00e9sentent des\navantages sensibles par rapport aux traitements existants et sont en mesure de\nsoulager et de gu\u00e9rir rapidement et efficacement. #WeWontRest prend l\u2019exemple\nde la maladie d\u2019Alzheimer, du cancer, du diab\u00e8te, du VIH, du cancer du poumon\net de la leuc\u00e9mie pour montrer ce que la recherche a accompli jusqu\u2019\u00e0 pr\u00e9sent\net o\u00f9 des efforts restent n\u00e9cessaires pour lutter contre ces maladies.<\/p>\n","protected":false},"excerpt":{"rendered":"<p>Le progr\u00e8s m\u00e9dical extr\u00eamement rapide ces derni\u00e8res d\u00e9cennies a non seulement permis d\u2019accro\u00eetre les chances de survie et de gu\u00e9rison de nombreux patients, mais a aussi contribu\u00e9 \u00e0 une am\u00e9lioration consid\u00e9rable de la qualit\u00e9 de vie. On a cependant toujours autant besoin de la recherche clinique et de nouvelles connaissances afin de continuer \u00e0 progresser. [&hellip;]<\/p>\n","protected":false},"author":1,"featured_media":14777,"parent":4300,"menu_order":2,"comment_status":"closed","ping_status":"closed","template":"page-templates\/unterthema.php","meta":{"_acf_changed":false,"inline_featured_image":false,"footnotes":""},"class_list":["post-4176","page","type-page","status-publish","has-post-thumbnail","hentry"],"acf":[],"yoast_head":"<!-- This site is optimized with the Yoast SEO Premium plugin v27.2 (Yoast SEO v27.2) - https:\/\/yoast.com\/product\/yoast-seo-premium-wordpress\/ -->\n<title>Nouvelles approches de recherche et de traitement - Interpharma<\/title>\n<meta name=\"robots\" content=\"index, follow, max-snippet:-1, max-image-preview:large, max-video-preview:-1\" \/>\n<link rel=\"canonical\" href=\"https:\/\/www.interpharma.ch\/fr\/themen\/a-la-pointe-de-la-recherche-et-developpement\/nouvelles-approches-de-recherche-et-de-traitement\/\" \/>\n<meta property=\"og:locale\" content=\"fr_FR\" \/>\n<meta property=\"og:type\" content=\"article\" \/>\n<meta property=\"og:title\" content=\"Nouvelles approches de recherche et de traitement\" \/>\n<meta property=\"og:description\" content=\"Le progr\u00e8s m\u00e9dical extr\u00eamement rapide ces derni\u00e8res d\u00e9cennies a non seulement permis d\u2019accro\u00eetre les chances de survie et de gu\u00e9rison de nombreux patients, mais a aussi contribu\u00e9 \u00e0 une am\u00e9lioration consid\u00e9rable de la qualit\u00e9 de vie. On a cependant toujours autant besoin de la recherche clinique et de nouvelles connaissances afin de continuer \u00e0 progresser. [&hellip;]\" \/>\n<meta property=\"og:url\" content=\"https:\/\/www.interpharma.ch\/fr\/themen\/a-la-pointe-de-la-recherche-et-developpement\/nouvelles-approches-de-recherche-et-de-traitement\/\" \/>\n<meta property=\"og:site_name\" content=\"Interpharma\" \/>\n<meta property=\"og:image\" content=\"https:\/\/www.interpharma.ch\/wp-content\/uploads\/2026\/03\/Interpharma_fuehrendinforschungundentwicklung_neueforschungsansaetze.jpg\" \/>\n\t<meta property=\"og:image:width\" content=\"960\" \/>\n\t<meta property=\"og:image:height\" content=\"721\" \/>\n\t<meta property=\"og:image:type\" content=\"image\/jpeg\" \/>\n<meta name=\"twitter:card\" content=\"summary_large_image\" \/>\n<meta name=\"twitter:site\" content=\"@interpharma_ch\" \/>\n<meta name=\"twitter:label1\" content=\"Dur\u00e9e de lecture estim\u00e9e\" \/>\n\t<meta name=\"twitter:data1\" content=\"2 minutes\" \/>\n<script type=\"application\/ld+json\" class=\"yoast-schema-graph\">{\"@context\":\"https:\/\/schema.org\",\"@graph\":[{\"@type\":\"WebPage\",\"@id\":\"https:\/\/www.interpharma.ch\/fr\/themen\/a-la-pointe-de-la-recherche-et-developpement\/nouvelles-approches-de-recherche-et-de-traitement\/\",\"url\":\"https:\/\/www.interpharma.ch\/fr\/themen\/a-la-pointe-de-la-recherche-et-developpement\/nouvelles-approches-de-recherche-et-de-traitement\/\",\"name\":\"Nouvelles approches de recherche et de traitement - Interpharma\",\"isPartOf\":{\"@id\":\"https:\/\/www.interpharma.ch\/#website\"},\"primaryImageOfPage\":{\"@id\":\"https:\/\/www.interpharma.ch\/fr\/themen\/a-la-pointe-de-la-recherche-et-developpement\/nouvelles-approches-de-recherche-et-de-traitement\/#primaryimage\"},\"image\":{\"@id\":\"https:\/\/www.interpharma.ch\/fr\/themen\/a-la-pointe-de-la-recherche-et-developpement\/nouvelles-approches-de-recherche-et-de-traitement\/#primaryimage\"},\"thumbnailUrl\":\"https:\/\/www.interpharma.ch\/wp-content\/uploads\/2026\/03\/Interpharma_fuehrendinforschungundentwicklung_neueforschungsansaetze.jpg\",\"datePublished\":\"2026-02-25T07:25:50+00:00\",\"breadcrumb\":{\"@id\":\"https:\/\/www.interpharma.ch\/fr\/themen\/a-la-pointe-de-la-recherche-et-developpement\/nouvelles-approches-de-recherche-et-de-traitement\/#breadcrumb\"},\"inLanguage\":\"fr-FR\",\"potentialAction\":[{\"@type\":\"ReadAction\",\"target\":[\"https:\/\/www.interpharma.ch\/fr\/themen\/a-la-pointe-de-la-recherche-et-developpement\/nouvelles-approches-de-recherche-et-de-traitement\/\"]}]},{\"@type\":\"ImageObject\",\"inLanguage\":\"fr-FR\",\"@id\":\"https:\/\/www.interpharma.ch\/fr\/themen\/a-la-pointe-de-la-recherche-et-developpement\/nouvelles-approches-de-recherche-et-de-traitement\/#primaryimage\",\"url\":\"https:\/\/www.interpharma.ch\/wp-content\/uploads\/2026\/03\/Interpharma_fuehrendinforschungundentwicklung_neueforschungsansaetze.jpg\",\"contentUrl\":\"https:\/\/www.interpharma.ch\/wp-content\/uploads\/2026\/03\/Interpharma_fuehrendinforschungundentwicklung_neueforschungsansaetze.jpg\",\"width\":960,\"height\":721},{\"@type\":\"BreadcrumbList\",\"@id\":\"https:\/\/www.interpharma.ch\/fr\/themen\/a-la-pointe-de-la-recherche-et-developpement\/nouvelles-approches-de-recherche-et-de-traitement\/#breadcrumb\",\"itemListElement\":[{\"@type\":\"ListItem\",\"position\":1,\"name\":\"Startseite\",\"item\":\"https:\/\/www.interpharma.ch\/fr\/\"},{\"@type\":\"ListItem\",\"position\":2,\"name\":\"Nos th\u00e8mes\",\"item\":\"https:\/\/www.interpharma.ch\/fr\/themen\/\"},{\"@type\":\"ListItem\",\"position\":3,\"name\":\"\u00c0 la pointe de la recherche et d\u00e9veloppement\",\"item\":\"https:\/\/www.interpharma.ch\/fr\/themen\/a-la-pointe-de-la-recherche-et-developpement\/\"},{\"@type\":\"ListItem\",\"position\":4,\"name\":\"Nouvelles approches de recherche et de traitement\"}]},{\"@type\":\"WebSite\",\"@id\":\"https:\/\/www.interpharma.ch\/#website\",\"url\":\"https:\/\/www.interpharma.ch\/\",\"name\":\"Interpharma\",\"description\":\"Verband der forschenden Pharmazeutischen Firmen\",\"publisher\":{\"@id\":\"https:\/\/www.interpharma.ch\/#organization\"},\"potentialAction\":[{\"@type\":\"SearchAction\",\"target\":{\"@type\":\"EntryPoint\",\"urlTemplate\":\"https:\/\/www.interpharma.ch\/?s={search_term_string}\"},\"query-input\":{\"@type\":\"PropertyValueSpecification\",\"valueRequired\":true,\"valueName\":\"search_term_string\"}}],\"inLanguage\":\"fr-FR\"},{\"@type\":\"Organization\",\"@id\":\"https:\/\/www.interpharma.ch\/#organization\",\"name\":\"Interpharma\",\"url\":\"https:\/\/www.interpharma.ch\/\",\"logo\":{\"@type\":\"ImageObject\",\"inLanguage\":\"fr-FR\",\"@id\":\"https:\/\/www.interpharma.ch\/#\/schema\/logo\/image\/\",\"url\":\"https:\/\/interpharma.ch\/wp-content\/uploads\/2026\/03\/20251014_iph_logo_wort_bildmarke_rgb_final_cu01.svg\",\"contentUrl\":\"https:\/\/interpharma.ch\/wp-content\/uploads\/2026\/03\/20251014_iph_logo_wort_bildmarke_rgb_final_cu01.svg\",\"width\":\"1200\",\"height\":\"1200\",\"caption\":\"Interpharma\"},\"image\":{\"@id\":\"https:\/\/www.interpharma.ch\/#\/schema\/logo\/image\/\"},\"sameAs\":[\"https:\/\/x.com\/interpharma_ch\",\"https:\/\/ch.linkedin.com\/company\/interpharma\",\"https:\/\/www.instagram.com\/interpharma_ch\/\"]}]}<\/script>\n<!-- \/ Yoast SEO Premium plugin. -->","yoast_head_json":{"title":"Nouvelles approches de recherche et de traitement - Interpharma","robots":{"index":"index","follow":"follow","max-snippet":"max-snippet:-1","max-image-preview":"max-image-preview:large","max-video-preview":"max-video-preview:-1"},"canonical":"https:\/\/www.interpharma.ch\/fr\/themen\/a-la-pointe-de-la-recherche-et-developpement\/nouvelles-approches-de-recherche-et-de-traitement\/","og_locale":"fr_FR","og_type":"article","og_title":"Nouvelles approches de recherche et de traitement","og_description":"Le progr\u00e8s m\u00e9dical extr\u00eamement rapide ces derni\u00e8res d\u00e9cennies a non seulement permis d\u2019accro\u00eetre les chances de survie et de gu\u00e9rison de nombreux patients, mais a aussi contribu\u00e9 \u00e0 une am\u00e9lioration consid\u00e9rable de la qualit\u00e9 de vie. On a cependant toujours autant besoin de la recherche clinique et de nouvelles connaissances afin de continuer \u00e0 progresser. [&hellip;]","og_url":"https:\/\/www.interpharma.ch\/fr\/themen\/a-la-pointe-de-la-recherche-et-developpement\/nouvelles-approches-de-recherche-et-de-traitement\/","og_site_name":"Interpharma","og_image":[{"width":960,"height":721,"url":"https:\/\/www.interpharma.ch\/wp-content\/uploads\/2026\/03\/Interpharma_fuehrendinforschungundentwicklung_neueforschungsansaetze.jpg","type":"image\/jpeg"}],"twitter_card":"summary_large_image","twitter_site":"@interpharma_ch","twitter_misc":{"Dur\u00e9e de lecture estim\u00e9e":"2 minutes"},"schema":{"@context":"https:\/\/schema.org","@graph":[{"@type":"WebPage","@id":"https:\/\/www.interpharma.ch\/fr\/themen\/a-la-pointe-de-la-recherche-et-developpement\/nouvelles-approches-de-recherche-et-de-traitement\/","url":"https:\/\/www.interpharma.ch\/fr\/themen\/a-la-pointe-de-la-recherche-et-developpement\/nouvelles-approches-de-recherche-et-de-traitement\/","name":"Nouvelles approches de recherche et de traitement - Interpharma","isPartOf":{"@id":"https:\/\/www.interpharma.ch\/#website"},"primaryImageOfPage":{"@id":"https:\/\/www.interpharma.ch\/fr\/themen\/a-la-pointe-de-la-recherche-et-developpement\/nouvelles-approches-de-recherche-et-de-traitement\/#primaryimage"},"image":{"@id":"https:\/\/www.interpharma.ch\/fr\/themen\/a-la-pointe-de-la-recherche-et-developpement\/nouvelles-approches-de-recherche-et-de-traitement\/#primaryimage"},"thumbnailUrl":"https:\/\/www.interpharma.ch\/wp-content\/uploads\/2026\/03\/Interpharma_fuehrendinforschungundentwicklung_neueforschungsansaetze.jpg","datePublished":"2026-02-25T07:25:50+00:00","breadcrumb":{"@id":"https:\/\/www.interpharma.ch\/fr\/themen\/a-la-pointe-de-la-recherche-et-developpement\/nouvelles-approches-de-recherche-et-de-traitement\/#breadcrumb"},"inLanguage":"fr-FR","potentialAction":[{"@type":"ReadAction","target":["https:\/\/www.interpharma.ch\/fr\/themen\/a-la-pointe-de-la-recherche-et-developpement\/nouvelles-approches-de-recherche-et-de-traitement\/"]}]},{"@type":"ImageObject","inLanguage":"fr-FR","@id":"https:\/\/www.interpharma.ch\/fr\/themen\/a-la-pointe-de-la-recherche-et-developpement\/nouvelles-approches-de-recherche-et-de-traitement\/#primaryimage","url":"https:\/\/www.interpharma.ch\/wp-content\/uploads\/2026\/03\/Interpharma_fuehrendinforschungundentwicklung_neueforschungsansaetze.jpg","contentUrl":"https:\/\/www.interpharma.ch\/wp-content\/uploads\/2026\/03\/Interpharma_fuehrendinforschungundentwicklung_neueforschungsansaetze.jpg","width":960,"height":721},{"@type":"BreadcrumbList","@id":"https:\/\/www.interpharma.ch\/fr\/themen\/a-la-pointe-de-la-recherche-et-developpement\/nouvelles-approches-de-recherche-et-de-traitement\/#breadcrumb","itemListElement":[{"@type":"ListItem","position":1,"name":"Startseite","item":"https:\/\/www.interpharma.ch\/fr\/"},{"@type":"ListItem","position":2,"name":"Nos th\u00e8mes","item":"https:\/\/www.interpharma.ch\/fr\/themen\/"},{"@type":"ListItem","position":3,"name":"\u00c0 la pointe de la recherche et d\u00e9veloppement","item":"https:\/\/www.interpharma.ch\/fr\/themen\/a-la-pointe-de-la-recherche-et-developpement\/"},{"@type":"ListItem","position":4,"name":"Nouvelles approches de recherche et de traitement"}]},{"@type":"WebSite","@id":"https:\/\/www.interpharma.ch\/#website","url":"https:\/\/www.interpharma.ch\/","name":"Interpharma","description":"Verband der forschenden Pharmazeutischen Firmen","publisher":{"@id":"https:\/\/www.interpharma.ch\/#organization"},"potentialAction":[{"@type":"SearchAction","target":{"@type":"EntryPoint","urlTemplate":"https:\/\/www.interpharma.ch\/?s={search_term_string}"},"query-input":{"@type":"PropertyValueSpecification","valueRequired":true,"valueName":"search_term_string"}}],"inLanguage":"fr-FR"},{"@type":"Organization","@id":"https:\/\/www.interpharma.ch\/#organization","name":"Interpharma","url":"https:\/\/www.interpharma.ch\/","logo":{"@type":"ImageObject","inLanguage":"fr-FR","@id":"https:\/\/www.interpharma.ch\/#\/schema\/logo\/image\/","url":"https:\/\/interpharma.ch\/wp-content\/uploads\/2026\/03\/20251014_iph_logo_wort_bildmarke_rgb_final_cu01.svg","contentUrl":"https:\/\/interpharma.ch\/wp-content\/uploads\/2026\/03\/20251014_iph_logo_wort_bildmarke_rgb_final_cu01.svg","width":"1200","height":"1200","caption":"Interpharma"},"image":{"@id":"https:\/\/www.interpharma.ch\/#\/schema\/logo\/image\/"},"sameAs":["https:\/\/x.com\/interpharma_ch","https:\/\/ch.linkedin.com\/company\/interpharma","https:\/\/www.instagram.com\/interpharma_ch\/"]}]}},"_links":{"self":[{"href":"https:\/\/www.interpharma.ch\/fr\/wp-json\/wp\/v2\/pages\/4176","targetHints":{"allow":["GET"]}}],"collection":[{"href":"https:\/\/www.interpharma.ch\/fr\/wp-json\/wp\/v2\/pages"}],"about":[{"href":"https:\/\/www.interpharma.ch\/fr\/wp-json\/wp\/v2\/types\/page"}],"author":[{"embeddable":true,"href":"https:\/\/www.interpharma.ch\/fr\/wp-json\/wp\/v2\/users\/1"}],"replies":[{"embeddable":true,"href":"https:\/\/www.interpharma.ch\/fr\/wp-json\/wp\/v2\/comments?post=4176"}],"version-history":[{"count":1,"href":"https:\/\/www.interpharma.ch\/fr\/wp-json\/wp\/v2\/pages\/4176\/revisions"}],"predecessor-version":[{"id":4177,"href":"https:\/\/www.interpharma.ch\/fr\/wp-json\/wp\/v2\/pages\/4176\/revisions\/4177"}],"up":[{"embeddable":true,"href":"https:\/\/www.interpharma.ch\/fr\/wp-json\/wp\/v2\/pages\/4300"}],"wp:featuredmedia":[{"embeddable":true,"href":"https:\/\/www.interpharma.ch\/fr\/wp-json\/wp\/v2\/media\/14777"}],"wp:attachment":[{"href":"https:\/\/www.interpharma.ch\/fr\/wp-json\/wp\/v2\/media?parent=4176"}],"curies":[{"name":"wp","href":"https:\/\/api.w.org\/{rel}","templated":true}]}}