{"id":4164,"date":"2026-02-25T08:25:49","date_gmt":"2026-02-25T07:25:49","guid":{"rendered":"https:\/\/iph-multisite.berta-bewegt.ch\/?page_id=4164"},"modified":"2026-02-25T08:25:50","modified_gmt":"2026-02-25T07:25:50","slug":"lexperimentation-animale-en-suisse","status":"publish","type":"page","link":"https:\/\/www.interpharma.ch\/fr\/themen\/a-la-pointe-de-la-recherche-et-developpement\/recherche-impliquant-des-animaux\/lexperimentation-animale-en-suisse\/","title":{"rendered":"L\u2019exp\u00e9rimentation animale en Suisse"},"content":{"rendered":"\n<p>La\nl\u00e9gislation suisse de protection des animaux est l\u2019une des plus s\u00e9v\u00e8res au\nmonde. Les exp\u00e9riences sur animaux ne sont autoris\u00e9es que s\u2019il n\u2019y a pas\nd\u2019alternatives. La d\u00e9tention des animaux est r\u00e9gl\u00e9e de mani\u00e8re stricte, de m\u00eame\nque la formation initiale et continue des chercheurs qui travaillent sur des\nanimaux.<\/p>\n\n\n\n<p>Toute\nexp\u00e9rience sur animaux et toute d\u00e9tention d\u2019animaux de laboratoire est soumise\n\u00e0 autorisation de l\u2019office v\u00e9t\u00e9rinaire cantonal. La requ\u00eate doit expliquer\npourquoi une exp\u00e9rience sur animaux est n\u00e9cessaire, quel est le b\u00e9n\u00e9fice de\nl\u2019exp\u00e9rience et dans quelle mesure les animaux devront subir des contraintes.\nLes conditions de d\u00e9tention des animaux de laboratoire doivent aussi \u00eatre\nexpos\u00e9es dans la demande d\u2019autorisation. La loi prescrit que les animaux de\nlaboratoire doivent \u00eatre d\u00e9tenus dans des conditions correspondant \u00e0 l\u2019esp\u00e8ce\net suivis en permanence par du personnel qualifi\u00e9. Un d\u00e9l\u00e9gu\u00e9 \u00e0 la protection\ndes animaux et les autorit\u00e9s v\u00e9t\u00e9rinaires comp\u00e9tentes v\u00e9rifient r\u00e9guli\u00e8rement,\nparfois inopin\u00e9ment, le respect des prescriptions de d\u00e9tention dans les projets\nautoris\u00e9s. <\/p>\n\n\n\n<p>Il est aussi\ndans l\u2019int\u00e9r\u00eat de la science que les animaux soient d\u00e9tenus dans des conditions\nadapt\u00e9es \u00e0 l\u2019esp\u00e8ce. En effet, seules des \u00e9tudes sur des animaux soign\u00e9s et\nh\u00e9berg\u00e9s de mani\u00e8re optimale et soumis \u00e0 aussi peu de stress que possible, y\ncompris dans le cadre de l\u2019\u00e9tude, fournissent des r\u00e9sultats fiables. Toute\ninstitution qui r\u00e9alise des exp\u00e9riences sur animaux doit faire un rapport\nannuel sur le nombre effectif d\u2019animaux et les esp\u00e8ces utilis\u00e9s, le but des\nexp\u00e9riences et le degr\u00e9 de contrainte auquel les animaux ont \u00e9t\u00e9 soumis. En\nSuisse, les chercheurs doivent limiter l\u2019exp\u00e9rimentation animale au strict\nminimum et utiliser des m\u00e9thodes de substitution au lieu de mod\u00e8les animaux \u00e0\nchaque fois que cela est possible. Les principes des 3R sont ancr\u00e9s dans la loi\net doivent \u00eatre pris en compte pour chaque projet.<\/p>\n\n\n\n<h2 class=\"wp-block-heading\" id=\"h-incontournable-la-pesee-des-interets\"><strong>Incontournable: la pes\u00e9e des int\u00e9r\u00eats<\/strong><\/h2>\n\n\n\n<p>La\nl\u00e9gislation suisse de protection des animaux exige, pour toute exp\u00e9rience sur\nanimaux, une pes\u00e9e des int\u00e9r\u00eats. Les exp\u00e9riences sont class\u00e9es dans quatre\ncat\u00e9gories de contraintes, ce que l\u2019on appelle les degr\u00e9s de gravit\u00e9. Il faut\ntenir compte des int\u00e9r\u00eats de tous et consid\u00e9rer si le b\u00e9n\u00e9fice attendu pour la\nsoci\u00e9t\u00e9 est sup\u00e9rieur \u00e0 la souffrance des animaux et l\u2019atteinte \u00e0 leur dignit\u00e9.\nLe b\u00e9n\u00e9fice pour la soci\u00e9t\u00e9 peut \u00eatre tr\u00e8s divers (p.&nbsp;ex. efficacit\u00e9 de\nnouveaux m\u00e9dicaments, test de toxicit\u00e9 d\u2019une substance, acquisition de\nnouvelles connaissances, am\u00e9lioration des conditions d\u2019h\u00e9bergement des animaux,\netc.). En recherche appliqu\u00e9e, le b\u00e9n\u00e9fice est en g\u00e9n\u00e9ral clair. Par contre, en\nrecherche fondamentale, il est souvent plus difficile de d\u00e9crire un b\u00e9n\u00e9fice\ndirect. Pourtant, les bases qu\u2019elle fournit sont indispensables pour pouvoir\nensuite faire de la recherche appliqu\u00e9e.<\/p>\n","protected":false},"excerpt":{"rendered":"<p>La l\u00e9gislation suisse de protection des animaux est l\u2019une des plus s\u00e9v\u00e8res au monde. Les exp\u00e9riences sur animaux ne sont autoris\u00e9es que s\u2019il n\u2019y a pas d\u2019alternatives. La d\u00e9tention des animaux est r\u00e9gl\u00e9e de mani\u00e8re stricte, de m\u00eame que la formation initiale et continue des chercheurs qui travaillent sur des animaux. Toute exp\u00e9rience sur animaux [&hellip;]<\/p>\n","protected":false},"author":1,"featured_media":0,"parent":4280,"menu_order":2,"comment_status":"closed","ping_status":"closed","template":"page-templates\/unterthema.php","meta":{"_acf_changed":false,"inline_featured_image":false,"footnotes":""},"class_list":["post-4164","page","type-page","status-publish","hentry"],"acf":[],"yoast_head":"<!-- This site is optimized with the Yoast SEO Premium plugin v27.2 (Yoast SEO v27.2) - https:\/\/yoast.com\/product\/yoast-seo-premium-wordpress\/ -->\n<title>L\u2019exp\u00e9rimentation animale en Suisse - Interpharma<\/title>\n<meta name=\"robots\" content=\"index, follow, max-snippet:-1, max-image-preview:large, max-video-preview:-1\" \/>\n<link rel=\"canonical\" href=\"https:\/\/www.interpharma.ch\/fr\/themen\/a-la-pointe-de-la-recherche-et-developpement\/recherche-impliquant-des-animaux\/lexperimentation-animale-en-suisse\/\" \/>\n<meta property=\"og:locale\" content=\"fr_FR\" \/>\n<meta property=\"og:type\" content=\"article\" \/>\n<meta property=\"og:title\" content=\"L\u2019exp\u00e9rimentation animale en Suisse\" \/>\n<meta property=\"og:description\" content=\"La l\u00e9gislation suisse de protection des animaux est l\u2019une des plus s\u00e9v\u00e8res au monde. Les exp\u00e9riences sur animaux ne sont autoris\u00e9es que s\u2019il n\u2019y a pas d\u2019alternatives. La d\u00e9tention des animaux est r\u00e9gl\u00e9e de mani\u00e8re stricte, de m\u00eame que la formation initiale et continue des chercheurs qui travaillent sur des animaux. Toute exp\u00e9rience sur animaux [&hellip;]\" \/>\n<meta property=\"og:url\" content=\"https:\/\/www.interpharma.ch\/fr\/themen\/a-la-pointe-de-la-recherche-et-developpement\/recherche-impliquant-des-animaux\/lexperimentation-animale-en-suisse\/\" \/>\n<meta property=\"og:site_name\" content=\"Interpharma\" \/>\n<meta property=\"article:modified_time\" content=\"2026-02-25T07:25:50+00:00\" \/>\n<meta name=\"twitter:card\" content=\"summary_large_image\" \/>\n<meta name=\"twitter:site\" content=\"@interpharma_ch\" \/>\n<meta name=\"twitter:label1\" content=\"Dur\u00e9e de lecture estim\u00e9e\" \/>\n\t<meta name=\"twitter:data1\" content=\"3 minutes\" \/>\n<script type=\"application\/ld+json\" class=\"yoast-schema-graph\">{\"@context\":\"https:\/\/schema.org\",\"@graph\":[{\"@type\":\"WebPage\",\"@id\":\"https:\/\/www.interpharma.ch\/fr\/themen\/a-la-pointe-de-la-recherche-et-developpement\/recherche-impliquant-des-animaux\/lexperimentation-animale-en-suisse\/\",\"url\":\"https:\/\/www.interpharma.ch\/fr\/themen\/a-la-pointe-de-la-recherche-et-developpement\/recherche-impliquant-des-animaux\/lexperimentation-animale-en-suisse\/\",\"name\":\"L\u2019exp\u00e9rimentation animale en Suisse - Interpharma\",\"isPartOf\":{\"@id\":\"https:\/\/www.interpharma.ch\/#website\"},\"datePublished\":\"2026-02-25T07:25:49+00:00\",\"dateModified\":\"2026-02-25T07:25:50+00:00\",\"breadcrumb\":{\"@id\":\"https:\/\/www.interpharma.ch\/fr\/themen\/a-la-pointe-de-la-recherche-et-developpement\/recherche-impliquant-des-animaux\/lexperimentation-animale-en-suisse\/#breadcrumb\"},\"inLanguage\":\"fr-FR\",\"potentialAction\":[{\"@type\":\"ReadAction\",\"target\":[\"https:\/\/www.interpharma.ch\/fr\/themen\/a-la-pointe-de-la-recherche-et-developpement\/recherche-impliquant-des-animaux\/lexperimentation-animale-en-suisse\/\"]}]},{\"@type\":\"BreadcrumbList\",\"@id\":\"https:\/\/www.interpharma.ch\/fr\/themen\/a-la-pointe-de-la-recherche-et-developpement\/recherche-impliquant-des-animaux\/lexperimentation-animale-en-suisse\/#breadcrumb\",\"itemListElement\":[{\"@type\":\"ListItem\",\"position\":1,\"name\":\"Startseite\",\"item\":\"https:\/\/www.interpharma.ch\/fr\/\"},{\"@type\":\"ListItem\",\"position\":2,\"name\":\"Nos th\u00e8mes\",\"item\":\"https:\/\/www.interpharma.ch\/fr\/themen\/\"},{\"@type\":\"ListItem\",\"position\":3,\"name\":\"\u00c0 la pointe de la recherche et d\u00e9veloppement\",\"item\":\"https:\/\/www.interpharma.ch\/fr\/themen\/a-la-pointe-de-la-recherche-et-developpement\/\"},{\"@type\":\"ListItem\",\"position\":4,\"name\":\"Recherche impliquant des animaux\",\"item\":\"https:\/\/www.interpharma.ch\/fr\/themen\/a-la-pointe-de-la-recherche-et-developpement\/recherche-impliquant-des-animaux\/\"},{\"@type\":\"ListItem\",\"position\":5,\"name\":\"L\u2019exp\u00e9rimentation animale en Suisse\"}]},{\"@type\":\"WebSite\",\"@id\":\"https:\/\/www.interpharma.ch\/#website\",\"url\":\"https:\/\/www.interpharma.ch\/\",\"name\":\"Interpharma\",\"description\":\"Verband der forschenden Pharmazeutischen Firmen\",\"publisher\":{\"@id\":\"https:\/\/www.interpharma.ch\/#organization\"},\"potentialAction\":[{\"@type\":\"SearchAction\",\"target\":{\"@type\":\"EntryPoint\",\"urlTemplate\":\"https:\/\/www.interpharma.ch\/?s={search_term_string}\"},\"query-input\":{\"@type\":\"PropertyValueSpecification\",\"valueRequired\":true,\"valueName\":\"search_term_string\"}}],\"inLanguage\":\"fr-FR\"},{\"@type\":\"Organization\",\"@id\":\"https:\/\/www.interpharma.ch\/#organization\",\"name\":\"Interpharma\",\"url\":\"https:\/\/www.interpharma.ch\/\",\"logo\":{\"@type\":\"ImageObject\",\"inLanguage\":\"fr-FR\",\"@id\":\"https:\/\/www.interpharma.ch\/#\/schema\/logo\/image\/\",\"url\":\"https:\/\/interpharma.ch\/wp-content\/uploads\/2026\/03\/20251014_iph_logo_wort_bildmarke_rgb_final_cu01.svg\",\"contentUrl\":\"https:\/\/interpharma.ch\/wp-content\/uploads\/2026\/03\/20251014_iph_logo_wort_bildmarke_rgb_final_cu01.svg\",\"width\":\"1200\",\"height\":\"1200\",\"caption\":\"Interpharma\"},\"image\":{\"@id\":\"https:\/\/www.interpharma.ch\/#\/schema\/logo\/image\/\"},\"sameAs\":[\"https:\/\/x.com\/interpharma_ch\",\"https:\/\/ch.linkedin.com\/company\/interpharma\",\"https:\/\/www.instagram.com\/interpharma_ch\/\"]}]}<\/script>\n<!-- \/ Yoast SEO Premium plugin. -->","yoast_head_json":{"title":"L\u2019exp\u00e9rimentation animale en Suisse - Interpharma","robots":{"index":"index","follow":"follow","max-snippet":"max-snippet:-1","max-image-preview":"max-image-preview:large","max-video-preview":"max-video-preview:-1"},"canonical":"https:\/\/www.interpharma.ch\/fr\/themen\/a-la-pointe-de-la-recherche-et-developpement\/recherche-impliquant-des-animaux\/lexperimentation-animale-en-suisse\/","og_locale":"fr_FR","og_type":"article","og_title":"L\u2019exp\u00e9rimentation animale en Suisse","og_description":"La l\u00e9gislation suisse de protection des animaux est l\u2019une des plus s\u00e9v\u00e8res au monde. Les exp\u00e9riences sur animaux ne sont autoris\u00e9es que s\u2019il n\u2019y a pas d\u2019alternatives. La d\u00e9tention des animaux est r\u00e9gl\u00e9e de mani\u00e8re stricte, de m\u00eame que la formation initiale et continue des chercheurs qui travaillent sur des animaux. Toute exp\u00e9rience sur animaux [&hellip;]","og_url":"https:\/\/www.interpharma.ch\/fr\/themen\/a-la-pointe-de-la-recherche-et-developpement\/recherche-impliquant-des-animaux\/lexperimentation-animale-en-suisse\/","og_site_name":"Interpharma","article_modified_time":"2026-02-25T07:25:50+00:00","twitter_card":"summary_large_image","twitter_site":"@interpharma_ch","twitter_misc":{"Dur\u00e9e de lecture estim\u00e9e":"3 minutes"},"schema":{"@context":"https:\/\/schema.org","@graph":[{"@type":"WebPage","@id":"https:\/\/www.interpharma.ch\/fr\/themen\/a-la-pointe-de-la-recherche-et-developpement\/recherche-impliquant-des-animaux\/lexperimentation-animale-en-suisse\/","url":"https:\/\/www.interpharma.ch\/fr\/themen\/a-la-pointe-de-la-recherche-et-developpement\/recherche-impliquant-des-animaux\/lexperimentation-animale-en-suisse\/","name":"L\u2019exp\u00e9rimentation animale en Suisse - Interpharma","isPartOf":{"@id":"https:\/\/www.interpharma.ch\/#website"},"datePublished":"2026-02-25T07:25:49+00:00","dateModified":"2026-02-25T07:25:50+00:00","breadcrumb":{"@id":"https:\/\/www.interpharma.ch\/fr\/themen\/a-la-pointe-de-la-recherche-et-developpement\/recherche-impliquant-des-animaux\/lexperimentation-animale-en-suisse\/#breadcrumb"},"inLanguage":"fr-FR","potentialAction":[{"@type":"ReadAction","target":["https:\/\/www.interpharma.ch\/fr\/themen\/a-la-pointe-de-la-recherche-et-developpement\/recherche-impliquant-des-animaux\/lexperimentation-animale-en-suisse\/"]}]},{"@type":"BreadcrumbList","@id":"https:\/\/www.interpharma.ch\/fr\/themen\/a-la-pointe-de-la-recherche-et-developpement\/recherche-impliquant-des-animaux\/lexperimentation-animale-en-suisse\/#breadcrumb","itemListElement":[{"@type":"ListItem","position":1,"name":"Startseite","item":"https:\/\/www.interpharma.ch\/fr\/"},{"@type":"ListItem","position":2,"name":"Nos th\u00e8mes","item":"https:\/\/www.interpharma.ch\/fr\/themen\/"},{"@type":"ListItem","position":3,"name":"\u00c0 la pointe de la recherche et d\u00e9veloppement","item":"https:\/\/www.interpharma.ch\/fr\/themen\/a-la-pointe-de-la-recherche-et-developpement\/"},{"@type":"ListItem","position":4,"name":"Recherche impliquant des animaux","item":"https:\/\/www.interpharma.ch\/fr\/themen\/a-la-pointe-de-la-recherche-et-developpement\/recherche-impliquant-des-animaux\/"},{"@type":"ListItem","position":5,"name":"L\u2019exp\u00e9rimentation animale en Suisse"}]},{"@type":"WebSite","@id":"https:\/\/www.interpharma.ch\/#website","url":"https:\/\/www.interpharma.ch\/","name":"Interpharma","description":"Verband der forschenden Pharmazeutischen Firmen","publisher":{"@id":"https:\/\/www.interpharma.ch\/#organization"},"potentialAction":[{"@type":"SearchAction","target":{"@type":"EntryPoint","urlTemplate":"https:\/\/www.interpharma.ch\/?s={search_term_string}"},"query-input":{"@type":"PropertyValueSpecification","valueRequired":true,"valueName":"search_term_string"}}],"inLanguage":"fr-FR"},{"@type":"Organization","@id":"https:\/\/www.interpharma.ch\/#organization","name":"Interpharma","url":"https:\/\/www.interpharma.ch\/","logo":{"@type":"ImageObject","inLanguage":"fr-FR","@id":"https:\/\/www.interpharma.ch\/#\/schema\/logo\/image\/","url":"https:\/\/interpharma.ch\/wp-content\/uploads\/2026\/03\/20251014_iph_logo_wort_bildmarke_rgb_final_cu01.svg","contentUrl":"https:\/\/interpharma.ch\/wp-content\/uploads\/2026\/03\/20251014_iph_logo_wort_bildmarke_rgb_final_cu01.svg","width":"1200","height":"1200","caption":"Interpharma"},"image":{"@id":"https:\/\/www.interpharma.ch\/#\/schema\/logo\/image\/"},"sameAs":["https:\/\/x.com\/interpharma_ch","https:\/\/ch.linkedin.com\/company\/interpharma","https:\/\/www.instagram.com\/interpharma_ch\/"]}]}},"_links":{"self":[{"href":"https:\/\/www.interpharma.ch\/fr\/wp-json\/wp\/v2\/pages\/4164","targetHints":{"allow":["GET"]}}],"collection":[{"href":"https:\/\/www.interpharma.ch\/fr\/wp-json\/wp\/v2\/pages"}],"about":[{"href":"https:\/\/www.interpharma.ch\/fr\/wp-json\/wp\/v2\/types\/page"}],"author":[{"embeddable":true,"href":"https:\/\/www.interpharma.ch\/fr\/wp-json\/wp\/v2\/users\/1"}],"replies":[{"embeddable":true,"href":"https:\/\/www.interpharma.ch\/fr\/wp-json\/wp\/v2\/comments?post=4164"}],"version-history":[{"count":1,"href":"https:\/\/www.interpharma.ch\/fr\/wp-json\/wp\/v2\/pages\/4164\/revisions"}],"predecessor-version":[{"id":4165,"href":"https:\/\/www.interpharma.ch\/fr\/wp-json\/wp\/v2\/pages\/4164\/revisions\/4165"}],"up":[{"embeddable":true,"href":"https:\/\/www.interpharma.ch\/fr\/wp-json\/wp\/v2\/pages\/4280"}],"wp:attachment":[{"href":"https:\/\/www.interpharma.ch\/fr\/wp-json\/wp\/v2\/media?parent=4164"}],"curies":[{"name":"wp","href":"https:\/\/api.w.org\/{rel}","templated":true}]}}