{"id":4152,"date":"2026-02-25T08:25:49","date_gmt":"2026-02-25T07:25:49","guid":{"rendered":"https:\/\/iph-multisite.berta-bewegt.ch\/?page_id=4152"},"modified":"2026-02-25T08:25:49","modified_gmt":"2026-02-25T07:25:49","slug":"prevention","status":"publish","type":"page","link":"https:\/\/www.interpharma.ch\/fr\/themen\/gesundheitswesen-fr\/prevention\/","title":{"rendered":"Pr\u00e9vention"},"content":{"rendered":"\n<p>La pr\u00e9vention englobe toutes les mesures visant \u00e0 \u00e9viter l\u2019apparition de maladies, \u00e0 les d\u00e9pister \u00e0 un stade pr\u00e9coce ou \u00e0 ralentir leur \u00e9volution lorsqu\u2019elles sont d\u00e9j\u00e0 pr\u00e9sentes. Des interventions pr\u00e9coces, cibl\u00e9es et pr\u00e9ventives peuvent \u00e9viter les souffrances et les co\u00fbts associ\u00e9s. Certaines mesures pr\u00e9ventives font par cons\u00e9quent partie des interventions de sant\u00e9 les plus efficaces en mati\u00e8re de co\u00fbts. Elles permettent non seulement de soulager les souffrances, mais aussi d\u2019\u00e9viter les complications et des co\u00fbts associ\u00e9s consid\u00e9rables. Un syst\u00e8me de sant\u00e9 durable doit r\u00e9pondre aux d\u00e9fis de l\u2019\u00e9volution d\u00e9mographique et de la pression croissante des co\u00fbts. Afin de tirer pleinement parti du potentiel de la pr\u00e9vention, il faut prendre des mesures dont l\u2019efficacit\u00e9 est mesurable. Toutefois, la diversit\u00e9 des approches pr\u00e9ventives exige une allocation r\u00e9fl\u00e9chie des ressources afin de garantir l\u2019efficacit\u00e9 et un impact positif.<\/p>\n\n\n\n<p>Du point de vue d\u2019Interpharma, le renforcement de la responsabilit\u00e9 individuelle et une pr\u00e9vention cibl\u00e9e sont des piliers essentiels de la politique de sant\u00e9 suisse et jouent un r\u00f4le cl\u00e9 dans l\u2019organisation d\u2019un syst\u00e8me de sant\u00e9 durable et performant. La responsabilit\u00e9 individuelle et l\u2019\u00e9ducation \u00e0 la sant\u00e9 de la population doivent \u00eatre encourag\u00e9es afin que les Suisses et Suissesses puissent prendre des d\u00e9cisions sur la base d\u2019informations claires et mettre en \u0153uvre, de mani\u00e8re autonome, des mesures de promotion de la sant\u00e9 et de pr\u00e9vention, sans que l\u2019\u00c9tat ait \u00e0 intervenir avec des mesures de r\u00e9\u00e9ducation. La pr\u00e9vention est la cl\u00e9 d\u2019une population en meilleure sant\u00e9 et un pilier important d\u2019une strat\u00e9gie de sant\u00e9 globale. Il est ici essentiel que la strat\u00e9gie d\u00e9finie tienne compte de l\u2019\u00e9volution d\u00e9mographique et de l\u2019augmentation des maladies chroniques qui en r\u00e9sulte. Il ne suffit pas d\u2019inciter la population \u00e0 adopter un comportement plus sain. Les risques de sant\u00e9 doivent \u00eatre syst\u00e9matiquement d\u00e9tect\u00e9s et, le cas \u00e9ch\u00e9ant, trait\u00e9s \u00e0 un stade pr\u00e9coce.<\/p>\n","protected":false},"excerpt":{"rendered":"<p>La pr\u00e9vention englobe toutes les mesures visant \u00e0 \u00e9viter l\u2019apparition de maladies, \u00e0 les d\u00e9pister \u00e0 un stade pr\u00e9coce ou \u00e0 ralentir leur \u00e9volution lorsqu\u2019elles sont d\u00e9j\u00e0 pr\u00e9sentes. Des interventions pr\u00e9coces, cibl\u00e9es et pr\u00e9ventives peuvent \u00e9viter les souffrances et les co\u00fbts associ\u00e9s. Certaines mesures pr\u00e9ventives font par cons\u00e9quent partie des interventions de sant\u00e9 les plus [&hellip;]<\/p>\n","protected":false},"author":1,"featured_media":14803,"parent":4194,"menu_order":2,"comment_status":"closed","ping_status":"closed","template":"page-templates\/unterthema.php","meta":{"_acf_changed":false,"inline_featured_image":false,"footnotes":""},"class_list":["post-4152","page","type-page","status-publish","has-post-thumbnail","hentry"],"acf":[],"yoast_head":"<!-- This site is optimized with the Yoast SEO Premium plugin v27.2 (Yoast SEO v27.2) - https:\/\/yoast.com\/product\/yoast-seo-premium-wordpress\/ -->\n<title>Pr\u00e9vention - Interpharma<\/title>\n<meta name=\"robots\" content=\"index, follow, max-snippet:-1, max-image-preview:large, max-video-preview:-1\" \/>\n<link rel=\"canonical\" href=\"https:\/\/www.interpharma.ch\/fr\/themen\/gesundheitswesen-fr\/prevention\/\" \/>\n<meta property=\"og:locale\" content=\"fr_FR\" \/>\n<meta property=\"og:type\" content=\"article\" \/>\n<meta property=\"og:title\" content=\"Pr\u00e9vention\" \/>\n<meta property=\"og:description\" content=\"La pr\u00e9vention englobe toutes les mesures visant \u00e0 \u00e9viter l\u2019apparition de maladies, \u00e0 les d\u00e9pister \u00e0 un stade pr\u00e9coce ou \u00e0 ralentir leur \u00e9volution lorsqu\u2019elles sont d\u00e9j\u00e0 pr\u00e9sentes. Des interventions pr\u00e9coces, cibl\u00e9es et pr\u00e9ventives peuvent \u00e9viter les souffrances et les co\u00fbts associ\u00e9s. Certaines mesures pr\u00e9ventives font par cons\u00e9quent partie des interventions de sant\u00e9 les plus [&hellip;]\" \/>\n<meta property=\"og:url\" content=\"https:\/\/www.interpharma.ch\/fr\/themen\/gesundheitswesen-fr\/prevention\/\" \/>\n<meta property=\"og:site_name\" content=\"Interpharma\" \/>\n<meta property=\"og:image\" content=\"https:\/\/www.interpharma.ch\/wp-content\/uploads\/2026\/03\/Interpharma_gesundheitswesen_praevention.jpg\" \/>\n\t<meta property=\"og:image:width\" content=\"960\" \/>\n\t<meta property=\"og:image:height\" content=\"721\" \/>\n\t<meta property=\"og:image:type\" content=\"image\/jpeg\" \/>\n<meta name=\"twitter:card\" content=\"summary_large_image\" \/>\n<meta name=\"twitter:site\" content=\"@interpharma_ch\" \/>\n<meta name=\"twitter:label1\" content=\"Dur\u00e9e de lecture estim\u00e9e\" \/>\n\t<meta name=\"twitter:data1\" content=\"2 minutes\" \/>\n<script type=\"application\/ld+json\" class=\"yoast-schema-graph\">{\"@context\":\"https:\/\/schema.org\",\"@graph\":[{\"@type\":\"WebPage\",\"@id\":\"https:\/\/www.interpharma.ch\/fr\/themen\/gesundheitswesen-fr\/prevention\/\",\"url\":\"https:\/\/www.interpharma.ch\/fr\/themen\/gesundheitswesen-fr\/prevention\/\",\"name\":\"Pr\u00e9vention - Interpharma\",\"isPartOf\":{\"@id\":\"https:\/\/www.interpharma.ch\/#website\"},\"primaryImageOfPage\":{\"@id\":\"https:\/\/www.interpharma.ch\/fr\/themen\/gesundheitswesen-fr\/prevention\/#primaryimage\"},\"image\":{\"@id\":\"https:\/\/www.interpharma.ch\/fr\/themen\/gesundheitswesen-fr\/prevention\/#primaryimage\"},\"thumbnailUrl\":\"https:\/\/www.interpharma.ch\/wp-content\/uploads\/2026\/03\/Interpharma_gesundheitswesen_praevention.jpg\",\"datePublished\":\"2026-02-25T07:25:49+00:00\",\"breadcrumb\":{\"@id\":\"https:\/\/www.interpharma.ch\/fr\/themen\/gesundheitswesen-fr\/prevention\/#breadcrumb\"},\"inLanguage\":\"fr-FR\",\"potentialAction\":[{\"@type\":\"ReadAction\",\"target\":[\"https:\/\/www.interpharma.ch\/fr\/themen\/gesundheitswesen-fr\/prevention\/\"]}]},{\"@type\":\"ImageObject\",\"inLanguage\":\"fr-FR\",\"@id\":\"https:\/\/www.interpharma.ch\/fr\/themen\/gesundheitswesen-fr\/prevention\/#primaryimage\",\"url\":\"https:\/\/www.interpharma.ch\/wp-content\/uploads\/2026\/03\/Interpharma_gesundheitswesen_praevention.jpg\",\"contentUrl\":\"https:\/\/www.interpharma.ch\/wp-content\/uploads\/2026\/03\/Interpharma_gesundheitswesen_praevention.jpg\",\"width\":960,\"height\":721},{\"@type\":\"BreadcrumbList\",\"@id\":\"https:\/\/www.interpharma.ch\/fr\/themen\/gesundheitswesen-fr\/prevention\/#breadcrumb\",\"itemListElement\":[{\"@type\":\"ListItem\",\"position\":1,\"name\":\"Startseite\",\"item\":\"https:\/\/www.interpharma.ch\/fr\/\"},{\"@type\":\"ListItem\",\"position\":2,\"name\":\"Nos th\u00e8mes\",\"item\":\"https:\/\/www.interpharma.ch\/fr\/themen\/\"},{\"@type\":\"ListItem\",\"position\":3,\"name\":\"Syst\u00e8me de sant\u00e9\",\"item\":\"https:\/\/www.interpharma.ch\/fr\/themen\/gesundheitswesen-fr\/\"},{\"@type\":\"ListItem\",\"position\":4,\"name\":\"Pr\u00e9vention\"}]},{\"@type\":\"WebSite\",\"@id\":\"https:\/\/www.interpharma.ch\/#website\",\"url\":\"https:\/\/www.interpharma.ch\/\",\"name\":\"Interpharma\",\"description\":\"Verband der forschenden Pharmazeutischen Firmen\",\"publisher\":{\"@id\":\"https:\/\/www.interpharma.ch\/#organization\"},\"potentialAction\":[{\"@type\":\"SearchAction\",\"target\":{\"@type\":\"EntryPoint\",\"urlTemplate\":\"https:\/\/www.interpharma.ch\/?s={search_term_string}\"},\"query-input\":{\"@type\":\"PropertyValueSpecification\",\"valueRequired\":true,\"valueName\":\"search_term_string\"}}],\"inLanguage\":\"fr-FR\"},{\"@type\":\"Organization\",\"@id\":\"https:\/\/www.interpharma.ch\/#organization\",\"name\":\"Interpharma\",\"url\":\"https:\/\/www.interpharma.ch\/\",\"logo\":{\"@type\":\"ImageObject\",\"inLanguage\":\"fr-FR\",\"@id\":\"https:\/\/www.interpharma.ch\/#\/schema\/logo\/image\/\",\"url\":\"https:\/\/interpharma.ch\/wp-content\/uploads\/2026\/03\/20251014_iph_logo_wort_bildmarke_rgb_final_cu01.svg\",\"contentUrl\":\"https:\/\/interpharma.ch\/wp-content\/uploads\/2026\/03\/20251014_iph_logo_wort_bildmarke_rgb_final_cu01.svg\",\"width\":\"1200\",\"height\":\"1200\",\"caption\":\"Interpharma\"},\"image\":{\"@id\":\"https:\/\/www.interpharma.ch\/#\/schema\/logo\/image\/\"},\"sameAs\":[\"https:\/\/x.com\/interpharma_ch\",\"https:\/\/ch.linkedin.com\/company\/interpharma\",\"https:\/\/www.instagram.com\/interpharma_ch\/\"]}]}<\/script>\n<!-- \/ Yoast SEO Premium plugin. -->","yoast_head_json":{"title":"Pr\u00e9vention - Interpharma","robots":{"index":"index","follow":"follow","max-snippet":"max-snippet:-1","max-image-preview":"max-image-preview:large","max-video-preview":"max-video-preview:-1"},"canonical":"https:\/\/www.interpharma.ch\/fr\/themen\/gesundheitswesen-fr\/prevention\/","og_locale":"fr_FR","og_type":"article","og_title":"Pr\u00e9vention","og_description":"La pr\u00e9vention englobe toutes les mesures visant \u00e0 \u00e9viter l\u2019apparition de maladies, \u00e0 les d\u00e9pister \u00e0 un stade pr\u00e9coce ou \u00e0 ralentir leur \u00e9volution lorsqu\u2019elles sont d\u00e9j\u00e0 pr\u00e9sentes. Des interventions pr\u00e9coces, cibl\u00e9es et pr\u00e9ventives peuvent \u00e9viter les souffrances et les co\u00fbts associ\u00e9s. Certaines mesures pr\u00e9ventives font par cons\u00e9quent partie des interventions de sant\u00e9 les plus [&hellip;]","og_url":"https:\/\/www.interpharma.ch\/fr\/themen\/gesundheitswesen-fr\/prevention\/","og_site_name":"Interpharma","og_image":[{"width":960,"height":721,"url":"https:\/\/www.interpharma.ch\/wp-content\/uploads\/2026\/03\/Interpharma_gesundheitswesen_praevention.jpg","type":"image\/jpeg"}],"twitter_card":"summary_large_image","twitter_site":"@interpharma_ch","twitter_misc":{"Dur\u00e9e de lecture estim\u00e9e":"2 minutes"},"schema":{"@context":"https:\/\/schema.org","@graph":[{"@type":"WebPage","@id":"https:\/\/www.interpharma.ch\/fr\/themen\/gesundheitswesen-fr\/prevention\/","url":"https:\/\/www.interpharma.ch\/fr\/themen\/gesundheitswesen-fr\/prevention\/","name":"Pr\u00e9vention - Interpharma","isPartOf":{"@id":"https:\/\/www.interpharma.ch\/#website"},"primaryImageOfPage":{"@id":"https:\/\/www.interpharma.ch\/fr\/themen\/gesundheitswesen-fr\/prevention\/#primaryimage"},"image":{"@id":"https:\/\/www.interpharma.ch\/fr\/themen\/gesundheitswesen-fr\/prevention\/#primaryimage"},"thumbnailUrl":"https:\/\/www.interpharma.ch\/wp-content\/uploads\/2026\/03\/Interpharma_gesundheitswesen_praevention.jpg","datePublished":"2026-02-25T07:25:49+00:00","breadcrumb":{"@id":"https:\/\/www.interpharma.ch\/fr\/themen\/gesundheitswesen-fr\/prevention\/#breadcrumb"},"inLanguage":"fr-FR","potentialAction":[{"@type":"ReadAction","target":["https:\/\/www.interpharma.ch\/fr\/themen\/gesundheitswesen-fr\/prevention\/"]}]},{"@type":"ImageObject","inLanguage":"fr-FR","@id":"https:\/\/www.interpharma.ch\/fr\/themen\/gesundheitswesen-fr\/prevention\/#primaryimage","url":"https:\/\/www.interpharma.ch\/wp-content\/uploads\/2026\/03\/Interpharma_gesundheitswesen_praevention.jpg","contentUrl":"https:\/\/www.interpharma.ch\/wp-content\/uploads\/2026\/03\/Interpharma_gesundheitswesen_praevention.jpg","width":960,"height":721},{"@type":"BreadcrumbList","@id":"https:\/\/www.interpharma.ch\/fr\/themen\/gesundheitswesen-fr\/prevention\/#breadcrumb","itemListElement":[{"@type":"ListItem","position":1,"name":"Startseite","item":"https:\/\/www.interpharma.ch\/fr\/"},{"@type":"ListItem","position":2,"name":"Nos th\u00e8mes","item":"https:\/\/www.interpharma.ch\/fr\/themen\/"},{"@type":"ListItem","position":3,"name":"Syst\u00e8me de sant\u00e9","item":"https:\/\/www.interpharma.ch\/fr\/themen\/gesundheitswesen-fr\/"},{"@type":"ListItem","position":4,"name":"Pr\u00e9vention"}]},{"@type":"WebSite","@id":"https:\/\/www.interpharma.ch\/#website","url":"https:\/\/www.interpharma.ch\/","name":"Interpharma","description":"Verband der forschenden Pharmazeutischen Firmen","publisher":{"@id":"https:\/\/www.interpharma.ch\/#organization"},"potentialAction":[{"@type":"SearchAction","target":{"@type":"EntryPoint","urlTemplate":"https:\/\/www.interpharma.ch\/?s={search_term_string}"},"query-input":{"@type":"PropertyValueSpecification","valueRequired":true,"valueName":"search_term_string"}}],"inLanguage":"fr-FR"},{"@type":"Organization","@id":"https:\/\/www.interpharma.ch\/#organization","name":"Interpharma","url":"https:\/\/www.interpharma.ch\/","logo":{"@type":"ImageObject","inLanguage":"fr-FR","@id":"https:\/\/www.interpharma.ch\/#\/schema\/logo\/image\/","url":"https:\/\/interpharma.ch\/wp-content\/uploads\/2026\/03\/20251014_iph_logo_wort_bildmarke_rgb_final_cu01.svg","contentUrl":"https:\/\/interpharma.ch\/wp-content\/uploads\/2026\/03\/20251014_iph_logo_wort_bildmarke_rgb_final_cu01.svg","width":"1200","height":"1200","caption":"Interpharma"},"image":{"@id":"https:\/\/www.interpharma.ch\/#\/schema\/logo\/image\/"},"sameAs":["https:\/\/x.com\/interpharma_ch","https:\/\/ch.linkedin.com\/company\/interpharma","https:\/\/www.instagram.com\/interpharma_ch\/"]}]}},"_links":{"self":[{"href":"https:\/\/www.interpharma.ch\/fr\/wp-json\/wp\/v2\/pages\/4152","targetHints":{"allow":["GET"]}}],"collection":[{"href":"https:\/\/www.interpharma.ch\/fr\/wp-json\/wp\/v2\/pages"}],"about":[{"href":"https:\/\/www.interpharma.ch\/fr\/wp-json\/wp\/v2\/types\/page"}],"author":[{"embeddable":true,"href":"https:\/\/www.interpharma.ch\/fr\/wp-json\/wp\/v2\/users\/1"}],"replies":[{"embeddable":true,"href":"https:\/\/www.interpharma.ch\/fr\/wp-json\/wp\/v2\/comments?post=4152"}],"version-history":[{"count":1,"href":"https:\/\/www.interpharma.ch\/fr\/wp-json\/wp\/v2\/pages\/4152\/revisions"}],"predecessor-version":[{"id":4153,"href":"https:\/\/www.interpharma.ch\/fr\/wp-json\/wp\/v2\/pages\/4152\/revisions\/4153"}],"up":[{"embeddable":true,"href":"https:\/\/www.interpharma.ch\/fr\/wp-json\/wp\/v2\/pages\/4194"}],"wp:featuredmedia":[{"embeddable":true,"href":"https:\/\/www.interpharma.ch\/fr\/wp-json\/wp\/v2\/media\/14803"}],"wp:attachment":[{"href":"https:\/\/www.interpharma.ch\/fr\/wp-json\/wp\/v2\/media?parent=4152"}],"curies":[{"name":"wp","href":"https:\/\/api.w.org\/{rel}","templated":true}]}}