{"id":4146,"date":"2026-02-25T08:25:49","date_gmt":"2026-02-25T07:25:49","guid":{"rendered":"https:\/\/iph-multisite.berta-bewegt.ch\/?page_id=4146"},"modified":"2026-02-25T08:25:49","modified_gmt":"2026-02-25T07:25:49","slug":"qualite-du-systeme-de-sante","status":"publish","type":"page","link":"https:\/\/www.interpharma.ch\/fr\/themen\/gesundheitswesen-fr\/qualite-du-systeme-de-sante\/","title":{"rendered":"Qualit\u00e9 du syst\u00e8me de sant\u00e9"},"content":{"rendered":"\n<p>En\ncomparaison internationale, le syst\u00e8me de sant\u00e9 suisse est consid\u00e9r\u00e9 comme\n\u00e9tant de haute qualit\u00e9. Mais nombre de projets de r\u00e9formes sont uniquement\nmotiv\u00e9s par la volont\u00e9 de r\u00e9duire les co\u00fbts. Dans ce contexte, il n\u2019est pas\nvraiment \u00e9tonnant que les d\u00e9bats sur les r\u00e9formes portent actuellement surtout\nsur le financement, concr\u00e8tement sur les assureurs-maladie et non plus sur les\nperformances du syst\u00e8me de sant\u00e9. Il est indispensable de se remettre \u00e0\nd\u00e9battre de la qualit\u00e9 du syst\u00e8me de sant\u00e9 suisse, plut\u00f4t que de s\u2019enliser dans\ndes d\u00e9bats sur les co\u00fbts. <\/p>\n\n\n\n<p>Les\nHealth Technology Assessments (HTA, \u00e9valuation des technologies de la sant\u00e9)\ncontribuent \u00e0 un d\u00e9bat plus objectif sur les co\u00fbts. Leur but est de servir de\nbase \u00e0 une am\u00e9lioration de la qualit\u00e9 et du caract\u00e8re \u00e9conomique du syst\u00e8me de\nsant\u00e9. Un exemple actuel en est l\u2019examen de la place du cannabis en m\u00e9decine.\nL\u2019Office f\u00e9d\u00e9ral de la sant\u00e9 publique (OFSP) pr\u00e9voit, suite \u00e0 un mandat du\nConseil f\u00e9d\u00e9ral, de faire r\u00e9aliser un HTA afin de clarifier l\u2019\u00e9valuation des\npreuves scientifiques du cannabis dans les diff\u00e9rentes indications, par exemple\nle traitement de la douleur chronique ou des spasmes dans la scl\u00e9rose en\nplaques. Il s\u2019agit par l\u00e0 en particulier de clarifier l\u2019\u00e9conomicit\u00e9 et donc le\nmode de financement des m\u00e9dicaments \u00e0 base de cannabis. Compte tenu des\nexp\u00e9riences et des discussions en cours sur la consommation excessive\nd\u2019opio\u00efdes, il a \u00e9t\u00e9 sugg\u00e9r\u00e9 d\u2019inclure l\u2019aspect \u00absant\u00e9 publique\u00bb dans le HTA.<\/p>\n\n\n\n<p>Actuellement,\nles activit\u00e9s HTA de la Conf\u00e9d\u00e9ration portent largement sur le contr\u00f4le de\nl\u2019efficacit\u00e9 des m\u00e9dicaments. Or ceux-ci sont la seule prestation du syst\u00e8me de\nsant\u00e9 dont l\u2019efficacit\u00e9 et le caract\u00e8re \u00e9conomique sont d\u00e9j\u00e0 v\u00e9rifi\u00e9s de\nmani\u00e8re institutionnalis\u00e9e tous les trois ans. Par cons\u00e9quent, Interpharma\ndemande d\u2019\u00e9largir et de mieux \u00e9quilibrer le champ th\u00e9matique, afin que les HTA\npuissent contribuer de mani\u00e8re g\u00e9n\u00e9rale \u00e0 l\u2019am\u00e9lioration de la qualit\u00e9 dans le\nsyst\u00e8me de sant\u00e9 suisse.<\/p>\n\n\n\n<h2 class=\"wp-block-heading\" id=\"h-rationnement\">Rationnement <\/h2>\n\n\n\n<p>Rationner signifie cr\u00e9er une p\u00e9nurie artificielle de prestations m\u00e9dicales justifi\u00e9es. Cela voudrait dire par exemple refuser \u00e0 une patiente une op\u00e9ration de la hanche parce qu\u2019elle a d\u00e9pass\u00e9 un certain \u00e2ge et que, de ce fait, l\u2019intervention n\u2019est plus consid\u00e9r\u00e9e comme rentable.<\/p>\n\n\n\n<p>En 2016, au terme d\u2019une longue bataille judiciaire, le Tribunal f\u00e9d\u00e9ral a confirm\u00e9 un arr\u00eat du Tribunal des assurances du canton de Saint-Gall d\u00e9terminant pour les patient-e-s atteint-e-s de maladies rares. Cet arr\u00eat condamnait la caisse d\u2019assurance-maladie CPT \u00e0 prendre en charge le traitement vital d\u2019une patiente atteinte d\u2019une maladie neuromusculaire rare, la maladie de Pompe. Le m\u00e9dicament figurait dans la liste des sp\u00e9cialit\u00e9s, mais la caisse-maladie avait critiqu\u00e9 les crit\u00e8res d\u2019admission du m\u00e9dicament (en particulier l\u2019efficacit\u00e9 et le caract\u00e8re \u00e9conomique). De ce fait, elle avait refus\u00e9 de prendre en charge les co\u00fbts du traitement. Le Tribunal f\u00e9d\u00e9ral a jug\u00e9 que la patiente remplissait les conditions de prise en charge des co\u00fbts conform\u00e9ment \u00e0 la liste des sp\u00e9cialit\u00e9s et que la caisse-maladie n\u2019\u00e9tait pas l\u00e9gitim\u00e9e \u00e0 remettre en cause le bien-fond\u00e9 de l\u2019introduction d\u2019un m\u00e9dicament sur la liste des sp\u00e9cialit\u00e9s. Ce jugement est tr\u00e8s important pour toutes les personnes atteintes d\u2019une maladie rare, car il peut contribuer \u00e0 \u00e9viter des suspensions de traitement dues \u00e0 de longues proc\u00e9dures et \u00e0 aboutir \u00e0 plus d\u2019\u00e9galit\u00e9 de traitement en Suisse.&nbsp;<\/p>\n\n\n\n<h2 class=\"wp-block-heading\" id=\"h-le-rationnement-entraine-une-medecine-a-deux-vitesses\">Le\nrationnement entra\u00eene une m\u00e9decine \u00e0 deux vitesses<\/h2>\n\n\n\n<p>L\u2019allongement\nde l\u2019esp\u00e9rance de vie est un bienfait, mais s\u2019accompagne de d\u00e9fis de taille\npour la recherche et pour la soci\u00e9t\u00e9 dans son ensemble. \u00c0 cet \u00e9gard, des\naspects \u00e9thiques et moraux joueront \u00e0 l\u2019avenir un r\u00f4le pr\u00e9pond\u00e9rant dans la\npolitique de sant\u00e9. Vu la hausse des co\u00fbts, les \u00e9conomistes de la sant\u00e9 se\ndemandent par exemple quel devrait \u00eatre le co\u00fbt d\u2019une ann\u00e9e de vie\nsuppl\u00e9mentaire. Il existe diff\u00e9rents mod\u00e8les de calcul, mais au bout du compte,\ntous d\u00e9bouchent sur un rationnement des prestations m\u00e9dicales. L\u2019industrie\npharmaceutique rejette une telle approche, car il est in\u00e9vitable qu\u2019elle\nentra\u00eene une m\u00e9decine \u00e0 deux vitesses.<\/p>\n\n\n\n<p>Il\nne s\u2019agit donc pas en premier lieu de d\u00e9cisions \u00e9conomiques, mais aussi de\nd\u00e9cisions sociales et surtout morales et \u00e9thiques. Le d\u00e9bat \u00e0 ce sujet a\ncommenc\u00e9 en Suisse, mais il n\u2019est pas encore men\u00e9 assez largement. Il en va de\nm\u00eame de la m\u00e9decine palliative. La Conf\u00e9d\u00e9ration a lanc\u00e9 un essai et\nl\u2019acceptation sociale augmente, mais la soci\u00e9t\u00e9 doit encore discuter de sa diff\u00e9renciation\navec les traitements curatifs.<\/p>\n","protected":false},"excerpt":{"rendered":"<p>En comparaison internationale, le syst\u00e8me de sant\u00e9 suisse est consid\u00e9r\u00e9 comme \u00e9tant de haute qualit\u00e9. Mais nombre de projets de r\u00e9formes sont uniquement motiv\u00e9s par la volont\u00e9 de r\u00e9duire les co\u00fbts. Dans ce contexte, il n\u2019est pas vraiment \u00e9tonnant que les d\u00e9bats sur les r\u00e9formes portent actuellement surtout sur le financement, concr\u00e8tement sur les assureurs-maladie [&hellip;]<\/p>\n","protected":false},"author":1,"featured_media":14799,"parent":4194,"menu_order":0,"comment_status":"closed","ping_status":"closed","template":"page-templates\/unterthema.php","meta":{"_acf_changed":false,"inline_featured_image":false,"footnotes":""},"class_list":["post-4146","page","type-page","status-publish","has-post-thumbnail","hentry"],"acf":[],"yoast_head":"<!-- This site is optimized with the Yoast SEO Premium plugin v27.2 (Yoast SEO v27.2) - https:\/\/yoast.com\/product\/yoast-seo-premium-wordpress\/ -->\n<title>Qualit\u00e9 du syst\u00e8me de sant\u00e9 - Interpharma<\/title>\n<meta name=\"robots\" content=\"index, follow, max-snippet:-1, max-image-preview:large, max-video-preview:-1\" \/>\n<link rel=\"canonical\" href=\"https:\/\/www.interpharma.ch\/fr\/themen\/gesundheitswesen-fr\/qualite-du-systeme-de-sante\/\" \/>\n<meta property=\"og:locale\" content=\"fr_FR\" \/>\n<meta property=\"og:type\" content=\"article\" \/>\n<meta property=\"og:title\" content=\"Qualit\u00e9 du syst\u00e8me de sant\u00e9\" \/>\n<meta property=\"og:description\" content=\"En comparaison internationale, le syst\u00e8me de sant\u00e9 suisse est consid\u00e9r\u00e9 comme \u00e9tant de haute qualit\u00e9. Mais nombre de projets de r\u00e9formes sont uniquement motiv\u00e9s par la volont\u00e9 de r\u00e9duire les co\u00fbts. Dans ce contexte, il n\u2019est pas vraiment \u00e9tonnant que les d\u00e9bats sur les r\u00e9formes portent actuellement surtout sur le financement, concr\u00e8tement sur les assureurs-maladie [&hellip;]\" \/>\n<meta property=\"og:url\" content=\"https:\/\/www.interpharma.ch\/fr\/themen\/gesundheitswesen-fr\/qualite-du-systeme-de-sante\/\" \/>\n<meta property=\"og:site_name\" content=\"Interpharma\" \/>\n<meta property=\"og:image\" content=\"https:\/\/www.interpharma.ch\/wp-content\/uploads\/2026\/03\/Interpharma_gesundheitswesen_qualitaet.jpg\" \/>\n\t<meta property=\"og:image:width\" content=\"960\" \/>\n\t<meta property=\"og:image:height\" content=\"721\" \/>\n\t<meta property=\"og:image:type\" content=\"image\/jpeg\" \/>\n<meta name=\"twitter:card\" content=\"summary_large_image\" \/>\n<meta name=\"twitter:site\" content=\"@interpharma_ch\" \/>\n<meta name=\"twitter:label1\" content=\"Dur\u00e9e de lecture estim\u00e9e\" \/>\n\t<meta name=\"twitter:data1\" content=\"4 minutes\" \/>\n<script type=\"application\/ld+json\" class=\"yoast-schema-graph\">{\"@context\":\"https:\/\/schema.org\",\"@graph\":[{\"@type\":\"WebPage\",\"@id\":\"https:\/\/www.interpharma.ch\/fr\/themen\/gesundheitswesen-fr\/qualite-du-systeme-de-sante\/\",\"url\":\"https:\/\/www.interpharma.ch\/fr\/themen\/gesundheitswesen-fr\/qualite-du-systeme-de-sante\/\",\"name\":\"Qualit\u00e9 du syst\u00e8me de sant\u00e9 - Interpharma\",\"isPartOf\":{\"@id\":\"https:\/\/www.interpharma.ch\/#website\"},\"primaryImageOfPage\":{\"@id\":\"https:\/\/www.interpharma.ch\/fr\/themen\/gesundheitswesen-fr\/qualite-du-systeme-de-sante\/#primaryimage\"},\"image\":{\"@id\":\"https:\/\/www.interpharma.ch\/fr\/themen\/gesundheitswesen-fr\/qualite-du-systeme-de-sante\/#primaryimage\"},\"thumbnailUrl\":\"https:\/\/www.interpharma.ch\/wp-content\/uploads\/2026\/03\/Interpharma_gesundheitswesen_qualitaet.jpg\",\"datePublished\":\"2026-02-25T07:25:49+00:00\",\"breadcrumb\":{\"@id\":\"https:\/\/www.interpharma.ch\/fr\/themen\/gesundheitswesen-fr\/qualite-du-systeme-de-sante\/#breadcrumb\"},\"inLanguage\":\"fr-FR\",\"potentialAction\":[{\"@type\":\"ReadAction\",\"target\":[\"https:\/\/www.interpharma.ch\/fr\/themen\/gesundheitswesen-fr\/qualite-du-systeme-de-sante\/\"]}]},{\"@type\":\"ImageObject\",\"inLanguage\":\"fr-FR\",\"@id\":\"https:\/\/www.interpharma.ch\/fr\/themen\/gesundheitswesen-fr\/qualite-du-systeme-de-sante\/#primaryimage\",\"url\":\"https:\/\/www.interpharma.ch\/wp-content\/uploads\/2026\/03\/Interpharma_gesundheitswesen_qualitaet.jpg\",\"contentUrl\":\"https:\/\/www.interpharma.ch\/wp-content\/uploads\/2026\/03\/Interpharma_gesundheitswesen_qualitaet.jpg\",\"width\":960,\"height\":721},{\"@type\":\"BreadcrumbList\",\"@id\":\"https:\/\/www.interpharma.ch\/fr\/themen\/gesundheitswesen-fr\/qualite-du-systeme-de-sante\/#breadcrumb\",\"itemListElement\":[{\"@type\":\"ListItem\",\"position\":1,\"name\":\"Startseite\",\"item\":\"https:\/\/www.interpharma.ch\/fr\/\"},{\"@type\":\"ListItem\",\"position\":2,\"name\":\"Nos th\u00e8mes\",\"item\":\"https:\/\/www.interpharma.ch\/fr\/themen\/\"},{\"@type\":\"ListItem\",\"position\":3,\"name\":\"Syst\u00e8me de sant\u00e9\",\"item\":\"https:\/\/www.interpharma.ch\/fr\/themen\/gesundheitswesen-fr\/\"},{\"@type\":\"ListItem\",\"position\":4,\"name\":\"Qualit\u00e9 du syst\u00e8me de sant\u00e9\"}]},{\"@type\":\"WebSite\",\"@id\":\"https:\/\/www.interpharma.ch\/#website\",\"url\":\"https:\/\/www.interpharma.ch\/\",\"name\":\"Interpharma\",\"description\":\"Verband der forschenden Pharmazeutischen Firmen\",\"publisher\":{\"@id\":\"https:\/\/www.interpharma.ch\/#organization\"},\"potentialAction\":[{\"@type\":\"SearchAction\",\"target\":{\"@type\":\"EntryPoint\",\"urlTemplate\":\"https:\/\/www.interpharma.ch\/?s={search_term_string}\"},\"query-input\":{\"@type\":\"PropertyValueSpecification\",\"valueRequired\":true,\"valueName\":\"search_term_string\"}}],\"inLanguage\":\"fr-FR\"},{\"@type\":\"Organization\",\"@id\":\"https:\/\/www.interpharma.ch\/#organization\",\"name\":\"Interpharma\",\"url\":\"https:\/\/www.interpharma.ch\/\",\"logo\":{\"@type\":\"ImageObject\",\"inLanguage\":\"fr-FR\",\"@id\":\"https:\/\/www.interpharma.ch\/#\/schema\/logo\/image\/\",\"url\":\"https:\/\/interpharma.ch\/wp-content\/uploads\/2026\/03\/20251014_iph_logo_wort_bildmarke_rgb_final_cu01.svg\",\"contentUrl\":\"https:\/\/interpharma.ch\/wp-content\/uploads\/2026\/03\/20251014_iph_logo_wort_bildmarke_rgb_final_cu01.svg\",\"width\":\"1200\",\"height\":\"1200\",\"caption\":\"Interpharma\"},\"image\":{\"@id\":\"https:\/\/www.interpharma.ch\/#\/schema\/logo\/image\/\"},\"sameAs\":[\"https:\/\/x.com\/interpharma_ch\",\"https:\/\/ch.linkedin.com\/company\/interpharma\",\"https:\/\/www.instagram.com\/interpharma_ch\/\"]}]}<\/script>\n<!-- \/ Yoast SEO Premium plugin. -->","yoast_head_json":{"title":"Qualit\u00e9 du syst\u00e8me de sant\u00e9 - Interpharma","robots":{"index":"index","follow":"follow","max-snippet":"max-snippet:-1","max-image-preview":"max-image-preview:large","max-video-preview":"max-video-preview:-1"},"canonical":"https:\/\/www.interpharma.ch\/fr\/themen\/gesundheitswesen-fr\/qualite-du-systeme-de-sante\/","og_locale":"fr_FR","og_type":"article","og_title":"Qualit\u00e9 du syst\u00e8me de sant\u00e9","og_description":"En comparaison internationale, le syst\u00e8me de sant\u00e9 suisse est consid\u00e9r\u00e9 comme \u00e9tant de haute qualit\u00e9. Mais nombre de projets de r\u00e9formes sont uniquement motiv\u00e9s par la volont\u00e9 de r\u00e9duire les co\u00fbts. Dans ce contexte, il n\u2019est pas vraiment \u00e9tonnant que les d\u00e9bats sur les r\u00e9formes portent actuellement surtout sur le financement, concr\u00e8tement sur les assureurs-maladie [&hellip;]","og_url":"https:\/\/www.interpharma.ch\/fr\/themen\/gesundheitswesen-fr\/qualite-du-systeme-de-sante\/","og_site_name":"Interpharma","og_image":[{"width":960,"height":721,"url":"https:\/\/www.interpharma.ch\/wp-content\/uploads\/2026\/03\/Interpharma_gesundheitswesen_qualitaet.jpg","type":"image\/jpeg"}],"twitter_card":"summary_large_image","twitter_site":"@interpharma_ch","twitter_misc":{"Dur\u00e9e de lecture estim\u00e9e":"4 minutes"},"schema":{"@context":"https:\/\/schema.org","@graph":[{"@type":"WebPage","@id":"https:\/\/www.interpharma.ch\/fr\/themen\/gesundheitswesen-fr\/qualite-du-systeme-de-sante\/","url":"https:\/\/www.interpharma.ch\/fr\/themen\/gesundheitswesen-fr\/qualite-du-systeme-de-sante\/","name":"Qualit\u00e9 du syst\u00e8me de sant\u00e9 - Interpharma","isPartOf":{"@id":"https:\/\/www.interpharma.ch\/#website"},"primaryImageOfPage":{"@id":"https:\/\/www.interpharma.ch\/fr\/themen\/gesundheitswesen-fr\/qualite-du-systeme-de-sante\/#primaryimage"},"image":{"@id":"https:\/\/www.interpharma.ch\/fr\/themen\/gesundheitswesen-fr\/qualite-du-systeme-de-sante\/#primaryimage"},"thumbnailUrl":"https:\/\/www.interpharma.ch\/wp-content\/uploads\/2026\/03\/Interpharma_gesundheitswesen_qualitaet.jpg","datePublished":"2026-02-25T07:25:49+00:00","breadcrumb":{"@id":"https:\/\/www.interpharma.ch\/fr\/themen\/gesundheitswesen-fr\/qualite-du-systeme-de-sante\/#breadcrumb"},"inLanguage":"fr-FR","potentialAction":[{"@type":"ReadAction","target":["https:\/\/www.interpharma.ch\/fr\/themen\/gesundheitswesen-fr\/qualite-du-systeme-de-sante\/"]}]},{"@type":"ImageObject","inLanguage":"fr-FR","@id":"https:\/\/www.interpharma.ch\/fr\/themen\/gesundheitswesen-fr\/qualite-du-systeme-de-sante\/#primaryimage","url":"https:\/\/www.interpharma.ch\/wp-content\/uploads\/2026\/03\/Interpharma_gesundheitswesen_qualitaet.jpg","contentUrl":"https:\/\/www.interpharma.ch\/wp-content\/uploads\/2026\/03\/Interpharma_gesundheitswesen_qualitaet.jpg","width":960,"height":721},{"@type":"BreadcrumbList","@id":"https:\/\/www.interpharma.ch\/fr\/themen\/gesundheitswesen-fr\/qualite-du-systeme-de-sante\/#breadcrumb","itemListElement":[{"@type":"ListItem","position":1,"name":"Startseite","item":"https:\/\/www.interpharma.ch\/fr\/"},{"@type":"ListItem","position":2,"name":"Nos th\u00e8mes","item":"https:\/\/www.interpharma.ch\/fr\/themen\/"},{"@type":"ListItem","position":3,"name":"Syst\u00e8me de sant\u00e9","item":"https:\/\/www.interpharma.ch\/fr\/themen\/gesundheitswesen-fr\/"},{"@type":"ListItem","position":4,"name":"Qualit\u00e9 du syst\u00e8me de sant\u00e9"}]},{"@type":"WebSite","@id":"https:\/\/www.interpharma.ch\/#website","url":"https:\/\/www.interpharma.ch\/","name":"Interpharma","description":"Verband der forschenden Pharmazeutischen Firmen","publisher":{"@id":"https:\/\/www.interpharma.ch\/#organization"},"potentialAction":[{"@type":"SearchAction","target":{"@type":"EntryPoint","urlTemplate":"https:\/\/www.interpharma.ch\/?s={search_term_string}"},"query-input":{"@type":"PropertyValueSpecification","valueRequired":true,"valueName":"search_term_string"}}],"inLanguage":"fr-FR"},{"@type":"Organization","@id":"https:\/\/www.interpharma.ch\/#organization","name":"Interpharma","url":"https:\/\/www.interpharma.ch\/","logo":{"@type":"ImageObject","inLanguage":"fr-FR","@id":"https:\/\/www.interpharma.ch\/#\/schema\/logo\/image\/","url":"https:\/\/interpharma.ch\/wp-content\/uploads\/2026\/03\/20251014_iph_logo_wort_bildmarke_rgb_final_cu01.svg","contentUrl":"https:\/\/interpharma.ch\/wp-content\/uploads\/2026\/03\/20251014_iph_logo_wort_bildmarke_rgb_final_cu01.svg","width":"1200","height":"1200","caption":"Interpharma"},"image":{"@id":"https:\/\/www.interpharma.ch\/#\/schema\/logo\/image\/"},"sameAs":["https:\/\/x.com\/interpharma_ch","https:\/\/ch.linkedin.com\/company\/interpharma","https:\/\/www.instagram.com\/interpharma_ch\/"]}]}},"_links":{"self":[{"href":"https:\/\/www.interpharma.ch\/fr\/wp-json\/wp\/v2\/pages\/4146","targetHints":{"allow":["GET"]}}],"collection":[{"href":"https:\/\/www.interpharma.ch\/fr\/wp-json\/wp\/v2\/pages"}],"about":[{"href":"https:\/\/www.interpharma.ch\/fr\/wp-json\/wp\/v2\/types\/page"}],"author":[{"embeddable":true,"href":"https:\/\/www.interpharma.ch\/fr\/wp-json\/wp\/v2\/users\/1"}],"replies":[{"embeddable":true,"href":"https:\/\/www.interpharma.ch\/fr\/wp-json\/wp\/v2\/comments?post=4146"}],"version-history":[{"count":1,"href":"https:\/\/www.interpharma.ch\/fr\/wp-json\/wp\/v2\/pages\/4146\/revisions"}],"predecessor-version":[{"id":4147,"href":"https:\/\/www.interpharma.ch\/fr\/wp-json\/wp\/v2\/pages\/4146\/revisions\/4147"}],"up":[{"embeddable":true,"href":"https:\/\/www.interpharma.ch\/fr\/wp-json\/wp\/v2\/pages\/4194"}],"wp:featuredmedia":[{"embeddable":true,"href":"https:\/\/www.interpharma.ch\/fr\/wp-json\/wp\/v2\/media\/14799"}],"wp:attachment":[{"href":"https:\/\/www.interpharma.ch\/fr\/wp-json\/wp\/v2\/media?parent=4146"}],"curies":[{"name":"wp","href":"https:\/\/api.w.org\/{rel}","templated":true}]}}