{"id":4128,"date":"2026-02-25T08:25:48","date_gmt":"2026-02-25T07:25:48","guid":{"rendered":"https:\/\/iph-multisite.berta-bewegt.ch\/?page_id=4128"},"modified":"2026-02-25T08:25:48","modified_gmt":"2026-02-25T07:25:48","slug":"securite-pharmaceutique","status":"publish","type":"page","link":"https:\/\/www.interpharma.ch\/fr\/themen\/der-patient-im-mittelpunkt\/securite-pharmaceutique\/","title":{"rendered":"S\u00e9curit\u00e9 pharmaceutique"},"content":{"rendered":"\n<p>Tant\npour le l\u00e9gislateur que pour les entreprises pharmaceutiques pratiquant la\nrecherche, la s\u00e9curit\u00e9 des patients a toujours \u00e9t\u00e9 la priorit\u00e9 absolue. En\nSuisse, c\u2019est l\u2019Institut suisse des produits th\u00e9rapeutiques Swissmedic qui est\nresponsable de la s\u00e9curit\u00e9 des m\u00e9dicaments et de la mise en \u0153uvre de la loi sur\nles produits th\u00e9rapeutiques (LPTh). Cette loi exige de toute personne effectuant\ndes op\u00e9rations en rapport avec des produits th\u00e9rapeutiques de prendre toutes\nles mesures requises par l\u2019\u00e9tat de la science et de la technique afin de ne pas\nmettre en danger la sant\u00e9 de l\u2019\u00eatre humain et des animaux.<\/p>\n\n\n\n<h2 class=\"wp-block-heading\">S\u00e9curit\u00e9 dans les canaux officiels<\/h2>\n\n\n\n<p>Les\nentreprises qui fabriquent ou distribuent des m\u00e9dicaments en Suisse (y compris\nimportation, commerce de gros, exportation et commerce \u00e0 l\u2019\u00e9tranger) ont besoin\nd\u2019une autorisation d\u00e9livr\u00e9e par Swissmedic. Celles-ci sont d\u00e9livr\u00e9es apr\u00e8s\ninspection. La Suisse est le seul pays qui exige aussi une autorisation pour le\ncommerce de m\u00e9dicaments \u00e0 l\u2019\u00e9tranger. Sur le plan national, les conditions\nr\u00e9gissant le commerce des m\u00e9dicaments sont encore plus s\u00e9v\u00e8res. De ce fait,\nselon les indications de Swissmedic, aucun m\u00e9dicament falsifi\u00e9 n\u2019a encore \u00e9t\u00e9\nd\u00e9tect\u00e9 dans les canaux officiels de distribution.<\/p>\n\n\n\n<p>En\nvertu de la loi sur les produits th\u00e9rapeutiques, Swissmedic peut saisir, garder\nen d\u00e9p\u00f4t ou d\u00e9truire des m\u00e9dicaments dangereux pour la sant\u00e9 ou n\u2019ayant pas\nre\u00e7u d\u2019autorisation. De plus, Swissmedic peut interdire et poursuivre\np\u00e9nalement la distribution et la remise de tels produits, leur importation et\nleur exportation ainsi que leur commerce \u00e0 l\u2019\u00e9tranger \u00e0 partir de la Suisse.\nEst actuellement passible de peine quiconque met en danger la sant\u00e9 d\u2019\u00eatres\nhumains du fait qu\u2019il n\u00e9glige son devoir de diligence lorsqu\u2019il effectue des\nop\u00e9rations en rapport avec des produits th\u00e9rapeutiques, et quiconque fabrique,\nmet sur le march\u00e9, prescrit, importe ou exporte des m\u00e9dicaments ou en fait le\ncommerce \u00e0 l\u2019\u00e9tranger sans l\u2019autorisation n\u00e9cessaire.<\/p>\n\n\n\n<h2 class=\"wp-block-heading\">Mesures pour plus de s\u00e9curit\u00e9 des m\u00e9dicaments<\/h2>\n\n\n\n<p>La\nr\u00e9vision de la loi sur les produits th\u00e9rapeutiques entr\u00e9e en vigueur d\u00e9but 2019\ncontient encore d\u2019autres dispositions qui am\u00e9liorent la s\u00e9curit\u00e9\npharmaceutique: en cas de soup\u00e7on de contrefa\u00e7on, les autorit\u00e9s d\u2019ex\u00e9cution\nn\u2019ont plus besoin de prouver que la sant\u00e9 de patients a pu \u00eatre mise en danger.\nCette preuve n\u2019est gu\u00e8re possible \u00e0 \u00e9tablir: les patients sont souvent inconnus\nou c\u2019est le secret m\u00e9dical qui s\u2019applique. La mise en danger potentielle de la\nsant\u00e9 est aujourd\u2019hui passible de peine.<\/p>\n\n\n\n<p>On\nne peut malheureusement pas se pr\u00e9munir compl\u00e8tement des contrefa\u00e7ons et des\ntromperies. Vu les cons\u00e9quences sanitaires potentiellement tr\u00e8s graves, de\ngrands efforts sont entrepris en Suisse et \u00e0 l\u2019\u00e9chelon international pour\nemp\u00eacher la fabrication et le commerce de contrefa\u00e7ons et de m\u00e9dicaments dont\nla s\u00e9curit\u00e9 n\u2019est pas assur\u00e9e. Au bout du compte, c\u2019est tout un paquet de\nmesures et de pr\u00e9cautions qui doit contribuer \u00e0 assurer la s\u00e9curit\u00e9 des\nm\u00e9dicaments en Suisse. La proc\u00e9dure d\u2019autorisation des m\u00e9dicaments par\nSwissmedic et la lutte contre les contrefa\u00e7ons en sont deux exemples.<\/p>\n","protected":false},"excerpt":{"rendered":"<p>Tant pour le l\u00e9gislateur que pour les entreprises pharmaceutiques pratiquant la recherche, la s\u00e9curit\u00e9 des patients a toujours \u00e9t\u00e9 la priorit\u00e9 absolue. En Suisse, c\u2019est l\u2019Institut suisse des produits th\u00e9rapeutiques Swissmedic qui est responsable de la s\u00e9curit\u00e9 des m\u00e9dicaments et de la mise en \u0153uvre de la loi sur les produits th\u00e9rapeutiques (LPTh). Cette loi [&hellip;]<\/p>\n","protected":false},"author":1,"featured_media":14764,"parent":4206,"menu_order":4,"comment_status":"closed","ping_status":"closed","template":"page-templates\/unterthema.php","meta":{"_acf_changed":false,"inline_featured_image":false,"footnotes":""},"class_list":["post-4128","page","type-page","status-publish","has-post-thumbnail","hentry"],"acf":[],"yoast_head":"<!-- This site is optimized with the Yoast SEO Premium plugin v27.2 (Yoast SEO v27.2) - https:\/\/yoast.com\/product\/yoast-seo-premium-wordpress\/ -->\n<title>S\u00e9curit\u00e9 pharmaceutique - Interpharma<\/title>\n<meta name=\"robots\" content=\"index, follow, max-snippet:-1, max-image-preview:large, max-video-preview:-1\" \/>\n<link rel=\"canonical\" href=\"https:\/\/www.interpharma.ch\/fr\/themen\/der-patient-im-mittelpunkt\/securite-pharmaceutique\/\" \/>\n<meta property=\"og:locale\" content=\"fr_FR\" \/>\n<meta property=\"og:type\" content=\"article\" \/>\n<meta property=\"og:title\" content=\"S\u00e9curit\u00e9 pharmaceutique\" \/>\n<meta property=\"og:description\" content=\"Tant pour le l\u00e9gislateur que pour les entreprises pharmaceutiques pratiquant la recherche, la s\u00e9curit\u00e9 des patients a toujours \u00e9t\u00e9 la priorit\u00e9 absolue. En Suisse, c\u2019est l\u2019Institut suisse des produits th\u00e9rapeutiques Swissmedic qui est responsable de la s\u00e9curit\u00e9 des m\u00e9dicaments et de la mise en \u0153uvre de la loi sur les produits th\u00e9rapeutiques (LPTh). Cette loi [&hellip;]\" \/>\n<meta property=\"og:url\" content=\"https:\/\/www.interpharma.ch\/fr\/themen\/der-patient-im-mittelpunkt\/securite-pharmaceutique\/\" \/>\n<meta property=\"og:site_name\" content=\"Interpharma\" \/>\n<meta property=\"og:image\" content=\"https:\/\/www.interpharma.ch\/wp-content\/uploads\/2026\/03\/Interpharma_patientimmittelpunkt_arzneimittelsicherheit.jpg\" \/>\n\t<meta property=\"og:image:width\" content=\"960\" \/>\n\t<meta property=\"og:image:height\" content=\"721\" \/>\n\t<meta property=\"og:image:type\" content=\"image\/jpeg\" \/>\n<meta name=\"twitter:card\" content=\"summary_large_image\" \/>\n<meta name=\"twitter:site\" content=\"@interpharma_ch\" \/>\n<meta name=\"twitter:label1\" content=\"Dur\u00e9e de lecture estim\u00e9e\" \/>\n\t<meta name=\"twitter:data1\" content=\"3 minutes\" \/>\n<script type=\"application\/ld+json\" class=\"yoast-schema-graph\">{\"@context\":\"https:\/\/schema.org\",\"@graph\":[{\"@type\":\"WebPage\",\"@id\":\"https:\/\/www.interpharma.ch\/fr\/themen\/der-patient-im-mittelpunkt\/securite-pharmaceutique\/\",\"url\":\"https:\/\/www.interpharma.ch\/fr\/themen\/der-patient-im-mittelpunkt\/securite-pharmaceutique\/\",\"name\":\"S\u00e9curit\u00e9 pharmaceutique - Interpharma\",\"isPartOf\":{\"@id\":\"https:\/\/www.interpharma.ch\/#website\"},\"primaryImageOfPage\":{\"@id\":\"https:\/\/www.interpharma.ch\/fr\/themen\/der-patient-im-mittelpunkt\/securite-pharmaceutique\/#primaryimage\"},\"image\":{\"@id\":\"https:\/\/www.interpharma.ch\/fr\/themen\/der-patient-im-mittelpunkt\/securite-pharmaceutique\/#primaryimage\"},\"thumbnailUrl\":\"https:\/\/www.interpharma.ch\/wp-content\/uploads\/2026\/03\/Interpharma_patientimmittelpunkt_arzneimittelsicherheit.jpg\",\"datePublished\":\"2026-02-25T07:25:48+00:00\",\"breadcrumb\":{\"@id\":\"https:\/\/www.interpharma.ch\/fr\/themen\/der-patient-im-mittelpunkt\/securite-pharmaceutique\/#breadcrumb\"},\"inLanguage\":\"fr-FR\",\"potentialAction\":[{\"@type\":\"ReadAction\",\"target\":[\"https:\/\/www.interpharma.ch\/fr\/themen\/der-patient-im-mittelpunkt\/securite-pharmaceutique\/\"]}]},{\"@type\":\"ImageObject\",\"inLanguage\":\"fr-FR\",\"@id\":\"https:\/\/www.interpharma.ch\/fr\/themen\/der-patient-im-mittelpunkt\/securite-pharmaceutique\/#primaryimage\",\"url\":\"https:\/\/www.interpharma.ch\/wp-content\/uploads\/2026\/03\/Interpharma_patientimmittelpunkt_arzneimittelsicherheit.jpg\",\"contentUrl\":\"https:\/\/www.interpharma.ch\/wp-content\/uploads\/2026\/03\/Interpharma_patientimmittelpunkt_arzneimittelsicherheit.jpg\",\"width\":960,\"height\":721},{\"@type\":\"BreadcrumbList\",\"@id\":\"https:\/\/www.interpharma.ch\/fr\/themen\/der-patient-im-mittelpunkt\/securite-pharmaceutique\/#breadcrumb\",\"itemListElement\":[{\"@type\":\"ListItem\",\"position\":1,\"name\":\"Startseite\",\"item\":\"https:\/\/www.interpharma.ch\/fr\/\"},{\"@type\":\"ListItem\",\"position\":2,\"name\":\"Nos th\u00e8mes\",\"item\":\"https:\/\/www.interpharma.ch\/fr\/themen\/\"},{\"@type\":\"ListItem\",\"position\":3,\"name\":\"Le patient au centre des consid\u00e9rations\",\"item\":\"https:\/\/www.interpharma.ch\/fr\/themen\/der-patient-im-mittelpunkt\/\"},{\"@type\":\"ListItem\",\"position\":4,\"name\":\"S\u00e9curit\u00e9 pharmaceutique\"}]},{\"@type\":\"WebSite\",\"@id\":\"https:\/\/www.interpharma.ch\/#website\",\"url\":\"https:\/\/www.interpharma.ch\/\",\"name\":\"Interpharma\",\"description\":\"Verband der forschenden Pharmazeutischen Firmen\",\"publisher\":{\"@id\":\"https:\/\/www.interpharma.ch\/#organization\"},\"potentialAction\":[{\"@type\":\"SearchAction\",\"target\":{\"@type\":\"EntryPoint\",\"urlTemplate\":\"https:\/\/www.interpharma.ch\/?s={search_term_string}\"},\"query-input\":{\"@type\":\"PropertyValueSpecification\",\"valueRequired\":true,\"valueName\":\"search_term_string\"}}],\"inLanguage\":\"fr-FR\"},{\"@type\":\"Organization\",\"@id\":\"https:\/\/www.interpharma.ch\/#organization\",\"name\":\"Interpharma\",\"url\":\"https:\/\/www.interpharma.ch\/\",\"logo\":{\"@type\":\"ImageObject\",\"inLanguage\":\"fr-FR\",\"@id\":\"https:\/\/www.interpharma.ch\/#\/schema\/logo\/image\/\",\"url\":\"https:\/\/interpharma.ch\/wp-content\/uploads\/2026\/03\/20251014_iph_logo_wort_bildmarke_rgb_final_cu01.svg\",\"contentUrl\":\"https:\/\/interpharma.ch\/wp-content\/uploads\/2026\/03\/20251014_iph_logo_wort_bildmarke_rgb_final_cu01.svg\",\"width\":\"1200\",\"height\":\"1200\",\"caption\":\"Interpharma\"},\"image\":{\"@id\":\"https:\/\/www.interpharma.ch\/#\/schema\/logo\/image\/\"},\"sameAs\":[\"https:\/\/x.com\/interpharma_ch\",\"https:\/\/ch.linkedin.com\/company\/interpharma\",\"https:\/\/www.instagram.com\/interpharma_ch\/\"]}]}<\/script>\n<!-- \/ Yoast SEO Premium plugin. -->","yoast_head_json":{"title":"S\u00e9curit\u00e9 pharmaceutique - Interpharma","robots":{"index":"index","follow":"follow","max-snippet":"max-snippet:-1","max-image-preview":"max-image-preview:large","max-video-preview":"max-video-preview:-1"},"canonical":"https:\/\/www.interpharma.ch\/fr\/themen\/der-patient-im-mittelpunkt\/securite-pharmaceutique\/","og_locale":"fr_FR","og_type":"article","og_title":"S\u00e9curit\u00e9 pharmaceutique","og_description":"Tant pour le l\u00e9gislateur que pour les entreprises pharmaceutiques pratiquant la recherche, la s\u00e9curit\u00e9 des patients a toujours \u00e9t\u00e9 la priorit\u00e9 absolue. En Suisse, c\u2019est l\u2019Institut suisse des produits th\u00e9rapeutiques Swissmedic qui est responsable de la s\u00e9curit\u00e9 des m\u00e9dicaments et de la mise en \u0153uvre de la loi sur les produits th\u00e9rapeutiques (LPTh). Cette loi [&hellip;]","og_url":"https:\/\/www.interpharma.ch\/fr\/themen\/der-patient-im-mittelpunkt\/securite-pharmaceutique\/","og_site_name":"Interpharma","og_image":[{"width":960,"height":721,"url":"https:\/\/www.interpharma.ch\/wp-content\/uploads\/2026\/03\/Interpharma_patientimmittelpunkt_arzneimittelsicherheit.jpg","type":"image\/jpeg"}],"twitter_card":"summary_large_image","twitter_site":"@interpharma_ch","twitter_misc":{"Dur\u00e9e de lecture estim\u00e9e":"3 minutes"},"schema":{"@context":"https:\/\/schema.org","@graph":[{"@type":"WebPage","@id":"https:\/\/www.interpharma.ch\/fr\/themen\/der-patient-im-mittelpunkt\/securite-pharmaceutique\/","url":"https:\/\/www.interpharma.ch\/fr\/themen\/der-patient-im-mittelpunkt\/securite-pharmaceutique\/","name":"S\u00e9curit\u00e9 pharmaceutique - Interpharma","isPartOf":{"@id":"https:\/\/www.interpharma.ch\/#website"},"primaryImageOfPage":{"@id":"https:\/\/www.interpharma.ch\/fr\/themen\/der-patient-im-mittelpunkt\/securite-pharmaceutique\/#primaryimage"},"image":{"@id":"https:\/\/www.interpharma.ch\/fr\/themen\/der-patient-im-mittelpunkt\/securite-pharmaceutique\/#primaryimage"},"thumbnailUrl":"https:\/\/www.interpharma.ch\/wp-content\/uploads\/2026\/03\/Interpharma_patientimmittelpunkt_arzneimittelsicherheit.jpg","datePublished":"2026-02-25T07:25:48+00:00","breadcrumb":{"@id":"https:\/\/www.interpharma.ch\/fr\/themen\/der-patient-im-mittelpunkt\/securite-pharmaceutique\/#breadcrumb"},"inLanguage":"fr-FR","potentialAction":[{"@type":"ReadAction","target":["https:\/\/www.interpharma.ch\/fr\/themen\/der-patient-im-mittelpunkt\/securite-pharmaceutique\/"]}]},{"@type":"ImageObject","inLanguage":"fr-FR","@id":"https:\/\/www.interpharma.ch\/fr\/themen\/der-patient-im-mittelpunkt\/securite-pharmaceutique\/#primaryimage","url":"https:\/\/www.interpharma.ch\/wp-content\/uploads\/2026\/03\/Interpharma_patientimmittelpunkt_arzneimittelsicherheit.jpg","contentUrl":"https:\/\/www.interpharma.ch\/wp-content\/uploads\/2026\/03\/Interpharma_patientimmittelpunkt_arzneimittelsicherheit.jpg","width":960,"height":721},{"@type":"BreadcrumbList","@id":"https:\/\/www.interpharma.ch\/fr\/themen\/der-patient-im-mittelpunkt\/securite-pharmaceutique\/#breadcrumb","itemListElement":[{"@type":"ListItem","position":1,"name":"Startseite","item":"https:\/\/www.interpharma.ch\/fr\/"},{"@type":"ListItem","position":2,"name":"Nos th\u00e8mes","item":"https:\/\/www.interpharma.ch\/fr\/themen\/"},{"@type":"ListItem","position":3,"name":"Le patient au centre des consid\u00e9rations","item":"https:\/\/www.interpharma.ch\/fr\/themen\/der-patient-im-mittelpunkt\/"},{"@type":"ListItem","position":4,"name":"S\u00e9curit\u00e9 pharmaceutique"}]},{"@type":"WebSite","@id":"https:\/\/www.interpharma.ch\/#website","url":"https:\/\/www.interpharma.ch\/","name":"Interpharma","description":"Verband der forschenden Pharmazeutischen Firmen","publisher":{"@id":"https:\/\/www.interpharma.ch\/#organization"},"potentialAction":[{"@type":"SearchAction","target":{"@type":"EntryPoint","urlTemplate":"https:\/\/www.interpharma.ch\/?s={search_term_string}"},"query-input":{"@type":"PropertyValueSpecification","valueRequired":true,"valueName":"search_term_string"}}],"inLanguage":"fr-FR"},{"@type":"Organization","@id":"https:\/\/www.interpharma.ch\/#organization","name":"Interpharma","url":"https:\/\/www.interpharma.ch\/","logo":{"@type":"ImageObject","inLanguage":"fr-FR","@id":"https:\/\/www.interpharma.ch\/#\/schema\/logo\/image\/","url":"https:\/\/interpharma.ch\/wp-content\/uploads\/2026\/03\/20251014_iph_logo_wort_bildmarke_rgb_final_cu01.svg","contentUrl":"https:\/\/interpharma.ch\/wp-content\/uploads\/2026\/03\/20251014_iph_logo_wort_bildmarke_rgb_final_cu01.svg","width":"1200","height":"1200","caption":"Interpharma"},"image":{"@id":"https:\/\/www.interpharma.ch\/#\/schema\/logo\/image\/"},"sameAs":["https:\/\/x.com\/interpharma_ch","https:\/\/ch.linkedin.com\/company\/interpharma","https:\/\/www.instagram.com\/interpharma_ch\/"]}]}},"_links":{"self":[{"href":"https:\/\/www.interpharma.ch\/fr\/wp-json\/wp\/v2\/pages\/4128","targetHints":{"allow":["GET"]}}],"collection":[{"href":"https:\/\/www.interpharma.ch\/fr\/wp-json\/wp\/v2\/pages"}],"about":[{"href":"https:\/\/www.interpharma.ch\/fr\/wp-json\/wp\/v2\/types\/page"}],"author":[{"embeddable":true,"href":"https:\/\/www.interpharma.ch\/fr\/wp-json\/wp\/v2\/users\/1"}],"replies":[{"embeddable":true,"href":"https:\/\/www.interpharma.ch\/fr\/wp-json\/wp\/v2\/comments?post=4128"}],"version-history":[{"count":1,"href":"https:\/\/www.interpharma.ch\/fr\/wp-json\/wp\/v2\/pages\/4128\/revisions"}],"predecessor-version":[{"id":4129,"href":"https:\/\/www.interpharma.ch\/fr\/wp-json\/wp\/v2\/pages\/4128\/revisions\/4129"}],"up":[{"embeddable":true,"href":"https:\/\/www.interpharma.ch\/fr\/wp-json\/wp\/v2\/pages\/4206"}],"wp:featuredmedia":[{"embeddable":true,"href":"https:\/\/www.interpharma.ch\/fr\/wp-json\/wp\/v2\/media\/14764"}],"wp:attachment":[{"href":"https:\/\/www.interpharma.ch\/fr\/wp-json\/wp\/v2\/media?parent=4128"}],"curies":[{"name":"wp","href":"https:\/\/api.w.org\/{rel}","templated":true}]}}