{"id":4122,"date":"2026-02-25T08:25:47","date_gmt":"2026-02-25T07:25:47","guid":{"rendered":"https:\/\/iph-multisite.berta-bewegt.ch\/?page_id=4122"},"modified":"2026-02-25T13:17:13","modified_gmt":"2026-02-25T12:17:13","slug":"securite-dapprovisionnement","status":"publish","type":"page","link":"https:\/\/www.interpharma.ch\/fr\/themen\/der-patient-im-mittelpunkt\/securite-dapprovisionnement\/","title":{"rendered":"S\u00e9curit\u00e9 d\u2019approvisionnement"},"content":{"rendered":"\n<p>Les goulets d\u2019\u00e9tranglement dans la cha\u00eene d\u2019approvisionnement en m\u00e9dicaments sont un probl\u00e8me mondial. La mondialisation des syst\u00e8mes de fabrication et de distribution g\u00e9n\u00e8re une concentration de la production sur un ou quelques sites peu nombreux. Aux \u00c9tats-Unis, on conna\u00eet ce probl\u00e8me depuis la fin des ann\u00e9es 1990. En Suisse, les difficult\u00e9s de livraison ne sont pas nouvelles, mais attirent encore et toujours l\u2019attention des m\u00e9dias. En g\u00e9n\u00e9ral, elles sont dues \u00e0 des conditions particuli\u00e8res, situ\u00e9es le plus souvent dans les pays producteurs.<\/p>\n\n\n\n<p>Un\n\u00e9l\u00e9ment essentiel en est la mondialisation des march\u00e9s et la concentration de\nla production dans peu de laboratoires, en liaison avec une livraison \u00e0 flux\ntendu et la r\u00e9duction des stocks qui accompagne ce ph\u00e9nom\u00e8ne: moins de stocks des\nfabricants, mais aussi dans la cha\u00eene d\u2019approvisionnement, p.&nbsp;ex.\ngrossistes, h\u00f4pitaux, etc. De m\u00eame, des raisons techniques li\u00e9es \u00e0 la\nfabrication peuvent \u00eatre en cause, par exemple des probl\u00e8mes de stabilit\u00e9, de\nst\u00e9rilit\u00e9, etc. et conduire \u00e0 des difficult\u00e9s de livraison passag\u00e8res.<\/p>\n\n\n\n<p>Une\ndemande croissante dans le monde entier peut aussi entra\u00eener des goulets\nd\u2019\u00e9tranglement, car les capacit\u00e9s de production ne peuvent pas \u00eatre \u00e9tendues du\njour au lendemain: il faut des ann\u00e9es pour mettre en service une nouvelle\ncha\u00eene de fabrication pour une production complexe. Un exemple en est la\nfabrication de vaccins. La demande de vaccins est actuellement non seulement en\nhausse dans le monde entier, mais aussi tr\u00e8s variable du fait de modifications\nde l\u2019\u00e9ventail d\u2019agents pathog\u00e8nes, de nouvelles recommandations de vaccination\nou de l\u2019apparition de pand\u00e9mies.<\/p>\n\n\n\n<h2 class=\"wp-block-heading\" id=\"h-tous-les-medicaments-ne-sont-pas-concernes-de-la-meme-maniere\"><strong>Tous\nles m\u00e9dicaments ne sont pas concern\u00e9s de la m\u00eame mani\u00e8re<\/strong><strong><\/strong><\/h2>\n\n\n\n<p>Les\nproduits les plus expos\u00e9s au risque de rupture d\u2019approvisionnement sont les\nsubstances actives qui ne sont fournies que par quelques sites de production au\nmonde et les m\u00e9dicaments anciens dont le brevet a expir\u00e9 ou dont l\u2019autorisation\nde mise sur le march\u00e9 est ancienne. 95% des difficult\u00e9s de livraison concernent\ndes substances actives dont le brevet a expir\u00e9. Les m\u00e9dicaments sous brevet\nsont rarement concern\u00e9s.<\/p>\n\n\n\n<p>Les\ndifficult\u00e9s de livraison sont certes contrariantes pour les patients, mais ne\nposent g\u00e9n\u00e9ralement pas de probl\u00e8mes critiques. Si une taille d\u2019emballage fait d\u00e9faut,\non peut parfois la remplacer par une autre ou par le m\u00e9dicament d\u2019une autre\nentreprise. Par contre, une v\u00e9ritable p\u00e9nurie est probl\u00e9matique. Elle se\nproduit si l\u2019on ne dispose pas d\u2019alternative th\u00e9rapeutique et qu\u2019il y a rupture\nde stock syst\u00e9matique de toute une gamme de produits.<\/p>\n\n\n\n<h2 class=\"wp-block-heading\" id=\"h-vaccins\"><strong>Vaccins<\/strong><strong><\/strong><\/h2>\n\n\n\n<p>Les\nvaccins sont produits par un nombre limit\u00e9 de groupes internationaux. En raison\nde la complexit\u00e9 des processus, la production ne peut \u00eatre modifi\u00e9e qu\u2019\u00e0 tr\u00e8s\nlong terme. En outre, les producteurs de vaccins sont confront\u00e9s \u00e0 des\nprocessus d\u2019autorisation non harmonis\u00e9s et \u00e0 des processus de remboursement complexes.<\/p>\n\n\n\n<h2 class=\"wp-block-heading\" id=\"h-les-entreprises-pharmaceutiques-doivent-notifier-les-ruptures-de-stock\"><strong>Les\nentreprises pharmaceutiques doivent notifier les ruptures de stock<\/strong><strong><\/strong><\/h2>\n\n\n\n<p>Depuis\nd\u00e9but octobre 2015, les entreprises pharmaceutiques doivent notifier \u00e0 l\u2019Office\nf\u00e9d\u00e9ral pour l\u2019approvisionnement \u00e9conomique du pays (OFAE) toute rupture de\nstock qui se prolonge sur plus de deux semaines. Si une p\u00e9nurie menace, l\u2019OFAE\nindique des alternatives, par exemple g\u00e9n\u00e9riques ou autres formes de\ntraitement. La branche pharmaceutique soutient la plate-forme de notification\nde l\u2019OFAE et a contribu\u00e9 au processus de mani\u00e8re constructive d\u00e8s le d\u00e9but.\n\n\u00c9tant\ndonn\u00e9 que chaque difficult\u00e9 de livraison a des causes diff\u00e9rentes, il n\u2019y a pas\nde solution unique pour tous les cas de figure. Des mesures d\u2019urgence peuvent\n\u00eatre des contingents de distribution pour \u00e9viter les \u00abachats compulsifs\u00bb et la\nconstitution de stocks par la population, ou encore la mise en place et la\ntenue de listes appel\u00e9es registres. Les m\u00e9dicaments et substances actives\ncontre des maladies rares ou mortelles sans alternative th\u00e9rapeutique peuvent\n\u00eatre stock\u00e9s sous forme de r\u00e9serves obligatoires. Les r\u00e9serves obligatoires\nsont r\u00e9gl\u00e9es par la Loi f\u00e9d\u00e9rale sur l\u2019approvisionnement \u00e9conomique du pays\n(loi sur l\u2019approvisionnement du pays, LAP). Par le pass\u00e9, elles ont d\u00e9j\u00e0 \u00e0\nplusieurs reprises assur\u00e9 l\u2019approvisionnement lors de p\u00e9nuries. En cas de\nn\u00e9cessit\u00e9 urgente en Suisse, un m\u00e9dicament encore disponible \u00e0 l\u2019\u00e9tranger peut\nexceptionnellement \u00eatre achet\u00e9 dans son emballage original du pays en question\nen passant par le fabricant ou une pharmacie.\n\n\n\n<\/p>\n","protected":false},"excerpt":{"rendered":"<p>Les goulets d\u2019\u00e9tranglement dans la cha\u00eene d\u2019approvisionnement en m\u00e9dicaments sont un probl\u00e8me mondial. La mondialisation des syst\u00e8mes de fabrication et de distribution g\u00e9n\u00e8re une concentration de la production sur un ou quelques sites peu nombreux. Aux \u00c9tats-Unis, on conna\u00eet ce probl\u00e8me depuis la fin des ann\u00e9es 1990. En Suisse, les difficult\u00e9s de livraison ne sont [&hellip;]<\/p>\n","protected":false},"author":1,"featured_media":14760,"parent":4206,"menu_order":5,"comment_status":"closed","ping_status":"closed","template":"page-templates\/unterthema.php","meta":{"_acf_changed":false,"inline_featured_image":false,"footnotes":""},"class_list":["post-4122","page","type-page","status-publish","has-post-thumbnail","hentry"],"acf":[],"yoast_head":"<!-- This site is optimized with the Yoast SEO Premium plugin v27.2 (Yoast SEO v27.2) - https:\/\/yoast.com\/product\/yoast-seo-premium-wordpress\/ -->\n<title>S\u00e9curit\u00e9 d\u2019approvisionnement - Interpharma<\/title>\n<meta name=\"robots\" content=\"index, follow, max-snippet:-1, max-image-preview:large, max-video-preview:-1\" \/>\n<link rel=\"canonical\" href=\"https:\/\/www.interpharma.ch\/fr\/themen\/der-patient-im-mittelpunkt\/securite-dapprovisionnement\/\" \/>\n<meta property=\"og:locale\" content=\"fr_FR\" \/>\n<meta property=\"og:type\" content=\"article\" \/>\n<meta property=\"og:title\" content=\"S\u00e9curit\u00e9 d\u2019approvisionnement\" \/>\n<meta property=\"og:description\" content=\"Les goulets d\u2019\u00e9tranglement dans la cha\u00eene d\u2019approvisionnement en m\u00e9dicaments sont un probl\u00e8me mondial. La mondialisation des syst\u00e8mes de fabrication et de distribution g\u00e9n\u00e8re une concentration de la production sur un ou quelques sites peu nombreux. Aux \u00c9tats-Unis, on conna\u00eet ce probl\u00e8me depuis la fin des ann\u00e9es 1990. En Suisse, les difficult\u00e9s de livraison ne sont [&hellip;]\" \/>\n<meta property=\"og:url\" content=\"https:\/\/www.interpharma.ch\/fr\/themen\/der-patient-im-mittelpunkt\/securite-dapprovisionnement\/\" \/>\n<meta property=\"og:site_name\" content=\"Interpharma\" \/>\n<meta property=\"article:modified_time\" content=\"2026-02-25T12:17:13+00:00\" \/>\n<meta property=\"og:image\" content=\"https:\/\/www.interpharma.ch\/wp-content\/uploads\/2026\/03\/Interpharma_patientimmittelpunkt_versorgungssicherheit.jpg\" \/>\n\t<meta property=\"og:image:width\" content=\"960\" \/>\n\t<meta property=\"og:image:height\" content=\"721\" \/>\n\t<meta property=\"og:image:type\" content=\"image\/jpeg\" \/>\n<meta name=\"twitter:card\" content=\"summary_large_image\" \/>\n<meta name=\"twitter:site\" content=\"@interpharma_ch\" \/>\n<meta name=\"twitter:label1\" content=\"Dur\u00e9e de lecture estim\u00e9e\" \/>\n\t<meta name=\"twitter:data1\" content=\"4 minutes\" \/>\n<script type=\"application\/ld+json\" class=\"yoast-schema-graph\">{\"@context\":\"https:\/\/schema.org\",\"@graph\":[{\"@type\":\"WebPage\",\"@id\":\"https:\/\/www.interpharma.ch\/fr\/themen\/der-patient-im-mittelpunkt\/securite-dapprovisionnement\/\",\"url\":\"https:\/\/www.interpharma.ch\/fr\/themen\/der-patient-im-mittelpunkt\/securite-dapprovisionnement\/\",\"name\":\"S\u00e9curit\u00e9 d\u2019approvisionnement - Interpharma\",\"isPartOf\":{\"@id\":\"https:\/\/www.interpharma.ch\/#website\"},\"primaryImageOfPage\":{\"@id\":\"https:\/\/www.interpharma.ch\/fr\/themen\/der-patient-im-mittelpunkt\/securite-dapprovisionnement\/#primaryimage\"},\"image\":{\"@id\":\"https:\/\/www.interpharma.ch\/fr\/themen\/der-patient-im-mittelpunkt\/securite-dapprovisionnement\/#primaryimage\"},\"thumbnailUrl\":\"https:\/\/www.interpharma.ch\/wp-content\/uploads\/2026\/03\/Interpharma_patientimmittelpunkt_versorgungssicherheit.jpg\",\"datePublished\":\"2026-02-25T07:25:47+00:00\",\"dateModified\":\"2026-02-25T12:17:13+00:00\",\"breadcrumb\":{\"@id\":\"https:\/\/www.interpharma.ch\/fr\/themen\/der-patient-im-mittelpunkt\/securite-dapprovisionnement\/#breadcrumb\"},\"inLanguage\":\"fr-FR\",\"potentialAction\":[{\"@type\":\"ReadAction\",\"target\":[\"https:\/\/www.interpharma.ch\/fr\/themen\/der-patient-im-mittelpunkt\/securite-dapprovisionnement\/\"]}]},{\"@type\":\"ImageObject\",\"inLanguage\":\"fr-FR\",\"@id\":\"https:\/\/www.interpharma.ch\/fr\/themen\/der-patient-im-mittelpunkt\/securite-dapprovisionnement\/#primaryimage\",\"url\":\"https:\/\/www.interpharma.ch\/wp-content\/uploads\/2026\/03\/Interpharma_patientimmittelpunkt_versorgungssicherheit.jpg\",\"contentUrl\":\"https:\/\/www.interpharma.ch\/wp-content\/uploads\/2026\/03\/Interpharma_patientimmittelpunkt_versorgungssicherheit.jpg\",\"width\":960,\"height\":721},{\"@type\":\"BreadcrumbList\",\"@id\":\"https:\/\/www.interpharma.ch\/fr\/themen\/der-patient-im-mittelpunkt\/securite-dapprovisionnement\/#breadcrumb\",\"itemListElement\":[{\"@type\":\"ListItem\",\"position\":1,\"name\":\"Startseite\",\"item\":\"https:\/\/www.interpharma.ch\/fr\/\"},{\"@type\":\"ListItem\",\"position\":2,\"name\":\"Nos th\u00e8mes\",\"item\":\"https:\/\/www.interpharma.ch\/fr\/themen\/\"},{\"@type\":\"ListItem\",\"position\":3,\"name\":\"Le patient au centre des consid\u00e9rations\",\"item\":\"https:\/\/www.interpharma.ch\/fr\/themen\/der-patient-im-mittelpunkt\/\"},{\"@type\":\"ListItem\",\"position\":4,\"name\":\"S\u00e9curit\u00e9 d\u2019approvisionnement\"}]},{\"@type\":\"WebSite\",\"@id\":\"https:\/\/www.interpharma.ch\/#website\",\"url\":\"https:\/\/www.interpharma.ch\/\",\"name\":\"Interpharma\",\"description\":\"Verband der forschenden Pharmazeutischen Firmen\",\"publisher\":{\"@id\":\"https:\/\/www.interpharma.ch\/#organization\"},\"potentialAction\":[{\"@type\":\"SearchAction\",\"target\":{\"@type\":\"EntryPoint\",\"urlTemplate\":\"https:\/\/www.interpharma.ch\/?s={search_term_string}\"},\"query-input\":{\"@type\":\"PropertyValueSpecification\",\"valueRequired\":true,\"valueName\":\"search_term_string\"}}],\"inLanguage\":\"fr-FR\"},{\"@type\":\"Organization\",\"@id\":\"https:\/\/www.interpharma.ch\/#organization\",\"name\":\"Interpharma\",\"url\":\"https:\/\/www.interpharma.ch\/\",\"logo\":{\"@type\":\"ImageObject\",\"inLanguage\":\"fr-FR\",\"@id\":\"https:\/\/www.interpharma.ch\/#\/schema\/logo\/image\/\",\"url\":\"https:\/\/interpharma.ch\/wp-content\/uploads\/2026\/03\/20251014_iph_logo_wort_bildmarke_rgb_final_cu01.svg\",\"contentUrl\":\"https:\/\/interpharma.ch\/wp-content\/uploads\/2026\/03\/20251014_iph_logo_wort_bildmarke_rgb_final_cu01.svg\",\"width\":\"1200\",\"height\":\"1200\",\"caption\":\"Interpharma\"},\"image\":{\"@id\":\"https:\/\/www.interpharma.ch\/#\/schema\/logo\/image\/\"},\"sameAs\":[\"https:\/\/x.com\/interpharma_ch\",\"https:\/\/ch.linkedin.com\/company\/interpharma\",\"https:\/\/www.instagram.com\/interpharma_ch\/\"]}]}<\/script>\n<!-- \/ Yoast SEO Premium plugin. -->","yoast_head_json":{"title":"S\u00e9curit\u00e9 d\u2019approvisionnement - Interpharma","robots":{"index":"index","follow":"follow","max-snippet":"max-snippet:-1","max-image-preview":"max-image-preview:large","max-video-preview":"max-video-preview:-1"},"canonical":"https:\/\/www.interpharma.ch\/fr\/themen\/der-patient-im-mittelpunkt\/securite-dapprovisionnement\/","og_locale":"fr_FR","og_type":"article","og_title":"S\u00e9curit\u00e9 d\u2019approvisionnement","og_description":"Les goulets d\u2019\u00e9tranglement dans la cha\u00eene d\u2019approvisionnement en m\u00e9dicaments sont un probl\u00e8me mondial. La mondialisation des syst\u00e8mes de fabrication et de distribution g\u00e9n\u00e8re une concentration de la production sur un ou quelques sites peu nombreux. Aux \u00c9tats-Unis, on conna\u00eet ce probl\u00e8me depuis la fin des ann\u00e9es 1990. En Suisse, les difficult\u00e9s de livraison ne sont [&hellip;]","og_url":"https:\/\/www.interpharma.ch\/fr\/themen\/der-patient-im-mittelpunkt\/securite-dapprovisionnement\/","og_site_name":"Interpharma","article_modified_time":"2026-02-25T12:17:13+00:00","og_image":[{"width":960,"height":721,"url":"https:\/\/www.interpharma.ch\/wp-content\/uploads\/2026\/03\/Interpharma_patientimmittelpunkt_versorgungssicherheit.jpg","type":"image\/jpeg"}],"twitter_card":"summary_large_image","twitter_site":"@interpharma_ch","twitter_misc":{"Dur\u00e9e de lecture estim\u00e9e":"4 minutes"},"schema":{"@context":"https:\/\/schema.org","@graph":[{"@type":"WebPage","@id":"https:\/\/www.interpharma.ch\/fr\/themen\/der-patient-im-mittelpunkt\/securite-dapprovisionnement\/","url":"https:\/\/www.interpharma.ch\/fr\/themen\/der-patient-im-mittelpunkt\/securite-dapprovisionnement\/","name":"S\u00e9curit\u00e9 d\u2019approvisionnement - Interpharma","isPartOf":{"@id":"https:\/\/www.interpharma.ch\/#website"},"primaryImageOfPage":{"@id":"https:\/\/www.interpharma.ch\/fr\/themen\/der-patient-im-mittelpunkt\/securite-dapprovisionnement\/#primaryimage"},"image":{"@id":"https:\/\/www.interpharma.ch\/fr\/themen\/der-patient-im-mittelpunkt\/securite-dapprovisionnement\/#primaryimage"},"thumbnailUrl":"https:\/\/www.interpharma.ch\/wp-content\/uploads\/2026\/03\/Interpharma_patientimmittelpunkt_versorgungssicherheit.jpg","datePublished":"2026-02-25T07:25:47+00:00","dateModified":"2026-02-25T12:17:13+00:00","breadcrumb":{"@id":"https:\/\/www.interpharma.ch\/fr\/themen\/der-patient-im-mittelpunkt\/securite-dapprovisionnement\/#breadcrumb"},"inLanguage":"fr-FR","potentialAction":[{"@type":"ReadAction","target":["https:\/\/www.interpharma.ch\/fr\/themen\/der-patient-im-mittelpunkt\/securite-dapprovisionnement\/"]}]},{"@type":"ImageObject","inLanguage":"fr-FR","@id":"https:\/\/www.interpharma.ch\/fr\/themen\/der-patient-im-mittelpunkt\/securite-dapprovisionnement\/#primaryimage","url":"https:\/\/www.interpharma.ch\/wp-content\/uploads\/2026\/03\/Interpharma_patientimmittelpunkt_versorgungssicherheit.jpg","contentUrl":"https:\/\/www.interpharma.ch\/wp-content\/uploads\/2026\/03\/Interpharma_patientimmittelpunkt_versorgungssicherheit.jpg","width":960,"height":721},{"@type":"BreadcrumbList","@id":"https:\/\/www.interpharma.ch\/fr\/themen\/der-patient-im-mittelpunkt\/securite-dapprovisionnement\/#breadcrumb","itemListElement":[{"@type":"ListItem","position":1,"name":"Startseite","item":"https:\/\/www.interpharma.ch\/fr\/"},{"@type":"ListItem","position":2,"name":"Nos th\u00e8mes","item":"https:\/\/www.interpharma.ch\/fr\/themen\/"},{"@type":"ListItem","position":3,"name":"Le patient au centre des consid\u00e9rations","item":"https:\/\/www.interpharma.ch\/fr\/themen\/der-patient-im-mittelpunkt\/"},{"@type":"ListItem","position":4,"name":"S\u00e9curit\u00e9 d\u2019approvisionnement"}]},{"@type":"WebSite","@id":"https:\/\/www.interpharma.ch\/#website","url":"https:\/\/www.interpharma.ch\/","name":"Interpharma","description":"Verband der forschenden Pharmazeutischen Firmen","publisher":{"@id":"https:\/\/www.interpharma.ch\/#organization"},"potentialAction":[{"@type":"SearchAction","target":{"@type":"EntryPoint","urlTemplate":"https:\/\/www.interpharma.ch\/?s={search_term_string}"},"query-input":{"@type":"PropertyValueSpecification","valueRequired":true,"valueName":"search_term_string"}}],"inLanguage":"fr-FR"},{"@type":"Organization","@id":"https:\/\/www.interpharma.ch\/#organization","name":"Interpharma","url":"https:\/\/www.interpharma.ch\/","logo":{"@type":"ImageObject","inLanguage":"fr-FR","@id":"https:\/\/www.interpharma.ch\/#\/schema\/logo\/image\/","url":"https:\/\/interpharma.ch\/wp-content\/uploads\/2026\/03\/20251014_iph_logo_wort_bildmarke_rgb_final_cu01.svg","contentUrl":"https:\/\/interpharma.ch\/wp-content\/uploads\/2026\/03\/20251014_iph_logo_wort_bildmarke_rgb_final_cu01.svg","width":"1200","height":"1200","caption":"Interpharma"},"image":{"@id":"https:\/\/www.interpharma.ch\/#\/schema\/logo\/image\/"},"sameAs":["https:\/\/x.com\/interpharma_ch","https:\/\/ch.linkedin.com\/company\/interpharma","https:\/\/www.instagram.com\/interpharma_ch\/"]}]}},"_links":{"self":[{"href":"https:\/\/www.interpharma.ch\/fr\/wp-json\/wp\/v2\/pages\/4122","targetHints":{"allow":["GET"]}}],"collection":[{"href":"https:\/\/www.interpharma.ch\/fr\/wp-json\/wp\/v2\/pages"}],"about":[{"href":"https:\/\/www.interpharma.ch\/fr\/wp-json\/wp\/v2\/types\/page"}],"author":[{"embeddable":true,"href":"https:\/\/www.interpharma.ch\/fr\/wp-json\/wp\/v2\/users\/1"}],"replies":[{"embeddable":true,"href":"https:\/\/www.interpharma.ch\/fr\/wp-json\/wp\/v2\/comments?post=4122"}],"version-history":[{"count":2,"href":"https:\/\/www.interpharma.ch\/fr\/wp-json\/wp\/v2\/pages\/4122\/revisions"}],"predecessor-version":[{"id":4497,"href":"https:\/\/www.interpharma.ch\/fr\/wp-json\/wp\/v2\/pages\/4122\/revisions\/4497"}],"up":[{"embeddable":true,"href":"https:\/\/www.interpharma.ch\/fr\/wp-json\/wp\/v2\/pages\/4206"}],"wp:featuredmedia":[{"embeddable":true,"href":"https:\/\/www.interpharma.ch\/fr\/wp-json\/wp\/v2\/media\/14760"}],"wp:attachment":[{"href":"https:\/\/www.interpharma.ch\/fr\/wp-json\/wp\/v2\/media?parent=4122"}],"curies":[{"name":"wp","href":"https:\/\/api.w.org\/{rel}","templated":true}]}}