{"id":4116,"date":"2026-02-25T08:25:47","date_gmt":"2026-02-25T07:25:47","guid":{"rendered":"https:\/\/iph-multisite.berta-bewegt.ch\/?page_id=4116"},"modified":"2026-02-25T08:25:47","modified_gmt":"2026-02-25T07:25:47","slug":"fixation-des-prix","status":"publish","type":"page","link":"https:\/\/www.interpharma.ch\/fr\/themen\/der-patient-im-mittelpunkt\/acces-des-patient-e-s\/fixation-des-prix\/","title":{"rendered":"Fixation des prix"},"content":{"rendered":"\n<p>Le prix d\u2019un m\u00e9dicament n\u2019est pas un prix du march\u00e9, il est fix\u00e9 par l\u2019Office f\u00e9d\u00e9ral de la sant\u00e9 publique. Les innovations pharmaceutiques et m\u00e9dicales am\u00e9liorent les chances de gu\u00e9rison et de survie ou contribuent \u00e0 une meilleure qualit\u00e9 de vie des patient-e-s. Les d\u00e9penses suppl\u00e9mentaires pour de nouveaux m\u00e9dicaments sont contrebalanc\u00e9es par des \u00e9conomies dans d\u2019autres domaines (h\u00f4pital, consultations m\u00e9dicales, soins). Ce n\u2019est que peu avant l\u2019autorisation de mise sur le march\u00e9, avec le pr\u00e9avis positif de Swissmedic, que le titulaire de l\u2019autorisation peut soumettre \u00e0 l\u2019OFSP sa demande d\u2019admission dans la liste des sp\u00e9cialit\u00e9s. Dans le d\u00e9bat sur le prix des m\u00e9dicaments, on oublie souvent que la formation des prix des m\u00e9dicaments pris en charge par les caisses-maladie n\u2019a pas lieu librement sur le march\u00e9 mais fait l\u2019objet d\u2019interventions complexes de l\u2019\u00c9tat. Tant le prix de fabrique que les marges, les honoraires de conseil, les co\u00fbts administratifs et les charges fiscales sont administr\u00e9s et r\u00e9gul\u00e9s par les autorit\u00e9s. La r\u00e9glementation commence avant m\u00eame qu\u2019un m\u00e9dicament ne soit mis sur le march\u00e9. Environ 8 \u00e0 12 ans s\u2019\u00e9coulent avant qu\u2019un m\u00e9dicament soit pr\u00eat \u00e0 \u00eatre mis sur le march\u00e9 et que toutes les donn\u00e9es requises par les autorit\u00e9s pour l\u2019autorisation aient \u00e9t\u00e9 fournies et accept\u00e9es. Ce n\u2019est qu\u2019alors que le fabricant peut d\u00e9poser une demande de remboursement par les caisses-maladie.<\/p>\n\n\n\n<h2 class=\"wp-block-heading\" id=\"h-controle-des-prix-par-l-office-federal-de-la-sante-publique\"><strong>Contr\u00f4le des prix par l\u2019Office f\u00e9d\u00e9ral de la sant\u00e9 publique<\/strong><\/h2>\n\n\n\n<p>En Suisse, comme dans la plupart des autres pays, les autorit\u00e9s fixent les prix des m\u00e9dicaments et les contr\u00f4lent r\u00e9guli\u00e8rement. Pour les m\u00e9dicaments pris en charge par les caisses-maladie, le contr\u00f4le des prix est effectu\u00e9 par l\u2019Office f\u00e9d\u00e9ral de la sant\u00e9 publique (OFSP). Pour d\u00e9terminer le prix, il effectue d\u2019abord une comparaison transversale avec des produits \u00e9quivalents sur le plan th\u00e9rapeutique (comparaison th\u00e9rapeutique, CT), d\u00e9j\u00e0 autoris\u00e9s pour le traitement de la m\u00eame maladie. Ensuite, il effectue la comparaison de prix avec les pays \u00e9trangers (CPE) sur recommandation de la Commission f\u00e9d\u00e9rale des m\u00e9dicaments (CFM). Cette comparaison de prix prend en compte des pays \u00e9conomiquement comparables \u00e0 la Suisse dans le domaine pharmaceutique.<\/p>\n\n\n\n<h2 class=\"wp-block-heading\" id=\"h-liste-des-specialites\"><strong>Liste des sp\u00e9cialit\u00e9s<\/strong><\/h2>\n\n\n\n<p>Dans le cadre de l\u2019assurance obligatoire des soins, les caisses-maladie remboursent un m\u00e9dicament prescrit par un m\u00e9decin uniquement si l\u2019OFSP l\u2019a inscrit dans la liste des sp\u00e9cialit\u00e9s (LS). L\u2019admission d\u2019un m\u00e9dicament dans la LS par l\u2019OFSP est soumise \u00e0 une v\u00e9rification pr\u00e9alable de sa s\u00e9curit\u00e9, de son efficacit\u00e9 et de sa qualit\u00e9. L\u2019autorit\u00e9 responsable de ce contr\u00f4le est l\u2019Institut suisse des produits th\u00e9rapeutiques Swissmedic. Pour \u00eatre admis dans la LS, le m\u00e9dicament doit cependant non seulement \u00eatre efficace et ad\u00e9quat au sens de l\u2019assurance-maladie sociale, mais aussi \u00e9conomique (v\u00e9rification des crit\u00e8res EAE). L\u2019OFSP prend sa d\u00e9cision \u00e0 ce sujet sur recommandation de la CFM. Pour une admission dans la liste des sp\u00e9cialit\u00e9s, il faut que les crit\u00e8res EAE soient remplis.<\/p>\n\n\n\n<h2 class=\"wp-block-heading\" id=\"h-reexamen-du-prix-tous-les-trois-ans\"><strong>R\u00e9examen du prix tous les trois ans<\/strong><\/h2>\n\n\n\n<p>Tous les m\u00e9dicaments sont soumis tous les trois ans par l\u2019OFSP au r\u00e9examen de leur prix. L\u2019OFSP s\u2019appuie pour cela sur la comparaison de prix avec l\u2019\u00e9tranger (CPE) et la comparaison th\u00e9rapeutique (CT) qui sont les crit\u00e8res l\u00e9gaux de fixation des prix. Pour le r\u00e9examen des prix, l\u2019OFSP r\u00e9partit les m\u00e9dicaments en trois unit\u00e9s. Chaque ann\u00e9e, il passe en revue l\u2019une de ces unit\u00e9s et en v\u00e9rifie l\u2019efficacit\u00e9, l\u2019ad\u00e9quation et le caract\u00e8re \u00e9conomique. Entre 2017 et 2023, il a abaiss\u00e9 les prix de plus de 2700 m\u00e9dicaments de 14% en moyenne. Ces contr\u00f4les aboutissent, ann\u00e9e apr\u00e8s ann\u00e9e, \u00e0 des \u00e9conomies de plus de 1.5 milliard de francs. La branche pharmaceutique est le seul acteur du syst\u00e8me de sant\u00e9 suisse qui, par les contr\u00f4les de prix institutionnalis\u00e9s, apporte une contribution notable \u00e0 la ma\u00eetrise des co\u00fbts.<\/p>\n\n\n\n<p>Par modifications d\u2019ordonnances, le Conseil f\u00e9d\u00e9ral a mis en place un nouveau syst\u00e8me de fixation des prix, en vigueur depuis d\u00e9but mars 2017. En plus de diverses petites modifications, il a alors d\u00e9cid\u00e9 qu\u2019aussi bien lors de la premi\u00e8re admission de nouveaux m\u00e9dicaments dans la LS que lors du r\u00e9examen triennal des prix, en cas d\u2019extension de l\u2019indication et lors de l\u2019arriv\u00e9e \u00e0 \u00e9ch\u00e9ance du brevet, la CPE et la CT seraient toujours prises en compte \u00e0 \u00e9galit\u00e9. Auparavant, lors du r\u00e9examen triennal, la CPE comptait plus que la CT.<\/p>\n","protected":false},"excerpt":{"rendered":"<p>Le prix d\u2019un m\u00e9dicament n\u2019est pas un prix du march\u00e9, il est fix\u00e9 par l\u2019Office f\u00e9d\u00e9ral de la sant\u00e9 publique. Les innovations pharmaceutiques et m\u00e9dicales am\u00e9liorent les chances de gu\u00e9rison et de survie ou contribuent \u00e0 une meilleure qualit\u00e9 de vie des patient-e-s. Les d\u00e9penses suppl\u00e9mentaires pour de nouveaux m\u00e9dicaments sont contrebalanc\u00e9es par des \u00e9conomies [&hellip;]<\/p>\n","protected":false},"author":1,"featured_media":14754,"parent":4140,"menu_order":1,"comment_status":"closed","ping_status":"closed","template":"page-templates\/unterthema.php","meta":{"_acf_changed":false,"inline_featured_image":false,"footnotes":""},"class_list":["post-4116","page","type-page","status-publish","has-post-thumbnail","hentry"],"acf":[],"yoast_head":"<!-- This site is optimized with the Yoast SEO Premium plugin v27.2 (Yoast SEO v27.2) - https:\/\/yoast.com\/product\/yoast-seo-premium-wordpress\/ -->\n<title>Fixation des prix - Interpharma<\/title>\n<meta name=\"robots\" content=\"index, follow, max-snippet:-1, max-image-preview:large, max-video-preview:-1\" \/>\n<link rel=\"canonical\" href=\"https:\/\/www.interpharma.ch\/fr\/themen\/der-patient-im-mittelpunkt\/acces-des-patient-e-s\/fixation-des-prix\/\" \/>\n<meta property=\"og:locale\" content=\"fr_FR\" \/>\n<meta property=\"og:type\" content=\"article\" \/>\n<meta property=\"og:title\" content=\"Fixation des prix\" \/>\n<meta property=\"og:description\" content=\"Le prix d\u2019un m\u00e9dicament n\u2019est pas un prix du march\u00e9, il est fix\u00e9 par l\u2019Office f\u00e9d\u00e9ral de la sant\u00e9 publique. Les innovations pharmaceutiques et m\u00e9dicales am\u00e9liorent les chances de gu\u00e9rison et de survie ou contribuent \u00e0 une meilleure qualit\u00e9 de vie des patient-e-s. Les d\u00e9penses suppl\u00e9mentaires pour de nouveaux m\u00e9dicaments sont contrebalanc\u00e9es par des \u00e9conomies [&hellip;]\" \/>\n<meta property=\"og:url\" content=\"https:\/\/www.interpharma.ch\/fr\/themen\/der-patient-im-mittelpunkt\/acces-des-patient-e-s\/fixation-des-prix\/\" \/>\n<meta property=\"og:site_name\" content=\"Interpharma\" \/>\n<meta property=\"og:image\" content=\"https:\/\/www.interpharma.ch\/wp-content\/uploads\/2026\/03\/Interpharma_patientimmittelpunkt_patientenzugang.jpg\" \/>\n\t<meta property=\"og:image:width\" content=\"960\" \/>\n\t<meta property=\"og:image:height\" content=\"721\" \/>\n\t<meta property=\"og:image:type\" content=\"image\/jpeg\" \/>\n<meta name=\"twitter:card\" content=\"summary_large_image\" \/>\n<meta name=\"twitter:site\" content=\"@interpharma_ch\" \/>\n<meta name=\"twitter:label1\" content=\"Dur\u00e9e de lecture estim\u00e9e\" \/>\n\t<meta name=\"twitter:data1\" content=\"4 minutes\" \/>\n<script type=\"application\/ld+json\" class=\"yoast-schema-graph\">{\"@context\":\"https:\/\/schema.org\",\"@graph\":[{\"@type\":\"WebPage\",\"@id\":\"https:\/\/www.interpharma.ch\/fr\/themen\/der-patient-im-mittelpunkt\/acces-des-patient-e-s\/fixation-des-prix\/\",\"url\":\"https:\/\/www.interpharma.ch\/fr\/themen\/der-patient-im-mittelpunkt\/acces-des-patient-e-s\/fixation-des-prix\/\",\"name\":\"Fixation des prix - Interpharma\",\"isPartOf\":{\"@id\":\"https:\/\/www.interpharma.ch\/#website\"},\"primaryImageOfPage\":{\"@id\":\"https:\/\/www.interpharma.ch\/fr\/themen\/der-patient-im-mittelpunkt\/acces-des-patient-e-s\/fixation-des-prix\/#primaryimage\"},\"image\":{\"@id\":\"https:\/\/www.interpharma.ch\/fr\/themen\/der-patient-im-mittelpunkt\/acces-des-patient-e-s\/fixation-des-prix\/#primaryimage\"},\"thumbnailUrl\":\"https:\/\/www.interpharma.ch\/wp-content\/uploads\/2026\/03\/Interpharma_patientimmittelpunkt_patientenzugang.jpg\",\"datePublished\":\"2026-02-25T07:25:47+00:00\",\"breadcrumb\":{\"@id\":\"https:\/\/www.interpharma.ch\/fr\/themen\/der-patient-im-mittelpunkt\/acces-des-patient-e-s\/fixation-des-prix\/#breadcrumb\"},\"inLanguage\":\"fr-FR\",\"potentialAction\":[{\"@type\":\"ReadAction\",\"target\":[\"https:\/\/www.interpharma.ch\/fr\/themen\/der-patient-im-mittelpunkt\/acces-des-patient-e-s\/fixation-des-prix\/\"]}]},{\"@type\":\"ImageObject\",\"inLanguage\":\"fr-FR\",\"@id\":\"https:\/\/www.interpharma.ch\/fr\/themen\/der-patient-im-mittelpunkt\/acces-des-patient-e-s\/fixation-des-prix\/#primaryimage\",\"url\":\"https:\/\/www.interpharma.ch\/wp-content\/uploads\/2026\/03\/Interpharma_patientimmittelpunkt_patientenzugang.jpg\",\"contentUrl\":\"https:\/\/www.interpharma.ch\/wp-content\/uploads\/2026\/03\/Interpharma_patientimmittelpunkt_patientenzugang.jpg\",\"width\":960,\"height\":721},{\"@type\":\"BreadcrumbList\",\"@id\":\"https:\/\/www.interpharma.ch\/fr\/themen\/der-patient-im-mittelpunkt\/acces-des-patient-e-s\/fixation-des-prix\/#breadcrumb\",\"itemListElement\":[{\"@type\":\"ListItem\",\"position\":1,\"name\":\"Startseite\",\"item\":\"https:\/\/www.interpharma.ch\/fr\/\"},{\"@type\":\"ListItem\",\"position\":2,\"name\":\"Nos th\u00e8mes\",\"item\":\"https:\/\/www.interpharma.ch\/fr\/themen\/\"},{\"@type\":\"ListItem\",\"position\":3,\"name\":\"Le patient au centre des consid\u00e9rations\",\"item\":\"https:\/\/www.interpharma.ch\/fr\/themen\/der-patient-im-mittelpunkt\/\"},{\"@type\":\"ListItem\",\"position\":4,\"name\":\"Acc\u00e8s des patient-e-s\",\"item\":\"https:\/\/www.interpharma.ch\/fr\/themen\/der-patient-im-mittelpunkt\/acces-des-patient-e-s\/\"},{\"@type\":\"ListItem\",\"position\":5,\"name\":\"Fixation des prix\"}]},{\"@type\":\"WebSite\",\"@id\":\"https:\/\/www.interpharma.ch\/#website\",\"url\":\"https:\/\/www.interpharma.ch\/\",\"name\":\"Interpharma\",\"description\":\"Verband der forschenden Pharmazeutischen Firmen\",\"publisher\":{\"@id\":\"https:\/\/www.interpharma.ch\/#organization\"},\"potentialAction\":[{\"@type\":\"SearchAction\",\"target\":{\"@type\":\"EntryPoint\",\"urlTemplate\":\"https:\/\/www.interpharma.ch\/?s={search_term_string}\"},\"query-input\":{\"@type\":\"PropertyValueSpecification\",\"valueRequired\":true,\"valueName\":\"search_term_string\"}}],\"inLanguage\":\"fr-FR\"},{\"@type\":\"Organization\",\"@id\":\"https:\/\/www.interpharma.ch\/#organization\",\"name\":\"Interpharma\",\"url\":\"https:\/\/www.interpharma.ch\/\",\"logo\":{\"@type\":\"ImageObject\",\"inLanguage\":\"fr-FR\",\"@id\":\"https:\/\/www.interpharma.ch\/#\/schema\/logo\/image\/\",\"url\":\"https:\/\/interpharma.ch\/wp-content\/uploads\/2026\/03\/20251014_iph_logo_wort_bildmarke_rgb_final_cu01.svg\",\"contentUrl\":\"https:\/\/interpharma.ch\/wp-content\/uploads\/2026\/03\/20251014_iph_logo_wort_bildmarke_rgb_final_cu01.svg\",\"width\":\"1200\",\"height\":\"1200\",\"caption\":\"Interpharma\"},\"image\":{\"@id\":\"https:\/\/www.interpharma.ch\/#\/schema\/logo\/image\/\"},\"sameAs\":[\"https:\/\/x.com\/interpharma_ch\",\"https:\/\/ch.linkedin.com\/company\/interpharma\",\"https:\/\/www.instagram.com\/interpharma_ch\/\"]}]}<\/script>\n<!-- \/ Yoast SEO Premium plugin. -->","yoast_head_json":{"title":"Fixation des prix - Interpharma","robots":{"index":"index","follow":"follow","max-snippet":"max-snippet:-1","max-image-preview":"max-image-preview:large","max-video-preview":"max-video-preview:-1"},"canonical":"https:\/\/www.interpharma.ch\/fr\/themen\/der-patient-im-mittelpunkt\/acces-des-patient-e-s\/fixation-des-prix\/","og_locale":"fr_FR","og_type":"article","og_title":"Fixation des prix","og_description":"Le prix d\u2019un m\u00e9dicament n\u2019est pas un prix du march\u00e9, il est fix\u00e9 par l\u2019Office f\u00e9d\u00e9ral de la sant\u00e9 publique. Les innovations pharmaceutiques et m\u00e9dicales am\u00e9liorent les chances de gu\u00e9rison et de survie ou contribuent \u00e0 une meilleure qualit\u00e9 de vie des patient-e-s. Les d\u00e9penses suppl\u00e9mentaires pour de nouveaux m\u00e9dicaments sont contrebalanc\u00e9es par des \u00e9conomies [&hellip;]","og_url":"https:\/\/www.interpharma.ch\/fr\/themen\/der-patient-im-mittelpunkt\/acces-des-patient-e-s\/fixation-des-prix\/","og_site_name":"Interpharma","og_image":[{"width":960,"height":721,"url":"https:\/\/www.interpharma.ch\/wp-content\/uploads\/2026\/03\/Interpharma_patientimmittelpunkt_patientenzugang.jpg","type":"image\/jpeg"}],"twitter_card":"summary_large_image","twitter_site":"@interpharma_ch","twitter_misc":{"Dur\u00e9e de lecture estim\u00e9e":"4 minutes"},"schema":{"@context":"https:\/\/schema.org","@graph":[{"@type":"WebPage","@id":"https:\/\/www.interpharma.ch\/fr\/themen\/der-patient-im-mittelpunkt\/acces-des-patient-e-s\/fixation-des-prix\/","url":"https:\/\/www.interpharma.ch\/fr\/themen\/der-patient-im-mittelpunkt\/acces-des-patient-e-s\/fixation-des-prix\/","name":"Fixation des prix - Interpharma","isPartOf":{"@id":"https:\/\/www.interpharma.ch\/#website"},"primaryImageOfPage":{"@id":"https:\/\/www.interpharma.ch\/fr\/themen\/der-patient-im-mittelpunkt\/acces-des-patient-e-s\/fixation-des-prix\/#primaryimage"},"image":{"@id":"https:\/\/www.interpharma.ch\/fr\/themen\/der-patient-im-mittelpunkt\/acces-des-patient-e-s\/fixation-des-prix\/#primaryimage"},"thumbnailUrl":"https:\/\/www.interpharma.ch\/wp-content\/uploads\/2026\/03\/Interpharma_patientimmittelpunkt_patientenzugang.jpg","datePublished":"2026-02-25T07:25:47+00:00","breadcrumb":{"@id":"https:\/\/www.interpharma.ch\/fr\/themen\/der-patient-im-mittelpunkt\/acces-des-patient-e-s\/fixation-des-prix\/#breadcrumb"},"inLanguage":"fr-FR","potentialAction":[{"@type":"ReadAction","target":["https:\/\/www.interpharma.ch\/fr\/themen\/der-patient-im-mittelpunkt\/acces-des-patient-e-s\/fixation-des-prix\/"]}]},{"@type":"ImageObject","inLanguage":"fr-FR","@id":"https:\/\/www.interpharma.ch\/fr\/themen\/der-patient-im-mittelpunkt\/acces-des-patient-e-s\/fixation-des-prix\/#primaryimage","url":"https:\/\/www.interpharma.ch\/wp-content\/uploads\/2026\/03\/Interpharma_patientimmittelpunkt_patientenzugang.jpg","contentUrl":"https:\/\/www.interpharma.ch\/wp-content\/uploads\/2026\/03\/Interpharma_patientimmittelpunkt_patientenzugang.jpg","width":960,"height":721},{"@type":"BreadcrumbList","@id":"https:\/\/www.interpharma.ch\/fr\/themen\/der-patient-im-mittelpunkt\/acces-des-patient-e-s\/fixation-des-prix\/#breadcrumb","itemListElement":[{"@type":"ListItem","position":1,"name":"Startseite","item":"https:\/\/www.interpharma.ch\/fr\/"},{"@type":"ListItem","position":2,"name":"Nos th\u00e8mes","item":"https:\/\/www.interpharma.ch\/fr\/themen\/"},{"@type":"ListItem","position":3,"name":"Le patient au centre des consid\u00e9rations","item":"https:\/\/www.interpharma.ch\/fr\/themen\/der-patient-im-mittelpunkt\/"},{"@type":"ListItem","position":4,"name":"Acc\u00e8s des patient-e-s","item":"https:\/\/www.interpharma.ch\/fr\/themen\/der-patient-im-mittelpunkt\/acces-des-patient-e-s\/"},{"@type":"ListItem","position":5,"name":"Fixation des prix"}]},{"@type":"WebSite","@id":"https:\/\/www.interpharma.ch\/#website","url":"https:\/\/www.interpharma.ch\/","name":"Interpharma","description":"Verband der forschenden Pharmazeutischen Firmen","publisher":{"@id":"https:\/\/www.interpharma.ch\/#organization"},"potentialAction":[{"@type":"SearchAction","target":{"@type":"EntryPoint","urlTemplate":"https:\/\/www.interpharma.ch\/?s={search_term_string}"},"query-input":{"@type":"PropertyValueSpecification","valueRequired":true,"valueName":"search_term_string"}}],"inLanguage":"fr-FR"},{"@type":"Organization","@id":"https:\/\/www.interpharma.ch\/#organization","name":"Interpharma","url":"https:\/\/www.interpharma.ch\/","logo":{"@type":"ImageObject","inLanguage":"fr-FR","@id":"https:\/\/www.interpharma.ch\/#\/schema\/logo\/image\/","url":"https:\/\/interpharma.ch\/wp-content\/uploads\/2026\/03\/20251014_iph_logo_wort_bildmarke_rgb_final_cu01.svg","contentUrl":"https:\/\/interpharma.ch\/wp-content\/uploads\/2026\/03\/20251014_iph_logo_wort_bildmarke_rgb_final_cu01.svg","width":"1200","height":"1200","caption":"Interpharma"},"image":{"@id":"https:\/\/www.interpharma.ch\/#\/schema\/logo\/image\/"},"sameAs":["https:\/\/x.com\/interpharma_ch","https:\/\/ch.linkedin.com\/company\/interpharma","https:\/\/www.instagram.com\/interpharma_ch\/"]}]}},"_links":{"self":[{"href":"https:\/\/www.interpharma.ch\/fr\/wp-json\/wp\/v2\/pages\/4116","targetHints":{"allow":["GET"]}}],"collection":[{"href":"https:\/\/www.interpharma.ch\/fr\/wp-json\/wp\/v2\/pages"}],"about":[{"href":"https:\/\/www.interpharma.ch\/fr\/wp-json\/wp\/v2\/types\/page"}],"author":[{"embeddable":true,"href":"https:\/\/www.interpharma.ch\/fr\/wp-json\/wp\/v2\/users\/1"}],"replies":[{"embeddable":true,"href":"https:\/\/www.interpharma.ch\/fr\/wp-json\/wp\/v2\/comments?post=4116"}],"version-history":[{"count":1,"href":"https:\/\/www.interpharma.ch\/fr\/wp-json\/wp\/v2\/pages\/4116\/revisions"}],"predecessor-version":[{"id":4117,"href":"https:\/\/www.interpharma.ch\/fr\/wp-json\/wp\/v2\/pages\/4116\/revisions\/4117"}],"up":[{"embeddable":true,"href":"https:\/\/www.interpharma.ch\/fr\/wp-json\/wp\/v2\/pages\/4140"}],"wp:featuredmedia":[{"embeddable":true,"href":"https:\/\/www.interpharma.ch\/fr\/wp-json\/wp\/v2\/media\/14754"}],"wp:attachment":[{"href":"https:\/\/www.interpharma.ch\/fr\/wp-json\/wp\/v2\/media?parent=4116"}],"curies":[{"name":"wp","href":"https:\/\/api.w.org\/{rel}","templated":true}]}}