{"id":4080,"date":"2026-02-25T08:25:45","date_gmt":"2026-02-25T07:25:45","guid":{"rendered":"https:\/\/iph-multisite.berta-bewegt.ch\/?page_id=4080"},"modified":"2026-02-25T08:25:45","modified_gmt":"2026-02-25T07:25:45","slug":"biomedicaments-et-biosimilaires","status":"publish","type":"page","link":"https:\/\/www.interpharma.ch\/fr\/themen\/der-patient-im-mittelpunkt\/fabrication-des-medicaments\/biomedicaments-et-biosimilaires\/","title":{"rendered":"Biom\u00e9dicaments et biosimilaires"},"content":{"rendered":"\n<p>Les m\u00e9dicaments fabriqu\u00e9s \u00e0 partir de cellules vivantes \u00e0 l\u2019aide\nde processus biotechnologiques complexes jouent aujourd\u2019hui un r\u00f4le crucial\ndans le traitement et le diagnostic de maladies telles que le cancer et le\ndiab\u00e8te.<\/p>\n\n\n\n<p>Des exemples de ces biom\u00e9dicaments sont les interf\u00e9rons, les\nanticorps monoclonaux, les facteurs de coagulation ainsi que l\u2019insuline et\nd\u2019autres hormones. \u00c0 la diff\u00e9rence des m\u00e9dicaments chimiques classiques, ils se\ncomposent de plusieurs grosses mol\u00e9cules hautement complexes et il faut prendre\ngarde, lors de la fabrication, \u00e0 leurs r\u00e9actions potentiellement sensibles aux\nmodifications ambiantes (p.&nbsp;ex. de la temp\u00e9rature ou de la composition du\nmilieu de culture). La fabrication de biom\u00e9dicaments est techniquement complexe\net on\u00e9reuse.<\/p>\n\n\n\n<p>Depuis quelques ann\u00e9es, on peut en Suisse fabriquer des\nm\u00e9dicaments biosimilaires, c\u2019est-\u00e0-dire des copies de biom\u00e9dicaments originaux,\nune fois que le brevet du biom\u00e9dicament est arriv\u00e9 \u00e0 \u00e9ch\u00e9ance. \u00c0 la diff\u00e9rence\ndes pr\u00e9parations reproduisant des m\u00e9dicaments chimiques (les g\u00e9n\u00e9riques), les\nbiosimilaires ne sont jamais parfaitement identiques \u00e0 la substance active\noriginale, ils sont seulement tr\u00e8s ressemblants (similaires). Les biosimilaires\nne sont pas des g\u00e9n\u00e9riques. Leur autorisation de mise sur le march\u00e9 requiert par\ncons\u00e9quent des processus et une surveillance plus complexes que ceux des\ng\u00e9n\u00e9riques classiques.<\/p>\n","protected":false},"excerpt":{"rendered":"<p>Les m\u00e9dicaments fabriqu\u00e9s \u00e0 partir de cellules vivantes \u00e0 l\u2019aide de processus biotechnologiques complexes jouent aujourd\u2019hui un r\u00f4le crucial dans le traitement et le diagnostic de maladies telles que le cancer et le diab\u00e8te. Des exemples de ces biom\u00e9dicaments sont les interf\u00e9rons, les anticorps monoclonaux, les facteurs de coagulation ainsi que l\u2019insuline et d\u2019autres hormones. [&hellip;]<\/p>\n","protected":false},"author":1,"featured_media":0,"parent":4200,"menu_order":2,"comment_status":"closed","ping_status":"closed","template":"page-templates\/unterthema.php","meta":{"_acf_changed":false,"inline_featured_image":false,"footnotes":""},"class_list":["post-4080","page","type-page","status-publish","hentry"],"acf":[],"yoast_head":"<!-- This site is optimized with the Yoast SEO Premium plugin v27.2 (Yoast SEO v27.2) - https:\/\/yoast.com\/product\/yoast-seo-premium-wordpress\/ -->\n<title>Biom\u00e9dicaments et biosimilaires - Interpharma<\/title>\n<meta name=\"robots\" content=\"index, follow, max-snippet:-1, max-image-preview:large, max-video-preview:-1\" \/>\n<link rel=\"canonical\" href=\"https:\/\/www.interpharma.ch\/fr\/themen\/der-patient-im-mittelpunkt\/fabrication-des-medicaments\/biomedicaments-et-biosimilaires\/\" \/>\n<meta property=\"og:locale\" content=\"fr_FR\" \/>\n<meta property=\"og:type\" content=\"article\" \/>\n<meta property=\"og:title\" content=\"Biom\u00e9dicaments et biosimilaires\" \/>\n<meta property=\"og:description\" content=\"Les m\u00e9dicaments fabriqu\u00e9s \u00e0 partir de cellules vivantes \u00e0 l\u2019aide de processus biotechnologiques complexes jouent aujourd\u2019hui un r\u00f4le crucial dans le traitement et le diagnostic de maladies telles que le cancer et le diab\u00e8te. Des exemples de ces biom\u00e9dicaments sont les interf\u00e9rons, les anticorps monoclonaux, les facteurs de coagulation ainsi que l\u2019insuline et d\u2019autres hormones. [&hellip;]\" \/>\n<meta property=\"og:url\" content=\"https:\/\/www.interpharma.ch\/fr\/themen\/der-patient-im-mittelpunkt\/fabrication-des-medicaments\/biomedicaments-et-biosimilaires\/\" \/>\n<meta property=\"og:site_name\" content=\"Interpharma\" \/>\n<meta name=\"twitter:card\" content=\"summary_large_image\" \/>\n<meta name=\"twitter:site\" content=\"@interpharma_ch\" \/>\n<meta name=\"twitter:label1\" content=\"Dur\u00e9e de lecture estim\u00e9e\" \/>\n\t<meta name=\"twitter:data1\" content=\"1 minute\" \/>\n<script type=\"application\/ld+json\" class=\"yoast-schema-graph\">{\"@context\":\"https:\/\/schema.org\",\"@graph\":[{\"@type\":\"WebPage\",\"@id\":\"https:\/\/www.interpharma.ch\/fr\/themen\/der-patient-im-mittelpunkt\/fabrication-des-medicaments\/biomedicaments-et-biosimilaires\/\",\"url\":\"https:\/\/www.interpharma.ch\/fr\/themen\/der-patient-im-mittelpunkt\/fabrication-des-medicaments\/biomedicaments-et-biosimilaires\/\",\"name\":\"Biom\u00e9dicaments et biosimilaires - Interpharma\",\"isPartOf\":{\"@id\":\"https:\/\/www.interpharma.ch\/#website\"},\"datePublished\":\"2026-02-25T07:25:45+00:00\",\"breadcrumb\":{\"@id\":\"https:\/\/www.interpharma.ch\/fr\/themen\/der-patient-im-mittelpunkt\/fabrication-des-medicaments\/biomedicaments-et-biosimilaires\/#breadcrumb\"},\"inLanguage\":\"fr-FR\",\"potentialAction\":[{\"@type\":\"ReadAction\",\"target\":[\"https:\/\/www.interpharma.ch\/fr\/themen\/der-patient-im-mittelpunkt\/fabrication-des-medicaments\/biomedicaments-et-biosimilaires\/\"]}]},{\"@type\":\"BreadcrumbList\",\"@id\":\"https:\/\/www.interpharma.ch\/fr\/themen\/der-patient-im-mittelpunkt\/fabrication-des-medicaments\/biomedicaments-et-biosimilaires\/#breadcrumb\",\"itemListElement\":[{\"@type\":\"ListItem\",\"position\":1,\"name\":\"Startseite\",\"item\":\"https:\/\/www.interpharma.ch\/fr\/\"},{\"@type\":\"ListItem\",\"position\":2,\"name\":\"Nos th\u00e8mes\",\"item\":\"https:\/\/www.interpharma.ch\/fr\/themen\/\"},{\"@type\":\"ListItem\",\"position\":3,\"name\":\"Le patient au centre des consid\u00e9rations\",\"item\":\"https:\/\/www.interpharma.ch\/fr\/themen\/der-patient-im-mittelpunkt\/\"},{\"@type\":\"ListItem\",\"position\":4,\"name\":\"Fabrication des m\u00e9dicaments\",\"item\":\"https:\/\/www.interpharma.ch\/fr\/themen\/der-patient-im-mittelpunkt\/fabrication-des-medicaments\/\"},{\"@type\":\"ListItem\",\"position\":5,\"name\":\"Biom\u00e9dicaments et biosimilaires\"}]},{\"@type\":\"WebSite\",\"@id\":\"https:\/\/www.interpharma.ch\/#website\",\"url\":\"https:\/\/www.interpharma.ch\/\",\"name\":\"Interpharma\",\"description\":\"Verband der forschenden Pharmazeutischen Firmen\",\"publisher\":{\"@id\":\"https:\/\/www.interpharma.ch\/#organization\"},\"potentialAction\":[{\"@type\":\"SearchAction\",\"target\":{\"@type\":\"EntryPoint\",\"urlTemplate\":\"https:\/\/www.interpharma.ch\/?s={search_term_string}\"},\"query-input\":{\"@type\":\"PropertyValueSpecification\",\"valueRequired\":true,\"valueName\":\"search_term_string\"}}],\"inLanguage\":\"fr-FR\"},{\"@type\":\"Organization\",\"@id\":\"https:\/\/www.interpharma.ch\/#organization\",\"name\":\"Interpharma\",\"url\":\"https:\/\/www.interpharma.ch\/\",\"logo\":{\"@type\":\"ImageObject\",\"inLanguage\":\"fr-FR\",\"@id\":\"https:\/\/www.interpharma.ch\/#\/schema\/logo\/image\/\",\"url\":\"https:\/\/interpharma.ch\/wp-content\/uploads\/2026\/03\/20251014_iph_logo_wort_bildmarke_rgb_final_cu01.svg\",\"contentUrl\":\"https:\/\/interpharma.ch\/wp-content\/uploads\/2026\/03\/20251014_iph_logo_wort_bildmarke_rgb_final_cu01.svg\",\"width\":\"1200\",\"height\":\"1200\",\"caption\":\"Interpharma\"},\"image\":{\"@id\":\"https:\/\/www.interpharma.ch\/#\/schema\/logo\/image\/\"},\"sameAs\":[\"https:\/\/x.com\/interpharma_ch\",\"https:\/\/ch.linkedin.com\/company\/interpharma\",\"https:\/\/www.instagram.com\/interpharma_ch\/\"]}]}<\/script>\n<!-- \/ Yoast SEO Premium plugin. -->","yoast_head_json":{"title":"Biom\u00e9dicaments et biosimilaires - Interpharma","robots":{"index":"index","follow":"follow","max-snippet":"max-snippet:-1","max-image-preview":"max-image-preview:large","max-video-preview":"max-video-preview:-1"},"canonical":"https:\/\/www.interpharma.ch\/fr\/themen\/der-patient-im-mittelpunkt\/fabrication-des-medicaments\/biomedicaments-et-biosimilaires\/","og_locale":"fr_FR","og_type":"article","og_title":"Biom\u00e9dicaments et biosimilaires","og_description":"Les m\u00e9dicaments fabriqu\u00e9s \u00e0 partir de cellules vivantes \u00e0 l\u2019aide de processus biotechnologiques complexes jouent aujourd\u2019hui un r\u00f4le crucial dans le traitement et le diagnostic de maladies telles que le cancer et le diab\u00e8te. Des exemples de ces biom\u00e9dicaments sont les interf\u00e9rons, les anticorps monoclonaux, les facteurs de coagulation ainsi que l\u2019insuline et d\u2019autres hormones. [&hellip;]","og_url":"https:\/\/www.interpharma.ch\/fr\/themen\/der-patient-im-mittelpunkt\/fabrication-des-medicaments\/biomedicaments-et-biosimilaires\/","og_site_name":"Interpharma","twitter_card":"summary_large_image","twitter_site":"@interpharma_ch","twitter_misc":{"Dur\u00e9e de lecture estim\u00e9e":"1 minute"},"schema":{"@context":"https:\/\/schema.org","@graph":[{"@type":"WebPage","@id":"https:\/\/www.interpharma.ch\/fr\/themen\/der-patient-im-mittelpunkt\/fabrication-des-medicaments\/biomedicaments-et-biosimilaires\/","url":"https:\/\/www.interpharma.ch\/fr\/themen\/der-patient-im-mittelpunkt\/fabrication-des-medicaments\/biomedicaments-et-biosimilaires\/","name":"Biom\u00e9dicaments et biosimilaires - Interpharma","isPartOf":{"@id":"https:\/\/www.interpharma.ch\/#website"},"datePublished":"2026-02-25T07:25:45+00:00","breadcrumb":{"@id":"https:\/\/www.interpharma.ch\/fr\/themen\/der-patient-im-mittelpunkt\/fabrication-des-medicaments\/biomedicaments-et-biosimilaires\/#breadcrumb"},"inLanguage":"fr-FR","potentialAction":[{"@type":"ReadAction","target":["https:\/\/www.interpharma.ch\/fr\/themen\/der-patient-im-mittelpunkt\/fabrication-des-medicaments\/biomedicaments-et-biosimilaires\/"]}]},{"@type":"BreadcrumbList","@id":"https:\/\/www.interpharma.ch\/fr\/themen\/der-patient-im-mittelpunkt\/fabrication-des-medicaments\/biomedicaments-et-biosimilaires\/#breadcrumb","itemListElement":[{"@type":"ListItem","position":1,"name":"Startseite","item":"https:\/\/www.interpharma.ch\/fr\/"},{"@type":"ListItem","position":2,"name":"Nos th\u00e8mes","item":"https:\/\/www.interpharma.ch\/fr\/themen\/"},{"@type":"ListItem","position":3,"name":"Le patient au centre des consid\u00e9rations","item":"https:\/\/www.interpharma.ch\/fr\/themen\/der-patient-im-mittelpunkt\/"},{"@type":"ListItem","position":4,"name":"Fabrication des m\u00e9dicaments","item":"https:\/\/www.interpharma.ch\/fr\/themen\/der-patient-im-mittelpunkt\/fabrication-des-medicaments\/"},{"@type":"ListItem","position":5,"name":"Biom\u00e9dicaments et biosimilaires"}]},{"@type":"WebSite","@id":"https:\/\/www.interpharma.ch\/#website","url":"https:\/\/www.interpharma.ch\/","name":"Interpharma","description":"Verband der forschenden Pharmazeutischen Firmen","publisher":{"@id":"https:\/\/www.interpharma.ch\/#organization"},"potentialAction":[{"@type":"SearchAction","target":{"@type":"EntryPoint","urlTemplate":"https:\/\/www.interpharma.ch\/?s={search_term_string}"},"query-input":{"@type":"PropertyValueSpecification","valueRequired":true,"valueName":"search_term_string"}}],"inLanguage":"fr-FR"},{"@type":"Organization","@id":"https:\/\/www.interpharma.ch\/#organization","name":"Interpharma","url":"https:\/\/www.interpharma.ch\/","logo":{"@type":"ImageObject","inLanguage":"fr-FR","@id":"https:\/\/www.interpharma.ch\/#\/schema\/logo\/image\/","url":"https:\/\/interpharma.ch\/wp-content\/uploads\/2026\/03\/20251014_iph_logo_wort_bildmarke_rgb_final_cu01.svg","contentUrl":"https:\/\/interpharma.ch\/wp-content\/uploads\/2026\/03\/20251014_iph_logo_wort_bildmarke_rgb_final_cu01.svg","width":"1200","height":"1200","caption":"Interpharma"},"image":{"@id":"https:\/\/www.interpharma.ch\/#\/schema\/logo\/image\/"},"sameAs":["https:\/\/x.com\/interpharma_ch","https:\/\/ch.linkedin.com\/company\/interpharma","https:\/\/www.instagram.com\/interpharma_ch\/"]}]}},"_links":{"self":[{"href":"https:\/\/www.interpharma.ch\/fr\/wp-json\/wp\/v2\/pages\/4080","targetHints":{"allow":["GET"]}}],"collection":[{"href":"https:\/\/www.interpharma.ch\/fr\/wp-json\/wp\/v2\/pages"}],"about":[{"href":"https:\/\/www.interpharma.ch\/fr\/wp-json\/wp\/v2\/types\/page"}],"author":[{"embeddable":true,"href":"https:\/\/www.interpharma.ch\/fr\/wp-json\/wp\/v2\/users\/1"}],"replies":[{"embeddable":true,"href":"https:\/\/www.interpharma.ch\/fr\/wp-json\/wp\/v2\/comments?post=4080"}],"version-history":[{"count":1,"href":"https:\/\/www.interpharma.ch\/fr\/wp-json\/wp\/v2\/pages\/4080\/revisions"}],"predecessor-version":[{"id":4081,"href":"https:\/\/www.interpharma.ch\/fr\/wp-json\/wp\/v2\/pages\/4080\/revisions\/4081"}],"up":[{"embeddable":true,"href":"https:\/\/www.interpharma.ch\/fr\/wp-json\/wp\/v2\/pages\/4200"}],"wp:attachment":[{"href":"https:\/\/www.interpharma.ch\/fr\/wp-json\/wp\/v2\/media?parent=4080"}],"curies":[{"name":"wp","href":"https:\/\/api.w.org\/{rel}","templated":true}]}}