{"id":4068,"date":"2026-02-25T08:25:45","date_gmt":"2026-02-25T07:25:45","guid":{"rendered":"https:\/\/iph-multisite.berta-bewegt.ch\/?page_id=4068"},"modified":"2026-02-25T08:25:45","modified_gmt":"2026-02-25T07:25:45","slug":"date-de-peremption","status":"publish","type":"page","link":"https:\/\/www.interpharma.ch\/fr\/themen\/der-patient-im-mittelpunkt\/securite-pharmaceutique\/date-de-peremption\/","title":{"rendered":"Date de p\u00e9remption"},"content":{"rendered":"\n<p>La dur\u00e9e de conservation d\u2019un m\u00e9dicament est\nd\u00e9termin\u00e9e par le fabricant sur la base d\u2019\u00e9tudes de stabilit\u00e9. Les donn\u00e9es font\npartie du dossier de demande d\u2019autorisation d\u00e9pos\u00e9 aupr\u00e8s de Swissmedic.\nL\u2019autorisation de mise sur le march\u00e9 de Swissmedic comprend \u00e9galement une\nd\u00e9cision au sujet de la dur\u00e9e de conservation (EXP: le m\u00e9dicament ne peut \u00eatre\nutilis\u00e9 que jusqu\u2019\u00e0 la date indiqu\u00e9e sur l\u2019emballage apr\u00e8s la mention \u00abEXP\u00bb).\nUne fois un m\u00e9dicament autoris\u00e9, la dur\u00e9e de conservation peut \u00eatre prolong\u00e9e\nou raccourcie en fonction du r\u00e9sultat d\u2019\u00e9tudes de stabilit\u00e9 ult\u00e9rieures. Ceci a\nlieu soit sur demande de l\u2019entreprise pharmaceutique, soit sur ordre de\nSwissmedic.<\/p>\n\n\n\n<h2 class=\"wp-block-heading\"><strong>Normes valables \u00e0 l\u2019\u00e9chelon international<\/strong><strong><\/strong><\/h2>\n\n\n\n<p>Sur la base des directives internationales de\nl\u2019ICH (International Council on Harmonisation of Technical Requirements for\nRegistration of Pharmaceuticals for Human Use) et de l\u2019OMS, la dur\u00e9e de\nconservation est d\u00e9finie non pour un pays, mais pour des \u00abzones climatiques\u00bb\n(ICH: zones climatiques UE, \u00c9tats-Unis, Japon \/ OMS: r\u00e9partition des pays entre\nquatre zones climatiques). La Suisse se situe au centre climatique de l\u2019Europe\net est parfaitement couverte par les directives de l\u2019ICH et de l\u2019OMS.<\/p>\n\n\n\n<h2 class=\"wp-block-heading\"><strong>Une conservation br\u00e8ve n\u2019est pas un avantage<\/strong><strong><\/strong><\/h2>\n\n\n\n<p>Il n\u2019est pas dans l\u2019int\u00e9r\u00eat des entreprises\npharmaceutiques de tricher en indiquant une dur\u00e9e de conservation trop courte.\nEn particulier pour l\u2019exportation, une dur\u00e9e de conservation courte aurait des\nr\u00e9percussions n\u00e9gatives. De plus, elle peut entra\u00eener des difficult\u00e9s\nlogistiques ou des probl\u00e8mes au niveau de la distribution. Une plus longue\ndur\u00e9e de conservation permet une logistique plus souple au niveau de la\nproduction et de la distribution. De plus grandes unit\u00e9s peuvent ainsi \u00eatre\nproduites \u00e0 moindre prix et stock\u00e9es. En outre, le risque \u00e9conomique de devoir\nd\u00e9truire des m\u00e9dicaments ayant atteint leur date de p\u00e9remption est moins grand.<\/p>\n\n\n\n<h2 class=\"wp-block-heading\"><strong>La s\u00e9curit\u00e9 des patient-e-s au premier plan<\/strong><strong><\/strong><\/h2>\n\n\n\n<p>Une dur\u00e9e de conservation correctement d\u00e9montr\u00e9e\net fix\u00e9e sur la base de directives valables \u00e0 l\u2019\u00e9chelon international assure la\nqualit\u00e9 du m\u00e9dicament et la s\u00e9curit\u00e9 du patient. Pendant ce d\u00e9lai, le fabricant\ndoit assumer la responsabilit\u00e9 (sous r\u00e9serve d\u2019un stockage et d\u2019une utilisation\ncorrects).<\/p>\n","protected":false},"excerpt":{"rendered":"<p>La dur\u00e9e de conservation d\u2019un m\u00e9dicament est d\u00e9termin\u00e9e par le fabricant sur la base d\u2019\u00e9tudes de stabilit\u00e9. Les donn\u00e9es font partie du dossier de demande d\u2019autorisation d\u00e9pos\u00e9 aupr\u00e8s de Swissmedic. L\u2019autorisation de mise sur le march\u00e9 de Swissmedic comprend \u00e9galement une d\u00e9cision au sujet de la dur\u00e9e de conservation (EXP: le m\u00e9dicament ne peut \u00eatre [&hellip;]<\/p>\n","protected":false},"author":1,"featured_media":0,"parent":4128,"menu_order":1,"comment_status":"closed","ping_status":"closed","template":"page-templates\/unterthema.php","meta":{"_acf_changed":false,"inline_featured_image":false,"footnotes":""},"class_list":["post-4068","page","type-page","status-publish","hentry"],"acf":[],"yoast_head":"<!-- This site is optimized with the Yoast SEO Premium plugin v27.2 (Yoast SEO v27.2) - https:\/\/yoast.com\/product\/yoast-seo-premium-wordpress\/ -->\n<title>Date de p\u00e9remption - Interpharma<\/title>\n<meta name=\"robots\" content=\"index, follow, max-snippet:-1, max-image-preview:large, max-video-preview:-1\" \/>\n<link rel=\"canonical\" href=\"https:\/\/www.interpharma.ch\/fr\/themen\/der-patient-im-mittelpunkt\/securite-pharmaceutique\/date-de-peremption\/\" \/>\n<meta property=\"og:locale\" content=\"fr_FR\" \/>\n<meta property=\"og:type\" content=\"article\" \/>\n<meta property=\"og:title\" content=\"Date de p\u00e9remption\" \/>\n<meta property=\"og:description\" content=\"La dur\u00e9e de conservation d\u2019un m\u00e9dicament est d\u00e9termin\u00e9e par le fabricant sur la base d\u2019\u00e9tudes de stabilit\u00e9. Les donn\u00e9es font partie du dossier de demande d\u2019autorisation d\u00e9pos\u00e9 aupr\u00e8s de Swissmedic. L\u2019autorisation de mise sur le march\u00e9 de Swissmedic comprend \u00e9galement une d\u00e9cision au sujet de la dur\u00e9e de conservation (EXP: le m\u00e9dicament ne peut \u00eatre [&hellip;]\" \/>\n<meta property=\"og:url\" content=\"https:\/\/www.interpharma.ch\/fr\/themen\/der-patient-im-mittelpunkt\/securite-pharmaceutique\/date-de-peremption\/\" \/>\n<meta property=\"og:site_name\" content=\"Interpharma\" \/>\n<meta name=\"twitter:card\" content=\"summary_large_image\" \/>\n<meta name=\"twitter:site\" content=\"@interpharma_ch\" \/>\n<meta name=\"twitter:label1\" content=\"Dur\u00e9e de lecture estim\u00e9e\" \/>\n\t<meta name=\"twitter:data1\" content=\"2 minutes\" \/>\n<script type=\"application\/ld+json\" class=\"yoast-schema-graph\">{\"@context\":\"https:\/\/schema.org\",\"@graph\":[{\"@type\":\"WebPage\",\"@id\":\"https:\/\/www.interpharma.ch\/fr\/themen\/der-patient-im-mittelpunkt\/securite-pharmaceutique\/date-de-peremption\/\",\"url\":\"https:\/\/www.interpharma.ch\/fr\/themen\/der-patient-im-mittelpunkt\/securite-pharmaceutique\/date-de-peremption\/\",\"name\":\"Date de p\u00e9remption - Interpharma\",\"isPartOf\":{\"@id\":\"https:\/\/www.interpharma.ch\/#website\"},\"datePublished\":\"2026-02-25T07:25:45+00:00\",\"breadcrumb\":{\"@id\":\"https:\/\/www.interpharma.ch\/fr\/themen\/der-patient-im-mittelpunkt\/securite-pharmaceutique\/date-de-peremption\/#breadcrumb\"},\"inLanguage\":\"fr-FR\",\"potentialAction\":[{\"@type\":\"ReadAction\",\"target\":[\"https:\/\/www.interpharma.ch\/fr\/themen\/der-patient-im-mittelpunkt\/securite-pharmaceutique\/date-de-peremption\/\"]}]},{\"@type\":\"BreadcrumbList\",\"@id\":\"https:\/\/www.interpharma.ch\/fr\/themen\/der-patient-im-mittelpunkt\/securite-pharmaceutique\/date-de-peremption\/#breadcrumb\",\"itemListElement\":[{\"@type\":\"ListItem\",\"position\":1,\"name\":\"Startseite\",\"item\":\"https:\/\/www.interpharma.ch\/fr\/\"},{\"@type\":\"ListItem\",\"position\":2,\"name\":\"Nos th\u00e8mes\",\"item\":\"https:\/\/www.interpharma.ch\/fr\/themen\/\"},{\"@type\":\"ListItem\",\"position\":3,\"name\":\"Le patient au centre des consid\u00e9rations\",\"item\":\"https:\/\/www.interpharma.ch\/fr\/themen\/der-patient-im-mittelpunkt\/\"},{\"@type\":\"ListItem\",\"position\":4,\"name\":\"S\u00e9curit\u00e9 pharmaceutique\",\"item\":\"https:\/\/www.interpharma.ch\/fr\/themen\/der-patient-im-mittelpunkt\/securite-pharmaceutique\/\"},{\"@type\":\"ListItem\",\"position\":5,\"name\":\"Date de p\u00e9remption\"}]},{\"@type\":\"WebSite\",\"@id\":\"https:\/\/www.interpharma.ch\/#website\",\"url\":\"https:\/\/www.interpharma.ch\/\",\"name\":\"Interpharma\",\"description\":\"Verband der forschenden Pharmazeutischen Firmen\",\"publisher\":{\"@id\":\"https:\/\/www.interpharma.ch\/#organization\"},\"potentialAction\":[{\"@type\":\"SearchAction\",\"target\":{\"@type\":\"EntryPoint\",\"urlTemplate\":\"https:\/\/www.interpharma.ch\/?s={search_term_string}\"},\"query-input\":{\"@type\":\"PropertyValueSpecification\",\"valueRequired\":true,\"valueName\":\"search_term_string\"}}],\"inLanguage\":\"fr-FR\"},{\"@type\":\"Organization\",\"@id\":\"https:\/\/www.interpharma.ch\/#organization\",\"name\":\"Interpharma\",\"url\":\"https:\/\/www.interpharma.ch\/\",\"logo\":{\"@type\":\"ImageObject\",\"inLanguage\":\"fr-FR\",\"@id\":\"https:\/\/www.interpharma.ch\/#\/schema\/logo\/image\/\",\"url\":\"https:\/\/interpharma.ch\/wp-content\/uploads\/2026\/03\/20251014_iph_logo_wort_bildmarke_rgb_final_cu01.svg\",\"contentUrl\":\"https:\/\/interpharma.ch\/wp-content\/uploads\/2026\/03\/20251014_iph_logo_wort_bildmarke_rgb_final_cu01.svg\",\"width\":\"1200\",\"height\":\"1200\",\"caption\":\"Interpharma\"},\"image\":{\"@id\":\"https:\/\/www.interpharma.ch\/#\/schema\/logo\/image\/\"},\"sameAs\":[\"https:\/\/x.com\/interpharma_ch\",\"https:\/\/ch.linkedin.com\/company\/interpharma\",\"https:\/\/www.instagram.com\/interpharma_ch\/\"]}]}<\/script>\n<!-- \/ Yoast SEO Premium plugin. -->","yoast_head_json":{"title":"Date de p\u00e9remption - Interpharma","robots":{"index":"index","follow":"follow","max-snippet":"max-snippet:-1","max-image-preview":"max-image-preview:large","max-video-preview":"max-video-preview:-1"},"canonical":"https:\/\/www.interpharma.ch\/fr\/themen\/der-patient-im-mittelpunkt\/securite-pharmaceutique\/date-de-peremption\/","og_locale":"fr_FR","og_type":"article","og_title":"Date de p\u00e9remption","og_description":"La dur\u00e9e de conservation d\u2019un m\u00e9dicament est d\u00e9termin\u00e9e par le fabricant sur la base d\u2019\u00e9tudes de stabilit\u00e9. Les donn\u00e9es font partie du dossier de demande d\u2019autorisation d\u00e9pos\u00e9 aupr\u00e8s de Swissmedic. L\u2019autorisation de mise sur le march\u00e9 de Swissmedic comprend \u00e9galement une d\u00e9cision au sujet de la dur\u00e9e de conservation (EXP: le m\u00e9dicament ne peut \u00eatre [&hellip;]","og_url":"https:\/\/www.interpharma.ch\/fr\/themen\/der-patient-im-mittelpunkt\/securite-pharmaceutique\/date-de-peremption\/","og_site_name":"Interpharma","twitter_card":"summary_large_image","twitter_site":"@interpharma_ch","twitter_misc":{"Dur\u00e9e de lecture estim\u00e9e":"2 minutes"},"schema":{"@context":"https:\/\/schema.org","@graph":[{"@type":"WebPage","@id":"https:\/\/www.interpharma.ch\/fr\/themen\/der-patient-im-mittelpunkt\/securite-pharmaceutique\/date-de-peremption\/","url":"https:\/\/www.interpharma.ch\/fr\/themen\/der-patient-im-mittelpunkt\/securite-pharmaceutique\/date-de-peremption\/","name":"Date de p\u00e9remption - Interpharma","isPartOf":{"@id":"https:\/\/www.interpharma.ch\/#website"},"datePublished":"2026-02-25T07:25:45+00:00","breadcrumb":{"@id":"https:\/\/www.interpharma.ch\/fr\/themen\/der-patient-im-mittelpunkt\/securite-pharmaceutique\/date-de-peremption\/#breadcrumb"},"inLanguage":"fr-FR","potentialAction":[{"@type":"ReadAction","target":["https:\/\/www.interpharma.ch\/fr\/themen\/der-patient-im-mittelpunkt\/securite-pharmaceutique\/date-de-peremption\/"]}]},{"@type":"BreadcrumbList","@id":"https:\/\/www.interpharma.ch\/fr\/themen\/der-patient-im-mittelpunkt\/securite-pharmaceutique\/date-de-peremption\/#breadcrumb","itemListElement":[{"@type":"ListItem","position":1,"name":"Startseite","item":"https:\/\/www.interpharma.ch\/fr\/"},{"@type":"ListItem","position":2,"name":"Nos th\u00e8mes","item":"https:\/\/www.interpharma.ch\/fr\/themen\/"},{"@type":"ListItem","position":3,"name":"Le patient au centre des consid\u00e9rations","item":"https:\/\/www.interpharma.ch\/fr\/themen\/der-patient-im-mittelpunkt\/"},{"@type":"ListItem","position":4,"name":"S\u00e9curit\u00e9 pharmaceutique","item":"https:\/\/www.interpharma.ch\/fr\/themen\/der-patient-im-mittelpunkt\/securite-pharmaceutique\/"},{"@type":"ListItem","position":5,"name":"Date de p\u00e9remption"}]},{"@type":"WebSite","@id":"https:\/\/www.interpharma.ch\/#website","url":"https:\/\/www.interpharma.ch\/","name":"Interpharma","description":"Verband der forschenden Pharmazeutischen Firmen","publisher":{"@id":"https:\/\/www.interpharma.ch\/#organization"},"potentialAction":[{"@type":"SearchAction","target":{"@type":"EntryPoint","urlTemplate":"https:\/\/www.interpharma.ch\/?s={search_term_string}"},"query-input":{"@type":"PropertyValueSpecification","valueRequired":true,"valueName":"search_term_string"}}],"inLanguage":"fr-FR"},{"@type":"Organization","@id":"https:\/\/www.interpharma.ch\/#organization","name":"Interpharma","url":"https:\/\/www.interpharma.ch\/","logo":{"@type":"ImageObject","inLanguage":"fr-FR","@id":"https:\/\/www.interpharma.ch\/#\/schema\/logo\/image\/","url":"https:\/\/interpharma.ch\/wp-content\/uploads\/2026\/03\/20251014_iph_logo_wort_bildmarke_rgb_final_cu01.svg","contentUrl":"https:\/\/interpharma.ch\/wp-content\/uploads\/2026\/03\/20251014_iph_logo_wort_bildmarke_rgb_final_cu01.svg","width":"1200","height":"1200","caption":"Interpharma"},"image":{"@id":"https:\/\/www.interpharma.ch\/#\/schema\/logo\/image\/"},"sameAs":["https:\/\/x.com\/interpharma_ch","https:\/\/ch.linkedin.com\/company\/interpharma","https:\/\/www.instagram.com\/interpharma_ch\/"]}]}},"_links":{"self":[{"href":"https:\/\/www.interpharma.ch\/fr\/wp-json\/wp\/v2\/pages\/4068","targetHints":{"allow":["GET"]}}],"collection":[{"href":"https:\/\/www.interpharma.ch\/fr\/wp-json\/wp\/v2\/pages"}],"about":[{"href":"https:\/\/www.interpharma.ch\/fr\/wp-json\/wp\/v2\/types\/page"}],"author":[{"embeddable":true,"href":"https:\/\/www.interpharma.ch\/fr\/wp-json\/wp\/v2\/users\/1"}],"replies":[{"embeddable":true,"href":"https:\/\/www.interpharma.ch\/fr\/wp-json\/wp\/v2\/comments?post=4068"}],"version-history":[{"count":1,"href":"https:\/\/www.interpharma.ch\/fr\/wp-json\/wp\/v2\/pages\/4068\/revisions"}],"predecessor-version":[{"id":4069,"href":"https:\/\/www.interpharma.ch\/fr\/wp-json\/wp\/v2\/pages\/4068\/revisions\/4069"}],"up":[{"embeddable":true,"href":"https:\/\/www.interpharma.ch\/fr\/wp-json\/wp\/v2\/pages\/4128"}],"wp:attachment":[{"href":"https:\/\/www.interpharma.ch\/fr\/wp-json\/wp\/v2\/media?parent=4068"}],"curies":[{"name":"wp","href":"https:\/\/api.w.org\/{rel}","templated":true}]}}