{"id":4050,"date":"2026-02-25T08:25:44","date_gmt":"2026-02-25T07:25:44","guid":{"rendered":"https:\/\/iph-multisite.berta-bewegt.ch\/?page_id=4050"},"modified":"2026-02-25T08:25:44","modified_gmt":"2026-02-25T07:25:44","slug":"phase-clinique","status":"publish","type":"page","link":"https:\/\/www.interpharma.ch\/fr\/themen\/a-la-pointe-de-la-recherche-et-developpement\/le-long-chemin-vers-un-medicament\/phase-clinique\/","title":{"rendered":"Phase clinique"},"content":{"rendered":"\n<p>Pour tout essai clinique, il faut\nobtenir l\u2019accord des autorit\u00e9s nationales comp\u00e9tentes (en Suisse, il s\u2019agit de\nl\u2019autorit\u00e9 de contr\u00f4le et d\u2019autorisation des produits th\u00e9rapeutiques\nSwissmedic) et des commissions d\u2019\u00e9thique. Les commissions d\u2019\u00e9thique se\ncomposent de m\u00e9decins exp\u00e9riment\u00e9s, de th\u00e9ologiens, de juristes et de profanes.\nElles soup\u00e8sent (entre autres sur la base des tests qui ont eu lieu auparavant)\nsi l\u2019\u00e9tude peut \u00eatre r\u00e9alis\u00e9e du point de vue \u00e9thique, m\u00e9dical et juridique et\nsous quelles conditions. Elles veillent en particulier \u00e0 la protection des\nparticipant-e-s aux essais cliniques. Elles v\u00e9rifient aussi l\u2019ad\u00e9quation des\ninstitutions et des m\u00e9decins souhaitant contribuer \u00e0 l\u2019\u00e9tude.<\/p>\n\n\n\n<h2 class=\"wp-block-heading\">Phase\nI: premiers essais sur l\u2019\u00eatre humain afin de tester la tol\u00e9rance<\/h2>\n\n\n\n<p>\u00c0\ncette phase de d\u00e9veloppement du m\u00e9dicament, on administre la nouvelle substance\nactive \u00e0 quelques douzaines de volontaires en bonne sant\u00e9. Comme il s\u2019agit \u00e0 ce\nstade de personnes en bonne sant\u00e9, on ne peut pas encore d\u00e9terminer\nl\u2019efficacit\u00e9 de la substance. Il s\u2019agit de v\u00e9rifier si les r\u00e9sultats obtenus\nchez l\u2019animal en termes de tol\u00e9rance, d\u2019absorption, de r\u00e9partition, de\nd\u00e9gradation et d\u2019\u00e9limination se confirment chez l\u2019\u00eatre humain. En outre, en\nobservant les r\u00e9actions \u00e0 diff\u00e9rents dosages, on d\u00e9termine les effets\nsecondaires dans l\u2019organisme humain et les dosages ad\u00e9quats.<\/p>\n\n\n\n<p>On\nse base sur ces donn\u00e9es pour calculer la meilleure forme d\u2019administration\n(forme gal\u00e9nique) du nouveau m\u00e9dicament (p.&nbsp;ex. comprim\u00e9s, g\u00e9lules ou\ngouttes). Une fois que l\u2019on a trouv\u00e9 la forme qui convient pour le m\u00e9dicament,\nsa production en plus grandes quantit\u00e9s commence.<\/p>\n\n\n\n<h2 class=\"wp-block-heading\">Phase\nII: essais cliniques pour tester l\u2019efficacit\u00e9<\/h2>\n\n\n\n<p>Gr\u00e2ce\n\u00e0 la coop\u00e9ration entre entreprises pharmaceutiques et organisations de\nrecherche clinique telles qu\u2019h\u00f4pitaux universitaires ou autres institutions\nm\u00e9dicales, il est \u00e0 cette phase pour la premi\u00e8re fois possible d\u2019impliquer des\nmalades dans la poursuite du d\u00e9veloppement du nouveau m\u00e9dicament. Les m\u00e9decins\ntraitants leur font part de cette possibilit\u00e9 et, s\u2019ils sont int\u00e9ress\u00e9s, les\nsuivent pendant le traitement qui a lieu dans le cadre de l\u2019essai clinique. En\nmoyenne, un essai de cette phase inclut entre 100 et 500 patient-e-s. On\nd\u00e9termine non seulement l\u2019efficacit\u00e9 du m\u00e9dicament, mais aussi la tol\u00e9rance et\nle dosage optimal.<\/p>\n\n\n\n<p>Les\nobservations les plus fiables sont obtenues en r\u00e9partissant les patients en\ndeux groupes: un qui re\u00e7oit le nouveau m\u00e9dicament, l\u2019autre un m\u00e9dicament\nstandard ou un plac\u00e9bo (m\u00e9dicament ne contenant aucune substance active). Les\nm\u00e9decins r\u00e9partissent les patients de mani\u00e8re al\u00e9atoire entre les deux groupes,\nc\u2019est ce que l\u2019on appelle la randomisation. Dans certaines \u00e9tudes, ni les\npatients, ni les m\u00e9decins ne savent qui fait partie de quel groupe. Elles sont\nappel\u00e9es \u00aben double aveugle\u00bb ou \u00abdouble insu\u00bb. Les emballages de m\u00e9dicaments\nportent uniquement des num\u00e9ros de code qui sont inscrits dans le dossier\nm\u00e9dical du patient. Ceci permettra, lors de l\u2019analyse, de d\u00e9terminer qui a re\u00e7u\nle m\u00e9dicament et qui a re\u00e7u un plac\u00e9bo. Pendant le traitement, on ne sait pas\nde quel groupe chaque patient-e fait partie. Ce processus vise \u00e0 \u00e9viter que\nl\u2019espoir ou l\u2019inqui\u00e9tude n\u2019influencent l\u2019effet du m\u00e9dicament chez les patients.<\/p>\n\n\n\n<h2 class=\"wp-block-heading\">Phase\nIII: essais cliniques pour d\u00e9montrer l\u2019efficacit\u00e9 du traitement<\/h2>\n\n\n\n<p>\u00c0 cette phase, on teste le m\u00e9dicament sur des milliers de patient-e-s pour voir si la tol\u00e9rance et l\u2019efficacit\u00e9 sont identiques chez de nombreuses personnes diff\u00e9rentes. Souvent, les \u00e9tudes montrent qu\u2019un m\u00e9dicament agit diff\u00e9remment selon la personne, ou pas du tout chez certaines. Ceci est le plus souvent d\u00fb \u00e0 des caract\u00e9ristiques individuelles du patient telles que taux sanguins ou sp\u00e9cificit\u00e9s g\u00e9n\u00e9tiques. De tels indicateurs qui influencent l\u2019effet des m\u00e9dicaments sont appel\u00e9s biomarqueurs. Aujourd\u2019hui, gr\u00e2ce aux \u00e9tudes r\u00e9alis\u00e9es, on conna\u00eet d\u00e9j\u00e0 pour certains m\u00e9dicaments des caract\u00e9ristiques de l\u2019\u00eatre humain qui en influencent l\u2019effet. Tester les biomarqueurs permet de trouver les patients qui vont r\u00e9agir particuli\u00e8rement bien \u00e0 un traitement. En plus de ce contr\u00f4le de l\u2019efficacit\u00e9 sur un grand nombre de personnes, on \u00e9tudie \u00e9galement les interactions avec d\u2019autres m\u00e9dicaments. \u00c0 la fin de la phase clinique, on \u00e9value le nouveau m\u00e9dicament \u00e0 l\u2019aide de \u00abpoints finaux\u00bb pr\u00e9alablement fix\u00e9s. Ceux-ci d\u00e9finissent l\u2019effet souhait\u00e9 du m\u00e9dicament. Dans le cas d\u2019une maladie infectieuse, le but est par exemple la disparition compl\u00e8te de l\u2019infection, ou dans le cas d\u2019une maladie chronique, une p\u00e9riode aussi longue que possible entre deux pouss\u00e9es.<\/p>\n","protected":false},"excerpt":{"rendered":"<p>Pour tout essai clinique, il faut obtenir l\u2019accord des autorit\u00e9s nationales comp\u00e9tentes (en Suisse, il s\u2019agit de l\u2019autorit\u00e9 de contr\u00f4le et d\u2019autorisation des produits th\u00e9rapeutiques Swissmedic) et des commissions d\u2019\u00e9thique. Les commissions d\u2019\u00e9thique se composent de m\u00e9decins exp\u00e9riment\u00e9s, de th\u00e9ologiens, de juristes et de profanes. Elles soup\u00e8sent (entre autres sur la base des tests qui [&hellip;]<\/p>\n","protected":false},"author":1,"featured_media":0,"parent":4286,"menu_order":2,"comment_status":"closed","ping_status":"closed","template":"page-templates\/unterthema.php","meta":{"_acf_changed":false,"inline_featured_image":false,"footnotes":""},"class_list":["post-4050","page","type-page","status-publish","hentry"],"acf":[],"yoast_head":"<!-- This site is optimized with the Yoast SEO Premium plugin v27.2 (Yoast SEO v27.2) - https:\/\/yoast.com\/product\/yoast-seo-premium-wordpress\/ -->\n<title>Phase clinique - Interpharma<\/title>\n<meta name=\"robots\" content=\"index, follow, max-snippet:-1, max-image-preview:large, max-video-preview:-1\" \/>\n<link rel=\"canonical\" href=\"https:\/\/www.interpharma.ch\/fr\/themen\/a-la-pointe-de-la-recherche-et-developpement\/le-long-chemin-vers-un-medicament\/phase-clinique\/\" \/>\n<meta property=\"og:locale\" content=\"fr_FR\" \/>\n<meta property=\"og:type\" content=\"article\" \/>\n<meta property=\"og:title\" content=\"Phase clinique\" \/>\n<meta property=\"og:description\" content=\"Pour tout essai clinique, il faut obtenir l\u2019accord des autorit\u00e9s nationales comp\u00e9tentes (en Suisse, il s\u2019agit de l\u2019autorit\u00e9 de contr\u00f4le et d\u2019autorisation des produits th\u00e9rapeutiques Swissmedic) et des commissions d\u2019\u00e9thique. Les commissions d\u2019\u00e9thique se composent de m\u00e9decins exp\u00e9riment\u00e9s, de th\u00e9ologiens, de juristes et de profanes. Elles soup\u00e8sent (entre autres sur la base des tests qui [&hellip;]\" \/>\n<meta property=\"og:url\" content=\"https:\/\/www.interpharma.ch\/fr\/themen\/a-la-pointe-de-la-recherche-et-developpement\/le-long-chemin-vers-un-medicament\/phase-clinique\/\" \/>\n<meta property=\"og:site_name\" content=\"Interpharma\" \/>\n<meta name=\"twitter:card\" content=\"summary_large_image\" \/>\n<meta name=\"twitter:site\" content=\"@interpharma_ch\" \/>\n<meta name=\"twitter:label1\" content=\"Dur\u00e9e de lecture estim\u00e9e\" \/>\n\t<meta name=\"twitter:data1\" content=\"4 minutes\" \/>\n<script type=\"application\/ld+json\" class=\"yoast-schema-graph\">{\"@context\":\"https:\/\/schema.org\",\"@graph\":[{\"@type\":\"WebPage\",\"@id\":\"https:\/\/www.interpharma.ch\/fr\/themen\/a-la-pointe-de-la-recherche-et-developpement\/le-long-chemin-vers-un-medicament\/phase-clinique\/\",\"url\":\"https:\/\/www.interpharma.ch\/fr\/themen\/a-la-pointe-de-la-recherche-et-developpement\/le-long-chemin-vers-un-medicament\/phase-clinique\/\",\"name\":\"Phase clinique - Interpharma\",\"isPartOf\":{\"@id\":\"https:\/\/www.interpharma.ch\/#website\"},\"datePublished\":\"2026-02-25T07:25:44+00:00\",\"breadcrumb\":{\"@id\":\"https:\/\/www.interpharma.ch\/fr\/themen\/a-la-pointe-de-la-recherche-et-developpement\/le-long-chemin-vers-un-medicament\/phase-clinique\/#breadcrumb\"},\"inLanguage\":\"fr-FR\",\"potentialAction\":[{\"@type\":\"ReadAction\",\"target\":[\"https:\/\/www.interpharma.ch\/fr\/themen\/a-la-pointe-de-la-recherche-et-developpement\/le-long-chemin-vers-un-medicament\/phase-clinique\/\"]}]},{\"@type\":\"BreadcrumbList\",\"@id\":\"https:\/\/www.interpharma.ch\/fr\/themen\/a-la-pointe-de-la-recherche-et-developpement\/le-long-chemin-vers-un-medicament\/phase-clinique\/#breadcrumb\",\"itemListElement\":[{\"@type\":\"ListItem\",\"position\":1,\"name\":\"Startseite\",\"item\":\"https:\/\/www.interpharma.ch\/fr\/\"},{\"@type\":\"ListItem\",\"position\":2,\"name\":\"Nos th\u00e8mes\",\"item\":\"https:\/\/www.interpharma.ch\/fr\/themen\/\"},{\"@type\":\"ListItem\",\"position\":3,\"name\":\"\u00c0 la pointe de la recherche et d\u00e9veloppement\",\"item\":\"https:\/\/www.interpharma.ch\/fr\/themen\/a-la-pointe-de-la-recherche-et-developpement\/\"},{\"@type\":\"ListItem\",\"position\":4,\"name\":\"Le long chemin vers un m\u00e9dicament\",\"item\":\"https:\/\/www.interpharma.ch\/fr\/themen\/a-la-pointe-de-la-recherche-et-developpement\/le-long-chemin-vers-un-medicament\/\"},{\"@type\":\"ListItem\",\"position\":5,\"name\":\"Phase clinique\"}]},{\"@type\":\"WebSite\",\"@id\":\"https:\/\/www.interpharma.ch\/#website\",\"url\":\"https:\/\/www.interpharma.ch\/\",\"name\":\"Interpharma\",\"description\":\"Verband der forschenden Pharmazeutischen Firmen\",\"publisher\":{\"@id\":\"https:\/\/www.interpharma.ch\/#organization\"},\"potentialAction\":[{\"@type\":\"SearchAction\",\"target\":{\"@type\":\"EntryPoint\",\"urlTemplate\":\"https:\/\/www.interpharma.ch\/?s={search_term_string}\"},\"query-input\":{\"@type\":\"PropertyValueSpecification\",\"valueRequired\":true,\"valueName\":\"search_term_string\"}}],\"inLanguage\":\"fr-FR\"},{\"@type\":\"Organization\",\"@id\":\"https:\/\/www.interpharma.ch\/#organization\",\"name\":\"Interpharma\",\"url\":\"https:\/\/www.interpharma.ch\/\",\"logo\":{\"@type\":\"ImageObject\",\"inLanguage\":\"fr-FR\",\"@id\":\"https:\/\/www.interpharma.ch\/#\/schema\/logo\/image\/\",\"url\":\"https:\/\/interpharma.ch\/wp-content\/uploads\/2026\/03\/20251014_iph_logo_wort_bildmarke_rgb_final_cu01.svg\",\"contentUrl\":\"https:\/\/interpharma.ch\/wp-content\/uploads\/2026\/03\/20251014_iph_logo_wort_bildmarke_rgb_final_cu01.svg\",\"width\":\"1200\",\"height\":\"1200\",\"caption\":\"Interpharma\"},\"image\":{\"@id\":\"https:\/\/www.interpharma.ch\/#\/schema\/logo\/image\/\"},\"sameAs\":[\"https:\/\/x.com\/interpharma_ch\",\"https:\/\/ch.linkedin.com\/company\/interpharma\",\"https:\/\/www.instagram.com\/interpharma_ch\/\"]}]}<\/script>\n<!-- \/ Yoast SEO Premium plugin. -->","yoast_head_json":{"title":"Phase clinique - Interpharma","robots":{"index":"index","follow":"follow","max-snippet":"max-snippet:-1","max-image-preview":"max-image-preview:large","max-video-preview":"max-video-preview:-1"},"canonical":"https:\/\/www.interpharma.ch\/fr\/themen\/a-la-pointe-de-la-recherche-et-developpement\/le-long-chemin-vers-un-medicament\/phase-clinique\/","og_locale":"fr_FR","og_type":"article","og_title":"Phase clinique","og_description":"Pour tout essai clinique, il faut obtenir l\u2019accord des autorit\u00e9s nationales comp\u00e9tentes (en Suisse, il s\u2019agit de l\u2019autorit\u00e9 de contr\u00f4le et d\u2019autorisation des produits th\u00e9rapeutiques Swissmedic) et des commissions d\u2019\u00e9thique. Les commissions d\u2019\u00e9thique se composent de m\u00e9decins exp\u00e9riment\u00e9s, de th\u00e9ologiens, de juristes et de profanes. Elles soup\u00e8sent (entre autres sur la base des tests qui [&hellip;]","og_url":"https:\/\/www.interpharma.ch\/fr\/themen\/a-la-pointe-de-la-recherche-et-developpement\/le-long-chemin-vers-un-medicament\/phase-clinique\/","og_site_name":"Interpharma","twitter_card":"summary_large_image","twitter_site":"@interpharma_ch","twitter_misc":{"Dur\u00e9e de lecture estim\u00e9e":"4 minutes"},"schema":{"@context":"https:\/\/schema.org","@graph":[{"@type":"WebPage","@id":"https:\/\/www.interpharma.ch\/fr\/themen\/a-la-pointe-de-la-recherche-et-developpement\/le-long-chemin-vers-un-medicament\/phase-clinique\/","url":"https:\/\/www.interpharma.ch\/fr\/themen\/a-la-pointe-de-la-recherche-et-developpement\/le-long-chemin-vers-un-medicament\/phase-clinique\/","name":"Phase clinique - Interpharma","isPartOf":{"@id":"https:\/\/www.interpharma.ch\/#website"},"datePublished":"2026-02-25T07:25:44+00:00","breadcrumb":{"@id":"https:\/\/www.interpharma.ch\/fr\/themen\/a-la-pointe-de-la-recherche-et-developpement\/le-long-chemin-vers-un-medicament\/phase-clinique\/#breadcrumb"},"inLanguage":"fr-FR","potentialAction":[{"@type":"ReadAction","target":["https:\/\/www.interpharma.ch\/fr\/themen\/a-la-pointe-de-la-recherche-et-developpement\/le-long-chemin-vers-un-medicament\/phase-clinique\/"]}]},{"@type":"BreadcrumbList","@id":"https:\/\/www.interpharma.ch\/fr\/themen\/a-la-pointe-de-la-recherche-et-developpement\/le-long-chemin-vers-un-medicament\/phase-clinique\/#breadcrumb","itemListElement":[{"@type":"ListItem","position":1,"name":"Startseite","item":"https:\/\/www.interpharma.ch\/fr\/"},{"@type":"ListItem","position":2,"name":"Nos th\u00e8mes","item":"https:\/\/www.interpharma.ch\/fr\/themen\/"},{"@type":"ListItem","position":3,"name":"\u00c0 la pointe de la recherche et d\u00e9veloppement","item":"https:\/\/www.interpharma.ch\/fr\/themen\/a-la-pointe-de-la-recherche-et-developpement\/"},{"@type":"ListItem","position":4,"name":"Le long chemin vers un m\u00e9dicament","item":"https:\/\/www.interpharma.ch\/fr\/themen\/a-la-pointe-de-la-recherche-et-developpement\/le-long-chemin-vers-un-medicament\/"},{"@type":"ListItem","position":5,"name":"Phase clinique"}]},{"@type":"WebSite","@id":"https:\/\/www.interpharma.ch\/#website","url":"https:\/\/www.interpharma.ch\/","name":"Interpharma","description":"Verband der forschenden Pharmazeutischen Firmen","publisher":{"@id":"https:\/\/www.interpharma.ch\/#organization"},"potentialAction":[{"@type":"SearchAction","target":{"@type":"EntryPoint","urlTemplate":"https:\/\/www.interpharma.ch\/?s={search_term_string}"},"query-input":{"@type":"PropertyValueSpecification","valueRequired":true,"valueName":"search_term_string"}}],"inLanguage":"fr-FR"},{"@type":"Organization","@id":"https:\/\/www.interpharma.ch\/#organization","name":"Interpharma","url":"https:\/\/www.interpharma.ch\/","logo":{"@type":"ImageObject","inLanguage":"fr-FR","@id":"https:\/\/www.interpharma.ch\/#\/schema\/logo\/image\/","url":"https:\/\/interpharma.ch\/wp-content\/uploads\/2026\/03\/20251014_iph_logo_wort_bildmarke_rgb_final_cu01.svg","contentUrl":"https:\/\/interpharma.ch\/wp-content\/uploads\/2026\/03\/20251014_iph_logo_wort_bildmarke_rgb_final_cu01.svg","width":"1200","height":"1200","caption":"Interpharma"},"image":{"@id":"https:\/\/www.interpharma.ch\/#\/schema\/logo\/image\/"},"sameAs":["https:\/\/x.com\/interpharma_ch","https:\/\/ch.linkedin.com\/company\/interpharma","https:\/\/www.instagram.com\/interpharma_ch\/"]}]}},"_links":{"self":[{"href":"https:\/\/www.interpharma.ch\/fr\/wp-json\/wp\/v2\/pages\/4050","targetHints":{"allow":["GET"]}}],"collection":[{"href":"https:\/\/www.interpharma.ch\/fr\/wp-json\/wp\/v2\/pages"}],"about":[{"href":"https:\/\/www.interpharma.ch\/fr\/wp-json\/wp\/v2\/types\/page"}],"author":[{"embeddable":true,"href":"https:\/\/www.interpharma.ch\/fr\/wp-json\/wp\/v2\/users\/1"}],"replies":[{"embeddable":true,"href":"https:\/\/www.interpharma.ch\/fr\/wp-json\/wp\/v2\/comments?post=4050"}],"version-history":[{"count":1,"href":"https:\/\/www.interpharma.ch\/fr\/wp-json\/wp\/v2\/pages\/4050\/revisions"}],"predecessor-version":[{"id":4051,"href":"https:\/\/www.interpharma.ch\/fr\/wp-json\/wp\/v2\/pages\/4050\/revisions\/4051"}],"up":[{"embeddable":true,"href":"https:\/\/www.interpharma.ch\/fr\/wp-json\/wp\/v2\/pages\/4286"}],"wp:attachment":[{"href":"https:\/\/www.interpharma.ch\/fr\/wp-json\/wp\/v2\/media?parent=4050"}],"curies":[{"name":"wp","href":"https:\/\/api.w.org\/{rel}","templated":true}]}}