{"id":4044,"date":"2026-02-25T08:25:44","date_gmt":"2026-02-25T07:25:44","guid":{"rendered":"https:\/\/iph-multisite.berta-bewegt.ch\/?page_id=4044"},"modified":"2026-02-25T08:25:44","modified_gmt":"2026-02-25T07:25:44","slug":"premiers-pas-vers-un-nouveau-medicament","status":"publish","type":"page","link":"https:\/\/www.interpharma.ch\/fr\/themen\/a-la-pointe-de-la-recherche-et-developpement\/le-long-chemin-vers-un-medicament\/premiers-pas-vers-un-nouveau-medicament\/","title":{"rendered":"Premiers pas vers un nouveau m\u00e9dicament"},"content":{"rendered":"\n<p>Avant d\u2019entamer un projet de\nrecherche pharmaceutique, de nombreuses questions se posent: pour quelles\nmaladies y a-t-il un besoin urgent de nouveaux m\u00e9dicaments? Y a-t-il de\nnouvelles d\u00e9couvertes sur les causes de la maladie? Est-il possible de r\u00e9duire\nles effets secondaires de m\u00e9dicaments existants?<br>\n<br>\nSi la plupart des r\u00e9ponses \u00e0 ces questions sont positives, un processus long et\nrisqu\u00e9 de d\u00e9veloppement d\u2019un m\u00e9dicament commence par l\u2019identification d\u2019une\ncible (\u00abtarget\u00bb). Il s\u2019agit d\u2019un point d\u2019attaque dans l\u2019organisme ayant une\ninfluence d\u00e9cisive sur le processus pathologique ou le d\u00e9clenchant. Le but est\nque le nouveau m\u00e9dicament agisse sur le point d\u2019attaque de mani\u00e8re \u00e0 gu\u00e9rir ou\nsoulager la maladie. Ces points d\u2019attaque sont le plus souvent des enzymes ou\ndes r\u00e9cepteurs.<\/p>\n\n\n\n<h2 class=\"wp-block-heading\"><strong>Comme une cl\u00e9 dans la serrure<\/strong><strong><\/strong><\/h2>\n\n\n\n<p>Une fois que l\u2019on a trouv\u00e9 une\ncible ad\u00e9quate, l\u2019\u00e9tape suivante consiste \u00e0 chercher une substance active qui\nconvienne. Par des tests r\u00e9alis\u00e9s en machine (le criblage \u00e0 haut d\u00e9bit ou\nhigh-throughput screening, HTS), on met la cible en contact avec jusqu\u2019\u00e0\n200&nbsp;000 substances diff\u00e9rentes par jour, \u00e0 la recherche d\u2019une interaction.\nCette interaction a lieu si la substance active inhibe ou active la cible.<br>\nCeci se fait selon le principe de la cl\u00e9 dans la serrure: le point d\u2019attaque \u00e0\ninfluencer est la serrure. Sur un nombre incalculable de cl\u00e9s (les substances\nactives), seules quelques-unes correspondent.<\/p>\n\n\n\n<p>Les substances entra\u00eenant une\nr\u00e9action avec la cible sont appel\u00e9es \u00abtouches\u00bb (ou \u00abhits\u00bb en anglais). On\n\u00e9tudie ensuite l\u2019ampleur de leur effet. En moyenne, sur 5&nbsp;000 \u00e0\n10&nbsp;000 touches \u00e9tudi\u00e9es au d\u00e9part, on ne continue \u00e0 en \u00e9tudier qu\u2019une\nvingtaine.<\/p>\n\n\n\n<h2 class=\"wp-block-heading\"><strong>De la touche \u00e0 la substance active<\/strong><strong><\/strong><\/h2>\n\n\n\n<p>Les \u00abtouches\u00bb, c\u2019est-\u00e0-dire les\nsubstances qui ont r\u00e9agi avec le point d\u2019attaque, ne peuvent pas \u00eatre utilis\u00e9es\ncomme substances actives sous leur forme d\u2019origine. Il faut les modifier\nchimiquement pour qu\u2019elles remplissent les conditions requises pour un\nm\u00e9dicament. Pour utiliser une image, on peut dire que la cl\u00e9 entrait au d\u00e9part\ndans la serrure mais ne tournait que tr\u00e8s difficilement, de sorte que l\u2019effet\nescompt\u00e9 \u00e9tait nul ou r\u00e9duit. Il faut donc maintenant modifier la cl\u00e9 pour\nqu\u2019elle ouvre facilement la serrure.<br>\n<br>\nPour pouvoir fonctionner en tant que cl\u00e9, la substance doit remplir diverses\nconditions. L\u2019une d\u2019entre elles est qu\u2019elle influence aussi peu de points\nd\u2019attaque que possible dans l\u2019organisme \u00e0 part la cible proprement dite. Ce\nd\u00e9veloppement peut prendre plusieurs ann\u00e9es au cours desquelles les chercheurs\nenl\u00e8vent des \u00e9l\u00e9ments de la substance o\u00f9 lui en ajoutent pour optimiser ses\npropri\u00e9t\u00e9s. Chaque modification doit ensuite \u00eatre test\u00e9e. Si, quelques ann\u00e9es\net plusieurs centaines de modifications plus tard, la substance s\u2019av\u00e8re\nsatisfaisante, on la fait breveter. Cela garantit \u00e0 l\u2019entreprise pharmaceutique\nqu\u2019aucune autre entreprise ne puisse utiliser cette nouvelle substance pour\nfabriquer des m\u00e9dicaments. La protection de 20&nbsp;ans commence d\u00e8s le brevet\nd\u00e9pos\u00e9, bien avant qu\u2019on ne sache si la substance arrivera jamais sur le march\u00e9\nen tant que m\u00e9dicament.<\/p>\n","protected":false},"excerpt":{"rendered":"<p>Avant d\u2019entamer un projet de recherche pharmaceutique, de nombreuses questions se posent: pour quelles maladies y a-t-il un besoin urgent de nouveaux m\u00e9dicaments? Y a-t-il de nouvelles d\u00e9couvertes sur les causes de la maladie? Est-il possible de r\u00e9duire les effets secondaires de m\u00e9dicaments existants? Si la plupart des r\u00e9ponses \u00e0 ces questions sont positives, un [&hellip;]<\/p>\n","protected":false},"author":1,"featured_media":0,"parent":4286,"menu_order":0,"comment_status":"closed","ping_status":"closed","template":"page-templates\/unterthema.php","meta":{"_acf_changed":false,"inline_featured_image":false,"footnotes":""},"class_list":["post-4044","page","type-page","status-publish","hentry"],"acf":[],"yoast_head":"<!-- This site is optimized with the Yoast SEO Premium plugin v27.2 (Yoast SEO v27.2) - https:\/\/yoast.com\/product\/yoast-seo-premium-wordpress\/ -->\n<title>Premiers pas vers un nouveau m\u00e9dicament - Interpharma<\/title>\n<meta name=\"robots\" content=\"index, follow, max-snippet:-1, max-image-preview:large, max-video-preview:-1\" \/>\n<link rel=\"canonical\" href=\"https:\/\/www.interpharma.ch\/fr\/themen\/a-la-pointe-de-la-recherche-et-developpement\/le-long-chemin-vers-un-medicament\/premiers-pas-vers-un-nouveau-medicament\/\" \/>\n<meta property=\"og:locale\" content=\"fr_FR\" \/>\n<meta property=\"og:type\" content=\"article\" \/>\n<meta property=\"og:title\" content=\"Premiers pas vers un nouveau m\u00e9dicament\" \/>\n<meta property=\"og:description\" content=\"Avant d\u2019entamer un projet de recherche pharmaceutique, de nombreuses questions se posent: pour quelles maladies y a-t-il un besoin urgent de nouveaux m\u00e9dicaments? Y a-t-il de nouvelles d\u00e9couvertes sur les causes de la maladie? Est-il possible de r\u00e9duire les effets secondaires de m\u00e9dicaments existants? Si la plupart des r\u00e9ponses \u00e0 ces questions sont positives, un [&hellip;]\" \/>\n<meta property=\"og:url\" content=\"https:\/\/www.interpharma.ch\/fr\/themen\/a-la-pointe-de-la-recherche-et-developpement\/le-long-chemin-vers-un-medicament\/premiers-pas-vers-un-nouveau-medicament\/\" \/>\n<meta property=\"og:site_name\" content=\"Interpharma\" \/>\n<meta name=\"twitter:card\" content=\"summary_large_image\" \/>\n<meta name=\"twitter:site\" content=\"@interpharma_ch\" \/>\n<meta name=\"twitter:label1\" content=\"Dur\u00e9e de lecture estim\u00e9e\" \/>\n\t<meta name=\"twitter:data1\" content=\"3 minutes\" \/>\n<script type=\"application\/ld+json\" class=\"yoast-schema-graph\">{\"@context\":\"https:\/\/schema.org\",\"@graph\":[{\"@type\":\"WebPage\",\"@id\":\"https:\/\/www.interpharma.ch\/fr\/themen\/a-la-pointe-de-la-recherche-et-developpement\/le-long-chemin-vers-un-medicament\/premiers-pas-vers-un-nouveau-medicament\/\",\"url\":\"https:\/\/www.interpharma.ch\/fr\/themen\/a-la-pointe-de-la-recherche-et-developpement\/le-long-chemin-vers-un-medicament\/premiers-pas-vers-un-nouveau-medicament\/\",\"name\":\"Premiers pas vers un nouveau m\u00e9dicament - Interpharma\",\"isPartOf\":{\"@id\":\"https:\/\/www.interpharma.ch\/#website\"},\"datePublished\":\"2026-02-25T07:25:44+00:00\",\"breadcrumb\":{\"@id\":\"https:\/\/www.interpharma.ch\/fr\/themen\/a-la-pointe-de-la-recherche-et-developpement\/le-long-chemin-vers-un-medicament\/premiers-pas-vers-un-nouveau-medicament\/#breadcrumb\"},\"inLanguage\":\"fr-FR\",\"potentialAction\":[{\"@type\":\"ReadAction\",\"target\":[\"https:\/\/www.interpharma.ch\/fr\/themen\/a-la-pointe-de-la-recherche-et-developpement\/le-long-chemin-vers-un-medicament\/premiers-pas-vers-un-nouveau-medicament\/\"]}]},{\"@type\":\"BreadcrumbList\",\"@id\":\"https:\/\/www.interpharma.ch\/fr\/themen\/a-la-pointe-de-la-recherche-et-developpement\/le-long-chemin-vers-un-medicament\/premiers-pas-vers-un-nouveau-medicament\/#breadcrumb\",\"itemListElement\":[{\"@type\":\"ListItem\",\"position\":1,\"name\":\"Startseite\",\"item\":\"https:\/\/www.interpharma.ch\/fr\/\"},{\"@type\":\"ListItem\",\"position\":2,\"name\":\"Nos th\u00e8mes\",\"item\":\"https:\/\/www.interpharma.ch\/fr\/themen\/\"},{\"@type\":\"ListItem\",\"position\":3,\"name\":\"\u00c0 la pointe de la recherche et d\u00e9veloppement\",\"item\":\"https:\/\/www.interpharma.ch\/fr\/themen\/a-la-pointe-de-la-recherche-et-developpement\/\"},{\"@type\":\"ListItem\",\"position\":4,\"name\":\"Le long chemin vers un m\u00e9dicament\",\"item\":\"https:\/\/www.interpharma.ch\/fr\/themen\/a-la-pointe-de-la-recherche-et-developpement\/le-long-chemin-vers-un-medicament\/\"},{\"@type\":\"ListItem\",\"position\":5,\"name\":\"Premiers pas vers un nouveau m\u00e9dicament\"}]},{\"@type\":\"WebSite\",\"@id\":\"https:\/\/www.interpharma.ch\/#website\",\"url\":\"https:\/\/www.interpharma.ch\/\",\"name\":\"Interpharma\",\"description\":\"Verband der forschenden Pharmazeutischen Firmen\",\"publisher\":{\"@id\":\"https:\/\/www.interpharma.ch\/#organization\"},\"potentialAction\":[{\"@type\":\"SearchAction\",\"target\":{\"@type\":\"EntryPoint\",\"urlTemplate\":\"https:\/\/www.interpharma.ch\/?s={search_term_string}\"},\"query-input\":{\"@type\":\"PropertyValueSpecification\",\"valueRequired\":true,\"valueName\":\"search_term_string\"}}],\"inLanguage\":\"fr-FR\"},{\"@type\":\"Organization\",\"@id\":\"https:\/\/www.interpharma.ch\/#organization\",\"name\":\"Interpharma\",\"url\":\"https:\/\/www.interpharma.ch\/\",\"logo\":{\"@type\":\"ImageObject\",\"inLanguage\":\"fr-FR\",\"@id\":\"https:\/\/www.interpharma.ch\/#\/schema\/logo\/image\/\",\"url\":\"https:\/\/interpharma.ch\/wp-content\/uploads\/2026\/03\/20251014_iph_logo_wort_bildmarke_rgb_final_cu01.svg\",\"contentUrl\":\"https:\/\/interpharma.ch\/wp-content\/uploads\/2026\/03\/20251014_iph_logo_wort_bildmarke_rgb_final_cu01.svg\",\"width\":\"1200\",\"height\":\"1200\",\"caption\":\"Interpharma\"},\"image\":{\"@id\":\"https:\/\/www.interpharma.ch\/#\/schema\/logo\/image\/\"},\"sameAs\":[\"https:\/\/x.com\/interpharma_ch\",\"https:\/\/ch.linkedin.com\/company\/interpharma\",\"https:\/\/www.instagram.com\/interpharma_ch\/\"]}]}<\/script>\n<!-- \/ Yoast SEO Premium plugin. -->","yoast_head_json":{"title":"Premiers pas vers un nouveau m\u00e9dicament - Interpharma","robots":{"index":"index","follow":"follow","max-snippet":"max-snippet:-1","max-image-preview":"max-image-preview:large","max-video-preview":"max-video-preview:-1"},"canonical":"https:\/\/www.interpharma.ch\/fr\/themen\/a-la-pointe-de-la-recherche-et-developpement\/le-long-chemin-vers-un-medicament\/premiers-pas-vers-un-nouveau-medicament\/","og_locale":"fr_FR","og_type":"article","og_title":"Premiers pas vers un nouveau m\u00e9dicament","og_description":"Avant d\u2019entamer un projet de recherche pharmaceutique, de nombreuses questions se posent: pour quelles maladies y a-t-il un besoin urgent de nouveaux m\u00e9dicaments? Y a-t-il de nouvelles d\u00e9couvertes sur les causes de la maladie? Est-il possible de r\u00e9duire les effets secondaires de m\u00e9dicaments existants? Si la plupart des r\u00e9ponses \u00e0 ces questions sont positives, un [&hellip;]","og_url":"https:\/\/www.interpharma.ch\/fr\/themen\/a-la-pointe-de-la-recherche-et-developpement\/le-long-chemin-vers-un-medicament\/premiers-pas-vers-un-nouveau-medicament\/","og_site_name":"Interpharma","twitter_card":"summary_large_image","twitter_site":"@interpharma_ch","twitter_misc":{"Dur\u00e9e de lecture estim\u00e9e":"3 minutes"},"schema":{"@context":"https:\/\/schema.org","@graph":[{"@type":"WebPage","@id":"https:\/\/www.interpharma.ch\/fr\/themen\/a-la-pointe-de-la-recherche-et-developpement\/le-long-chemin-vers-un-medicament\/premiers-pas-vers-un-nouveau-medicament\/","url":"https:\/\/www.interpharma.ch\/fr\/themen\/a-la-pointe-de-la-recherche-et-developpement\/le-long-chemin-vers-un-medicament\/premiers-pas-vers-un-nouveau-medicament\/","name":"Premiers pas vers un nouveau m\u00e9dicament - Interpharma","isPartOf":{"@id":"https:\/\/www.interpharma.ch\/#website"},"datePublished":"2026-02-25T07:25:44+00:00","breadcrumb":{"@id":"https:\/\/www.interpharma.ch\/fr\/themen\/a-la-pointe-de-la-recherche-et-developpement\/le-long-chemin-vers-un-medicament\/premiers-pas-vers-un-nouveau-medicament\/#breadcrumb"},"inLanguage":"fr-FR","potentialAction":[{"@type":"ReadAction","target":["https:\/\/www.interpharma.ch\/fr\/themen\/a-la-pointe-de-la-recherche-et-developpement\/le-long-chemin-vers-un-medicament\/premiers-pas-vers-un-nouveau-medicament\/"]}]},{"@type":"BreadcrumbList","@id":"https:\/\/www.interpharma.ch\/fr\/themen\/a-la-pointe-de-la-recherche-et-developpement\/le-long-chemin-vers-un-medicament\/premiers-pas-vers-un-nouveau-medicament\/#breadcrumb","itemListElement":[{"@type":"ListItem","position":1,"name":"Startseite","item":"https:\/\/www.interpharma.ch\/fr\/"},{"@type":"ListItem","position":2,"name":"Nos th\u00e8mes","item":"https:\/\/www.interpharma.ch\/fr\/themen\/"},{"@type":"ListItem","position":3,"name":"\u00c0 la pointe de la recherche et d\u00e9veloppement","item":"https:\/\/www.interpharma.ch\/fr\/themen\/a-la-pointe-de-la-recherche-et-developpement\/"},{"@type":"ListItem","position":4,"name":"Le long chemin vers un m\u00e9dicament","item":"https:\/\/www.interpharma.ch\/fr\/themen\/a-la-pointe-de-la-recherche-et-developpement\/le-long-chemin-vers-un-medicament\/"},{"@type":"ListItem","position":5,"name":"Premiers pas vers un nouveau m\u00e9dicament"}]},{"@type":"WebSite","@id":"https:\/\/www.interpharma.ch\/#website","url":"https:\/\/www.interpharma.ch\/","name":"Interpharma","description":"Verband der forschenden Pharmazeutischen Firmen","publisher":{"@id":"https:\/\/www.interpharma.ch\/#organization"},"potentialAction":[{"@type":"SearchAction","target":{"@type":"EntryPoint","urlTemplate":"https:\/\/www.interpharma.ch\/?s={search_term_string}"},"query-input":{"@type":"PropertyValueSpecification","valueRequired":true,"valueName":"search_term_string"}}],"inLanguage":"fr-FR"},{"@type":"Organization","@id":"https:\/\/www.interpharma.ch\/#organization","name":"Interpharma","url":"https:\/\/www.interpharma.ch\/","logo":{"@type":"ImageObject","inLanguage":"fr-FR","@id":"https:\/\/www.interpharma.ch\/#\/schema\/logo\/image\/","url":"https:\/\/interpharma.ch\/wp-content\/uploads\/2026\/03\/20251014_iph_logo_wort_bildmarke_rgb_final_cu01.svg","contentUrl":"https:\/\/interpharma.ch\/wp-content\/uploads\/2026\/03\/20251014_iph_logo_wort_bildmarke_rgb_final_cu01.svg","width":"1200","height":"1200","caption":"Interpharma"},"image":{"@id":"https:\/\/www.interpharma.ch\/#\/schema\/logo\/image\/"},"sameAs":["https:\/\/x.com\/interpharma_ch","https:\/\/ch.linkedin.com\/company\/interpharma","https:\/\/www.instagram.com\/interpharma_ch\/"]}]}},"_links":{"self":[{"href":"https:\/\/www.interpharma.ch\/fr\/wp-json\/wp\/v2\/pages\/4044","targetHints":{"allow":["GET"]}}],"collection":[{"href":"https:\/\/www.interpharma.ch\/fr\/wp-json\/wp\/v2\/pages"}],"about":[{"href":"https:\/\/www.interpharma.ch\/fr\/wp-json\/wp\/v2\/types\/page"}],"author":[{"embeddable":true,"href":"https:\/\/www.interpharma.ch\/fr\/wp-json\/wp\/v2\/users\/1"}],"replies":[{"embeddable":true,"href":"https:\/\/www.interpharma.ch\/fr\/wp-json\/wp\/v2\/comments?post=4044"}],"version-history":[{"count":1,"href":"https:\/\/www.interpharma.ch\/fr\/wp-json\/wp\/v2\/pages\/4044\/revisions"}],"predecessor-version":[{"id":4045,"href":"https:\/\/www.interpharma.ch\/fr\/wp-json\/wp\/v2\/pages\/4044\/revisions\/4045"}],"up":[{"embeddable":true,"href":"https:\/\/www.interpharma.ch\/fr\/wp-json\/wp\/v2\/pages\/4286"}],"wp:attachment":[{"href":"https:\/\/www.interpharma.ch\/fr\/wp-json\/wp\/v2\/media?parent=4044"}],"curies":[{"name":"wp","href":"https:\/\/api.w.org\/{rel}","templated":true}]}}