{"id":4038,"date":"2026-02-25T08:25:43","date_gmt":"2026-02-25T07:25:43","guid":{"rendered":"https:\/\/iph-multisite.berta-bewegt.ch\/?page_id=4038"},"modified":"2026-02-25T08:25:43","modified_gmt":"2026-02-25T07:25:43","slug":"recherche-clinique-en-suisse","status":"publish","type":"page","link":"https:\/\/www.interpharma.ch\/fr\/themen\/a-la-pointe-de-la-recherche-et-developpement\/recherche-clinique\/recherche-clinique-en-suisse\/","title":{"rendered":"Recherche clinique en Suisse"},"content":{"rendered":"\n<p>La Suisse a une longue tradition\nde recherche clinique et dispose d\u2019excellentes cliniques m\u00e9dicales\nuniversitaires. Cependant, entre autres en raison du petit nombre de patient-e-s,\ndes proc\u00e9dures d\u00e9centralis\u00e9es et parfois de longue haleine aupr\u00e8s des\ncommissions d\u2019\u00e9thique et de la lenteur du recrutement dans un contexte de\nconcurrence internationale croissante, le nombre d\u2019essais cliniques r\u00e9alis\u00e9s en\nSuisse est en recul depuis plusieurs ann\u00e9es. D\u2019autres obstacles \u00e0 la\nr\u00e9alisation de projets de recherche en r\u00e9seau sont les co\u00fbts \u00e9lev\u00e9s et le\nmultilinguisme. Ils freinent l\u2019investissement dans la place scientifique qu\u2019est\nla Suisse. Par cons\u00e9quent, les conditions cadres sont un \u00e9l\u00e9ment crucial pour\nla recherche.<\/p>\n\n\n\n<p>Pour \u00e9tudier les causes des\nmaladies ou pour d\u00e9velopper de nouvelles m\u00e9thodes de diagnostic, de traitement\net de pr\u00e9vention, la recherche sur l\u2019\u00eatre humain est indispensable. Les\nnouvelles m\u00e9thodes de traitement, par exemple nouveaux m\u00e9dicaments ou m\u00e9thodes\nd\u2019op\u00e9ration, doivent imp\u00e9rativement \u00eatre test\u00e9es pour ce qui est de leur\nefficacit\u00e9, de leur tol\u00e9rance et de leur innocuit\u00e9, avant de pouvoir \u00eatre\nutilis\u00e9es au b\u00e9n\u00e9fice des patient-e-s.<\/p>\n\n\n\n<p>Avant qu\u2019un m\u00e9dicament ne soit\nautoris\u00e9, il faut d\u00e9montrer son efficacit\u00e9 et son innocuit\u00e9 dans le cadre\nd\u2019essais cliniques. Afin de prot\u00e9ger la dignit\u00e9 humaine dans la recherche et\nles droits de la personnalit\u00e9, il existe des principes juridiques reconnus dans\nle monde entier. La l\u00e9gislation suisse relative \u00e0 la recherche clinique se base\nen grande partie sur ces normes. En m\u00eame temps, la libert\u00e9 de la recherche est\ncapitale pour que la m\u00e9decine puisse progresser. Les nouvelles d\u00e9couvertes\npermettent de mieux diagnostiquer, soigner, voire emp\u00eacher les maladies.<\/p>\n\n\n\n<h2 class=\"wp-block-heading\">Loi relative \u00e0 la recherche sur\nl\u2019\u00eatre humain et disposition constitutionnelle<\/h2>\n\n\n\n<p>La loi relative \u00e0 la recherche\nsur l\u2019\u00eatre humain r\u00e8gle uniform\u00e9ment et de mani\u00e8re approfondie la recherche sur\nl\u2019\u00eatre humain en Suisse. L\u2019article constitutionnel (118b) r\u00e8gle les principes\nde base relatifs \u00e0 l\u2019information et au consentement \u00e0 un projet de recherche\nainsi qu\u2019aux risques et contraintes encourus par les personnes participant \u00e0 un\nprojet de recherche. Les personnes incapables de discernement, par exemple les\nenfants ou les handicap\u00e9s, jouissent d\u2019une protection particuli\u00e8re. Enfin, il prescrit\nque pour tout projet de recherche, il faut \u00e9tablir que la protection des\npersonnes y participant est garantie. La Loi f\u00e9d\u00e9rale relative \u00e0 la recherche\nsur l\u2019\u00eatre humain (LRH) concr\u00e9tise l\u2019article constitutionnel. Elle vise \u00e0\nprot\u00e9ger la dignit\u00e9, la personnalit\u00e9 et la sant\u00e9 de l\u2019\u00eatre humain dans le cadre\nde la recherche. Elle veut en outre am\u00e9nager des conditions favorables \u00e0 la\nrecherche sur l\u2019\u00eatre humain, contribuer \u00e0 en garantir la qualit\u00e9 et en assurer\nla transparence.<\/p>\n\n\n\n<p>En plus de la LRH, d\u2019autres lois\nr\u00e8glent diff\u00e9rents domaines de la recherche sur l\u2019\u00eatre humain, par exemple la\nloi sur les produits th\u00e9rapeutiques (LPTh) pour les essais cliniques portant\nsur des m\u00e9dicaments et des produits m\u00e9dicaux, la loi sur la transplantation et\nla loi relative \u00e0 la recherche sur les cellules souches (LRCS). De plus,\nl\u2019Acad\u00e9mie Suisse des Sciences M\u00e9dicales (ASSM) a publi\u00e9 des directives\nm\u00e9dico-\u00e9thiques concernant les recherches exp\u00e9rimentales sur l\u2019\u00eatre humain\nainsi que sur les biobanques. Enfin, les lois en vigueur en Suisse sont en\naccord avec les directives internationales de Bonnes pratiques cliniques (BPC),\nelles-m\u00eames bas\u00e9es sur la d\u00e9claration d\u2019Helsinki de l\u2019Association m\u00e9dicale\nmondiale. De m\u00eame, le Code pharmaceutique suisse s\u2019appuie sur ces m\u00eames bases.<\/p>\n","protected":false},"excerpt":{"rendered":"<p>La Suisse a une longue tradition de recherche clinique et dispose d\u2019excellentes cliniques m\u00e9dicales universitaires. Cependant, entre autres en raison du petit nombre de patient-e-s, des proc\u00e9dures d\u00e9centralis\u00e9es et parfois de longue haleine aupr\u00e8s des commissions d\u2019\u00e9thique et de la lenteur du recrutement dans un contexte de concurrence internationale croissante, le nombre d\u2019essais cliniques r\u00e9alis\u00e9s [&hellip;]<\/p>\n","protected":false},"author":1,"featured_media":14775,"parent":4212,"menu_order":1,"comment_status":"closed","ping_status":"closed","template":"page-templates\/unterthema.php","meta":{"_acf_changed":false,"inline_featured_image":false,"footnotes":""},"class_list":["post-4038","page","type-page","status-publish","has-post-thumbnail","hentry"],"acf":[],"yoast_head":"<!-- This site is optimized with the Yoast SEO Premium plugin v27.2 (Yoast SEO v27.2) - https:\/\/yoast.com\/product\/yoast-seo-premium-wordpress\/ -->\n<title>Recherche clinique en Suisse - Interpharma<\/title>\n<meta name=\"robots\" content=\"index, follow, max-snippet:-1, max-image-preview:large, max-video-preview:-1\" \/>\n<link rel=\"canonical\" href=\"https:\/\/www.interpharma.ch\/fr\/themen\/a-la-pointe-de-la-recherche-et-developpement\/recherche-clinique\/recherche-clinique-en-suisse\/\" \/>\n<meta property=\"og:locale\" content=\"fr_FR\" \/>\n<meta property=\"og:type\" content=\"article\" \/>\n<meta property=\"og:title\" content=\"Recherche clinique en Suisse\" \/>\n<meta property=\"og:description\" content=\"La Suisse a une longue tradition de recherche clinique et dispose d\u2019excellentes cliniques m\u00e9dicales universitaires. Cependant, entre autres en raison du petit nombre de patient-e-s, des proc\u00e9dures d\u00e9centralis\u00e9es et parfois de longue haleine aupr\u00e8s des commissions d\u2019\u00e9thique et de la lenteur du recrutement dans un contexte de concurrence internationale croissante, le nombre d\u2019essais cliniques r\u00e9alis\u00e9s [&hellip;]\" \/>\n<meta property=\"og:url\" content=\"https:\/\/www.interpharma.ch\/fr\/themen\/a-la-pointe-de-la-recherche-et-developpement\/recherche-clinique\/recherche-clinique-en-suisse\/\" \/>\n<meta property=\"og:site_name\" content=\"Interpharma\" \/>\n<meta property=\"og:image\" content=\"https:\/\/www.interpharma.ch\/wp-content\/uploads\/2026\/03\/Interpharma_fuehrendinforschungundentwicklung_klinischeforschung.jpg\" \/>\n\t<meta property=\"og:image:width\" content=\"960\" \/>\n\t<meta property=\"og:image:height\" content=\"721\" \/>\n\t<meta property=\"og:image:type\" content=\"image\/jpeg\" \/>\n<meta name=\"twitter:card\" content=\"summary_large_image\" \/>\n<meta name=\"twitter:site\" content=\"@interpharma_ch\" \/>\n<meta name=\"twitter:label1\" content=\"Dur\u00e9e de lecture estim\u00e9e\" \/>\n\t<meta name=\"twitter:data1\" content=\"3 minutes\" \/>\n<script type=\"application\/ld+json\" class=\"yoast-schema-graph\">{\"@context\":\"https:\/\/schema.org\",\"@graph\":[{\"@type\":\"WebPage\",\"@id\":\"https:\/\/www.interpharma.ch\/fr\/themen\/a-la-pointe-de-la-recherche-et-developpement\/recherche-clinique\/recherche-clinique-en-suisse\/\",\"url\":\"https:\/\/www.interpharma.ch\/fr\/themen\/a-la-pointe-de-la-recherche-et-developpement\/recherche-clinique\/recherche-clinique-en-suisse\/\",\"name\":\"Recherche clinique en Suisse - Interpharma\",\"isPartOf\":{\"@id\":\"https:\/\/www.interpharma.ch\/#website\"},\"primaryImageOfPage\":{\"@id\":\"https:\/\/www.interpharma.ch\/fr\/themen\/a-la-pointe-de-la-recherche-et-developpement\/recherche-clinique\/recherche-clinique-en-suisse\/#primaryimage\"},\"image\":{\"@id\":\"https:\/\/www.interpharma.ch\/fr\/themen\/a-la-pointe-de-la-recherche-et-developpement\/recherche-clinique\/recherche-clinique-en-suisse\/#primaryimage\"},\"thumbnailUrl\":\"https:\/\/www.interpharma.ch\/wp-content\/uploads\/2026\/03\/Interpharma_fuehrendinforschungundentwicklung_klinischeforschung.jpg\",\"datePublished\":\"2026-02-25T07:25:43+00:00\",\"breadcrumb\":{\"@id\":\"https:\/\/www.interpharma.ch\/fr\/themen\/a-la-pointe-de-la-recherche-et-developpement\/recherche-clinique\/recherche-clinique-en-suisse\/#breadcrumb\"},\"inLanguage\":\"fr-FR\",\"potentialAction\":[{\"@type\":\"ReadAction\",\"target\":[\"https:\/\/www.interpharma.ch\/fr\/themen\/a-la-pointe-de-la-recherche-et-developpement\/recherche-clinique\/recherche-clinique-en-suisse\/\"]}]},{\"@type\":\"ImageObject\",\"inLanguage\":\"fr-FR\",\"@id\":\"https:\/\/www.interpharma.ch\/fr\/themen\/a-la-pointe-de-la-recherche-et-developpement\/recherche-clinique\/recherche-clinique-en-suisse\/#primaryimage\",\"url\":\"https:\/\/www.interpharma.ch\/wp-content\/uploads\/2026\/03\/Interpharma_fuehrendinforschungundentwicklung_klinischeforschung.jpg\",\"contentUrl\":\"https:\/\/www.interpharma.ch\/wp-content\/uploads\/2026\/03\/Interpharma_fuehrendinforschungundentwicklung_klinischeforschung.jpg\",\"width\":960,\"height\":721},{\"@type\":\"BreadcrumbList\",\"@id\":\"https:\/\/www.interpharma.ch\/fr\/themen\/a-la-pointe-de-la-recherche-et-developpement\/recherche-clinique\/recherche-clinique-en-suisse\/#breadcrumb\",\"itemListElement\":[{\"@type\":\"ListItem\",\"position\":1,\"name\":\"Startseite\",\"item\":\"https:\/\/www.interpharma.ch\/fr\/\"},{\"@type\":\"ListItem\",\"position\":2,\"name\":\"Nos th\u00e8mes\",\"item\":\"https:\/\/www.interpharma.ch\/fr\/themen\/\"},{\"@type\":\"ListItem\",\"position\":3,\"name\":\"\u00c0 la pointe de la recherche et d\u00e9veloppement\",\"item\":\"https:\/\/www.interpharma.ch\/fr\/themen\/a-la-pointe-de-la-recherche-et-developpement\/\"},{\"@type\":\"ListItem\",\"position\":4,\"name\":\"Recherche clinique\",\"item\":\"https:\/\/www.interpharma.ch\/fr\/themen\/a-la-pointe-de-la-recherche-et-developpement\/recherche-clinique\/\"},{\"@type\":\"ListItem\",\"position\":5,\"name\":\"Recherche clinique en Suisse\"}]},{\"@type\":\"WebSite\",\"@id\":\"https:\/\/www.interpharma.ch\/#website\",\"url\":\"https:\/\/www.interpharma.ch\/\",\"name\":\"Interpharma\",\"description\":\"Verband der forschenden Pharmazeutischen Firmen\",\"publisher\":{\"@id\":\"https:\/\/www.interpharma.ch\/#organization\"},\"potentialAction\":[{\"@type\":\"SearchAction\",\"target\":{\"@type\":\"EntryPoint\",\"urlTemplate\":\"https:\/\/www.interpharma.ch\/?s={search_term_string}\"},\"query-input\":{\"@type\":\"PropertyValueSpecification\",\"valueRequired\":true,\"valueName\":\"search_term_string\"}}],\"inLanguage\":\"fr-FR\"},{\"@type\":\"Organization\",\"@id\":\"https:\/\/www.interpharma.ch\/#organization\",\"name\":\"Interpharma\",\"url\":\"https:\/\/www.interpharma.ch\/\",\"logo\":{\"@type\":\"ImageObject\",\"inLanguage\":\"fr-FR\",\"@id\":\"https:\/\/www.interpharma.ch\/#\/schema\/logo\/image\/\",\"url\":\"https:\/\/interpharma.ch\/wp-content\/uploads\/2026\/03\/20251014_iph_logo_wort_bildmarke_rgb_final_cu01.svg\",\"contentUrl\":\"https:\/\/interpharma.ch\/wp-content\/uploads\/2026\/03\/20251014_iph_logo_wort_bildmarke_rgb_final_cu01.svg\",\"width\":\"1200\",\"height\":\"1200\",\"caption\":\"Interpharma\"},\"image\":{\"@id\":\"https:\/\/www.interpharma.ch\/#\/schema\/logo\/image\/\"},\"sameAs\":[\"https:\/\/x.com\/interpharma_ch\",\"https:\/\/ch.linkedin.com\/company\/interpharma\",\"https:\/\/www.instagram.com\/interpharma_ch\/\"]}]}<\/script>\n<!-- \/ Yoast SEO Premium plugin. -->","yoast_head_json":{"title":"Recherche clinique en Suisse - Interpharma","robots":{"index":"index","follow":"follow","max-snippet":"max-snippet:-1","max-image-preview":"max-image-preview:large","max-video-preview":"max-video-preview:-1"},"canonical":"https:\/\/www.interpharma.ch\/fr\/themen\/a-la-pointe-de-la-recherche-et-developpement\/recherche-clinique\/recherche-clinique-en-suisse\/","og_locale":"fr_FR","og_type":"article","og_title":"Recherche clinique en Suisse","og_description":"La Suisse a une longue tradition de recherche clinique et dispose d\u2019excellentes cliniques m\u00e9dicales universitaires. Cependant, entre autres en raison du petit nombre de patient-e-s, des proc\u00e9dures d\u00e9centralis\u00e9es et parfois de longue haleine aupr\u00e8s des commissions d\u2019\u00e9thique et de la lenteur du recrutement dans un contexte de concurrence internationale croissante, le nombre d\u2019essais cliniques r\u00e9alis\u00e9s [&hellip;]","og_url":"https:\/\/www.interpharma.ch\/fr\/themen\/a-la-pointe-de-la-recherche-et-developpement\/recherche-clinique\/recherche-clinique-en-suisse\/","og_site_name":"Interpharma","og_image":[{"width":960,"height":721,"url":"https:\/\/www.interpharma.ch\/wp-content\/uploads\/2026\/03\/Interpharma_fuehrendinforschungundentwicklung_klinischeforschung.jpg","type":"image\/jpeg"}],"twitter_card":"summary_large_image","twitter_site":"@interpharma_ch","twitter_misc":{"Dur\u00e9e de lecture estim\u00e9e":"3 minutes"},"schema":{"@context":"https:\/\/schema.org","@graph":[{"@type":"WebPage","@id":"https:\/\/www.interpharma.ch\/fr\/themen\/a-la-pointe-de-la-recherche-et-developpement\/recherche-clinique\/recherche-clinique-en-suisse\/","url":"https:\/\/www.interpharma.ch\/fr\/themen\/a-la-pointe-de-la-recherche-et-developpement\/recherche-clinique\/recherche-clinique-en-suisse\/","name":"Recherche clinique en Suisse - Interpharma","isPartOf":{"@id":"https:\/\/www.interpharma.ch\/#website"},"primaryImageOfPage":{"@id":"https:\/\/www.interpharma.ch\/fr\/themen\/a-la-pointe-de-la-recherche-et-developpement\/recherche-clinique\/recherche-clinique-en-suisse\/#primaryimage"},"image":{"@id":"https:\/\/www.interpharma.ch\/fr\/themen\/a-la-pointe-de-la-recherche-et-developpement\/recherche-clinique\/recherche-clinique-en-suisse\/#primaryimage"},"thumbnailUrl":"https:\/\/www.interpharma.ch\/wp-content\/uploads\/2026\/03\/Interpharma_fuehrendinforschungundentwicklung_klinischeforschung.jpg","datePublished":"2026-02-25T07:25:43+00:00","breadcrumb":{"@id":"https:\/\/www.interpharma.ch\/fr\/themen\/a-la-pointe-de-la-recherche-et-developpement\/recherche-clinique\/recherche-clinique-en-suisse\/#breadcrumb"},"inLanguage":"fr-FR","potentialAction":[{"@type":"ReadAction","target":["https:\/\/www.interpharma.ch\/fr\/themen\/a-la-pointe-de-la-recherche-et-developpement\/recherche-clinique\/recherche-clinique-en-suisse\/"]}]},{"@type":"ImageObject","inLanguage":"fr-FR","@id":"https:\/\/www.interpharma.ch\/fr\/themen\/a-la-pointe-de-la-recherche-et-developpement\/recherche-clinique\/recherche-clinique-en-suisse\/#primaryimage","url":"https:\/\/www.interpharma.ch\/wp-content\/uploads\/2026\/03\/Interpharma_fuehrendinforschungundentwicklung_klinischeforschung.jpg","contentUrl":"https:\/\/www.interpharma.ch\/wp-content\/uploads\/2026\/03\/Interpharma_fuehrendinforschungundentwicklung_klinischeforschung.jpg","width":960,"height":721},{"@type":"BreadcrumbList","@id":"https:\/\/www.interpharma.ch\/fr\/themen\/a-la-pointe-de-la-recherche-et-developpement\/recherche-clinique\/recherche-clinique-en-suisse\/#breadcrumb","itemListElement":[{"@type":"ListItem","position":1,"name":"Startseite","item":"https:\/\/www.interpharma.ch\/fr\/"},{"@type":"ListItem","position":2,"name":"Nos th\u00e8mes","item":"https:\/\/www.interpharma.ch\/fr\/themen\/"},{"@type":"ListItem","position":3,"name":"\u00c0 la pointe de la recherche et d\u00e9veloppement","item":"https:\/\/www.interpharma.ch\/fr\/themen\/a-la-pointe-de-la-recherche-et-developpement\/"},{"@type":"ListItem","position":4,"name":"Recherche clinique","item":"https:\/\/www.interpharma.ch\/fr\/themen\/a-la-pointe-de-la-recherche-et-developpement\/recherche-clinique\/"},{"@type":"ListItem","position":5,"name":"Recherche clinique en Suisse"}]},{"@type":"WebSite","@id":"https:\/\/www.interpharma.ch\/#website","url":"https:\/\/www.interpharma.ch\/","name":"Interpharma","description":"Verband der forschenden Pharmazeutischen Firmen","publisher":{"@id":"https:\/\/www.interpharma.ch\/#organization"},"potentialAction":[{"@type":"SearchAction","target":{"@type":"EntryPoint","urlTemplate":"https:\/\/www.interpharma.ch\/?s={search_term_string}"},"query-input":{"@type":"PropertyValueSpecification","valueRequired":true,"valueName":"search_term_string"}}],"inLanguage":"fr-FR"},{"@type":"Organization","@id":"https:\/\/www.interpharma.ch\/#organization","name":"Interpharma","url":"https:\/\/www.interpharma.ch\/","logo":{"@type":"ImageObject","inLanguage":"fr-FR","@id":"https:\/\/www.interpharma.ch\/#\/schema\/logo\/image\/","url":"https:\/\/interpharma.ch\/wp-content\/uploads\/2026\/03\/20251014_iph_logo_wort_bildmarke_rgb_final_cu01.svg","contentUrl":"https:\/\/interpharma.ch\/wp-content\/uploads\/2026\/03\/20251014_iph_logo_wort_bildmarke_rgb_final_cu01.svg","width":"1200","height":"1200","caption":"Interpharma"},"image":{"@id":"https:\/\/www.interpharma.ch\/#\/schema\/logo\/image\/"},"sameAs":["https:\/\/x.com\/interpharma_ch","https:\/\/ch.linkedin.com\/company\/interpharma","https:\/\/www.instagram.com\/interpharma_ch\/"]}]}},"_links":{"self":[{"href":"https:\/\/www.interpharma.ch\/fr\/wp-json\/wp\/v2\/pages\/4038","targetHints":{"allow":["GET"]}}],"collection":[{"href":"https:\/\/www.interpharma.ch\/fr\/wp-json\/wp\/v2\/pages"}],"about":[{"href":"https:\/\/www.interpharma.ch\/fr\/wp-json\/wp\/v2\/types\/page"}],"author":[{"embeddable":true,"href":"https:\/\/www.interpharma.ch\/fr\/wp-json\/wp\/v2\/users\/1"}],"replies":[{"embeddable":true,"href":"https:\/\/www.interpharma.ch\/fr\/wp-json\/wp\/v2\/comments?post=4038"}],"version-history":[{"count":1,"href":"https:\/\/www.interpharma.ch\/fr\/wp-json\/wp\/v2\/pages\/4038\/revisions"}],"predecessor-version":[{"id":4039,"href":"https:\/\/www.interpharma.ch\/fr\/wp-json\/wp\/v2\/pages\/4038\/revisions\/4039"}],"up":[{"embeddable":true,"href":"https:\/\/www.interpharma.ch\/fr\/wp-json\/wp\/v2\/pages\/4212"}],"wp:featuredmedia":[{"embeddable":true,"href":"https:\/\/www.interpharma.ch\/fr\/wp-json\/wp\/v2\/media\/14775"}],"wp:attachment":[{"href":"https:\/\/www.interpharma.ch\/fr\/wp-json\/wp\/v2\/media?parent=4038"}],"curies":[{"name":"wp","href":"https:\/\/api.w.org\/{rel}","templated":true}]}}