{"id":4026,"date":"2026-02-25T08:25:43","date_gmt":"2026-02-25T07:25:43","guid":{"rendered":"https:\/\/iph-multisite.berta-bewegt.ch\/?page_id=4026"},"modified":"2026-02-25T08:25:43","modified_gmt":"2026-02-25T07:25:43","slug":"medecine-personnalisee","status":"publish","type":"page","link":"https:\/\/www.interpharma.ch\/fr\/themen\/a-la-pointe-de-la-recherche-et-developpement\/nouvelles-approches-de-recherche-et-de-traitement\/medecine-personnalisee\/","title":{"rendered":"M\u00e9decine personnalis\u00e9e"},"content":{"rendered":"\n<p>Un m\u00eame traitement n\u2019a pas la\nm\u00eame efficacit\u00e9 chez tous les patients atteints d\u2019une m\u00eame maladie, il peut\nm\u00eame entra\u00eener chez certains des effets secondaires p\u00e9nibles. On entend par\nm\u00e9decine personnalis\u00e9e (ou m\u00e9decine de pr\u00e9cision) une strat\u00e9gie consistant \u00e0\n\u00e9laborer des m\u00e9dicaments mieux adapt\u00e9s \u00e0 chaque patient-e. Elle permet par\nailleurs des diagnostics plus pr\u00e9cis.<\/p>\n\n\n\n<h2 class=\"wp-block-heading\" id=\"h-a-la-base-les-biomarqueurs\">\u00c0 la base: les biomarqueurs<\/h2>\n\n\n\n<p>L\u2019id\u00e9e de la m\u00e9decine\npersonnalis\u00e9e est d\u2019utiliser, en plus du tableau clinique du patient, les\nconnaissances sur son profil biologique ou g\u00e9n\u00e9tique pour pouvoir \u00e0 l\u2019avenir,\navant m\u00eame de commencer tel ou tel traitement, \u00e9valuer s\u2019il y r\u00e9pondra. Des\nbiomarqueurs modernes permettent de d\u00e9terminer des cas particuliers, dans\nlesquels par exemple le profil g\u00e9n\u00e9tique du patient joue un r\u00f4le. Ces\nbiomarqueurs sont des param\u00e8tres mesurables de processus biologiques qui ont\nune pertinence pronostique ou diagnostique.<\/p>\n\n\n\n<p>La m\u00e9decine personnalis\u00e9e vise \u00e0\nidentifier de la sorte diff\u00e9rentes causes et \u00e9volutions de maladies pour d\u00e9velopper\ndes traitements ad\u00e9quats. Un exemple en est le cancer du sein. Les cellules du\ncancer du sein sont des cellules de l\u2019organisme anormales, qui prolif\u00e8rent de\nmani\u00e8re d\u00e9sordonn\u00e9e en raison de mutations sp\u00e9cifiques de g\u00e8nes. Leur\nsp\u00e9cificit\u00e9 g\u00e9n\u00e9tique influence le succ\u00e8s du traitement. Environ un quart des\npatientes atteintes de cancer du sein pr\u00e9sentent une surproduction de la\nprot\u00e9ine HER2 dans les cellules tumorales. Une tumeur HER2-positive entra\u00eene\nune \u00e9volution de la maladie plus agressive qu\u2019une tumeur HER2-n\u00e9gative et la\ntumeur r\u00e9cidive plus rapidement. Une approche th\u00e9rapeutique personnalis\u00e9e est\ndonc particuli\u00e8rement importante pour les patientes HER2-positives. <\/p>\n\n\n\n<p>Cette approche a permis de mettre\nau point un anticorps sp\u00e9cifique contre HER2, qui stoppe la croissance de la\ntumeur et active les d\u00e9fenses immunitaires. Ce traitement n\u2019est judicieux que\npour les patientes ayant trop de r\u00e9cepteurs HER2, c\u2019est pourquoi il est si\nimportant de d\u00e9terminer le plus t\u00f4t possible le statut HER2 des patientes\natteintes d\u2019un cancer du sein.<\/p>\n\n\n\n<h2 class=\"wp-block-heading\" id=\"h-traitement-plus-efficace-et-mieux-tolere\">Traitement plus efficace et mieux\ntol\u00e9r\u00e9<\/h2>\n\n\n\n<p>Cet exemple montre que la\nm\u00e9decine personnalis\u00e9e permet d\u2019une part d\u2019am\u00e9liorer l\u2019efficacit\u00e9 des\ntraitements et d\u2019autre part de r\u00e9duire les co\u00fbts pour le syst\u00e8me de sant\u00e9 en\n\u00e9pargnant aux patient-e-s des traitements inutiles. <\/p>\n\n\n\n<p>La m\u00e9decine personnalis\u00e9e ne\ns\u2019int\u00e9resse pas seulement \u00e0 l\u2019efficacit\u00e9 du traitement, mais aussi \u00e0 sa\ntol\u00e9rance. Le fait de bien tol\u00e9rer une substance active ou au contraire d\u2019\u00eatre\nvictime de nombreux effets ind\u00e9sirables peut aussi \u00eatre li\u00e9 \u00e0 l\u2019ADN du patient.\nC\u2019est ainsi, par exemple, que dans le cas du sida, une mutation sp\u00e9cifique du\ng\u00e8ne HLA-B5701 s\u2019accompagne d\u2019une hypersensibilit\u00e9 \u00e0 un certain m\u00e9dicament, de\nsorte que l\u2019on teste aujourd\u2019hui pr\u00e9alablement si le patient est porteur du\ng\u00e8ne modifi\u00e9 ou non. La diminution des effets ind\u00e9sirables am\u00e9liore la qualit\u00e9\nde vie, et donc aussi la confiance des patient-e-s et des m\u00e9decins dans le\ntraitement.<\/p>\n\n\n\n<h2 class=\"wp-block-heading\" id=\"h-dans-quelle-direction-la-medecine-personnalisee-se-developpe-t-elle\">Dans quelle direction la m\u00e9decine\npersonnalis\u00e9e se d\u00e9veloppe-t-elle?<\/h2>\n\n\n\n<p>La m\u00e9decine personnalis\u00e9e n\u2019est\nplus une utopie, elle fait partie du syst\u00e8me de sant\u00e9 suisse. De nombreuses\nsubstances sp\u00e9cifiquement adapt\u00e9es \u00e0 certains groupes de patients sont d\u00e9j\u00e0\nautoris\u00e9es. La majeure partie de ces substances actives s\u2019accompagnent\nobligatoirement ou de pr\u00e9f\u00e9rence d\u2019un test diagnostic. De m\u00eame, le\nd\u00e9veloppement de nouveaux traitements g\u00e9n\u00e9tiques et cellulaires a pris un\nnouvel essor du fait de la d\u00e9couverte de la technique CRISPR\/Cas.<\/p>\n\n\n\n<p>En d\u00e9pit des progr\u00e8s accomplis, la mise en \u0153uvre de la m\u00e9decine personnalis\u00e9e dans la r\u00e9alit\u00e9 du cabinet m\u00e9dical et de l\u2019h\u00f4pital reste un d\u00e9fi de taille. Pour cela, il est aussi tr\u00e8s important d\u2019am\u00e9liorer la formation continue, comme le montrent les r\u00e9sultats d\u2019une enqu\u00eate du Bulletin des m\u00e9decins suisses: 35 pour cent des m\u00e9decins interrog\u00e9s ont d\u00e9clar\u00e9 ne pas (du tout) se sentir inform\u00e9s au sujet de la m\u00e9decine personnalis\u00e9e, 48 pour cent se sentaient moyennement inform\u00e9s et 17 pour cent (tr\u00e8s) bien inform\u00e9s.<\/p>\n","protected":false},"excerpt":{"rendered":"<p>Un m\u00eame traitement n\u2019a pas la m\u00eame efficacit\u00e9 chez tous les patients atteints d\u2019une m\u00eame maladie, il peut m\u00eame entra\u00eener chez certains des effets secondaires p\u00e9nibles. On entend par m\u00e9decine personnalis\u00e9e (ou m\u00e9decine de pr\u00e9cision) une strat\u00e9gie consistant \u00e0 \u00e9laborer des m\u00e9dicaments mieux adapt\u00e9s \u00e0 chaque patient-e. Elle permet par ailleurs des diagnostics plus pr\u00e9cis. [&hellip;]<\/p>\n","protected":false},"author":1,"featured_media":0,"parent":4176,"menu_order":0,"comment_status":"closed","ping_status":"closed","template":"page-templates\/unterthema.php","meta":{"_acf_changed":false,"inline_featured_image":false,"footnotes":""},"class_list":["post-4026","page","type-page","status-publish","hentry"],"acf":[],"yoast_head":"<!-- This site is optimized with the Yoast SEO Premium plugin v27.2 (Yoast SEO v27.2) - https:\/\/yoast.com\/product\/yoast-seo-premium-wordpress\/ -->\n<title>M\u00e9decine personnalis\u00e9e - Interpharma<\/title>\n<meta name=\"robots\" content=\"index, follow, max-snippet:-1, max-image-preview:large, max-video-preview:-1\" \/>\n<link rel=\"canonical\" href=\"https:\/\/www.interpharma.ch\/fr\/themen\/a-la-pointe-de-la-recherche-et-developpement\/nouvelles-approches-de-recherche-et-de-traitement\/medecine-personnalisee\/\" \/>\n<meta property=\"og:locale\" content=\"fr_FR\" \/>\n<meta property=\"og:type\" content=\"article\" \/>\n<meta property=\"og:title\" content=\"M\u00e9decine personnalis\u00e9e\" \/>\n<meta property=\"og:description\" content=\"Un m\u00eame traitement n\u2019a pas la m\u00eame efficacit\u00e9 chez tous les patients atteints d\u2019une m\u00eame maladie, il peut m\u00eame entra\u00eener chez certains des effets secondaires p\u00e9nibles. On entend par m\u00e9decine personnalis\u00e9e (ou m\u00e9decine de pr\u00e9cision) une strat\u00e9gie consistant \u00e0 \u00e9laborer des m\u00e9dicaments mieux adapt\u00e9s \u00e0 chaque patient-e. Elle permet par ailleurs des diagnostics plus pr\u00e9cis. [&hellip;]\" \/>\n<meta property=\"og:url\" content=\"https:\/\/www.interpharma.ch\/fr\/themen\/a-la-pointe-de-la-recherche-et-developpement\/nouvelles-approches-de-recherche-et-de-traitement\/medecine-personnalisee\/\" \/>\n<meta property=\"og:site_name\" content=\"Interpharma\" \/>\n<meta name=\"twitter:card\" content=\"summary_large_image\" \/>\n<meta name=\"twitter:site\" content=\"@interpharma_ch\" \/>\n<meta name=\"twitter:label1\" content=\"Dur\u00e9e de lecture estim\u00e9e\" \/>\n\t<meta name=\"twitter:data1\" content=\"4 minutes\" \/>\n<script type=\"application\/ld+json\" class=\"yoast-schema-graph\">{\"@context\":\"https:\/\/schema.org\",\"@graph\":[{\"@type\":\"WebPage\",\"@id\":\"https:\/\/www.interpharma.ch\/fr\/themen\/a-la-pointe-de-la-recherche-et-developpement\/nouvelles-approches-de-recherche-et-de-traitement\/medecine-personnalisee\/\",\"url\":\"https:\/\/www.interpharma.ch\/fr\/themen\/a-la-pointe-de-la-recherche-et-developpement\/nouvelles-approches-de-recherche-et-de-traitement\/medecine-personnalisee\/\",\"name\":\"M\u00e9decine personnalis\u00e9e - Interpharma\",\"isPartOf\":{\"@id\":\"https:\/\/www.interpharma.ch\/#website\"},\"datePublished\":\"2026-02-25T07:25:43+00:00\",\"breadcrumb\":{\"@id\":\"https:\/\/www.interpharma.ch\/fr\/themen\/a-la-pointe-de-la-recherche-et-developpement\/nouvelles-approches-de-recherche-et-de-traitement\/medecine-personnalisee\/#breadcrumb\"},\"inLanguage\":\"fr-FR\",\"potentialAction\":[{\"@type\":\"ReadAction\",\"target\":[\"https:\/\/www.interpharma.ch\/fr\/themen\/a-la-pointe-de-la-recherche-et-developpement\/nouvelles-approches-de-recherche-et-de-traitement\/medecine-personnalisee\/\"]}]},{\"@type\":\"BreadcrumbList\",\"@id\":\"https:\/\/www.interpharma.ch\/fr\/themen\/a-la-pointe-de-la-recherche-et-developpement\/nouvelles-approches-de-recherche-et-de-traitement\/medecine-personnalisee\/#breadcrumb\",\"itemListElement\":[{\"@type\":\"ListItem\",\"position\":1,\"name\":\"Startseite\",\"item\":\"https:\/\/www.interpharma.ch\/fr\/\"},{\"@type\":\"ListItem\",\"position\":2,\"name\":\"Nos th\u00e8mes\",\"item\":\"https:\/\/www.interpharma.ch\/fr\/themen\/\"},{\"@type\":\"ListItem\",\"position\":3,\"name\":\"\u00c0 la pointe de la recherche et d\u00e9veloppement\",\"item\":\"https:\/\/www.interpharma.ch\/fr\/themen\/a-la-pointe-de-la-recherche-et-developpement\/\"},{\"@type\":\"ListItem\",\"position\":4,\"name\":\"Nouvelles approches de recherche et de traitement\",\"item\":\"https:\/\/www.interpharma.ch\/fr\/themen\/a-la-pointe-de-la-recherche-et-developpement\/nouvelles-approches-de-recherche-et-de-traitement\/\"},{\"@type\":\"ListItem\",\"position\":5,\"name\":\"M\u00e9decine personnalis\u00e9e\"}]},{\"@type\":\"WebSite\",\"@id\":\"https:\/\/www.interpharma.ch\/#website\",\"url\":\"https:\/\/www.interpharma.ch\/\",\"name\":\"Interpharma\",\"description\":\"Verband der forschenden Pharmazeutischen Firmen\",\"publisher\":{\"@id\":\"https:\/\/www.interpharma.ch\/#organization\"},\"potentialAction\":[{\"@type\":\"SearchAction\",\"target\":{\"@type\":\"EntryPoint\",\"urlTemplate\":\"https:\/\/www.interpharma.ch\/?s={search_term_string}\"},\"query-input\":{\"@type\":\"PropertyValueSpecification\",\"valueRequired\":true,\"valueName\":\"search_term_string\"}}],\"inLanguage\":\"fr-FR\"},{\"@type\":\"Organization\",\"@id\":\"https:\/\/www.interpharma.ch\/#organization\",\"name\":\"Interpharma\",\"url\":\"https:\/\/www.interpharma.ch\/\",\"logo\":{\"@type\":\"ImageObject\",\"inLanguage\":\"fr-FR\",\"@id\":\"https:\/\/www.interpharma.ch\/#\/schema\/logo\/image\/\",\"url\":\"https:\/\/interpharma.ch\/wp-content\/uploads\/2026\/03\/20251014_iph_logo_wort_bildmarke_rgb_final_cu01.svg\",\"contentUrl\":\"https:\/\/interpharma.ch\/wp-content\/uploads\/2026\/03\/20251014_iph_logo_wort_bildmarke_rgb_final_cu01.svg\",\"width\":\"1200\",\"height\":\"1200\",\"caption\":\"Interpharma\"},\"image\":{\"@id\":\"https:\/\/www.interpharma.ch\/#\/schema\/logo\/image\/\"},\"sameAs\":[\"https:\/\/x.com\/interpharma_ch\",\"https:\/\/ch.linkedin.com\/company\/interpharma\",\"https:\/\/www.instagram.com\/interpharma_ch\/\"]}]}<\/script>\n<!-- \/ Yoast SEO Premium plugin. -->","yoast_head_json":{"title":"M\u00e9decine personnalis\u00e9e - Interpharma","robots":{"index":"index","follow":"follow","max-snippet":"max-snippet:-1","max-image-preview":"max-image-preview:large","max-video-preview":"max-video-preview:-1"},"canonical":"https:\/\/www.interpharma.ch\/fr\/themen\/a-la-pointe-de-la-recherche-et-developpement\/nouvelles-approches-de-recherche-et-de-traitement\/medecine-personnalisee\/","og_locale":"fr_FR","og_type":"article","og_title":"M\u00e9decine personnalis\u00e9e","og_description":"Un m\u00eame traitement n\u2019a pas la m\u00eame efficacit\u00e9 chez tous les patients atteints d\u2019une m\u00eame maladie, il peut m\u00eame entra\u00eener chez certains des effets secondaires p\u00e9nibles. On entend par m\u00e9decine personnalis\u00e9e (ou m\u00e9decine de pr\u00e9cision) une strat\u00e9gie consistant \u00e0 \u00e9laborer des m\u00e9dicaments mieux adapt\u00e9s \u00e0 chaque patient-e. Elle permet par ailleurs des diagnostics plus pr\u00e9cis. [&hellip;]","og_url":"https:\/\/www.interpharma.ch\/fr\/themen\/a-la-pointe-de-la-recherche-et-developpement\/nouvelles-approches-de-recherche-et-de-traitement\/medecine-personnalisee\/","og_site_name":"Interpharma","twitter_card":"summary_large_image","twitter_site":"@interpharma_ch","twitter_misc":{"Dur\u00e9e de lecture estim\u00e9e":"4 minutes"},"schema":{"@context":"https:\/\/schema.org","@graph":[{"@type":"WebPage","@id":"https:\/\/www.interpharma.ch\/fr\/themen\/a-la-pointe-de-la-recherche-et-developpement\/nouvelles-approches-de-recherche-et-de-traitement\/medecine-personnalisee\/","url":"https:\/\/www.interpharma.ch\/fr\/themen\/a-la-pointe-de-la-recherche-et-developpement\/nouvelles-approches-de-recherche-et-de-traitement\/medecine-personnalisee\/","name":"M\u00e9decine personnalis\u00e9e - Interpharma","isPartOf":{"@id":"https:\/\/www.interpharma.ch\/#website"},"datePublished":"2026-02-25T07:25:43+00:00","breadcrumb":{"@id":"https:\/\/www.interpharma.ch\/fr\/themen\/a-la-pointe-de-la-recherche-et-developpement\/nouvelles-approches-de-recherche-et-de-traitement\/medecine-personnalisee\/#breadcrumb"},"inLanguage":"fr-FR","potentialAction":[{"@type":"ReadAction","target":["https:\/\/www.interpharma.ch\/fr\/themen\/a-la-pointe-de-la-recherche-et-developpement\/nouvelles-approches-de-recherche-et-de-traitement\/medecine-personnalisee\/"]}]},{"@type":"BreadcrumbList","@id":"https:\/\/www.interpharma.ch\/fr\/themen\/a-la-pointe-de-la-recherche-et-developpement\/nouvelles-approches-de-recherche-et-de-traitement\/medecine-personnalisee\/#breadcrumb","itemListElement":[{"@type":"ListItem","position":1,"name":"Startseite","item":"https:\/\/www.interpharma.ch\/fr\/"},{"@type":"ListItem","position":2,"name":"Nos th\u00e8mes","item":"https:\/\/www.interpharma.ch\/fr\/themen\/"},{"@type":"ListItem","position":3,"name":"\u00c0 la pointe de la recherche et d\u00e9veloppement","item":"https:\/\/www.interpharma.ch\/fr\/themen\/a-la-pointe-de-la-recherche-et-developpement\/"},{"@type":"ListItem","position":4,"name":"Nouvelles approches de recherche et de traitement","item":"https:\/\/www.interpharma.ch\/fr\/themen\/a-la-pointe-de-la-recherche-et-developpement\/nouvelles-approches-de-recherche-et-de-traitement\/"},{"@type":"ListItem","position":5,"name":"M\u00e9decine personnalis\u00e9e"}]},{"@type":"WebSite","@id":"https:\/\/www.interpharma.ch\/#website","url":"https:\/\/www.interpharma.ch\/","name":"Interpharma","description":"Verband der forschenden Pharmazeutischen Firmen","publisher":{"@id":"https:\/\/www.interpharma.ch\/#organization"},"potentialAction":[{"@type":"SearchAction","target":{"@type":"EntryPoint","urlTemplate":"https:\/\/www.interpharma.ch\/?s={search_term_string}"},"query-input":{"@type":"PropertyValueSpecification","valueRequired":true,"valueName":"search_term_string"}}],"inLanguage":"fr-FR"},{"@type":"Organization","@id":"https:\/\/www.interpharma.ch\/#organization","name":"Interpharma","url":"https:\/\/www.interpharma.ch\/","logo":{"@type":"ImageObject","inLanguage":"fr-FR","@id":"https:\/\/www.interpharma.ch\/#\/schema\/logo\/image\/","url":"https:\/\/interpharma.ch\/wp-content\/uploads\/2026\/03\/20251014_iph_logo_wort_bildmarke_rgb_final_cu01.svg","contentUrl":"https:\/\/interpharma.ch\/wp-content\/uploads\/2026\/03\/20251014_iph_logo_wort_bildmarke_rgb_final_cu01.svg","width":"1200","height":"1200","caption":"Interpharma"},"image":{"@id":"https:\/\/www.interpharma.ch\/#\/schema\/logo\/image\/"},"sameAs":["https:\/\/x.com\/interpharma_ch","https:\/\/ch.linkedin.com\/company\/interpharma","https:\/\/www.instagram.com\/interpharma_ch\/"]}]}},"_links":{"self":[{"href":"https:\/\/www.interpharma.ch\/fr\/wp-json\/wp\/v2\/pages\/4026","targetHints":{"allow":["GET"]}}],"collection":[{"href":"https:\/\/www.interpharma.ch\/fr\/wp-json\/wp\/v2\/pages"}],"about":[{"href":"https:\/\/www.interpharma.ch\/fr\/wp-json\/wp\/v2\/types\/page"}],"author":[{"embeddable":true,"href":"https:\/\/www.interpharma.ch\/fr\/wp-json\/wp\/v2\/users\/1"}],"replies":[{"embeddable":true,"href":"https:\/\/www.interpharma.ch\/fr\/wp-json\/wp\/v2\/comments?post=4026"}],"version-history":[{"count":1,"href":"https:\/\/www.interpharma.ch\/fr\/wp-json\/wp\/v2\/pages\/4026\/revisions"}],"predecessor-version":[{"id":4027,"href":"https:\/\/www.interpharma.ch\/fr\/wp-json\/wp\/v2\/pages\/4026\/revisions\/4027"}],"up":[{"embeddable":true,"href":"https:\/\/www.interpharma.ch\/fr\/wp-json\/wp\/v2\/pages\/4176"}],"wp:attachment":[{"href":"https:\/\/www.interpharma.ch\/fr\/wp-json\/wp\/v2\/media?parent=4026"}],"curies":[{"name":"wp","href":"https:\/\/api.w.org\/{rel}","templated":true}]}}