{"id":4012,"date":"2026-02-25T08:25:42","date_gmt":"2026-02-25T07:25:42","guid":{"rendered":"https:\/\/iph-multisite.berta-bewegt.ch\/?page_id=4012"},"modified":"2026-02-25T08:25:42","modified_gmt":"2026-02-25T07:25:42","slug":"resistance-aux-antibiotiques","status":"publish","type":"page","link":"https:\/\/www.interpharma.ch\/fr\/themen\/a-la-pointe-de-la-recherche-et-developpement\/resistance-aux-antibiotiques\/","title":{"rendered":"R\u00e9sistance aux antibiotiques"},"content":{"rendered":"\n<p>\u00c0 partir de la mise sur le march\u00e9\nde la p\u00e9nicilline en 1942, les antibiotiques ont permis de gu\u00e9rir des maladies\nauparavant souvent graves, voire mortelles: pneumonie, m\u00e9ningite, tuberculose,\nmais aussi des infections banales \u00e0 l\u2019origine qui pouvaient avoir des\ncons\u00e9quences fatales. Les antibiotiques continuent \u00e0 jouer un r\u00f4le important\ndans la m\u00e9decine moderne, par exemple dans le traitement d\u2019infections graves,\nla pr\u00e9vention des infections en chirurgie, ou la chimioth\u00e9rapie dans le\ntraitement du cancer.<\/p>\n\n\n\n<h2 class=\"wp-block-heading\" id=\"h-multiplication-des-resistances-aux-antibiotiques\"><strong>Multiplication des r\u00e9sistances aux antibiotiques<\/strong><strong><\/strong><\/h2>\n\n\n\n<p>Depuis quelques dizaines\nd\u2019ann\u00e9es, le d\u00e9veloppement et la diffusion de r\u00e9sistances antimicrobiennes\n(c\u2019est-\u00e0-dire la baisse d\u2019efficacit\u00e9 des antibiotiques, aussi appel\u00e9e\nantibior\u00e9sistance) se sont accrus dans le monde entier. D\u2019apr\u00e8s les pronostics,\nelles causeront d\u2019ici 2050 dix millions de d\u00e9c\u00e8s par an. En outre, les\nmicroorganismes sont de plus en plus souvent multir\u00e9sistants, c\u2019est-\u00e0-dire\nqu\u2019ils d\u00e9veloppent des r\u00e9sistances \u00e0 plusieurs classes d\u2019antibiotiques. <\/p>\n\n\n\n<p>Un facteur capital qui contribue \u00e0 cette \u00e9volution est l\u2019emploi trop fr\u00e9quent ou inad\u00e9quat d\u2019antibiotiques chez l\u2019\u00eatre humain, mais aussi en m\u00e9decine v\u00e9t\u00e9rinaire par exemple, l&rsquo;\u00e9levage d&rsquo;animaux . L\u2019urgence de cette probl\u00e9matique mondiale est de mieux en mieux reconnue par le secteur public et priv\u00e9. L\u2019industrie pharmaceutique accro\u00eet elle aussi ses efforts de contrer la multiplication des r\u00e9sistances en d\u00e9veloppant de nouvelles approches th\u00e9rapeutiques et diagnostiques.<\/p>\n\n\n\n<h2 class=\"wp-block-heading\" id=\"h-strategie-antibioresistance-suisse-star\"><strong>Strat\u00e9gie Antibior\u00e9sistance Suisse (StAR)<\/strong><strong><\/strong><\/h2>\n\n\n\n<p>Par des mesures prises \u00e0 diff\u00e9rents niveaux, la Strat\u00e9gie Antibior\u00e9sistance Suisse (StAR), lanc\u00e9e en 2015, vise \u00e0 garantir l\u2019efficacit\u00e9 des antibiotiques \u00e0 long terme pour le maintien de la sant\u00e9 humaine et animale. Il s\u2019agit par exemple de favoriser une utilisation appropri\u00e9e des antibiotiques, de pr\u00e9venir les infections \u00e0 l\u2019h\u00f4pital, de surveiller les r\u00e9sistances et la consommation d\u2019antibiotiques, d\u2019encourager la recherche et la transmission de connaissances et de sensibiliser le grand public. Entre-temps, de premiers succ\u00e8s sont \u00e0 noter, par exemple l\u2019\u00e9tablissement de directives de prescription d\u2019antibiotiques uniformes \u00e0 l\u2019\u00e9chelle de la Suisse. Le <a href=\"https:\/\/www.star.admin.ch\/star\/fr\/home\/strategiestar\/aktionsplan-star.html\">Plan d\u2019action One Health 2024-2027 de la StAR<\/a> doit \u00e9galement permettre de renforcer la mise en \u0153uvre de la strat\u00e9gie StAR par des mesures contraignantes, innovantes et durables.<\/p>\n\n\n\n<hr class=\"wp-block-separator has-css-opacity\"\/>\n\n\n\n<h2 class=\"wp-block-heading\" id=\"h-interpharma-demande-de-stimuler-la-recherche-et-le-developpement-d-antibiotiques\">Interpharma demande de stimuler la recherche et le d\u00e9veloppement d\u2019antibiotiques<\/h2>\n\n\n\n<ul class=\"wp-block-list\">\n<li>Outre les efforts pour stimuler la recherche, les efforts pour la commercialisation sont tout aussi importants. De nouveaux instruments sont n\u00e9cessaires pour la tarification des nouveaux antibiotiques, ind\u00e9pendamment de la quantit\u00e9 prescrite.<\/li>\n<\/ul>\n\n\n\n<ul class=\"wp-block-list\">\n<li>Les nouveaux antibiotiques doivent permettre de pr\u00e9venir les futures crises sanitaires. Lors de la fixation des prix, il faudrait donc tenir compte non seulement de la valeur pour les patients, afin de garantir la disponibilit\u00e9 de nouveaux antibiotiques comme m\u00e9dicaments de r\u00e9serve pour le traitement des germes multir\u00e9sistants.<\/li>\n<\/ul>\n\n\n\n<ul class=\"wp-block-list\">\n<li>Le processus de tarification et de fixation des prix des nouveaux antibiotiques doit \u00eatre simplifi\u00e9 et acc\u00e9l\u00e9r\u00e9.<\/li>\n<\/ul>\n","protected":false},"excerpt":{"rendered":"<p>\u00c0 partir de la mise sur le march\u00e9 de la p\u00e9nicilline en 1942, les antibiotiques ont permis de gu\u00e9rir des maladies auparavant souvent graves, voire mortelles: pneumonie, m\u00e9ningite, tuberculose, mais aussi des infections banales \u00e0 l\u2019origine qui pouvaient avoir des cons\u00e9quences fatales. Les antibiotiques continuent \u00e0 jouer un r\u00f4le important dans la m\u00e9decine moderne, par [&hellip;]<\/p>\n","protected":false},"author":1,"featured_media":14781,"parent":4300,"menu_order":4,"comment_status":"closed","ping_status":"closed","template":"page-templates\/unterthema.php","meta":{"_acf_changed":false,"inline_featured_image":false,"footnotes":""},"class_list":["post-4012","page","type-page","status-publish","has-post-thumbnail","hentry"],"acf":[],"yoast_head":"<!-- This site is optimized with the Yoast SEO Premium plugin v27.2 (Yoast SEO v27.2) - https:\/\/yoast.com\/product\/yoast-seo-premium-wordpress\/ -->\n<title>R\u00e9sistance aux antibiotiques - Interpharma<\/title>\n<meta name=\"robots\" content=\"index, follow, max-snippet:-1, max-image-preview:large, max-video-preview:-1\" \/>\n<link rel=\"canonical\" href=\"https:\/\/www.interpharma.ch\/fr\/themen\/a-la-pointe-de-la-recherche-et-developpement\/resistance-aux-antibiotiques\/\" \/>\n<meta property=\"og:locale\" content=\"fr_FR\" \/>\n<meta property=\"og:type\" content=\"article\" \/>\n<meta property=\"og:title\" content=\"R\u00e9sistance aux antibiotiques\" \/>\n<meta property=\"og:description\" content=\"\u00c0 partir de la mise sur le march\u00e9 de la p\u00e9nicilline en 1942, les antibiotiques ont permis de gu\u00e9rir des maladies auparavant souvent graves, voire mortelles: pneumonie, m\u00e9ningite, tuberculose, mais aussi des infections banales \u00e0 l\u2019origine qui pouvaient avoir des cons\u00e9quences fatales. Les antibiotiques continuent \u00e0 jouer un r\u00f4le important dans la m\u00e9decine moderne, par [&hellip;]\" \/>\n<meta property=\"og:url\" content=\"https:\/\/www.interpharma.ch\/fr\/themen\/a-la-pointe-de-la-recherche-et-developpement\/resistance-aux-antibiotiques\/\" \/>\n<meta property=\"og:site_name\" content=\"Interpharma\" \/>\n<meta property=\"og:image\" content=\"https:\/\/www.interpharma.ch\/wp-content\/uploads\/2026\/03\/Interpharma_fuehrendinforschungundentwicklung_antibiotika.jpg\" \/>\n\t<meta property=\"og:image:width\" content=\"960\" \/>\n\t<meta property=\"og:image:height\" content=\"721\" \/>\n\t<meta property=\"og:image:type\" content=\"image\/jpeg\" \/>\n<meta name=\"twitter:card\" content=\"summary_large_image\" \/>\n<meta name=\"twitter:site\" content=\"@interpharma_ch\" \/>\n<meta name=\"twitter:label1\" content=\"Dur\u00e9e de lecture estim\u00e9e\" \/>\n\t<meta name=\"twitter:data1\" content=\"3 minutes\" \/>\n<script type=\"application\/ld+json\" class=\"yoast-schema-graph\">{\"@context\":\"https:\/\/schema.org\",\"@graph\":[{\"@type\":\"WebPage\",\"@id\":\"https:\/\/www.interpharma.ch\/fr\/themen\/a-la-pointe-de-la-recherche-et-developpement\/resistance-aux-antibiotiques\/\",\"url\":\"https:\/\/www.interpharma.ch\/fr\/themen\/a-la-pointe-de-la-recherche-et-developpement\/resistance-aux-antibiotiques\/\",\"name\":\"R\u00e9sistance aux antibiotiques - Interpharma\",\"isPartOf\":{\"@id\":\"https:\/\/www.interpharma.ch\/#website\"},\"primaryImageOfPage\":{\"@id\":\"https:\/\/www.interpharma.ch\/fr\/themen\/a-la-pointe-de-la-recherche-et-developpement\/resistance-aux-antibiotiques\/#primaryimage\"},\"image\":{\"@id\":\"https:\/\/www.interpharma.ch\/fr\/themen\/a-la-pointe-de-la-recherche-et-developpement\/resistance-aux-antibiotiques\/#primaryimage\"},\"thumbnailUrl\":\"https:\/\/www.interpharma.ch\/wp-content\/uploads\/2026\/03\/Interpharma_fuehrendinforschungundentwicklung_antibiotika.jpg\",\"datePublished\":\"2026-02-25T07:25:42+00:00\",\"breadcrumb\":{\"@id\":\"https:\/\/www.interpharma.ch\/fr\/themen\/a-la-pointe-de-la-recherche-et-developpement\/resistance-aux-antibiotiques\/#breadcrumb\"},\"inLanguage\":\"fr-FR\",\"potentialAction\":[{\"@type\":\"ReadAction\",\"target\":[\"https:\/\/www.interpharma.ch\/fr\/themen\/a-la-pointe-de-la-recherche-et-developpement\/resistance-aux-antibiotiques\/\"]}]},{\"@type\":\"ImageObject\",\"inLanguage\":\"fr-FR\",\"@id\":\"https:\/\/www.interpharma.ch\/fr\/themen\/a-la-pointe-de-la-recherche-et-developpement\/resistance-aux-antibiotiques\/#primaryimage\",\"url\":\"https:\/\/www.interpharma.ch\/wp-content\/uploads\/2026\/03\/Interpharma_fuehrendinforschungundentwicklung_antibiotika.jpg\",\"contentUrl\":\"https:\/\/www.interpharma.ch\/wp-content\/uploads\/2026\/03\/Interpharma_fuehrendinforschungundentwicklung_antibiotika.jpg\",\"width\":960,\"height\":721},{\"@type\":\"BreadcrumbList\",\"@id\":\"https:\/\/www.interpharma.ch\/fr\/themen\/a-la-pointe-de-la-recherche-et-developpement\/resistance-aux-antibiotiques\/#breadcrumb\",\"itemListElement\":[{\"@type\":\"ListItem\",\"position\":1,\"name\":\"Startseite\",\"item\":\"https:\/\/www.interpharma.ch\/fr\/\"},{\"@type\":\"ListItem\",\"position\":2,\"name\":\"Nos th\u00e8mes\",\"item\":\"https:\/\/www.interpharma.ch\/fr\/themen\/\"},{\"@type\":\"ListItem\",\"position\":3,\"name\":\"\u00c0 la pointe de la recherche et d\u00e9veloppement\",\"item\":\"https:\/\/www.interpharma.ch\/fr\/themen\/a-la-pointe-de-la-recherche-et-developpement\/\"},{\"@type\":\"ListItem\",\"position\":4,\"name\":\"R\u00e9sistance aux antibiotiques\"}]},{\"@type\":\"WebSite\",\"@id\":\"https:\/\/www.interpharma.ch\/#website\",\"url\":\"https:\/\/www.interpharma.ch\/\",\"name\":\"Interpharma\",\"description\":\"Verband der forschenden Pharmazeutischen Firmen\",\"publisher\":{\"@id\":\"https:\/\/www.interpharma.ch\/#organization\"},\"potentialAction\":[{\"@type\":\"SearchAction\",\"target\":{\"@type\":\"EntryPoint\",\"urlTemplate\":\"https:\/\/www.interpharma.ch\/?s={search_term_string}\"},\"query-input\":{\"@type\":\"PropertyValueSpecification\",\"valueRequired\":true,\"valueName\":\"search_term_string\"}}],\"inLanguage\":\"fr-FR\"},{\"@type\":\"Organization\",\"@id\":\"https:\/\/www.interpharma.ch\/#organization\",\"name\":\"Interpharma\",\"url\":\"https:\/\/www.interpharma.ch\/\",\"logo\":{\"@type\":\"ImageObject\",\"inLanguage\":\"fr-FR\",\"@id\":\"https:\/\/www.interpharma.ch\/#\/schema\/logo\/image\/\",\"url\":\"https:\/\/interpharma.ch\/wp-content\/uploads\/2026\/03\/20251014_iph_logo_wort_bildmarke_rgb_final_cu01.svg\",\"contentUrl\":\"https:\/\/interpharma.ch\/wp-content\/uploads\/2026\/03\/20251014_iph_logo_wort_bildmarke_rgb_final_cu01.svg\",\"width\":\"1200\",\"height\":\"1200\",\"caption\":\"Interpharma\"},\"image\":{\"@id\":\"https:\/\/www.interpharma.ch\/#\/schema\/logo\/image\/\"},\"sameAs\":[\"https:\/\/x.com\/interpharma_ch\",\"https:\/\/ch.linkedin.com\/company\/interpharma\",\"https:\/\/www.instagram.com\/interpharma_ch\/\"]}]}<\/script>\n<!-- \/ Yoast SEO Premium plugin. -->","yoast_head_json":{"title":"R\u00e9sistance aux antibiotiques - Interpharma","robots":{"index":"index","follow":"follow","max-snippet":"max-snippet:-1","max-image-preview":"max-image-preview:large","max-video-preview":"max-video-preview:-1"},"canonical":"https:\/\/www.interpharma.ch\/fr\/themen\/a-la-pointe-de-la-recherche-et-developpement\/resistance-aux-antibiotiques\/","og_locale":"fr_FR","og_type":"article","og_title":"R\u00e9sistance aux antibiotiques","og_description":"\u00c0 partir de la mise sur le march\u00e9 de la p\u00e9nicilline en 1942, les antibiotiques ont permis de gu\u00e9rir des maladies auparavant souvent graves, voire mortelles: pneumonie, m\u00e9ningite, tuberculose, mais aussi des infections banales \u00e0 l\u2019origine qui pouvaient avoir des cons\u00e9quences fatales. Les antibiotiques continuent \u00e0 jouer un r\u00f4le important dans la m\u00e9decine moderne, par [&hellip;]","og_url":"https:\/\/www.interpharma.ch\/fr\/themen\/a-la-pointe-de-la-recherche-et-developpement\/resistance-aux-antibiotiques\/","og_site_name":"Interpharma","og_image":[{"width":960,"height":721,"url":"https:\/\/www.interpharma.ch\/wp-content\/uploads\/2026\/03\/Interpharma_fuehrendinforschungundentwicklung_antibiotika.jpg","type":"image\/jpeg"}],"twitter_card":"summary_large_image","twitter_site":"@interpharma_ch","twitter_misc":{"Dur\u00e9e de lecture estim\u00e9e":"3 minutes"},"schema":{"@context":"https:\/\/schema.org","@graph":[{"@type":"WebPage","@id":"https:\/\/www.interpharma.ch\/fr\/themen\/a-la-pointe-de-la-recherche-et-developpement\/resistance-aux-antibiotiques\/","url":"https:\/\/www.interpharma.ch\/fr\/themen\/a-la-pointe-de-la-recherche-et-developpement\/resistance-aux-antibiotiques\/","name":"R\u00e9sistance aux antibiotiques - Interpharma","isPartOf":{"@id":"https:\/\/www.interpharma.ch\/#website"},"primaryImageOfPage":{"@id":"https:\/\/www.interpharma.ch\/fr\/themen\/a-la-pointe-de-la-recherche-et-developpement\/resistance-aux-antibiotiques\/#primaryimage"},"image":{"@id":"https:\/\/www.interpharma.ch\/fr\/themen\/a-la-pointe-de-la-recherche-et-developpement\/resistance-aux-antibiotiques\/#primaryimage"},"thumbnailUrl":"https:\/\/www.interpharma.ch\/wp-content\/uploads\/2026\/03\/Interpharma_fuehrendinforschungundentwicklung_antibiotika.jpg","datePublished":"2026-02-25T07:25:42+00:00","breadcrumb":{"@id":"https:\/\/www.interpharma.ch\/fr\/themen\/a-la-pointe-de-la-recherche-et-developpement\/resistance-aux-antibiotiques\/#breadcrumb"},"inLanguage":"fr-FR","potentialAction":[{"@type":"ReadAction","target":["https:\/\/www.interpharma.ch\/fr\/themen\/a-la-pointe-de-la-recherche-et-developpement\/resistance-aux-antibiotiques\/"]}]},{"@type":"ImageObject","inLanguage":"fr-FR","@id":"https:\/\/www.interpharma.ch\/fr\/themen\/a-la-pointe-de-la-recherche-et-developpement\/resistance-aux-antibiotiques\/#primaryimage","url":"https:\/\/www.interpharma.ch\/wp-content\/uploads\/2026\/03\/Interpharma_fuehrendinforschungundentwicklung_antibiotika.jpg","contentUrl":"https:\/\/www.interpharma.ch\/wp-content\/uploads\/2026\/03\/Interpharma_fuehrendinforschungundentwicklung_antibiotika.jpg","width":960,"height":721},{"@type":"BreadcrumbList","@id":"https:\/\/www.interpharma.ch\/fr\/themen\/a-la-pointe-de-la-recherche-et-developpement\/resistance-aux-antibiotiques\/#breadcrumb","itemListElement":[{"@type":"ListItem","position":1,"name":"Startseite","item":"https:\/\/www.interpharma.ch\/fr\/"},{"@type":"ListItem","position":2,"name":"Nos th\u00e8mes","item":"https:\/\/www.interpharma.ch\/fr\/themen\/"},{"@type":"ListItem","position":3,"name":"\u00c0 la pointe de la recherche et d\u00e9veloppement","item":"https:\/\/www.interpharma.ch\/fr\/themen\/a-la-pointe-de-la-recherche-et-developpement\/"},{"@type":"ListItem","position":4,"name":"R\u00e9sistance aux antibiotiques"}]},{"@type":"WebSite","@id":"https:\/\/www.interpharma.ch\/#website","url":"https:\/\/www.interpharma.ch\/","name":"Interpharma","description":"Verband der forschenden Pharmazeutischen Firmen","publisher":{"@id":"https:\/\/www.interpharma.ch\/#organization"},"potentialAction":[{"@type":"SearchAction","target":{"@type":"EntryPoint","urlTemplate":"https:\/\/www.interpharma.ch\/?s={search_term_string}"},"query-input":{"@type":"PropertyValueSpecification","valueRequired":true,"valueName":"search_term_string"}}],"inLanguage":"fr-FR"},{"@type":"Organization","@id":"https:\/\/www.interpharma.ch\/#organization","name":"Interpharma","url":"https:\/\/www.interpharma.ch\/","logo":{"@type":"ImageObject","inLanguage":"fr-FR","@id":"https:\/\/www.interpharma.ch\/#\/schema\/logo\/image\/","url":"https:\/\/interpharma.ch\/wp-content\/uploads\/2026\/03\/20251014_iph_logo_wort_bildmarke_rgb_final_cu01.svg","contentUrl":"https:\/\/interpharma.ch\/wp-content\/uploads\/2026\/03\/20251014_iph_logo_wort_bildmarke_rgb_final_cu01.svg","width":"1200","height":"1200","caption":"Interpharma"},"image":{"@id":"https:\/\/www.interpharma.ch\/#\/schema\/logo\/image\/"},"sameAs":["https:\/\/x.com\/interpharma_ch","https:\/\/ch.linkedin.com\/company\/interpharma","https:\/\/www.instagram.com\/interpharma_ch\/"]}]}},"_links":{"self":[{"href":"https:\/\/www.interpharma.ch\/fr\/wp-json\/wp\/v2\/pages\/4012","targetHints":{"allow":["GET"]}}],"collection":[{"href":"https:\/\/www.interpharma.ch\/fr\/wp-json\/wp\/v2\/pages"}],"about":[{"href":"https:\/\/www.interpharma.ch\/fr\/wp-json\/wp\/v2\/types\/page"}],"author":[{"embeddable":true,"href":"https:\/\/www.interpharma.ch\/fr\/wp-json\/wp\/v2\/users\/1"}],"replies":[{"embeddable":true,"href":"https:\/\/www.interpharma.ch\/fr\/wp-json\/wp\/v2\/comments?post=4012"}],"version-history":[{"count":1,"href":"https:\/\/www.interpharma.ch\/fr\/wp-json\/wp\/v2\/pages\/4012\/revisions"}],"predecessor-version":[{"id":4014,"href":"https:\/\/www.interpharma.ch\/fr\/wp-json\/wp\/v2\/pages\/4012\/revisions\/4014"}],"up":[{"embeddable":true,"href":"https:\/\/www.interpharma.ch\/fr\/wp-json\/wp\/v2\/pages\/4300"}],"wp:featuredmedia":[{"embeddable":true,"href":"https:\/\/www.interpharma.ch\/fr\/wp-json\/wp\/v2\/media\/14781"}],"wp:attachment":[{"href":"https:\/\/www.interpharma.ch\/fr\/wp-json\/wp\/v2\/media?parent=4012"}],"curies":[{"name":"wp","href":"https:\/\/api.w.org\/{rel}","templated":true}]}}