{"id":4000,"date":"2026-02-25T08:25:41","date_gmt":"2026-02-25T07:25:41","guid":{"rendered":"https:\/\/iph-multisite.berta-bewegt.ch\/?page_id=4000"},"modified":"2026-02-25T08:25:41","modified_gmt":"2026-02-25T07:25:41","slug":"initiatives-multipartites","status":"publish","type":"page","link":"https:\/\/www.interpharma.ch\/fr\/themen\/gesundheitswesen-fr\/qualite-du-systeme-de-sante\/initiatives-multipartites\/","title":{"rendered":"Initiatives multipartites"},"content":{"rendered":"\n<p>Dans le d\u00e9bat actuel sur le syst\u00e8me de sant\u00e9 suisse,\nl\u2019attention se tourne plus souvent sur les co\u00fbts que sur la qualit\u00e9 de la prise\nen charge. Cela veut dire que l\u2019on se focalise uniquement sur une petite partie\ndes co\u00fbts de sant\u00e9. En effet, une personne qui gu\u00e9rit plus vite et mieux d\u2019une\nmaladie et qui est en bonne sant\u00e9 n\u2019a plus besoin de prestations de soins et\nreprend au contraire sa place sociale.<\/p>\n\n\n\n<p>Afin de cr\u00e9er, pour le syst\u00e8me de sant\u00e9 suisse, des\nconditions cadres qui assurent la plus haute qualit\u00e9 et une prise en charge\noptimale et pour pouvoir atteindre des objectifs de sant\u00e9 effectifs, il faut\nune pratique globale et centr\u00e9e sur le patient, bas\u00e9e sur les tableaux\ncliniques des patient-e-s. \u00c0 cet effet, il est indispensable que tous les\ngroupes d\u2019int\u00e9r\u00eats aient une action concert\u00e9e.<\/p>\n\n\n\n<h2 class=\"wp-block-heading\"><strong>allianz\nq<\/strong><\/h2>\n\n\n\n<p>Un exemple d\u2019initiative multipartite est l\u2019Alliance pour la\nqualit\u00e9 dans le syst\u00e8me de sant\u00e9 (allianz&nbsp;q). Il s\u2019agit d\u2019un <em>think tank<\/em>\nqui r\u00e9unit des experts de diff\u00e9rents domaines du syst\u00e8me de sant\u00e9. Son but est\nd\u2019orienter le d\u00e9bat politique sur la prise en charge sanitaire, moins vers les\nco\u00fbts que vers la qualit\u00e9 des prestations et produits. L\u2019allianz&nbsp;q met au\ncentre de ses r\u00e9flexions et de ses actions le b\u00e9n\u00e9fice et la valeur ajout\u00e9e\npour les patient-e-s. Elle encourage les d\u00e9cisions de nature \u00e0 ancrer et \u00e0\nam\u00e9liorer la qualit\u00e9 en tant qu\u2019id\u00e9e force du syst\u00e8me de sant\u00e9. \u00c0 cet effet,\nelle compare le syst\u00e8me de sant\u00e9 suisse et la prise en charge sanitaire avec\nles meilleurs exemples nationaux et internationaux. Elle met le patient au\npremier plan et indique l\u2019importance \u00e9pid\u00e9miologique et \u00e9conomique de\ndiff\u00e9rents tableaux cliniques. <\/p>\n\n\n\n<h2 class=\"wp-block-heading\"><strong>santeneXt<\/strong><\/h2>\n\n\n\n<p>Pour pouvoir accomplir ses missions \u00e0 l\u2019avenir, le syst\u00e8me\nde sant\u00e9 suisse doit innover davantage. En effet, en m\u00eame temps qu\u2019un nombre\ncroissant de malades chroniques ont besoin d\u2019un suivi m\u00e9dical et de soins, les\npatients doivent continuer \u00e0 avoir acc\u00e8s au progr\u00e8s m\u00e9dical. Pour y parvenir,\nce n\u2019est pas dans la th\u00e9orie que l\u2019on trouvera les solutions, mais dans la pratique.\nDe nombreux acteurs cherchent d\u00e9j\u00e0 de nouveaux moyens d\u2019am\u00e9liorer la sant\u00e9 de\nla population. Ce type de projets font souvent appel \u00e0 plusieurs acteurs:\nfournisseurs de prestations, assureurs, recherche, industrie. <\/p>\n\n\n\n<p>C\u2019est pourquoi, en coop\u00e9ration avec des partenaires,\nInterpharma a cr\u00e9\u00e9 santeneXt, le <em>do tank<\/em> du syst\u00e8me de sant\u00e9 suisse.\nsanteneXt entend acc\u00e9l\u00e9rer le processus d\u2019innovation pour le bien des patient-e-s.\nPour ce faire, les acteurs du syst\u00e8me de sant\u00e9 tireront ensemble des\nenseignements des exp\u00e9riences v\u00e9cues. La plateforme r\u00e9unit des acteurs\ndynamiques, incite \u00e0 r\u00e9aliser des projets pilotes et favorise le partage des\nr\u00e9sultats. Elle se focalise ce faisant sur l\u2019accroissement de la qualit\u00e9 et de\nl\u2019efficience, et non sur la r\u00e9duction des co\u00fbts. Tout ceci contribuera \u00e0\ngarantir le meilleur r\u00e9sultat possible des traitements administr\u00e9s aux\npatient-e-s dans le syst\u00e8me de sant\u00e9 suisse.<\/p>\n","protected":false},"excerpt":{"rendered":"<p>Dans le d\u00e9bat actuel sur le syst\u00e8me de sant\u00e9 suisse, l\u2019attention se tourne plus souvent sur les co\u00fbts que sur la qualit\u00e9 de la prise en charge. Cela veut dire que l\u2019on se focalise uniquement sur une petite partie des co\u00fbts de sant\u00e9. En effet, une personne qui gu\u00e9rit plus vite et mieux d\u2019une maladie [&hellip;]<\/p>\n","protected":false},"author":1,"featured_media":0,"parent":4146,"menu_order":0,"comment_status":"closed","ping_status":"closed","template":"page-templates\/unterthema.php","meta":{"_acf_changed":false,"inline_featured_image":false,"footnotes":""},"class_list":["post-4000","page","type-page","status-publish","hentry"],"acf":[],"yoast_head":"<!-- This site is optimized with the Yoast SEO Premium plugin v27.2 (Yoast SEO v27.2) - https:\/\/yoast.com\/product\/yoast-seo-premium-wordpress\/ -->\n<title>Initiatives multipartites - Interpharma<\/title>\n<meta name=\"robots\" content=\"index, follow, max-snippet:-1, max-image-preview:large, max-video-preview:-1\" \/>\n<link rel=\"canonical\" href=\"https:\/\/www.interpharma.ch\/fr\/themen\/gesundheitswesen-fr\/qualite-du-systeme-de-sante\/initiatives-multipartites\/\" \/>\n<meta property=\"og:locale\" content=\"fr_FR\" \/>\n<meta property=\"og:type\" content=\"article\" \/>\n<meta property=\"og:title\" content=\"Initiatives multipartites\" \/>\n<meta property=\"og:description\" content=\"Dans le d\u00e9bat actuel sur le syst\u00e8me de sant\u00e9 suisse, l\u2019attention se tourne plus souvent sur les co\u00fbts que sur la qualit\u00e9 de la prise en charge. Cela veut dire que l\u2019on se focalise uniquement sur une petite partie des co\u00fbts de sant\u00e9. En effet, une personne qui gu\u00e9rit plus vite et mieux d\u2019une maladie [&hellip;]\" \/>\n<meta property=\"og:url\" content=\"https:\/\/www.interpharma.ch\/fr\/themen\/gesundheitswesen-fr\/qualite-du-systeme-de-sante\/initiatives-multipartites\/\" \/>\n<meta property=\"og:site_name\" content=\"Interpharma\" \/>\n<meta name=\"twitter:card\" content=\"summary_large_image\" \/>\n<meta name=\"twitter:site\" content=\"@interpharma_ch\" \/>\n<meta name=\"twitter:label1\" content=\"Dur\u00e9e de lecture estim\u00e9e\" \/>\n\t<meta name=\"twitter:data1\" content=\"3 minutes\" \/>\n<script type=\"application\/ld+json\" class=\"yoast-schema-graph\">{\"@context\":\"https:\/\/schema.org\",\"@graph\":[{\"@type\":\"WebPage\",\"@id\":\"https:\/\/www.interpharma.ch\/fr\/themen\/gesundheitswesen-fr\/qualite-du-systeme-de-sante\/initiatives-multipartites\/\",\"url\":\"https:\/\/www.interpharma.ch\/fr\/themen\/gesundheitswesen-fr\/qualite-du-systeme-de-sante\/initiatives-multipartites\/\",\"name\":\"Initiatives multipartites - Interpharma\",\"isPartOf\":{\"@id\":\"https:\/\/www.interpharma.ch\/#website\"},\"datePublished\":\"2026-02-25T07:25:41+00:00\",\"breadcrumb\":{\"@id\":\"https:\/\/www.interpharma.ch\/fr\/themen\/gesundheitswesen-fr\/qualite-du-systeme-de-sante\/initiatives-multipartites\/#breadcrumb\"},\"inLanguage\":\"fr-FR\",\"potentialAction\":[{\"@type\":\"ReadAction\",\"target\":[\"https:\/\/www.interpharma.ch\/fr\/themen\/gesundheitswesen-fr\/qualite-du-systeme-de-sante\/initiatives-multipartites\/\"]}]},{\"@type\":\"BreadcrumbList\",\"@id\":\"https:\/\/www.interpharma.ch\/fr\/themen\/gesundheitswesen-fr\/qualite-du-systeme-de-sante\/initiatives-multipartites\/#breadcrumb\",\"itemListElement\":[{\"@type\":\"ListItem\",\"position\":1,\"name\":\"Startseite\",\"item\":\"https:\/\/www.interpharma.ch\/fr\/\"},{\"@type\":\"ListItem\",\"position\":2,\"name\":\"Nos th\u00e8mes\",\"item\":\"https:\/\/www.interpharma.ch\/fr\/themen\/\"},{\"@type\":\"ListItem\",\"position\":3,\"name\":\"Syst\u00e8me de sant\u00e9\",\"item\":\"https:\/\/www.interpharma.ch\/fr\/themen\/gesundheitswesen-fr\/\"},{\"@type\":\"ListItem\",\"position\":4,\"name\":\"Qualit\u00e9 du syst\u00e8me de sant\u00e9\",\"item\":\"https:\/\/www.interpharma.ch\/fr\/themen\/gesundheitswesen-fr\/qualite-du-systeme-de-sante\/\"},{\"@type\":\"ListItem\",\"position\":5,\"name\":\"Initiatives multipartites\"}]},{\"@type\":\"WebSite\",\"@id\":\"https:\/\/www.interpharma.ch\/#website\",\"url\":\"https:\/\/www.interpharma.ch\/\",\"name\":\"Interpharma\",\"description\":\"Verband der forschenden Pharmazeutischen Firmen\",\"publisher\":{\"@id\":\"https:\/\/www.interpharma.ch\/#organization\"},\"potentialAction\":[{\"@type\":\"SearchAction\",\"target\":{\"@type\":\"EntryPoint\",\"urlTemplate\":\"https:\/\/www.interpharma.ch\/?s={search_term_string}\"},\"query-input\":{\"@type\":\"PropertyValueSpecification\",\"valueRequired\":true,\"valueName\":\"search_term_string\"}}],\"inLanguage\":\"fr-FR\"},{\"@type\":\"Organization\",\"@id\":\"https:\/\/www.interpharma.ch\/#organization\",\"name\":\"Interpharma\",\"url\":\"https:\/\/www.interpharma.ch\/\",\"logo\":{\"@type\":\"ImageObject\",\"inLanguage\":\"fr-FR\",\"@id\":\"https:\/\/www.interpharma.ch\/#\/schema\/logo\/image\/\",\"url\":\"https:\/\/interpharma.ch\/wp-content\/uploads\/2026\/03\/20251014_iph_logo_wort_bildmarke_rgb_final_cu01.svg\",\"contentUrl\":\"https:\/\/interpharma.ch\/wp-content\/uploads\/2026\/03\/20251014_iph_logo_wort_bildmarke_rgb_final_cu01.svg\",\"width\":\"1200\",\"height\":\"1200\",\"caption\":\"Interpharma\"},\"image\":{\"@id\":\"https:\/\/www.interpharma.ch\/#\/schema\/logo\/image\/\"},\"sameAs\":[\"https:\/\/x.com\/interpharma_ch\",\"https:\/\/ch.linkedin.com\/company\/interpharma\",\"https:\/\/www.instagram.com\/interpharma_ch\/\"]}]}<\/script>\n<!-- \/ Yoast SEO Premium plugin. -->","yoast_head_json":{"title":"Initiatives multipartites - Interpharma","robots":{"index":"index","follow":"follow","max-snippet":"max-snippet:-1","max-image-preview":"max-image-preview:large","max-video-preview":"max-video-preview:-1"},"canonical":"https:\/\/www.interpharma.ch\/fr\/themen\/gesundheitswesen-fr\/qualite-du-systeme-de-sante\/initiatives-multipartites\/","og_locale":"fr_FR","og_type":"article","og_title":"Initiatives multipartites","og_description":"Dans le d\u00e9bat actuel sur le syst\u00e8me de sant\u00e9 suisse, l\u2019attention se tourne plus souvent sur les co\u00fbts que sur la qualit\u00e9 de la prise en charge. Cela veut dire que l\u2019on se focalise uniquement sur une petite partie des co\u00fbts de sant\u00e9. En effet, une personne qui gu\u00e9rit plus vite et mieux d\u2019une maladie [&hellip;]","og_url":"https:\/\/www.interpharma.ch\/fr\/themen\/gesundheitswesen-fr\/qualite-du-systeme-de-sante\/initiatives-multipartites\/","og_site_name":"Interpharma","twitter_card":"summary_large_image","twitter_site":"@interpharma_ch","twitter_misc":{"Dur\u00e9e de lecture estim\u00e9e":"3 minutes"},"schema":{"@context":"https:\/\/schema.org","@graph":[{"@type":"WebPage","@id":"https:\/\/www.interpharma.ch\/fr\/themen\/gesundheitswesen-fr\/qualite-du-systeme-de-sante\/initiatives-multipartites\/","url":"https:\/\/www.interpharma.ch\/fr\/themen\/gesundheitswesen-fr\/qualite-du-systeme-de-sante\/initiatives-multipartites\/","name":"Initiatives multipartites - Interpharma","isPartOf":{"@id":"https:\/\/www.interpharma.ch\/#website"},"datePublished":"2026-02-25T07:25:41+00:00","breadcrumb":{"@id":"https:\/\/www.interpharma.ch\/fr\/themen\/gesundheitswesen-fr\/qualite-du-systeme-de-sante\/initiatives-multipartites\/#breadcrumb"},"inLanguage":"fr-FR","potentialAction":[{"@type":"ReadAction","target":["https:\/\/www.interpharma.ch\/fr\/themen\/gesundheitswesen-fr\/qualite-du-systeme-de-sante\/initiatives-multipartites\/"]}]},{"@type":"BreadcrumbList","@id":"https:\/\/www.interpharma.ch\/fr\/themen\/gesundheitswesen-fr\/qualite-du-systeme-de-sante\/initiatives-multipartites\/#breadcrumb","itemListElement":[{"@type":"ListItem","position":1,"name":"Startseite","item":"https:\/\/www.interpharma.ch\/fr\/"},{"@type":"ListItem","position":2,"name":"Nos th\u00e8mes","item":"https:\/\/www.interpharma.ch\/fr\/themen\/"},{"@type":"ListItem","position":3,"name":"Syst\u00e8me de sant\u00e9","item":"https:\/\/www.interpharma.ch\/fr\/themen\/gesundheitswesen-fr\/"},{"@type":"ListItem","position":4,"name":"Qualit\u00e9 du syst\u00e8me de sant\u00e9","item":"https:\/\/www.interpharma.ch\/fr\/themen\/gesundheitswesen-fr\/qualite-du-systeme-de-sante\/"},{"@type":"ListItem","position":5,"name":"Initiatives multipartites"}]},{"@type":"WebSite","@id":"https:\/\/www.interpharma.ch\/#website","url":"https:\/\/www.interpharma.ch\/","name":"Interpharma","description":"Verband der forschenden Pharmazeutischen Firmen","publisher":{"@id":"https:\/\/www.interpharma.ch\/#organization"},"potentialAction":[{"@type":"SearchAction","target":{"@type":"EntryPoint","urlTemplate":"https:\/\/www.interpharma.ch\/?s={search_term_string}"},"query-input":{"@type":"PropertyValueSpecification","valueRequired":true,"valueName":"search_term_string"}}],"inLanguage":"fr-FR"},{"@type":"Organization","@id":"https:\/\/www.interpharma.ch\/#organization","name":"Interpharma","url":"https:\/\/www.interpharma.ch\/","logo":{"@type":"ImageObject","inLanguage":"fr-FR","@id":"https:\/\/www.interpharma.ch\/#\/schema\/logo\/image\/","url":"https:\/\/interpharma.ch\/wp-content\/uploads\/2026\/03\/20251014_iph_logo_wort_bildmarke_rgb_final_cu01.svg","contentUrl":"https:\/\/interpharma.ch\/wp-content\/uploads\/2026\/03\/20251014_iph_logo_wort_bildmarke_rgb_final_cu01.svg","width":"1200","height":"1200","caption":"Interpharma"},"image":{"@id":"https:\/\/www.interpharma.ch\/#\/schema\/logo\/image\/"},"sameAs":["https:\/\/x.com\/interpharma_ch","https:\/\/ch.linkedin.com\/company\/interpharma","https:\/\/www.instagram.com\/interpharma_ch\/"]}]}},"_links":{"self":[{"href":"https:\/\/www.interpharma.ch\/fr\/wp-json\/wp\/v2\/pages\/4000","targetHints":{"allow":["GET"]}}],"collection":[{"href":"https:\/\/www.interpharma.ch\/fr\/wp-json\/wp\/v2\/pages"}],"about":[{"href":"https:\/\/www.interpharma.ch\/fr\/wp-json\/wp\/v2\/types\/page"}],"author":[{"embeddable":true,"href":"https:\/\/www.interpharma.ch\/fr\/wp-json\/wp\/v2\/users\/1"}],"replies":[{"embeddable":true,"href":"https:\/\/www.interpharma.ch\/fr\/wp-json\/wp\/v2\/comments?post=4000"}],"version-history":[{"count":1,"href":"https:\/\/www.interpharma.ch\/fr\/wp-json\/wp\/v2\/pages\/4000\/revisions"}],"predecessor-version":[{"id":4001,"href":"https:\/\/www.interpharma.ch\/fr\/wp-json\/wp\/v2\/pages\/4000\/revisions\/4001"}],"up":[{"embeddable":true,"href":"https:\/\/www.interpharma.ch\/fr\/wp-json\/wp\/v2\/pages\/4146"}],"wp:attachment":[{"href":"https:\/\/www.interpharma.ch\/fr\/wp-json\/wp\/v2\/media?parent=4000"}],"curies":[{"name":"wp","href":"https:\/\/api.w.org\/{rel}","templated":true}]}}