{"id":3994,"date":"2026-02-25T08:25:41","date_gmt":"2026-02-25T07:25:41","guid":{"rendered":"https:\/\/iph-multisite.berta-bewegt.ch\/?page_id=3994"},"modified":"2026-02-25T08:25:41","modified_gmt":"2026-02-25T07:25:41","slug":"drg-financement-hospitalier","status":"publish","type":"page","link":"https:\/\/www.interpharma.ch\/fr\/themen\/gesundheitswesen-fr\/financement-perenne\/drg-financement-hospitalier\/","title":{"rendered":"DRG"},"content":{"rendered":"\n<p>En\n2012, un changement important a eu lieu dans le secteur hospitalier: depuis\nlors, les h\u00f4pitaux ne sont plus financ\u00e9s par des forfaits journaliers mais sur\nla base de leurs prestations pour les patient-e-s. Avant 2012, une m\u00eame\nprestation \u00e9tait r\u00e9mun\u00e9r\u00e9e diff\u00e9remment selon le canton. Actuellement, la\nr\u00e9mun\u00e9ration se base sur des tarifs uniformes \u00e0 l\u2019\u00e9chelon national, appel\u00e9s\nforfaits par cas en fonction du diagnostic (diagnosis related groups, DRG).\nSwiss&nbsp;DRG SA, une institution commune des prestataires, des assureurs et\ndes cantons, est responsable de l\u2019introduction, du d\u00e9veloppement et de\nl\u2019entretien des structures tarifaires stationnaires. Dans le cadre de\nSwiss&nbsp;DRG, les prestations sont class\u00e9es dans un groupe de pathologie en\nfonction du diagnostic principal, des diagnostics suppl\u00e9mentaires, du degr\u00e9 de\ns\u00e9v\u00e9rit\u00e9 et d\u2019autres crit\u00e8res ainsi que des traitements employ\u00e9s. Pour chaque\ngroupe de pathologie, un forfait par cas est calcul\u00e9 et l\u2019assurance-maladie le\nrembourse.<\/p>\n\n\n\n<p>Le\nbut de ce syst\u00e8me est d\u2019am\u00e9liorer la transparence, d\u2019encourager la rentabilit\u00e9\net de corriger les mauvaises incitations qui existaient. Comme seules les\nprestations r\u00e9alis\u00e9es sont r\u00e9mun\u00e9r\u00e9es, les ressources sont utilis\u00e9es en\nfonction des besoins et plus efficacement. Mais le financement par le biais de\nforfaits par cas a aussi des limites naturelles.<\/p>\n\n\n\n<h2 class=\"wp-block-heading\" id=\"h-necessite-de-mesures-d-accompagnement\"><strong>N\u00e9cessit\u00e9 de mesures\nd\u2019accompagnement<\/strong><strong><\/strong><\/h2>\n\n\n\n<p>M\u00eame\nun syst\u00e8me diff\u00e9renci\u00e9 de mani\u00e8re optimale ne peut pas reproduire parfaitement\nla r\u00e9alit\u00e9 th\u00e9rapeutique dans tous les domaines. Dans le cas d\u2019innovations\nm\u00e9dicales et th\u00e9rapeutiques, des lacunes de financement apparaissent\nsyst\u00e9matiquement car il faut compter environ cinq ans pour qu\u2019un nouveau\nm\u00e9dicament ou une nouvelle m\u00e9thode de traitement soit pris en compte et\nr\u00e9mun\u00e9r\u00e9 par le syst\u00e8me de forfaits par cas. En outre, les traitements destin\u00e9s\n\u00e0 de petits groupes de patients que seules de rares cliniques sp\u00e9cialis\u00e9es sont\nen mesure de prendre en charge cr\u00e9ent une distorsion au niveau de ce que l\u2019on\nappelle les groupes de cas ou groupes de pathologie et entra\u00eenent un\nsous-financement dans les cliniques sp\u00e9cialis\u00e9es et un surfinancement dans les\nautres \u00e9tablissements. Pour assurer un acc\u00e8s g\u00e9n\u00e9ral et rapide aux traitements,\nil est donc important de pr\u00e9voir des r\u00e9mun\u00e9rations suppl\u00e9mentaires pour les\nnouvelles m\u00e9thodes de diagnostic et de traitement. En l\u2019absence de telles\nmesures d\u2019accompagnement, par exemple sous forme de tarifs suppl\u00e9mentaires, l\u2019acc\u00e8s\naux nouveaux traitements risque d\u2019\u00eatre retard\u00e9 et in\u00e9gal en fonction des\nr\u00e9gions.<\/p>\n\n\n\n<h2 class=\"wp-block-heading\" id=\"h-\"><\/h2>\n","protected":false},"excerpt":{"rendered":"<p>En 2012, un changement important a eu lieu dans le secteur hospitalier: depuis lors, les h\u00f4pitaux ne sont plus financ\u00e9s par des forfaits journaliers mais sur la base de leurs prestations pour les patient-e-s. Avant 2012, une m\u00eame prestation \u00e9tait r\u00e9mun\u00e9r\u00e9e diff\u00e9remment selon le canton. Actuellement, la r\u00e9mun\u00e9ration se base sur des tarifs uniformes \u00e0 [&hellip;]<\/p>\n","protected":false},"author":1,"featured_media":0,"parent":4254,"menu_order":0,"comment_status":"closed","ping_status":"closed","template":"page-templates\/unterthema.php","meta":{"_acf_changed":false,"inline_featured_image":false,"footnotes":""},"class_list":["post-3994","page","type-page","status-publish","hentry"],"acf":[],"yoast_head":"<!-- This site is optimized with the Yoast SEO Premium plugin v27.2 (Yoast SEO v27.2) - https:\/\/yoast.com\/product\/yoast-seo-premium-wordpress\/ -->\n<title>DRG - Interpharma<\/title>\n<meta name=\"robots\" content=\"index, follow, max-snippet:-1, max-image-preview:large, max-video-preview:-1\" \/>\n<link rel=\"canonical\" href=\"https:\/\/www.interpharma.ch\/fr\/themen\/gesundheitswesen-fr\/financement-perenne\/drg-financement-hospitalier\/\" \/>\n<meta property=\"og:locale\" content=\"fr_FR\" \/>\n<meta property=\"og:type\" content=\"article\" \/>\n<meta property=\"og:title\" content=\"DRG\" \/>\n<meta property=\"og:description\" content=\"En 2012, un changement important a eu lieu dans le secteur hospitalier: depuis lors, les h\u00f4pitaux ne sont plus financ\u00e9s par des forfaits journaliers mais sur la base de leurs prestations pour les patient-e-s. Avant 2012, une m\u00eame prestation \u00e9tait r\u00e9mun\u00e9r\u00e9e diff\u00e9remment selon le canton. Actuellement, la r\u00e9mun\u00e9ration se base sur des tarifs uniformes \u00e0 [&hellip;]\" \/>\n<meta property=\"og:url\" content=\"https:\/\/www.interpharma.ch\/fr\/themen\/gesundheitswesen-fr\/financement-perenne\/drg-financement-hospitalier\/\" \/>\n<meta property=\"og:site_name\" content=\"Interpharma\" \/>\n<meta name=\"twitter:card\" content=\"summary_large_image\" \/>\n<meta name=\"twitter:site\" content=\"@interpharma_ch\" \/>\n<meta name=\"twitter:label1\" content=\"Dur\u00e9e de lecture estim\u00e9e\" \/>\n\t<meta name=\"twitter:data1\" content=\"2 minutes\" \/>\n<script type=\"application\/ld+json\" class=\"yoast-schema-graph\">{\"@context\":\"https:\/\/schema.org\",\"@graph\":[{\"@type\":\"WebPage\",\"@id\":\"https:\/\/www.interpharma.ch\/fr\/themen\/gesundheitswesen-fr\/financement-perenne\/drg-financement-hospitalier\/\",\"url\":\"https:\/\/www.interpharma.ch\/fr\/themen\/gesundheitswesen-fr\/financement-perenne\/drg-financement-hospitalier\/\",\"name\":\"DRG - Interpharma\",\"isPartOf\":{\"@id\":\"https:\/\/www.interpharma.ch\/#website\"},\"datePublished\":\"2026-02-25T07:25:41+00:00\",\"breadcrumb\":{\"@id\":\"https:\/\/www.interpharma.ch\/fr\/themen\/gesundheitswesen-fr\/financement-perenne\/drg-financement-hospitalier\/#breadcrumb\"},\"inLanguage\":\"fr-FR\",\"potentialAction\":[{\"@type\":\"ReadAction\",\"target\":[\"https:\/\/www.interpharma.ch\/fr\/themen\/gesundheitswesen-fr\/financement-perenne\/drg-financement-hospitalier\/\"]}]},{\"@type\":\"BreadcrumbList\",\"@id\":\"https:\/\/www.interpharma.ch\/fr\/themen\/gesundheitswesen-fr\/financement-perenne\/drg-financement-hospitalier\/#breadcrumb\",\"itemListElement\":[{\"@type\":\"ListItem\",\"position\":1,\"name\":\"Startseite\",\"item\":\"https:\/\/www.interpharma.ch\/fr\/\"},{\"@type\":\"ListItem\",\"position\":2,\"name\":\"Nos th\u00e8mes\",\"item\":\"https:\/\/www.interpharma.ch\/fr\/themen\/\"},{\"@type\":\"ListItem\",\"position\":3,\"name\":\"Syst\u00e8me de sant\u00e9\",\"item\":\"https:\/\/www.interpharma.ch\/fr\/themen\/gesundheitswesen-fr\/\"},{\"@type\":\"ListItem\",\"position\":4,\"name\":\"Financement p\u00e9renne\",\"item\":\"https:\/\/www.interpharma.ch\/fr\/themen\/gesundheitswesen-fr\/financement-perenne\/\"},{\"@type\":\"ListItem\",\"position\":5,\"name\":\"DRG\"}]},{\"@type\":\"WebSite\",\"@id\":\"https:\/\/www.interpharma.ch\/#website\",\"url\":\"https:\/\/www.interpharma.ch\/\",\"name\":\"Interpharma\",\"description\":\"Verband der forschenden Pharmazeutischen Firmen\",\"publisher\":{\"@id\":\"https:\/\/www.interpharma.ch\/#organization\"},\"potentialAction\":[{\"@type\":\"SearchAction\",\"target\":{\"@type\":\"EntryPoint\",\"urlTemplate\":\"https:\/\/www.interpharma.ch\/?s={search_term_string}\"},\"query-input\":{\"@type\":\"PropertyValueSpecification\",\"valueRequired\":true,\"valueName\":\"search_term_string\"}}],\"inLanguage\":\"fr-FR\"},{\"@type\":\"Organization\",\"@id\":\"https:\/\/www.interpharma.ch\/#organization\",\"name\":\"Interpharma\",\"url\":\"https:\/\/www.interpharma.ch\/\",\"logo\":{\"@type\":\"ImageObject\",\"inLanguage\":\"fr-FR\",\"@id\":\"https:\/\/www.interpharma.ch\/#\/schema\/logo\/image\/\",\"url\":\"https:\/\/interpharma.ch\/wp-content\/uploads\/2026\/03\/20251014_iph_logo_wort_bildmarke_rgb_final_cu01.svg\",\"contentUrl\":\"https:\/\/interpharma.ch\/wp-content\/uploads\/2026\/03\/20251014_iph_logo_wort_bildmarke_rgb_final_cu01.svg\",\"width\":\"1200\",\"height\":\"1200\",\"caption\":\"Interpharma\"},\"image\":{\"@id\":\"https:\/\/www.interpharma.ch\/#\/schema\/logo\/image\/\"},\"sameAs\":[\"https:\/\/x.com\/interpharma_ch\",\"https:\/\/ch.linkedin.com\/company\/interpharma\",\"https:\/\/www.instagram.com\/interpharma_ch\/\"]}]}<\/script>\n<!-- \/ Yoast SEO Premium plugin. -->","yoast_head_json":{"title":"DRG - Interpharma","robots":{"index":"index","follow":"follow","max-snippet":"max-snippet:-1","max-image-preview":"max-image-preview:large","max-video-preview":"max-video-preview:-1"},"canonical":"https:\/\/www.interpharma.ch\/fr\/themen\/gesundheitswesen-fr\/financement-perenne\/drg-financement-hospitalier\/","og_locale":"fr_FR","og_type":"article","og_title":"DRG","og_description":"En 2012, un changement important a eu lieu dans le secteur hospitalier: depuis lors, les h\u00f4pitaux ne sont plus financ\u00e9s par des forfaits journaliers mais sur la base de leurs prestations pour les patient-e-s. Avant 2012, une m\u00eame prestation \u00e9tait r\u00e9mun\u00e9r\u00e9e diff\u00e9remment selon le canton. Actuellement, la r\u00e9mun\u00e9ration se base sur des tarifs uniformes \u00e0 [&hellip;]","og_url":"https:\/\/www.interpharma.ch\/fr\/themen\/gesundheitswesen-fr\/financement-perenne\/drg-financement-hospitalier\/","og_site_name":"Interpharma","twitter_card":"summary_large_image","twitter_site":"@interpharma_ch","twitter_misc":{"Dur\u00e9e de lecture estim\u00e9e":"2 minutes"},"schema":{"@context":"https:\/\/schema.org","@graph":[{"@type":"WebPage","@id":"https:\/\/www.interpharma.ch\/fr\/themen\/gesundheitswesen-fr\/financement-perenne\/drg-financement-hospitalier\/","url":"https:\/\/www.interpharma.ch\/fr\/themen\/gesundheitswesen-fr\/financement-perenne\/drg-financement-hospitalier\/","name":"DRG - Interpharma","isPartOf":{"@id":"https:\/\/www.interpharma.ch\/#website"},"datePublished":"2026-02-25T07:25:41+00:00","breadcrumb":{"@id":"https:\/\/www.interpharma.ch\/fr\/themen\/gesundheitswesen-fr\/financement-perenne\/drg-financement-hospitalier\/#breadcrumb"},"inLanguage":"fr-FR","potentialAction":[{"@type":"ReadAction","target":["https:\/\/www.interpharma.ch\/fr\/themen\/gesundheitswesen-fr\/financement-perenne\/drg-financement-hospitalier\/"]}]},{"@type":"BreadcrumbList","@id":"https:\/\/www.interpharma.ch\/fr\/themen\/gesundheitswesen-fr\/financement-perenne\/drg-financement-hospitalier\/#breadcrumb","itemListElement":[{"@type":"ListItem","position":1,"name":"Startseite","item":"https:\/\/www.interpharma.ch\/fr\/"},{"@type":"ListItem","position":2,"name":"Nos th\u00e8mes","item":"https:\/\/www.interpharma.ch\/fr\/themen\/"},{"@type":"ListItem","position":3,"name":"Syst\u00e8me de sant\u00e9","item":"https:\/\/www.interpharma.ch\/fr\/themen\/gesundheitswesen-fr\/"},{"@type":"ListItem","position":4,"name":"Financement p\u00e9renne","item":"https:\/\/www.interpharma.ch\/fr\/themen\/gesundheitswesen-fr\/financement-perenne\/"},{"@type":"ListItem","position":5,"name":"DRG"}]},{"@type":"WebSite","@id":"https:\/\/www.interpharma.ch\/#website","url":"https:\/\/www.interpharma.ch\/","name":"Interpharma","description":"Verband der forschenden Pharmazeutischen Firmen","publisher":{"@id":"https:\/\/www.interpharma.ch\/#organization"},"potentialAction":[{"@type":"SearchAction","target":{"@type":"EntryPoint","urlTemplate":"https:\/\/www.interpharma.ch\/?s={search_term_string}"},"query-input":{"@type":"PropertyValueSpecification","valueRequired":true,"valueName":"search_term_string"}}],"inLanguage":"fr-FR"},{"@type":"Organization","@id":"https:\/\/www.interpharma.ch\/#organization","name":"Interpharma","url":"https:\/\/www.interpharma.ch\/","logo":{"@type":"ImageObject","inLanguage":"fr-FR","@id":"https:\/\/www.interpharma.ch\/#\/schema\/logo\/image\/","url":"https:\/\/interpharma.ch\/wp-content\/uploads\/2026\/03\/20251014_iph_logo_wort_bildmarke_rgb_final_cu01.svg","contentUrl":"https:\/\/interpharma.ch\/wp-content\/uploads\/2026\/03\/20251014_iph_logo_wort_bildmarke_rgb_final_cu01.svg","width":"1200","height":"1200","caption":"Interpharma"},"image":{"@id":"https:\/\/www.interpharma.ch\/#\/schema\/logo\/image\/"},"sameAs":["https:\/\/x.com\/interpharma_ch","https:\/\/ch.linkedin.com\/company\/interpharma","https:\/\/www.instagram.com\/interpharma_ch\/"]}]}},"_links":{"self":[{"href":"https:\/\/www.interpharma.ch\/fr\/wp-json\/wp\/v2\/pages\/3994","targetHints":{"allow":["GET"]}}],"collection":[{"href":"https:\/\/www.interpharma.ch\/fr\/wp-json\/wp\/v2\/pages"}],"about":[{"href":"https:\/\/www.interpharma.ch\/fr\/wp-json\/wp\/v2\/types\/page"}],"author":[{"embeddable":true,"href":"https:\/\/www.interpharma.ch\/fr\/wp-json\/wp\/v2\/users\/1"}],"replies":[{"embeddable":true,"href":"https:\/\/www.interpharma.ch\/fr\/wp-json\/wp\/v2\/comments?post=3994"}],"version-history":[{"count":1,"href":"https:\/\/www.interpharma.ch\/fr\/wp-json\/wp\/v2\/pages\/3994\/revisions"}],"predecessor-version":[{"id":3995,"href":"https:\/\/www.interpharma.ch\/fr\/wp-json\/wp\/v2\/pages\/3994\/revisions\/3995"}],"up":[{"embeddable":true,"href":"https:\/\/www.interpharma.ch\/fr\/wp-json\/wp\/v2\/pages\/4254"}],"wp:attachment":[{"href":"https:\/\/www.interpharma.ch\/fr\/wp-json\/wp\/v2\/media?parent=3994"}],"curies":[{"name":"wp","href":"https:\/\/api.w.org\/{rel}","templated":true}]}}