{"id":3988,"date":"2026-02-25T08:25:41","date_gmt":"2026-02-25T07:25:41","guid":{"rendered":"https:\/\/iph-multisite.berta-bewegt.ch\/?page_id=3988"},"modified":"2026-02-25T08:25:41","modified_gmt":"2026-02-25T07:25:41","slug":"hta-couts-benefices","status":"publish","type":"page","link":"https:\/\/www.interpharma.ch\/fr\/themen\/der-patient-im-mittelpunkt\/utilite-des-medicaments\/hta-couts-benefices\/","title":{"rendered":"HTA \/co\u00fbts-b\u00e9n\u00e9fices"},"content":{"rendered":"\n<p>Avec\nles progr\u00e8s de la m\u00e9decine et les d\u00e9bats sur les ressources restreintes dont\ndispose le syst\u00e8me de sant\u00e9, les questions d\u2019efficacit\u00e9 des prestations\nm\u00e9dicales et d\u2019emploi efficient des fonds sont plus importantes que jamais.\nDans l\u2019\u00e9valuation des prestations de sant\u00e9, il ne s\u2019agit pas seulement de\nsavoir si une nouvelle m\u00e9thode d\u2019analyse, une nouvelle technique chirurgicale\nou un nouveau m\u00e9dicament est efficace, il importe aussi d\u2019\u00e9tablir le niveau du\nb\u00e9n\u00e9fice suppl\u00e9mentaire et des co\u00fbts li\u00e9s \u00e0 cette intervention par rapport \u00e0\ncelles pratiqu\u00e9es jusque-l\u00e0.<\/p>\n\n\n\n<p>On\nappelle \u00abHealth Technology Assessment\u00bb (HTA) cette \u00e9valuation syst\u00e9matique de\ntechnologies et de processus m\u00e9dicaux. Cette \u00e9valuation du b\u00e9n\u00e9fice ou de\nl\u2019utilit\u00e9 doit avoir pour objectif de maintenir un syst\u00e8me de sant\u00e9 ouvert aux\ninnovations afin d\u2019am\u00e9liorer la qualit\u00e9 de la prise en charge m\u00e9dicale et les\nr\u00e9sultats des traitements. <\/p>\n\n\n\n<h2 class=\"wp-block-heading\" id=\"h-les-hta-ne-sont-pas-un-instrument-de-rationnement\"><strong>Les HTA ne sont pas un\ninstrument de rationnement<\/strong><strong><\/strong><\/h2>\n\n\n\n<p>Partout\ndans le monde, on s\u2019efforce d\u2019\u00e9valuer les mesures de pr\u00e9vention, les proc\u00e9d\u00e9s\ndiagnostiques, les traitements, les m\u00e9dicaments, les structures\norganisationnelles et les cha\u00eenes de soins afin de fournir aux autorit\u00e9s les\nbases leur permettant de prendre des d\u00e9cisions de politique de sant\u00e9 qui seront\naccept\u00e9es par la population. Les \u00e9valuations des prestations de sant\u00e9 telles\nque les HTA peuvent offrir des informations importantes sur l\u2019efficience\nrelative d\u2019alternatives th\u00e9rapeutiques, et constituent donc une aide utile \u00e0 la\nd\u00e9cision. <\/p>\n\n\n\n<p>La strat\u00e9gie Sant\u00e9 2030 du Conseil f\u00e9d\u00e9ral pr\u00e9voit une am\u00e9lioration des traitements m\u00e9dicaux et, parall\u00e8lement, une surveillance de l&rsquo;\u00e9volution des co\u00fbts. Dans le cadre de la strat\u00e9gie Sant\u00e9 2020, la Conf\u00e9d\u00e9ration a d\u00e9j\u00e0 lanc\u00e9 un programme HTA visant \u00e0 r\u00e9\u00e9valuer les prestations d\u00e9j\u00e0 rembours\u00e9es par l&rsquo;assurance maladie obligatoire. Dans ce contexte, l&rsquo;HTA permet une prise de d\u00e9cision transparente et fond\u00e9e sur des preuves afin de r\u00e9duire les prestations inefficaces et non efficientes, d&rsquo;am\u00e9liorer la qualit\u00e9 du syst\u00e8me de sant\u00e9 et de r\u00e9duire les co\u00fbts.<\/p>\n\n\n\n<h2 class=\"wp-block-heading\" id=\"h-hautes-exigences-vis-a-vis-des-hta\"><strong>Hautes exigences vis-\u00e0-vis\ndes HTA<\/strong><strong><\/strong><\/h2>\n\n\n\n<p>La\nmise en place d\u2019\u00e9valuations co\u00fbts-b\u00e9n\u00e9fices telles que le proposent les HTA\npose des exigences de haut niveau. Elles sont co\u00fbteuses et n\u00e9cessitent de ce\nfait d\u2019\u00eatre clairement cibl\u00e9es. Il est souhaitable que les HTA portent de plus\nen plus sur des fili\u00e8res cliniques enti\u00e8res et des structures\norganisationnelles, plut\u00f4t que sur des interventions isol\u00e9es. Une \u00e9valuation de\nprestations de sant\u00e9 doit en outre reposer sur des m\u00e9thodes scientifiques\nsolidement \u00e9tay\u00e9es et \u00eatre mise en \u0153uvre dans la transparence, en temps\nopportun, dans des conditions \u00e9quilibr\u00e9es et sur des bases \u00e9quitables. Des\nactivit\u00e9s non synchronis\u00e9es peuvent entra\u00eener des doublons et une bureaucratie\ninutile. Aussi, pour engager des moyens limit\u00e9s de mani\u00e8re aussi efficace que\npossible, est-il important d\u2019\u00e9viter les chevauchements.<\/p>\n","protected":false},"excerpt":{"rendered":"<p>Avec les progr\u00e8s de la m\u00e9decine et les d\u00e9bats sur les ressources restreintes dont dispose le syst\u00e8me de sant\u00e9, les questions d\u2019efficacit\u00e9 des prestations m\u00e9dicales et d\u2019emploi efficient des fonds sont plus importantes que jamais. Dans l\u2019\u00e9valuation des prestations de sant\u00e9, il ne s\u2019agit pas seulement de savoir si une nouvelle m\u00e9thode d\u2019analyse, une nouvelle [&hellip;]<\/p>\n","protected":false},"author":1,"featured_media":0,"parent":4134,"menu_order":0,"comment_status":"closed","ping_status":"closed","template":"page-templates\/unterthema.php","meta":{"_acf_changed":false,"inline_featured_image":false,"footnotes":""},"class_list":["post-3988","page","type-page","status-publish","hentry"],"acf":[],"yoast_head":"<!-- This site is optimized with the Yoast SEO Premium plugin v27.2 (Yoast SEO v27.2) - https:\/\/yoast.com\/product\/yoast-seo-premium-wordpress\/ -->\n<title>HTA \/co\u00fbts-b\u00e9n\u00e9fices - Interpharma<\/title>\n<meta name=\"robots\" content=\"index, follow, max-snippet:-1, max-image-preview:large, max-video-preview:-1\" \/>\n<link rel=\"canonical\" href=\"https:\/\/www.interpharma.ch\/fr\/themen\/der-patient-im-mittelpunkt\/utilite-des-medicaments\/hta-couts-benefices\/\" \/>\n<meta property=\"og:locale\" content=\"fr_FR\" \/>\n<meta property=\"og:type\" content=\"article\" \/>\n<meta property=\"og:title\" content=\"HTA \/co\u00fbts-b\u00e9n\u00e9fices\" \/>\n<meta property=\"og:description\" content=\"Avec les progr\u00e8s de la m\u00e9decine et les d\u00e9bats sur les ressources restreintes dont dispose le syst\u00e8me de sant\u00e9, les questions d\u2019efficacit\u00e9 des prestations m\u00e9dicales et d\u2019emploi efficient des fonds sont plus importantes que jamais. Dans l\u2019\u00e9valuation des prestations de sant\u00e9, il ne s\u2019agit pas seulement de savoir si une nouvelle m\u00e9thode d\u2019analyse, une nouvelle [&hellip;]\" \/>\n<meta property=\"og:url\" content=\"https:\/\/www.interpharma.ch\/fr\/themen\/der-patient-im-mittelpunkt\/utilite-des-medicaments\/hta-couts-benefices\/\" \/>\n<meta property=\"og:site_name\" content=\"Interpharma\" \/>\n<meta name=\"twitter:card\" content=\"summary_large_image\" \/>\n<meta name=\"twitter:site\" content=\"@interpharma_ch\" \/>\n<meta name=\"twitter:label1\" content=\"Dur\u00e9e de lecture estim\u00e9e\" \/>\n\t<meta name=\"twitter:data1\" content=\"3 minutes\" \/>\n<script type=\"application\/ld+json\" class=\"yoast-schema-graph\">{\"@context\":\"https:\/\/schema.org\",\"@graph\":[{\"@type\":\"WebPage\",\"@id\":\"https:\/\/www.interpharma.ch\/fr\/themen\/der-patient-im-mittelpunkt\/utilite-des-medicaments\/hta-couts-benefices\/\",\"url\":\"https:\/\/www.interpharma.ch\/fr\/themen\/der-patient-im-mittelpunkt\/utilite-des-medicaments\/hta-couts-benefices\/\",\"name\":\"HTA \/co\u00fbts-b\u00e9n\u00e9fices - Interpharma\",\"isPartOf\":{\"@id\":\"https:\/\/www.interpharma.ch\/#website\"},\"datePublished\":\"2026-02-25T07:25:41+00:00\",\"breadcrumb\":{\"@id\":\"https:\/\/www.interpharma.ch\/fr\/themen\/der-patient-im-mittelpunkt\/utilite-des-medicaments\/hta-couts-benefices\/#breadcrumb\"},\"inLanguage\":\"fr-FR\",\"potentialAction\":[{\"@type\":\"ReadAction\",\"target\":[\"https:\/\/www.interpharma.ch\/fr\/themen\/der-patient-im-mittelpunkt\/utilite-des-medicaments\/hta-couts-benefices\/\"]}]},{\"@type\":\"BreadcrumbList\",\"@id\":\"https:\/\/www.interpharma.ch\/fr\/themen\/der-patient-im-mittelpunkt\/utilite-des-medicaments\/hta-couts-benefices\/#breadcrumb\",\"itemListElement\":[{\"@type\":\"ListItem\",\"position\":1,\"name\":\"Startseite\",\"item\":\"https:\/\/www.interpharma.ch\/fr\/\"},{\"@type\":\"ListItem\",\"position\":2,\"name\":\"Nos th\u00e8mes\",\"item\":\"https:\/\/www.interpharma.ch\/fr\/themen\/\"},{\"@type\":\"ListItem\",\"position\":3,\"name\":\"Le patient au centre des consid\u00e9rations\",\"item\":\"https:\/\/www.interpharma.ch\/fr\/themen\/der-patient-im-mittelpunkt\/\"},{\"@type\":\"ListItem\",\"position\":4,\"name\":\"Utilit\u00e9 des m\u00e9dicaments\",\"item\":\"https:\/\/www.interpharma.ch\/fr\/themen\/der-patient-im-mittelpunkt\/utilite-des-medicaments\/\"},{\"@type\":\"ListItem\",\"position\":5,\"name\":\"HTA \/co\u00fbts-b\u00e9n\u00e9fices\"}]},{\"@type\":\"WebSite\",\"@id\":\"https:\/\/www.interpharma.ch\/#website\",\"url\":\"https:\/\/www.interpharma.ch\/\",\"name\":\"Interpharma\",\"description\":\"Verband der forschenden Pharmazeutischen Firmen\",\"publisher\":{\"@id\":\"https:\/\/www.interpharma.ch\/#organization\"},\"potentialAction\":[{\"@type\":\"SearchAction\",\"target\":{\"@type\":\"EntryPoint\",\"urlTemplate\":\"https:\/\/www.interpharma.ch\/?s={search_term_string}\"},\"query-input\":{\"@type\":\"PropertyValueSpecification\",\"valueRequired\":true,\"valueName\":\"search_term_string\"}}],\"inLanguage\":\"fr-FR\"},{\"@type\":\"Organization\",\"@id\":\"https:\/\/www.interpharma.ch\/#organization\",\"name\":\"Interpharma\",\"url\":\"https:\/\/www.interpharma.ch\/\",\"logo\":{\"@type\":\"ImageObject\",\"inLanguage\":\"fr-FR\",\"@id\":\"https:\/\/www.interpharma.ch\/#\/schema\/logo\/image\/\",\"url\":\"https:\/\/interpharma.ch\/wp-content\/uploads\/2026\/03\/20251014_iph_logo_wort_bildmarke_rgb_final_cu01.svg\",\"contentUrl\":\"https:\/\/interpharma.ch\/wp-content\/uploads\/2026\/03\/20251014_iph_logo_wort_bildmarke_rgb_final_cu01.svg\",\"width\":\"1200\",\"height\":\"1200\",\"caption\":\"Interpharma\"},\"image\":{\"@id\":\"https:\/\/www.interpharma.ch\/#\/schema\/logo\/image\/\"},\"sameAs\":[\"https:\/\/x.com\/interpharma_ch\",\"https:\/\/ch.linkedin.com\/company\/interpharma\",\"https:\/\/www.instagram.com\/interpharma_ch\/\"]}]}<\/script>\n<!-- \/ Yoast SEO Premium plugin. -->","yoast_head_json":{"title":"HTA \/co\u00fbts-b\u00e9n\u00e9fices - Interpharma","robots":{"index":"index","follow":"follow","max-snippet":"max-snippet:-1","max-image-preview":"max-image-preview:large","max-video-preview":"max-video-preview:-1"},"canonical":"https:\/\/www.interpharma.ch\/fr\/themen\/der-patient-im-mittelpunkt\/utilite-des-medicaments\/hta-couts-benefices\/","og_locale":"fr_FR","og_type":"article","og_title":"HTA \/co\u00fbts-b\u00e9n\u00e9fices","og_description":"Avec les progr\u00e8s de la m\u00e9decine et les d\u00e9bats sur les ressources restreintes dont dispose le syst\u00e8me de sant\u00e9, les questions d\u2019efficacit\u00e9 des prestations m\u00e9dicales et d\u2019emploi efficient des fonds sont plus importantes que jamais. Dans l\u2019\u00e9valuation des prestations de sant\u00e9, il ne s\u2019agit pas seulement de savoir si une nouvelle m\u00e9thode d\u2019analyse, une nouvelle [&hellip;]","og_url":"https:\/\/www.interpharma.ch\/fr\/themen\/der-patient-im-mittelpunkt\/utilite-des-medicaments\/hta-couts-benefices\/","og_site_name":"Interpharma","twitter_card":"summary_large_image","twitter_site":"@interpharma_ch","twitter_misc":{"Dur\u00e9e de lecture estim\u00e9e":"3 minutes"},"schema":{"@context":"https:\/\/schema.org","@graph":[{"@type":"WebPage","@id":"https:\/\/www.interpharma.ch\/fr\/themen\/der-patient-im-mittelpunkt\/utilite-des-medicaments\/hta-couts-benefices\/","url":"https:\/\/www.interpharma.ch\/fr\/themen\/der-patient-im-mittelpunkt\/utilite-des-medicaments\/hta-couts-benefices\/","name":"HTA \/co\u00fbts-b\u00e9n\u00e9fices - Interpharma","isPartOf":{"@id":"https:\/\/www.interpharma.ch\/#website"},"datePublished":"2026-02-25T07:25:41+00:00","breadcrumb":{"@id":"https:\/\/www.interpharma.ch\/fr\/themen\/der-patient-im-mittelpunkt\/utilite-des-medicaments\/hta-couts-benefices\/#breadcrumb"},"inLanguage":"fr-FR","potentialAction":[{"@type":"ReadAction","target":["https:\/\/www.interpharma.ch\/fr\/themen\/der-patient-im-mittelpunkt\/utilite-des-medicaments\/hta-couts-benefices\/"]}]},{"@type":"BreadcrumbList","@id":"https:\/\/www.interpharma.ch\/fr\/themen\/der-patient-im-mittelpunkt\/utilite-des-medicaments\/hta-couts-benefices\/#breadcrumb","itemListElement":[{"@type":"ListItem","position":1,"name":"Startseite","item":"https:\/\/www.interpharma.ch\/fr\/"},{"@type":"ListItem","position":2,"name":"Nos th\u00e8mes","item":"https:\/\/www.interpharma.ch\/fr\/themen\/"},{"@type":"ListItem","position":3,"name":"Le patient au centre des consid\u00e9rations","item":"https:\/\/www.interpharma.ch\/fr\/themen\/der-patient-im-mittelpunkt\/"},{"@type":"ListItem","position":4,"name":"Utilit\u00e9 des m\u00e9dicaments","item":"https:\/\/www.interpharma.ch\/fr\/themen\/der-patient-im-mittelpunkt\/utilite-des-medicaments\/"},{"@type":"ListItem","position":5,"name":"HTA \/co\u00fbts-b\u00e9n\u00e9fices"}]},{"@type":"WebSite","@id":"https:\/\/www.interpharma.ch\/#website","url":"https:\/\/www.interpharma.ch\/","name":"Interpharma","description":"Verband der forschenden Pharmazeutischen Firmen","publisher":{"@id":"https:\/\/www.interpharma.ch\/#organization"},"potentialAction":[{"@type":"SearchAction","target":{"@type":"EntryPoint","urlTemplate":"https:\/\/www.interpharma.ch\/?s={search_term_string}"},"query-input":{"@type":"PropertyValueSpecification","valueRequired":true,"valueName":"search_term_string"}}],"inLanguage":"fr-FR"},{"@type":"Organization","@id":"https:\/\/www.interpharma.ch\/#organization","name":"Interpharma","url":"https:\/\/www.interpharma.ch\/","logo":{"@type":"ImageObject","inLanguage":"fr-FR","@id":"https:\/\/www.interpharma.ch\/#\/schema\/logo\/image\/","url":"https:\/\/interpharma.ch\/wp-content\/uploads\/2026\/03\/20251014_iph_logo_wort_bildmarke_rgb_final_cu01.svg","contentUrl":"https:\/\/interpharma.ch\/wp-content\/uploads\/2026\/03\/20251014_iph_logo_wort_bildmarke_rgb_final_cu01.svg","width":"1200","height":"1200","caption":"Interpharma"},"image":{"@id":"https:\/\/www.interpharma.ch\/#\/schema\/logo\/image\/"},"sameAs":["https:\/\/x.com\/interpharma_ch","https:\/\/ch.linkedin.com\/company\/interpharma","https:\/\/www.instagram.com\/interpharma_ch\/"]}]}},"_links":{"self":[{"href":"https:\/\/www.interpharma.ch\/fr\/wp-json\/wp\/v2\/pages\/3988","targetHints":{"allow":["GET"]}}],"collection":[{"href":"https:\/\/www.interpharma.ch\/fr\/wp-json\/wp\/v2\/pages"}],"about":[{"href":"https:\/\/www.interpharma.ch\/fr\/wp-json\/wp\/v2\/types\/page"}],"author":[{"embeddable":true,"href":"https:\/\/www.interpharma.ch\/fr\/wp-json\/wp\/v2\/users\/1"}],"replies":[{"embeddable":true,"href":"https:\/\/www.interpharma.ch\/fr\/wp-json\/wp\/v2\/comments?post=3988"}],"version-history":[{"count":1,"href":"https:\/\/www.interpharma.ch\/fr\/wp-json\/wp\/v2\/pages\/3988\/revisions"}],"predecessor-version":[{"id":3989,"href":"https:\/\/www.interpharma.ch\/fr\/wp-json\/wp\/v2\/pages\/3988\/revisions\/3989"}],"up":[{"embeddable":true,"href":"https:\/\/www.interpharma.ch\/fr\/wp-json\/wp\/v2\/pages\/4134"}],"wp:attachment":[{"href":"https:\/\/www.interpharma.ch\/fr\/wp-json\/wp\/v2\/media?parent=3988"}],"curies":[{"name":"wp","href":"https:\/\/api.w.org\/{rel}","templated":true}]}}