{"id":3982,"date":"2026-02-25T08:25:40","date_gmt":"2026-02-25T07:25:40","guid":{"rendered":"https:\/\/iph-multisite.berta-bewegt.ch\/?page_id=3982"},"modified":"2026-02-25T08:25:41","modified_gmt":"2026-02-25T07:25:41","slug":"vaccinations","status":"publish","type":"page","link":"https:\/\/www.interpharma.ch\/fr\/themen\/gesundheitswesen-fr\/prevention\/vaccinations\/","title":{"rendered":"Vaccinations"},"content":{"rendered":"\n<p>Les\nvaccinations ont contribu\u00e9 de mani\u00e8re d\u00e9cisive \u00e0 la quasi-disparition de\ncertaines maladies en Suisse. C\u2019est ainsi que le premier vaccin contre la\npoliomy\u00e9lite a \u00e9t\u00e9 autoris\u00e9 en 1955. Le nombre de cas a ensuite diminu\u00e9\nr\u00e9guli\u00e8rement. En Suisse, le dernier cas a \u00e9t\u00e9 signal\u00e9 en 1982.<\/p>\n\n\n\n<p>Mais\nil y a aussi des d\u00e9fis \u00e0 relever dans le domaine de la vaccination. Entre autres gr\u00e2ce \u00e0 la Strat\u00e9gie nationale\nd\u2019\u00e9limination de la rougeole 2011\u20132015, la couverture vaccinale a augment\u00e9 dans\ntoute la Suisse, en particulier dans les cantons qui avaient auparavant un taux\nde couverture vaccinale faible. Mais avec 87%, ce taux reste nettement\ninf\u00e9rieur aux recommandations de l\u2019Organisation mondiale de la Sant\u00e9 (OMS)\nd\u2019une couverture vaccinale de 95%. De ce fait, des flamb\u00e9es de rougeole\ncontinuent \u00e0 se manifester.<\/p>\n\n\n\n<h2 class=\"wp-block-heading\"><strong>Innovations dans le domaine\ndes vaccins<\/strong><strong><\/strong><\/h2>\n\n\n\n<p>On\ndistingue les vaccins vivants att\u00e9nu\u00e9s et les vaccins inactiv\u00e9s. Un vaccin\nvivant att\u00e9nu\u00e9 se compose en g\u00e9n\u00e9ral d\u2019une variante inoffensive ou att\u00e9nu\u00e9e\nd\u2019un agent infectieux (p.&nbsp;ex. virus ou bact\u00e9rie). Ils sont normalement employ\u00e9s\npour stimuler le syst\u00e8me immunitaire de mani\u00e8re \u00e0 obtenir un effet durable\ncontre l\u2019agent infectieux en question. C\u2019est le cas des vaccins contre la\nrougeole, la rub\u00e9ole ou les oreillons. Un vaccin inactiv\u00e9 contient quant \u00e0 lui\ndes agents infectieux qui ne peuvent plus se reproduire. Un exemple en est le\nvaccin contre la grippe, fabriqu\u00e9 \u00e0 partir de fragments de virus de la grippe\nde la saison pr\u00e9c\u00e9dente. La fabrication de vaccins est soumise \u00e0 un contr\u00f4le extr\u00eamement\nstrict de la qualit\u00e9. <\/p>\n\n\n\n<p>La\nrecherche apporte une contribution importante \u00e0 l\u2019am\u00e9lioration de la production\nde vaccins par l\u2019utilisation de m\u00e9thodes du g\u00e9nie g\u00e9n\u00e9tique pour fabriquer ce\nque l\u2019on appelle des vaccins recombinants. Dans ce cas, l\u2019ADN de l\u2019agent\ninfectieux est par exemple int\u00e9gr\u00e9 \u00e0 des cellules de levure. Le vaccin ainsi\nproduit suffit pour obtenir la r\u00e9ponse immunitaire voulue, sans que l\u2019organisme\nsoit confront\u00e9 \u00e0 l\u2019agent infectieux complet. Le vaccin contre l\u2019h\u00e9patite B est\nun vaccin recombinant.<\/p>\n","protected":false},"excerpt":{"rendered":"<p>Les vaccinations ont contribu\u00e9 de mani\u00e8re d\u00e9cisive \u00e0 la quasi-disparition de certaines maladies en Suisse. C\u2019est ainsi que le premier vaccin contre la poliomy\u00e9lite a \u00e9t\u00e9 autoris\u00e9 en 1955. Le nombre de cas a ensuite diminu\u00e9 r\u00e9guli\u00e8rement. En Suisse, le dernier cas a \u00e9t\u00e9 signal\u00e9 en 1982. Mais il y a aussi des d\u00e9fis \u00e0 [&hellip;]<\/p>\n","protected":false},"author":1,"featured_media":0,"parent":4152,"menu_order":0,"comment_status":"closed","ping_status":"closed","template":"page-templates\/unterthema.php","meta":{"_acf_changed":false,"inline_featured_image":false,"footnotes":""},"class_list":["post-3982","page","type-page","status-publish","hentry"],"acf":[],"yoast_head":"<!-- This site is optimized with the Yoast SEO Premium plugin v27.2 (Yoast SEO v27.2) - https:\/\/yoast.com\/product\/yoast-seo-premium-wordpress\/ -->\n<title>Vaccinations - Interpharma<\/title>\n<meta name=\"robots\" content=\"index, follow, max-snippet:-1, max-image-preview:large, max-video-preview:-1\" \/>\n<link rel=\"canonical\" href=\"https:\/\/www.interpharma.ch\/fr\/themen\/gesundheitswesen-fr\/prevention\/vaccinations\/\" \/>\n<meta property=\"og:locale\" content=\"fr_FR\" \/>\n<meta property=\"og:type\" content=\"article\" \/>\n<meta property=\"og:title\" content=\"Vaccinations\" \/>\n<meta property=\"og:description\" content=\"Les vaccinations ont contribu\u00e9 de mani\u00e8re d\u00e9cisive \u00e0 la quasi-disparition de certaines maladies en Suisse. C\u2019est ainsi que le premier vaccin contre la poliomy\u00e9lite a \u00e9t\u00e9 autoris\u00e9 en 1955. Le nombre de cas a ensuite diminu\u00e9 r\u00e9guli\u00e8rement. En Suisse, le dernier cas a \u00e9t\u00e9 signal\u00e9 en 1982. Mais il y a aussi des d\u00e9fis \u00e0 [&hellip;]\" \/>\n<meta property=\"og:url\" content=\"https:\/\/www.interpharma.ch\/fr\/themen\/gesundheitswesen-fr\/prevention\/vaccinations\/\" \/>\n<meta property=\"og:site_name\" content=\"Interpharma\" \/>\n<meta property=\"article:modified_time\" content=\"2026-02-25T07:25:41+00:00\" \/>\n<meta name=\"twitter:card\" content=\"summary_large_image\" \/>\n<meta name=\"twitter:site\" content=\"@interpharma_ch\" \/>\n<meta name=\"twitter:label1\" content=\"Dur\u00e9e de lecture estim\u00e9e\" \/>\n\t<meta name=\"twitter:data1\" content=\"2 minutes\" \/>\n<script type=\"application\/ld+json\" class=\"yoast-schema-graph\">{\"@context\":\"https:\/\/schema.org\",\"@graph\":[{\"@type\":\"WebPage\",\"@id\":\"https:\/\/www.interpharma.ch\/fr\/themen\/gesundheitswesen-fr\/prevention\/vaccinations\/\",\"url\":\"https:\/\/www.interpharma.ch\/fr\/themen\/gesundheitswesen-fr\/prevention\/vaccinations\/\",\"name\":\"Vaccinations - Interpharma\",\"isPartOf\":{\"@id\":\"https:\/\/www.interpharma.ch\/#website\"},\"datePublished\":\"2026-02-25T07:25:40+00:00\",\"dateModified\":\"2026-02-25T07:25:41+00:00\",\"breadcrumb\":{\"@id\":\"https:\/\/www.interpharma.ch\/fr\/themen\/gesundheitswesen-fr\/prevention\/vaccinations\/#breadcrumb\"},\"inLanguage\":\"fr-FR\",\"potentialAction\":[{\"@type\":\"ReadAction\",\"target\":[\"https:\/\/www.interpharma.ch\/fr\/themen\/gesundheitswesen-fr\/prevention\/vaccinations\/\"]}]},{\"@type\":\"BreadcrumbList\",\"@id\":\"https:\/\/www.interpharma.ch\/fr\/themen\/gesundheitswesen-fr\/prevention\/vaccinations\/#breadcrumb\",\"itemListElement\":[{\"@type\":\"ListItem\",\"position\":1,\"name\":\"Startseite\",\"item\":\"https:\/\/www.interpharma.ch\/fr\/\"},{\"@type\":\"ListItem\",\"position\":2,\"name\":\"Nos th\u00e8mes\",\"item\":\"https:\/\/www.interpharma.ch\/fr\/themen\/\"},{\"@type\":\"ListItem\",\"position\":3,\"name\":\"Syst\u00e8me de sant\u00e9\",\"item\":\"https:\/\/www.interpharma.ch\/fr\/themen\/gesundheitswesen-fr\/\"},{\"@type\":\"ListItem\",\"position\":4,\"name\":\"Pr\u00e9vention\",\"item\":\"https:\/\/www.interpharma.ch\/fr\/themen\/gesundheitswesen-fr\/prevention\/\"},{\"@type\":\"ListItem\",\"position\":5,\"name\":\"Vaccinations\"}]},{\"@type\":\"WebSite\",\"@id\":\"https:\/\/www.interpharma.ch\/#website\",\"url\":\"https:\/\/www.interpharma.ch\/\",\"name\":\"Interpharma\",\"description\":\"Verband der forschenden Pharmazeutischen Firmen\",\"publisher\":{\"@id\":\"https:\/\/www.interpharma.ch\/#organization\"},\"potentialAction\":[{\"@type\":\"SearchAction\",\"target\":{\"@type\":\"EntryPoint\",\"urlTemplate\":\"https:\/\/www.interpharma.ch\/?s={search_term_string}\"},\"query-input\":{\"@type\":\"PropertyValueSpecification\",\"valueRequired\":true,\"valueName\":\"search_term_string\"}}],\"inLanguage\":\"fr-FR\"},{\"@type\":\"Organization\",\"@id\":\"https:\/\/www.interpharma.ch\/#organization\",\"name\":\"Interpharma\",\"url\":\"https:\/\/www.interpharma.ch\/\",\"logo\":{\"@type\":\"ImageObject\",\"inLanguage\":\"fr-FR\",\"@id\":\"https:\/\/www.interpharma.ch\/#\/schema\/logo\/image\/\",\"url\":\"https:\/\/interpharma.ch\/wp-content\/uploads\/2026\/03\/20251014_iph_logo_wort_bildmarke_rgb_final_cu01.svg\",\"contentUrl\":\"https:\/\/interpharma.ch\/wp-content\/uploads\/2026\/03\/20251014_iph_logo_wort_bildmarke_rgb_final_cu01.svg\",\"width\":\"1200\",\"height\":\"1200\",\"caption\":\"Interpharma\"},\"image\":{\"@id\":\"https:\/\/www.interpharma.ch\/#\/schema\/logo\/image\/\"},\"sameAs\":[\"https:\/\/x.com\/interpharma_ch\",\"https:\/\/ch.linkedin.com\/company\/interpharma\",\"https:\/\/www.instagram.com\/interpharma_ch\/\"]}]}<\/script>\n<!-- \/ Yoast SEO Premium plugin. -->","yoast_head_json":{"title":"Vaccinations - Interpharma","robots":{"index":"index","follow":"follow","max-snippet":"max-snippet:-1","max-image-preview":"max-image-preview:large","max-video-preview":"max-video-preview:-1"},"canonical":"https:\/\/www.interpharma.ch\/fr\/themen\/gesundheitswesen-fr\/prevention\/vaccinations\/","og_locale":"fr_FR","og_type":"article","og_title":"Vaccinations","og_description":"Les vaccinations ont contribu\u00e9 de mani\u00e8re d\u00e9cisive \u00e0 la quasi-disparition de certaines maladies en Suisse. C\u2019est ainsi que le premier vaccin contre la poliomy\u00e9lite a \u00e9t\u00e9 autoris\u00e9 en 1955. Le nombre de cas a ensuite diminu\u00e9 r\u00e9guli\u00e8rement. En Suisse, le dernier cas a \u00e9t\u00e9 signal\u00e9 en 1982. Mais il y a aussi des d\u00e9fis \u00e0 [&hellip;]","og_url":"https:\/\/www.interpharma.ch\/fr\/themen\/gesundheitswesen-fr\/prevention\/vaccinations\/","og_site_name":"Interpharma","article_modified_time":"2026-02-25T07:25:41+00:00","twitter_card":"summary_large_image","twitter_site":"@interpharma_ch","twitter_misc":{"Dur\u00e9e de lecture estim\u00e9e":"2 minutes"},"schema":{"@context":"https:\/\/schema.org","@graph":[{"@type":"WebPage","@id":"https:\/\/www.interpharma.ch\/fr\/themen\/gesundheitswesen-fr\/prevention\/vaccinations\/","url":"https:\/\/www.interpharma.ch\/fr\/themen\/gesundheitswesen-fr\/prevention\/vaccinations\/","name":"Vaccinations - Interpharma","isPartOf":{"@id":"https:\/\/www.interpharma.ch\/#website"},"datePublished":"2026-02-25T07:25:40+00:00","dateModified":"2026-02-25T07:25:41+00:00","breadcrumb":{"@id":"https:\/\/www.interpharma.ch\/fr\/themen\/gesundheitswesen-fr\/prevention\/vaccinations\/#breadcrumb"},"inLanguage":"fr-FR","potentialAction":[{"@type":"ReadAction","target":["https:\/\/www.interpharma.ch\/fr\/themen\/gesundheitswesen-fr\/prevention\/vaccinations\/"]}]},{"@type":"BreadcrumbList","@id":"https:\/\/www.interpharma.ch\/fr\/themen\/gesundheitswesen-fr\/prevention\/vaccinations\/#breadcrumb","itemListElement":[{"@type":"ListItem","position":1,"name":"Startseite","item":"https:\/\/www.interpharma.ch\/fr\/"},{"@type":"ListItem","position":2,"name":"Nos th\u00e8mes","item":"https:\/\/www.interpharma.ch\/fr\/themen\/"},{"@type":"ListItem","position":3,"name":"Syst\u00e8me de sant\u00e9","item":"https:\/\/www.interpharma.ch\/fr\/themen\/gesundheitswesen-fr\/"},{"@type":"ListItem","position":4,"name":"Pr\u00e9vention","item":"https:\/\/www.interpharma.ch\/fr\/themen\/gesundheitswesen-fr\/prevention\/"},{"@type":"ListItem","position":5,"name":"Vaccinations"}]},{"@type":"WebSite","@id":"https:\/\/www.interpharma.ch\/#website","url":"https:\/\/www.interpharma.ch\/","name":"Interpharma","description":"Verband der forschenden Pharmazeutischen Firmen","publisher":{"@id":"https:\/\/www.interpharma.ch\/#organization"},"potentialAction":[{"@type":"SearchAction","target":{"@type":"EntryPoint","urlTemplate":"https:\/\/www.interpharma.ch\/?s={search_term_string}"},"query-input":{"@type":"PropertyValueSpecification","valueRequired":true,"valueName":"search_term_string"}}],"inLanguage":"fr-FR"},{"@type":"Organization","@id":"https:\/\/www.interpharma.ch\/#organization","name":"Interpharma","url":"https:\/\/www.interpharma.ch\/","logo":{"@type":"ImageObject","inLanguage":"fr-FR","@id":"https:\/\/www.interpharma.ch\/#\/schema\/logo\/image\/","url":"https:\/\/interpharma.ch\/wp-content\/uploads\/2026\/03\/20251014_iph_logo_wort_bildmarke_rgb_final_cu01.svg","contentUrl":"https:\/\/interpharma.ch\/wp-content\/uploads\/2026\/03\/20251014_iph_logo_wort_bildmarke_rgb_final_cu01.svg","width":"1200","height":"1200","caption":"Interpharma"},"image":{"@id":"https:\/\/www.interpharma.ch\/#\/schema\/logo\/image\/"},"sameAs":["https:\/\/x.com\/interpharma_ch","https:\/\/ch.linkedin.com\/company\/interpharma","https:\/\/www.instagram.com\/interpharma_ch\/"]}]}},"_links":{"self":[{"href":"https:\/\/www.interpharma.ch\/fr\/wp-json\/wp\/v2\/pages\/3982","targetHints":{"allow":["GET"]}}],"collection":[{"href":"https:\/\/www.interpharma.ch\/fr\/wp-json\/wp\/v2\/pages"}],"about":[{"href":"https:\/\/www.interpharma.ch\/fr\/wp-json\/wp\/v2\/types\/page"}],"author":[{"embeddable":true,"href":"https:\/\/www.interpharma.ch\/fr\/wp-json\/wp\/v2\/users\/1"}],"replies":[{"embeddable":true,"href":"https:\/\/www.interpharma.ch\/fr\/wp-json\/wp\/v2\/comments?post=3982"}],"version-history":[{"count":1,"href":"https:\/\/www.interpharma.ch\/fr\/wp-json\/wp\/v2\/pages\/3982\/revisions"}],"predecessor-version":[{"id":3983,"href":"https:\/\/www.interpharma.ch\/fr\/wp-json\/wp\/v2\/pages\/3982\/revisions\/3983"}],"up":[{"embeddable":true,"href":"https:\/\/www.interpharma.ch\/fr\/wp-json\/wp\/v2\/pages\/4152"}],"wp:attachment":[{"href":"https:\/\/www.interpharma.ch\/fr\/wp-json\/wp\/v2\/media?parent=3982"}],"curies":[{"name":"wp","href":"https:\/\/api.w.org\/{rel}","templated":true}]}}