{"id":3976,"date":"2026-02-25T08:25:40","date_gmt":"2026-02-25T07:25:40","guid":{"rendered":"https:\/\/iph-multisite.berta-bewegt.ch\/?page_id=3976"},"modified":"2026-02-25T08:25:40","modified_gmt":"2026-02-25T07:25:40","slug":"maladies-chroniques","status":"publish","type":"page","link":"https:\/\/www.interpharma.ch\/fr\/themen\/gesundheitswesen-fr\/prevention\/maladies-chroniques\/","title":{"rendered":"Maladies chroniques"},"content":{"rendered":"\n<p>Les\nmaladies chroniques sont des maladies de longue dur\u00e9e qui \u00e9voluent avec le\ntemps. Elles ne se gu\u00e9rissent pas compl\u00e8tement et requi\u00e8rent donc bien souvent\ndes soins r\u00e9p\u00e9t\u00e9s. En font partie entre autres les maladies cardio-vasculaires,\nle cancer, la d\u00e9mence, les maladies chroniques des voies respiratoires et le\ndiab\u00e8te.<\/p>\n\n\n\n<p>Les\nmaladies chroniques font partie des premi\u00e8res causes de mortalit\u00e9 au monde, ce\nqui est d\u00fb \u00e9galement \u00e0 l\u2019\u00e9volution d\u00e9mographique observ\u00e9e dans le monde entier.\nUne grande partie des maladies chroniques se manifestent chez les personnes\n\u00e2g\u00e9es, et ce souvent simultan\u00e9ment (comorbidit\u00e9). Comme les maladies chroniques\nsont plus fr\u00e9quentes avec l\u2019\u00e2ge et que la population vieillit dans l\u2019ensemble,\nl\u2019importance de ces maladies s\u2019accro\u00eet aussi du point de vue \u00e9conomique, car\nelles causent non seulement des souffrances pour les personnes touch\u00e9es et\nleurs proches, mais ont aussi besoin de plus en plus de ressources. Une grande\npartie des d\u00e9penses de sant\u00e9 sont imputables aux co\u00fbts de traitement directs\ndes maladies chroniques et \u00e0 la prise en charge des personnes atteintes de\nmaladies chroniques.<\/p>\n\n\n\n<h2 class=\"wp-block-heading\" id=\"h-maladies-cardio-vasculaires\"><strong>Maladies cardio-vasculaires<\/strong><strong><\/strong><\/h2>\n\n\n\n<p>En\n2016, d\u2019apr\u00e8s les donn\u00e9es de l\u2019Office f\u00e9d\u00e9ral de la statistique, les maladies\ncardio-vasculaires \u00e9taient la cause de d\u00e9c\u00e8s la plus fr\u00e9quente et la troisi\u00e8me\ncause d\u2019hospitalisation.<\/p>\n\n\n\n<p>Divers\nfacteurs de risque favorisent l\u2019apparition de maladies cardio-vasculaires.\nCertains de ces facteurs ne peuvent pas \u00eatre influenc\u00e9s, par exemple une\npr\u00e9disposition g\u00e9n\u00e9tique. D\u2019autres en revanche d\u00e9pendent du comportement de\nchacun: manque d\u2019activit\u00e9 physique, alimentation malsaine, consommation\nexcessive d\u2019alcool, tabagisme par exemple. Pour mieux comprendre le rapport\npr\u00e9cis entre les facteurs de risque, l\u2019environnement et l\u2019\u00e9volution des maladies\net pour \u00e9laborer des traitements optimis\u00e9s, on a besoin aujourd\u2019hui encore de\npoursuivre la recherche.<\/p>\n\n\n\n<h2 class=\"wp-block-heading\" id=\"h-diabete\"><strong>Diab\u00e8te<\/strong><strong><\/strong><\/h2>\n\n\n\n<p>On\ndistingue diff\u00e9rentes formes de diab\u00e8te, maladie qui se caract\u00e9rise par un taux\nde sucre dans le sang trop \u00e9lev\u00e9, l\u2019hyperglyc\u00e9mie. Les deux principales formes\nde diab\u00e8te sont le type&nbsp;1 et le type&nbsp;2. Dans le cas du diab\u00e8te de\ntype&nbsp;1, le syst\u00e8me immunitaire de l\u2019organisme d\u00e9truit les cellules du\npancr\u00e9as productrices d\u2019insuline. Les patients confront\u00e9s \u00e0 ce diagnostic sont\nsouvent tr\u00e8s jeunes.<\/p>\n\n\n\n<p>Le diab\u00e8te de type&nbsp;2 repr\u00e9sente 90 pour cent des cas. Autrefois appel\u00e9 diab\u00e8te de l\u2019\u00e2ge m\u00fbr, ce type touche de plus en plus de personnes jeunes, en particulier parce que les facteurs de risque que sont l\u2019exc\u00e8s de poids et le manque d\u2019activit\u00e9 physique peuvent \u00eatre pr\u00e9sents chez des personnes jeunes. Ces facteurs ainsi que d\u2019autres peuvent affaiblir la sensibilit\u00e9 \u00e0 l\u2019insuline (d\u00e9veloppement d\u2019une r\u00e9sistance \u00e0 l\u2019insuline), d\u2019o\u00f9 une hyperglyc\u00e9mie. Pour le diab\u00e8te de type&nbsp;2 comme pour les maladies cardio-vasculaires, on peut bien souvent activement influencer les facteurs de risque. Les programmes de pr\u00e9vention du diab\u00e8te d\u00e9montrent qu\u2019une modification du mode de vie peut avoir un effet positif durable. Entre-temps, on sait cependant aussi que le risque de diab\u00e8te de type&nbsp;2 peut \u00eatre accru par une pr\u00e9disposition g\u00e9n\u00e9tique.<\/p>\n\n\n\n<h2 class=\"wp-block-heading\" id=\"h-obesite\"><strong>Ob\u00e9sit\u00e9<\/strong><\/h2>\n\n\n\n<p>C\u2019est une maladie chronique dans laquelle trop de masse graisseuse s\u2019accumule dans le corps. Elle est caus\u00e9e par l\u2019interaction de facteurs g\u00e9n\u00e9tiques, hormonaux et li\u00e9s au mode de vie. Des hormones comme la leptine, la ghr\u00e9line et le GLP-1 jouent un r\u00f4le crucial dans le pilotage de la sensation de faim et de sati\u00e9t\u00e9 ainsi que dans la d\u00e9pense m\u00e9tabolique. En Suisse, environ 42% des adultes sont en surpoids ou ob\u00e8ses. L\u2019ob\u00e9sit\u00e9 accro\u00eet le risque de s\u00e9quelles graves comme le diab\u00e8te de type&nbsp;2, les maladies cardio-vasculaires et certains types de cancer.<\/p>\n\n\n\n<p>Tandis qu\u2019autrefois, les r\u00e9gimes alimentaires et l\u2019activit\u00e9 physique \u00e9taient les seuls traitements propos\u00e9s, la d\u00e9couverte des agonistes du r\u00e9cepteur GLP-1 a r\u00e9volutionn\u00e9 le traitement de l\u2019ob\u00e9sit\u00e9. Il s\u2019agit de m\u00e9dicaments qui interviennent de mani\u00e8re cibl\u00e9e dans la commande hormonale de l\u2019app\u00e9tit. Ils imitent le fonctionnement de l\u2019hormone intestinale naturelle GLP-1 qui est secr\u00e9t\u00e9e lorsqu\u2019on a mang\u00e9 et signale \u00e0 l\u2019organisme qu\u2019il est rassasi\u00e9. Cela permet de r\u00e9duire la sensation de faim et la consommation de nourriture. D\u00e9velopp\u00e9es \u00e0 l\u2019origine pour contr\u00f4ler la glyc\u00e9mie dans le diab\u00e8te de type&nbsp;2, il est vite apparu que ces substances actives agissent non seulement sur le m\u00e9tabolisme des glucides, mais aussi sur le comportement alimentaire. Le fait de renforcer la sensation naturelle de sati\u00e9t\u00e9 et de ralentir la vidange de l\u2019estomac a permis aux patient-e-s de r\u00e9duire nettement et durablement leur poids, une v\u00e9ritable perc\u00e9e qui a \u00e9veill\u00e9 pour la premi\u00e8re fois l\u2019espoir d\u2019un traitement m\u00e9dicamenteux de l\u2019ob\u00e9sit\u00e9.<\/p>\n\n\n\n<p>Mais la recherche continue et de nouveaux traitements combin\u00e9s, par exemple les doubles agonistes du GLP-1 et du GIP, ont eu des r\u00e9sultats encore meilleurs dans des \u00e9tudes: les patient-e-s ont perdu jusqu\u2019\u00e0 22% de leur poids corporel. \u00c0 l\u2019avenir, ce que l\u2019on appelle la m\u00e9decine de pr\u00e9cision, bas\u00e9e sur les profils g\u00e9n\u00e9tiques, m\u00e9taboliques et individuels, pourrait ouvrir la voie \u00e0 des traitements encore plus cibl\u00e9s et plus efficaces. Des innovations comme les traitements GLP-1 par voie orale ou des syst\u00e8mes implant\u00e9s de diffusion continue de la substance active sont d\u00e9j\u00e0 en cours de d\u00e9veloppement.<\/p>\n\n\n\n<p>Pour des millions de personnes touch\u00e9es, cela implique non seulement un plus pour leur sant\u00e9, mais aussi pour leur qualit\u00e9 de vie et leur participation \u00e0 la vie sociale. En m\u00eame temps, les traitements r\u00e9ussis d\u00e9chargent \u00e0 long terme le syst\u00e8me de sant\u00e9, car ils r\u00e9duisent les s\u00e9quelles et les co\u00fbts qui y sont li\u00e9s.<\/p>\n","protected":false},"excerpt":{"rendered":"<p>Les maladies chroniques sont des maladies de longue dur\u00e9e qui \u00e9voluent avec le temps. Elles ne se gu\u00e9rissent pas compl\u00e8tement et requi\u00e8rent donc bien souvent des soins r\u00e9p\u00e9t\u00e9s. En font partie entre autres les maladies cardio-vasculaires, le cancer, la d\u00e9mence, les maladies chroniques des voies respiratoires et le diab\u00e8te. Les maladies chroniques font partie des [&hellip;]<\/p>\n","protected":false},"author":1,"featured_media":0,"parent":4152,"menu_order":1,"comment_status":"closed","ping_status":"closed","template":"page-templates\/unterthema.php","meta":{"_acf_changed":false,"inline_featured_image":false,"footnotes":""},"class_list":["post-3976","page","type-page","status-publish","hentry"],"acf":[],"yoast_head":"<!-- This site is optimized with the Yoast SEO Premium plugin v27.2 (Yoast SEO v27.2) - https:\/\/yoast.com\/product\/yoast-seo-premium-wordpress\/ -->\n<title>Maladies chroniques - Interpharma<\/title>\n<meta name=\"robots\" content=\"index, follow, max-snippet:-1, max-image-preview:large, max-video-preview:-1\" \/>\n<link rel=\"canonical\" href=\"https:\/\/www.interpharma.ch\/fr\/themen\/gesundheitswesen-fr\/prevention\/maladies-chroniques\/\" \/>\n<meta property=\"og:locale\" content=\"fr_FR\" \/>\n<meta property=\"og:type\" content=\"article\" \/>\n<meta property=\"og:title\" content=\"Maladies chroniques\" \/>\n<meta property=\"og:description\" content=\"Les maladies chroniques sont des maladies de longue dur\u00e9e qui \u00e9voluent avec le temps. Elles ne se gu\u00e9rissent pas compl\u00e8tement et requi\u00e8rent donc bien souvent des soins r\u00e9p\u00e9t\u00e9s. En font partie entre autres les maladies cardio-vasculaires, le cancer, la d\u00e9mence, les maladies chroniques des voies respiratoires et le diab\u00e8te. Les maladies chroniques font partie des [&hellip;]\" \/>\n<meta property=\"og:url\" content=\"https:\/\/www.interpharma.ch\/fr\/themen\/gesundheitswesen-fr\/prevention\/maladies-chroniques\/\" \/>\n<meta property=\"og:site_name\" content=\"Interpharma\" \/>\n<meta name=\"twitter:card\" content=\"summary_large_image\" \/>\n<meta name=\"twitter:site\" content=\"@interpharma_ch\" \/>\n<meta name=\"twitter:label1\" content=\"Dur\u00e9e de lecture estim\u00e9e\" \/>\n\t<meta name=\"twitter:data1\" content=\"5 minutes\" \/>\n<script type=\"application\/ld+json\" class=\"yoast-schema-graph\">{\"@context\":\"https:\/\/schema.org\",\"@graph\":[{\"@type\":\"WebPage\",\"@id\":\"https:\/\/www.interpharma.ch\/fr\/themen\/gesundheitswesen-fr\/prevention\/maladies-chroniques\/\",\"url\":\"https:\/\/www.interpharma.ch\/fr\/themen\/gesundheitswesen-fr\/prevention\/maladies-chroniques\/\",\"name\":\"Maladies chroniques - Interpharma\",\"isPartOf\":{\"@id\":\"https:\/\/www.interpharma.ch\/#website\"},\"datePublished\":\"2026-02-25T07:25:40+00:00\",\"breadcrumb\":{\"@id\":\"https:\/\/www.interpharma.ch\/fr\/themen\/gesundheitswesen-fr\/prevention\/maladies-chroniques\/#breadcrumb\"},\"inLanguage\":\"fr-FR\",\"potentialAction\":[{\"@type\":\"ReadAction\",\"target\":[\"https:\/\/www.interpharma.ch\/fr\/themen\/gesundheitswesen-fr\/prevention\/maladies-chroniques\/\"]}]},{\"@type\":\"BreadcrumbList\",\"@id\":\"https:\/\/www.interpharma.ch\/fr\/themen\/gesundheitswesen-fr\/prevention\/maladies-chroniques\/#breadcrumb\",\"itemListElement\":[{\"@type\":\"ListItem\",\"position\":1,\"name\":\"Startseite\",\"item\":\"https:\/\/www.interpharma.ch\/fr\/\"},{\"@type\":\"ListItem\",\"position\":2,\"name\":\"Nos th\u00e8mes\",\"item\":\"https:\/\/www.interpharma.ch\/fr\/themen\/\"},{\"@type\":\"ListItem\",\"position\":3,\"name\":\"Syst\u00e8me de sant\u00e9\",\"item\":\"https:\/\/www.interpharma.ch\/fr\/themen\/gesundheitswesen-fr\/\"},{\"@type\":\"ListItem\",\"position\":4,\"name\":\"Pr\u00e9vention\",\"item\":\"https:\/\/www.interpharma.ch\/fr\/themen\/gesundheitswesen-fr\/prevention\/\"},{\"@type\":\"ListItem\",\"position\":5,\"name\":\"Maladies chroniques\"}]},{\"@type\":\"WebSite\",\"@id\":\"https:\/\/www.interpharma.ch\/#website\",\"url\":\"https:\/\/www.interpharma.ch\/\",\"name\":\"Interpharma\",\"description\":\"Verband der forschenden Pharmazeutischen Firmen\",\"publisher\":{\"@id\":\"https:\/\/www.interpharma.ch\/#organization\"},\"potentialAction\":[{\"@type\":\"SearchAction\",\"target\":{\"@type\":\"EntryPoint\",\"urlTemplate\":\"https:\/\/www.interpharma.ch\/?s={search_term_string}\"},\"query-input\":{\"@type\":\"PropertyValueSpecification\",\"valueRequired\":true,\"valueName\":\"search_term_string\"}}],\"inLanguage\":\"fr-FR\"},{\"@type\":\"Organization\",\"@id\":\"https:\/\/www.interpharma.ch\/#organization\",\"name\":\"Interpharma\",\"url\":\"https:\/\/www.interpharma.ch\/\",\"logo\":{\"@type\":\"ImageObject\",\"inLanguage\":\"fr-FR\",\"@id\":\"https:\/\/www.interpharma.ch\/#\/schema\/logo\/image\/\",\"url\":\"https:\/\/interpharma.ch\/wp-content\/uploads\/2026\/03\/20251014_iph_logo_wort_bildmarke_rgb_final_cu01.svg\",\"contentUrl\":\"https:\/\/interpharma.ch\/wp-content\/uploads\/2026\/03\/20251014_iph_logo_wort_bildmarke_rgb_final_cu01.svg\",\"width\":\"1200\",\"height\":\"1200\",\"caption\":\"Interpharma\"},\"image\":{\"@id\":\"https:\/\/www.interpharma.ch\/#\/schema\/logo\/image\/\"},\"sameAs\":[\"https:\/\/x.com\/interpharma_ch\",\"https:\/\/ch.linkedin.com\/company\/interpharma\",\"https:\/\/www.instagram.com\/interpharma_ch\/\"]}]}<\/script>\n<!-- \/ Yoast SEO Premium plugin. -->","yoast_head_json":{"title":"Maladies chroniques - Interpharma","robots":{"index":"index","follow":"follow","max-snippet":"max-snippet:-1","max-image-preview":"max-image-preview:large","max-video-preview":"max-video-preview:-1"},"canonical":"https:\/\/www.interpharma.ch\/fr\/themen\/gesundheitswesen-fr\/prevention\/maladies-chroniques\/","og_locale":"fr_FR","og_type":"article","og_title":"Maladies chroniques","og_description":"Les maladies chroniques sont des maladies de longue dur\u00e9e qui \u00e9voluent avec le temps. Elles ne se gu\u00e9rissent pas compl\u00e8tement et requi\u00e8rent donc bien souvent des soins r\u00e9p\u00e9t\u00e9s. En font partie entre autres les maladies cardio-vasculaires, le cancer, la d\u00e9mence, les maladies chroniques des voies respiratoires et le diab\u00e8te. Les maladies chroniques font partie des [&hellip;]","og_url":"https:\/\/www.interpharma.ch\/fr\/themen\/gesundheitswesen-fr\/prevention\/maladies-chroniques\/","og_site_name":"Interpharma","twitter_card":"summary_large_image","twitter_site":"@interpharma_ch","twitter_misc":{"Dur\u00e9e de lecture estim\u00e9e":"5 minutes"},"schema":{"@context":"https:\/\/schema.org","@graph":[{"@type":"WebPage","@id":"https:\/\/www.interpharma.ch\/fr\/themen\/gesundheitswesen-fr\/prevention\/maladies-chroniques\/","url":"https:\/\/www.interpharma.ch\/fr\/themen\/gesundheitswesen-fr\/prevention\/maladies-chroniques\/","name":"Maladies chroniques - Interpharma","isPartOf":{"@id":"https:\/\/www.interpharma.ch\/#website"},"datePublished":"2026-02-25T07:25:40+00:00","breadcrumb":{"@id":"https:\/\/www.interpharma.ch\/fr\/themen\/gesundheitswesen-fr\/prevention\/maladies-chroniques\/#breadcrumb"},"inLanguage":"fr-FR","potentialAction":[{"@type":"ReadAction","target":["https:\/\/www.interpharma.ch\/fr\/themen\/gesundheitswesen-fr\/prevention\/maladies-chroniques\/"]}]},{"@type":"BreadcrumbList","@id":"https:\/\/www.interpharma.ch\/fr\/themen\/gesundheitswesen-fr\/prevention\/maladies-chroniques\/#breadcrumb","itemListElement":[{"@type":"ListItem","position":1,"name":"Startseite","item":"https:\/\/www.interpharma.ch\/fr\/"},{"@type":"ListItem","position":2,"name":"Nos th\u00e8mes","item":"https:\/\/www.interpharma.ch\/fr\/themen\/"},{"@type":"ListItem","position":3,"name":"Syst\u00e8me de sant\u00e9","item":"https:\/\/www.interpharma.ch\/fr\/themen\/gesundheitswesen-fr\/"},{"@type":"ListItem","position":4,"name":"Pr\u00e9vention","item":"https:\/\/www.interpharma.ch\/fr\/themen\/gesundheitswesen-fr\/prevention\/"},{"@type":"ListItem","position":5,"name":"Maladies chroniques"}]},{"@type":"WebSite","@id":"https:\/\/www.interpharma.ch\/#website","url":"https:\/\/www.interpharma.ch\/","name":"Interpharma","description":"Verband der forschenden Pharmazeutischen Firmen","publisher":{"@id":"https:\/\/www.interpharma.ch\/#organization"},"potentialAction":[{"@type":"SearchAction","target":{"@type":"EntryPoint","urlTemplate":"https:\/\/www.interpharma.ch\/?s={search_term_string}"},"query-input":{"@type":"PropertyValueSpecification","valueRequired":true,"valueName":"search_term_string"}}],"inLanguage":"fr-FR"},{"@type":"Organization","@id":"https:\/\/www.interpharma.ch\/#organization","name":"Interpharma","url":"https:\/\/www.interpharma.ch\/","logo":{"@type":"ImageObject","inLanguage":"fr-FR","@id":"https:\/\/www.interpharma.ch\/#\/schema\/logo\/image\/","url":"https:\/\/interpharma.ch\/wp-content\/uploads\/2026\/03\/20251014_iph_logo_wort_bildmarke_rgb_final_cu01.svg","contentUrl":"https:\/\/interpharma.ch\/wp-content\/uploads\/2026\/03\/20251014_iph_logo_wort_bildmarke_rgb_final_cu01.svg","width":"1200","height":"1200","caption":"Interpharma"},"image":{"@id":"https:\/\/www.interpharma.ch\/#\/schema\/logo\/image\/"},"sameAs":["https:\/\/x.com\/interpharma_ch","https:\/\/ch.linkedin.com\/company\/interpharma","https:\/\/www.instagram.com\/interpharma_ch\/"]}]}},"_links":{"self":[{"href":"https:\/\/www.interpharma.ch\/fr\/wp-json\/wp\/v2\/pages\/3976","targetHints":{"allow":["GET"]}}],"collection":[{"href":"https:\/\/www.interpharma.ch\/fr\/wp-json\/wp\/v2\/pages"}],"about":[{"href":"https:\/\/www.interpharma.ch\/fr\/wp-json\/wp\/v2\/types\/page"}],"author":[{"embeddable":true,"href":"https:\/\/www.interpharma.ch\/fr\/wp-json\/wp\/v2\/users\/1"}],"replies":[{"embeddable":true,"href":"https:\/\/www.interpharma.ch\/fr\/wp-json\/wp\/v2\/comments?post=3976"}],"version-history":[{"count":1,"href":"https:\/\/www.interpharma.ch\/fr\/wp-json\/wp\/v2\/pages\/3976\/revisions"}],"predecessor-version":[{"id":3977,"href":"https:\/\/www.interpharma.ch\/fr\/wp-json\/wp\/v2\/pages\/3976\/revisions\/3977"}],"up":[{"embeddable":true,"href":"https:\/\/www.interpharma.ch\/fr\/wp-json\/wp\/v2\/pages\/4152"}],"wp:attachment":[{"href":"https:\/\/www.interpharma.ch\/fr\/wp-json\/wp\/v2\/media?parent=3976"}],"curies":[{"name":"wp","href":"https:\/\/api.w.org\/{rel}","templated":true}]}}