{"id":3946,"date":"2026-02-25T08:25:39","date_gmt":"2026-02-25T07:25:39","guid":{"rendered":"https:\/\/iph-multisite.berta-bewegt.ch\/?page_id=3946"},"modified":"2026-02-25T08:25:39","modified_gmt":"2026-02-25T07:25:39","slug":"le-systeme-universitaire-est-un-avantage-comparatif","status":"publish","type":"page","link":"https:\/\/www.interpharma.ch\/fr\/themen\/un-cadre-solide-en-matiere-de-politique-economique\/recruter-les-meilleurs-professionnels\/le-systeme-universitaire-est-un-avantage-comparatif\/","title":{"rendered":"Le syst\u00e8me universitaire est un avantage comparatif"},"content":{"rendered":"\n<p>La force du syst\u00e8me universitaire est un pilier essentiel pour la place d\u2019innovation et de recherche qu\u2019est la Suisse. Les universit\u00e9s et hautes \u00e9coles sp\u00e9cialis\u00e9es forment non seulement du personnel hautement qualifi\u00e9, mais sont aussi des centres de recherche int\u00e9gr\u00e9s \u00e0 des r\u00e9seaux internationaux et contribuent de mani\u00e8re d\u00e9cisive \u00e0 la comp\u00e9titivit\u00e9 du pays.<\/p>\n\n\n\n<p>Pays pauvre en ressources, la Suisse a absolument besoin de la formation, de la recherche et de l\u2019innovation pour maintenir sa comp\u00e9titivit\u00e9 internationale. La mise en r\u00e9seau internationale avec des chercheuses et chercheurs de pointe \u00e0 l\u2019\u00e9chelon mondial rev\u00eat une importance capitale pour la place scientifique suisse.<\/p>\n\n\n\n<h2 class=\"wp-block-heading\" id=\"h-cooperation-internationale\"><strong>Coop\u00e9ration internationale<\/strong><\/h2>\n\n\n\n<p>Le paysage europ\u00e9en de la recherche est un \u00e9cosyst\u00e8me dynamique qui se base sur la coop\u00e9ration, l\u2019excellence et l\u2019ouverture. Les hautes \u00e9coles et entreprises suisses retirent un b\u00e9n\u00e9fice consid\u00e9rable de cette mise en r\u00e9seau, que ce soit par des projets communs, l\u2019\u00e9change de talents ou l\u2019acc\u00e8s \u00e0 des infrastructures hautement sp\u00e9cialis\u00e9es.<\/p>\n\n\n\n<p>Depuis le d\u00e9but en 1988, les chercheuses et chercheurs suisses ont conclu environ 12&nbsp;800 conventions de subvention (<em>grants<\/em>) et re\u00e7u plus de 5&nbsp;milliards d\u2019euros pour des projets de recherche. Apr\u00e8s interruption des n\u00e9gociations sur l\u2019ancien programme cadre avec l\u2019UE, la Suisse avait perdu \u00e0 partir de juin 2021 l\u2019acc\u00e8s complet au programme Horizon Europe et ne pouvait plus assumer la direction de projets. Depuis janvier 2025, la Suisse est \u00e0 nouveau presque enti\u00e8rement associ\u00e9e. La condition \u00e0 la participation \u00e0 long terme de la Suisse \u00e0 Horizon Europe est la stabilisation de la voie bilat\u00e9rale.&nbsp;&nbsp;<\/p>\n","protected":false},"excerpt":{"rendered":"<p>La force du syst\u00e8me universitaire est un pilier essentiel pour la place d\u2019innovation et de recherche qu\u2019est la Suisse. Les universit\u00e9s et hautes \u00e9coles sp\u00e9cialis\u00e9es forment non seulement du personnel hautement qualifi\u00e9, mais sont aussi des centres de recherche int\u00e9gr\u00e9s \u00e0 des r\u00e9seaux internationaux et contribuent de mani\u00e8re d\u00e9cisive \u00e0 la comp\u00e9titivit\u00e9 du pays. Pays [&hellip;]<\/p>\n","protected":false},"author":1,"featured_media":0,"parent":3958,"menu_order":1,"comment_status":"closed","ping_status":"closed","template":"page-templates\/unterthema.php","meta":{"_acf_changed":false,"inline_featured_image":false,"footnotes":""},"class_list":["post-3946","page","type-page","status-publish","hentry"],"acf":[],"yoast_head":"<!-- This site is optimized with the Yoast SEO Premium plugin v27.2 (Yoast SEO v27.2) - https:\/\/yoast.com\/product\/yoast-seo-premium-wordpress\/ -->\n<title>Le syst\u00e8me universitaire est un avantage comparatif - Interpharma<\/title>\n<meta name=\"robots\" content=\"index, follow, max-snippet:-1, max-image-preview:large, max-video-preview:-1\" \/>\n<link rel=\"canonical\" href=\"https:\/\/www.interpharma.ch\/fr\/themen\/un-cadre-solide-en-matiere-de-politique-economique\/recruter-les-meilleurs-professionnels\/le-systeme-universitaire-est-un-avantage-comparatif\/\" \/>\n<meta property=\"og:locale\" content=\"fr_FR\" \/>\n<meta property=\"og:type\" content=\"article\" \/>\n<meta property=\"og:title\" content=\"Le syst\u00e8me universitaire est un avantage comparatif\" \/>\n<meta property=\"og:description\" content=\"La force du syst\u00e8me universitaire est un pilier essentiel pour la place d\u2019innovation et de recherche qu\u2019est la Suisse. Les universit\u00e9s et hautes \u00e9coles sp\u00e9cialis\u00e9es forment non seulement du personnel hautement qualifi\u00e9, mais sont aussi des centres de recherche int\u00e9gr\u00e9s \u00e0 des r\u00e9seaux internationaux et contribuent de mani\u00e8re d\u00e9cisive \u00e0 la comp\u00e9titivit\u00e9 du pays. Pays [&hellip;]\" \/>\n<meta property=\"og:url\" content=\"https:\/\/www.interpharma.ch\/fr\/themen\/un-cadre-solide-en-matiere-de-politique-economique\/recruter-les-meilleurs-professionnels\/le-systeme-universitaire-est-un-avantage-comparatif\/\" \/>\n<meta property=\"og:site_name\" content=\"Interpharma\" \/>\n<meta name=\"twitter:card\" content=\"summary_large_image\" \/>\n<meta name=\"twitter:site\" content=\"@interpharma_ch\" \/>\n<meta name=\"twitter:label1\" content=\"Dur\u00e9e de lecture estim\u00e9e\" \/>\n\t<meta name=\"twitter:data1\" content=\"1 minute\" \/>\n<script type=\"application\/ld+json\" class=\"yoast-schema-graph\">{\"@context\":\"https:\/\/schema.org\",\"@graph\":[{\"@type\":\"WebPage\",\"@id\":\"https:\/\/www.interpharma.ch\/fr\/themen\/un-cadre-solide-en-matiere-de-politique-economique\/recruter-les-meilleurs-professionnels\/le-systeme-universitaire-est-un-avantage-comparatif\/\",\"url\":\"https:\/\/www.interpharma.ch\/fr\/themen\/un-cadre-solide-en-matiere-de-politique-economique\/recruter-les-meilleurs-professionnels\/le-systeme-universitaire-est-un-avantage-comparatif\/\",\"name\":\"Le syst\u00e8me universitaire est un avantage comparatif - Interpharma\",\"isPartOf\":{\"@id\":\"https:\/\/www.interpharma.ch\/#website\"},\"datePublished\":\"2026-02-25T07:25:39+00:00\",\"breadcrumb\":{\"@id\":\"https:\/\/www.interpharma.ch\/fr\/themen\/un-cadre-solide-en-matiere-de-politique-economique\/recruter-les-meilleurs-professionnels\/le-systeme-universitaire-est-un-avantage-comparatif\/#breadcrumb\"},\"inLanguage\":\"fr-FR\",\"potentialAction\":[{\"@type\":\"ReadAction\",\"target\":[\"https:\/\/www.interpharma.ch\/fr\/themen\/un-cadre-solide-en-matiere-de-politique-economique\/recruter-les-meilleurs-professionnels\/le-systeme-universitaire-est-un-avantage-comparatif\/\"]}]},{\"@type\":\"BreadcrumbList\",\"@id\":\"https:\/\/www.interpharma.ch\/fr\/themen\/un-cadre-solide-en-matiere-de-politique-economique\/recruter-les-meilleurs-professionnels\/le-systeme-universitaire-est-un-avantage-comparatif\/#breadcrumb\",\"itemListElement\":[{\"@type\":\"ListItem\",\"position\":1,\"name\":\"Startseite\",\"item\":\"https:\/\/www.interpharma.ch\/fr\/\"},{\"@type\":\"ListItem\",\"position\":2,\"name\":\"Nos th\u00e8mes\",\"item\":\"https:\/\/www.interpharma.ch\/fr\/themen\/\"},{\"@type\":\"ListItem\",\"position\":3,\"name\":\"Un cadre solide en mati\u00e8re de politique \u00e9conomique\",\"item\":\"https:\/\/www.interpharma.ch\/fr\/themen\/un-cadre-solide-en-matiere-de-politique-economique\/\"},{\"@type\":\"ListItem\",\"position\":4,\"name\":\"Recruter les meilleurs professionnels\",\"item\":\"https:\/\/www.interpharma.ch\/fr\/themen\/un-cadre-solide-en-matiere-de-politique-economique\/recruter-les-meilleurs-professionnels\/\"},{\"@type\":\"ListItem\",\"position\":5,\"name\":\"Le syst\u00e8me universitaire est un avantage comparatif\"}]},{\"@type\":\"WebSite\",\"@id\":\"https:\/\/www.interpharma.ch\/#website\",\"url\":\"https:\/\/www.interpharma.ch\/\",\"name\":\"Interpharma\",\"description\":\"Verband der forschenden Pharmazeutischen Firmen\",\"publisher\":{\"@id\":\"https:\/\/www.interpharma.ch\/#organization\"},\"potentialAction\":[{\"@type\":\"SearchAction\",\"target\":{\"@type\":\"EntryPoint\",\"urlTemplate\":\"https:\/\/www.interpharma.ch\/?s={search_term_string}\"},\"query-input\":{\"@type\":\"PropertyValueSpecification\",\"valueRequired\":true,\"valueName\":\"search_term_string\"}}],\"inLanguage\":\"fr-FR\"},{\"@type\":\"Organization\",\"@id\":\"https:\/\/www.interpharma.ch\/#organization\",\"name\":\"Interpharma\",\"url\":\"https:\/\/www.interpharma.ch\/\",\"logo\":{\"@type\":\"ImageObject\",\"inLanguage\":\"fr-FR\",\"@id\":\"https:\/\/www.interpharma.ch\/#\/schema\/logo\/image\/\",\"url\":\"https:\/\/interpharma.ch\/wp-content\/uploads\/2026\/03\/20251014_iph_logo_wort_bildmarke_rgb_final_cu01.svg\",\"contentUrl\":\"https:\/\/interpharma.ch\/wp-content\/uploads\/2026\/03\/20251014_iph_logo_wort_bildmarke_rgb_final_cu01.svg\",\"width\":\"1200\",\"height\":\"1200\",\"caption\":\"Interpharma\"},\"image\":{\"@id\":\"https:\/\/www.interpharma.ch\/#\/schema\/logo\/image\/\"},\"sameAs\":[\"https:\/\/x.com\/interpharma_ch\",\"https:\/\/ch.linkedin.com\/company\/interpharma\",\"https:\/\/www.instagram.com\/interpharma_ch\/\"]}]}<\/script>\n<!-- \/ Yoast SEO Premium plugin. -->","yoast_head_json":{"title":"Le syst\u00e8me universitaire est un avantage comparatif - Interpharma","robots":{"index":"index","follow":"follow","max-snippet":"max-snippet:-1","max-image-preview":"max-image-preview:large","max-video-preview":"max-video-preview:-1"},"canonical":"https:\/\/www.interpharma.ch\/fr\/themen\/un-cadre-solide-en-matiere-de-politique-economique\/recruter-les-meilleurs-professionnels\/le-systeme-universitaire-est-un-avantage-comparatif\/","og_locale":"fr_FR","og_type":"article","og_title":"Le syst\u00e8me universitaire est un avantage comparatif","og_description":"La force du syst\u00e8me universitaire est un pilier essentiel pour la place d\u2019innovation et de recherche qu\u2019est la Suisse. Les universit\u00e9s et hautes \u00e9coles sp\u00e9cialis\u00e9es forment non seulement du personnel hautement qualifi\u00e9, mais sont aussi des centres de recherche int\u00e9gr\u00e9s \u00e0 des r\u00e9seaux internationaux et contribuent de mani\u00e8re d\u00e9cisive \u00e0 la comp\u00e9titivit\u00e9 du pays. Pays [&hellip;]","og_url":"https:\/\/www.interpharma.ch\/fr\/themen\/un-cadre-solide-en-matiere-de-politique-economique\/recruter-les-meilleurs-professionnels\/le-systeme-universitaire-est-un-avantage-comparatif\/","og_site_name":"Interpharma","twitter_card":"summary_large_image","twitter_site":"@interpharma_ch","twitter_misc":{"Dur\u00e9e de lecture estim\u00e9e":"1 minute"},"schema":{"@context":"https:\/\/schema.org","@graph":[{"@type":"WebPage","@id":"https:\/\/www.interpharma.ch\/fr\/themen\/un-cadre-solide-en-matiere-de-politique-economique\/recruter-les-meilleurs-professionnels\/le-systeme-universitaire-est-un-avantage-comparatif\/","url":"https:\/\/www.interpharma.ch\/fr\/themen\/un-cadre-solide-en-matiere-de-politique-economique\/recruter-les-meilleurs-professionnels\/le-systeme-universitaire-est-un-avantage-comparatif\/","name":"Le syst\u00e8me universitaire est un avantage comparatif - Interpharma","isPartOf":{"@id":"https:\/\/www.interpharma.ch\/#website"},"datePublished":"2026-02-25T07:25:39+00:00","breadcrumb":{"@id":"https:\/\/www.interpharma.ch\/fr\/themen\/un-cadre-solide-en-matiere-de-politique-economique\/recruter-les-meilleurs-professionnels\/le-systeme-universitaire-est-un-avantage-comparatif\/#breadcrumb"},"inLanguage":"fr-FR","potentialAction":[{"@type":"ReadAction","target":["https:\/\/www.interpharma.ch\/fr\/themen\/un-cadre-solide-en-matiere-de-politique-economique\/recruter-les-meilleurs-professionnels\/le-systeme-universitaire-est-un-avantage-comparatif\/"]}]},{"@type":"BreadcrumbList","@id":"https:\/\/www.interpharma.ch\/fr\/themen\/un-cadre-solide-en-matiere-de-politique-economique\/recruter-les-meilleurs-professionnels\/le-systeme-universitaire-est-un-avantage-comparatif\/#breadcrumb","itemListElement":[{"@type":"ListItem","position":1,"name":"Startseite","item":"https:\/\/www.interpharma.ch\/fr\/"},{"@type":"ListItem","position":2,"name":"Nos th\u00e8mes","item":"https:\/\/www.interpharma.ch\/fr\/themen\/"},{"@type":"ListItem","position":3,"name":"Un cadre solide en mati\u00e8re de politique \u00e9conomique","item":"https:\/\/www.interpharma.ch\/fr\/themen\/un-cadre-solide-en-matiere-de-politique-economique\/"},{"@type":"ListItem","position":4,"name":"Recruter les meilleurs professionnels","item":"https:\/\/www.interpharma.ch\/fr\/themen\/un-cadre-solide-en-matiere-de-politique-economique\/recruter-les-meilleurs-professionnels\/"},{"@type":"ListItem","position":5,"name":"Le syst\u00e8me universitaire est un avantage comparatif"}]},{"@type":"WebSite","@id":"https:\/\/www.interpharma.ch\/#website","url":"https:\/\/www.interpharma.ch\/","name":"Interpharma","description":"Verband der forschenden Pharmazeutischen Firmen","publisher":{"@id":"https:\/\/www.interpharma.ch\/#organization"},"potentialAction":[{"@type":"SearchAction","target":{"@type":"EntryPoint","urlTemplate":"https:\/\/www.interpharma.ch\/?s={search_term_string}"},"query-input":{"@type":"PropertyValueSpecification","valueRequired":true,"valueName":"search_term_string"}}],"inLanguage":"fr-FR"},{"@type":"Organization","@id":"https:\/\/www.interpharma.ch\/#organization","name":"Interpharma","url":"https:\/\/www.interpharma.ch\/","logo":{"@type":"ImageObject","inLanguage":"fr-FR","@id":"https:\/\/www.interpharma.ch\/#\/schema\/logo\/image\/","url":"https:\/\/interpharma.ch\/wp-content\/uploads\/2026\/03\/20251014_iph_logo_wort_bildmarke_rgb_final_cu01.svg","contentUrl":"https:\/\/interpharma.ch\/wp-content\/uploads\/2026\/03\/20251014_iph_logo_wort_bildmarke_rgb_final_cu01.svg","width":"1200","height":"1200","caption":"Interpharma"},"image":{"@id":"https:\/\/www.interpharma.ch\/#\/schema\/logo\/image\/"},"sameAs":["https:\/\/x.com\/interpharma_ch","https:\/\/ch.linkedin.com\/company\/interpharma","https:\/\/www.instagram.com\/interpharma_ch\/"]}]}},"_links":{"self":[{"href":"https:\/\/www.interpharma.ch\/fr\/wp-json\/wp\/v2\/pages\/3946","targetHints":{"allow":["GET"]}}],"collection":[{"href":"https:\/\/www.interpharma.ch\/fr\/wp-json\/wp\/v2\/pages"}],"about":[{"href":"https:\/\/www.interpharma.ch\/fr\/wp-json\/wp\/v2\/types\/page"}],"author":[{"embeddable":true,"href":"https:\/\/www.interpharma.ch\/fr\/wp-json\/wp\/v2\/users\/1"}],"replies":[{"embeddable":true,"href":"https:\/\/www.interpharma.ch\/fr\/wp-json\/wp\/v2\/comments?post=3946"}],"version-history":[{"count":1,"href":"https:\/\/www.interpharma.ch\/fr\/wp-json\/wp\/v2\/pages\/3946\/revisions"}],"predecessor-version":[{"id":3947,"href":"https:\/\/www.interpharma.ch\/fr\/wp-json\/wp\/v2\/pages\/3946\/revisions\/3947"}],"up":[{"embeddable":true,"href":"https:\/\/www.interpharma.ch\/fr\/wp-json\/wp\/v2\/pages\/3958"}],"wp:attachment":[{"href":"https:\/\/www.interpharma.ch\/fr\/wp-json\/wp\/v2\/media?parent=3946"}],"curies":[{"name":"wp","href":"https:\/\/api.w.org\/{rel}","templated":true}]}}