{"id":3940,"date":"2026-02-25T08:25:38","date_gmt":"2026-02-25T07:25:38","guid":{"rendered":"https:\/\/iph-multisite.berta-bewegt.ch\/?page_id=3940"},"modified":"2026-02-25T08:25:38","modified_gmt":"2026-02-25T07:25:38","slug":"intelligence-artificielle","status":"publish","type":"page","link":"https:\/\/www.interpharma.ch\/fr\/themen\/a-la-pointe-de-la-recherche-et-developpement\/des-donnees-medicales-de-qualite-pour-garantir-le-progres-medical\/intelligence-artificielle\/","title":{"rendered":"Intelligence artificielle"},"content":{"rendered":"\n<p>Il\nn\u2019existe pas de d\u00e9finition universelle de ce qu\u2019est une intelligence\nartificielle (IA). Toutefois, on peut, comme le fait le Conseil f\u00e9d\u00e9ral\nd\u00e9limiter les caract\u00e9ristiques suivantes: les syst\u00e8mes d\u2019IA sont capables : (1)\nd\u2019analyser des donn\u00e9es sous une forme que ne permettraient pas d\u2019autres\ntechnologies dans leur \u00e9tat actuel en termes de complexit\u00e9 et de volume; (2) de\nformuler des pr\u00e9dictions servant de base essentielle \u00e0 des d\u00e9cisions (notamment\nd\u00e9cisions automatis\u00e9es); (3) de reproduire des aptitudes mises en relation avec\nla cognition et l\u2019intelligence humaines; et (4) d\u2019agir de mani\u00e8re largement\nautonome sur cette base. &nbsp;<\/p>\n\n\n\n<p>L\u2019utilisation\nde l\u2019IA et des technologies num\u00e9riques en m\u00e9decine a d\u00e9j\u00e0 g\u00e9n\u00e9r\u00e9 de nombreuses\napplications nouvelles. Des exemples en sont la reconnaissance d\u2019images, le\ndiagnostic m\u00e9dical, ainsi que le relev\u00e9 de biomarqueurs num\u00e9riques chez les\npatients \u00e0 l\u2019aide d\u2019applis pour smartphone et de capteurs.<\/p>\n\n\n\n<p>Pour\nam\u00e9liorer la planification et la r\u00e9alisation d\u2019essais cliniques pour de\nnouvelles m\u00e9thodes de traitement et faire avancer la m\u00e9decine personnalis\u00e9e,\nl\u2019automatisation est indispensable: des stocks de donn\u00e9es de grande taille et\ncomplexes (m\u00e9gadonn\u00e9es) doivent \u00eatre saisis, analys\u00e9s et pr\u00e9sent\u00e9s de mani\u00e8re\ncompr\u00e9hensible \u00e0 l\u2019aide d\u2019algorithmes automatis\u00e9s. Le potentiel de l\u2019IA r\u00e9side\naussi dans le fait qu\u2019elle d\u00e9livre l\u2019\u00eatre humain de t\u00e2ches r\u00e9p\u00e9titives de\nlongue haleine, ce qui am\u00e9liore la standardisation du flux de travail dans la\nrecherche et le d\u00e9veloppement, mais aussi dans la pratique clinique. <\/p>\n\n\n\n<h2 class=\"wp-block-heading\"><strong>IA en Suisse<\/strong><strong><\/strong><\/h2>\n\n\n\n<p>Un\nrapport demand\u00e9 par le Conseil f\u00e9d\u00e9ral montre que la Suisse dispose de bonnes\nconditions pour d\u00e9velopper des applications d\u2019IA. Un certain nombre de domaines\nappellent n\u00e9anmoins des mesures et des \u00e9claircissements, y compris le domaine\nrecherche et d\u00e9veloppement.<\/p>\n\n\n\n<p>Pour exploiter le potentiel\nqu\u2019offrent les nouvelles possibilit\u00e9s de l\u2019IA, il faut cr\u00e9er des conditions\ncadres favorables \u00e0 l\u2019innovation. En m\u00eame, temps il faut prendre des mesures\npour assurer une utilisation responsable de l\u2019intelligence artificielle. <\/p>\n","protected":false},"excerpt":{"rendered":"<p>Il n\u2019existe pas de d\u00e9finition universelle de ce qu\u2019est une intelligence artificielle (IA). Toutefois, on peut, comme le fait le Conseil f\u00e9d\u00e9ral d\u00e9limiter les caract\u00e9ristiques suivantes: les syst\u00e8mes d\u2019IA sont capables : (1) d\u2019analyser des donn\u00e9es sous une forme que ne permettraient pas d\u2019autres technologies dans leur \u00e9tat actuel en termes de complexit\u00e9 et de [&hellip;]<\/p>\n","protected":false},"author":1,"featured_media":0,"parent":4158,"menu_order":1,"comment_status":"closed","ping_status":"closed","template":"page-templates\/unterthema.php","meta":{"_acf_changed":false,"inline_featured_image":false,"footnotes":""},"class_list":["post-3940","page","type-page","status-publish","hentry"],"acf":[],"yoast_head":"<!-- This site is optimized with the Yoast SEO Premium plugin v27.2 (Yoast SEO v27.2) - https:\/\/yoast.com\/product\/yoast-seo-premium-wordpress\/ -->\n<title>Intelligence artificielle - Interpharma<\/title>\n<meta name=\"robots\" content=\"index, follow, max-snippet:-1, max-image-preview:large, max-video-preview:-1\" \/>\n<link rel=\"canonical\" href=\"https:\/\/www.interpharma.ch\/fr\/themen\/a-la-pointe-de-la-recherche-et-developpement\/des-donnees-medicales-de-qualite-pour-garantir-le-progres-medical\/intelligence-artificielle\/\" \/>\n<meta property=\"og:locale\" content=\"fr_FR\" \/>\n<meta property=\"og:type\" content=\"article\" \/>\n<meta property=\"og:title\" content=\"Intelligence artificielle\" \/>\n<meta property=\"og:description\" content=\"Il n\u2019existe pas de d\u00e9finition universelle de ce qu\u2019est une intelligence artificielle (IA). Toutefois, on peut, comme le fait le Conseil f\u00e9d\u00e9ral d\u00e9limiter les caract\u00e9ristiques suivantes: les syst\u00e8mes d\u2019IA sont capables : (1) d\u2019analyser des donn\u00e9es sous une forme que ne permettraient pas d\u2019autres technologies dans leur \u00e9tat actuel en termes de complexit\u00e9 et de [&hellip;]\" \/>\n<meta property=\"og:url\" content=\"https:\/\/www.interpharma.ch\/fr\/themen\/a-la-pointe-de-la-recherche-et-developpement\/des-donnees-medicales-de-qualite-pour-garantir-le-progres-medical\/intelligence-artificielle\/\" \/>\n<meta property=\"og:site_name\" content=\"Interpharma\" \/>\n<meta name=\"twitter:card\" content=\"summary_large_image\" \/>\n<meta name=\"twitter:site\" content=\"@interpharma_ch\" \/>\n<meta name=\"twitter:label1\" content=\"Dur\u00e9e de lecture estim\u00e9e\" \/>\n\t<meta name=\"twitter:data1\" content=\"2 minutes\" \/>\n<script type=\"application\/ld+json\" class=\"yoast-schema-graph\">{\"@context\":\"https:\/\/schema.org\",\"@graph\":[{\"@type\":\"WebPage\",\"@id\":\"https:\/\/www.interpharma.ch\/fr\/themen\/a-la-pointe-de-la-recherche-et-developpement\/des-donnees-medicales-de-qualite-pour-garantir-le-progres-medical\/intelligence-artificielle\/\",\"url\":\"https:\/\/www.interpharma.ch\/fr\/themen\/a-la-pointe-de-la-recherche-et-developpement\/des-donnees-medicales-de-qualite-pour-garantir-le-progres-medical\/intelligence-artificielle\/\",\"name\":\"Intelligence artificielle - Interpharma\",\"isPartOf\":{\"@id\":\"https:\/\/www.interpharma.ch\/#website\"},\"datePublished\":\"2026-02-25T07:25:38+00:00\",\"breadcrumb\":{\"@id\":\"https:\/\/www.interpharma.ch\/fr\/themen\/a-la-pointe-de-la-recherche-et-developpement\/des-donnees-medicales-de-qualite-pour-garantir-le-progres-medical\/intelligence-artificielle\/#breadcrumb\"},\"inLanguage\":\"fr-FR\",\"potentialAction\":[{\"@type\":\"ReadAction\",\"target\":[\"https:\/\/www.interpharma.ch\/fr\/themen\/a-la-pointe-de-la-recherche-et-developpement\/des-donnees-medicales-de-qualite-pour-garantir-le-progres-medical\/intelligence-artificielle\/\"]}]},{\"@type\":\"BreadcrumbList\",\"@id\":\"https:\/\/www.interpharma.ch\/fr\/themen\/a-la-pointe-de-la-recherche-et-developpement\/des-donnees-medicales-de-qualite-pour-garantir-le-progres-medical\/intelligence-artificielle\/#breadcrumb\",\"itemListElement\":[{\"@type\":\"ListItem\",\"position\":1,\"name\":\"Startseite\",\"item\":\"https:\/\/www.interpharma.ch\/fr\/\"},{\"@type\":\"ListItem\",\"position\":2,\"name\":\"Nos th\u00e8mes\",\"item\":\"https:\/\/www.interpharma.ch\/fr\/themen\/\"},{\"@type\":\"ListItem\",\"position\":3,\"name\":\"\u00c0 la pointe de la recherche et d\u00e9veloppement\",\"item\":\"https:\/\/www.interpharma.ch\/fr\/themen\/a-la-pointe-de-la-recherche-et-developpement\/\"},{\"@type\":\"ListItem\",\"position\":4,\"name\":\"Des donn\u00e9es m\u00e9dicales de qualit\u00e9 pour garantir le progr\u00e8s m\u00e9dical\",\"item\":\"https:\/\/www.interpharma.ch\/fr\/themen\/a-la-pointe-de-la-recherche-et-developpement\/des-donnees-medicales-de-qualite-pour-garantir-le-progres-medical\/\"},{\"@type\":\"ListItem\",\"position\":5,\"name\":\"Intelligence artificielle\"}]},{\"@type\":\"WebSite\",\"@id\":\"https:\/\/www.interpharma.ch\/#website\",\"url\":\"https:\/\/www.interpharma.ch\/\",\"name\":\"Interpharma\",\"description\":\"Verband der forschenden Pharmazeutischen Firmen\",\"publisher\":{\"@id\":\"https:\/\/www.interpharma.ch\/#organization\"},\"potentialAction\":[{\"@type\":\"SearchAction\",\"target\":{\"@type\":\"EntryPoint\",\"urlTemplate\":\"https:\/\/www.interpharma.ch\/?s={search_term_string}\"},\"query-input\":{\"@type\":\"PropertyValueSpecification\",\"valueRequired\":true,\"valueName\":\"search_term_string\"}}],\"inLanguage\":\"fr-FR\"},{\"@type\":\"Organization\",\"@id\":\"https:\/\/www.interpharma.ch\/#organization\",\"name\":\"Interpharma\",\"url\":\"https:\/\/www.interpharma.ch\/\",\"logo\":{\"@type\":\"ImageObject\",\"inLanguage\":\"fr-FR\",\"@id\":\"https:\/\/www.interpharma.ch\/#\/schema\/logo\/image\/\",\"url\":\"https:\/\/interpharma.ch\/wp-content\/uploads\/2026\/03\/20251014_iph_logo_wort_bildmarke_rgb_final_cu01.svg\",\"contentUrl\":\"https:\/\/interpharma.ch\/wp-content\/uploads\/2026\/03\/20251014_iph_logo_wort_bildmarke_rgb_final_cu01.svg\",\"width\":\"1200\",\"height\":\"1200\",\"caption\":\"Interpharma\"},\"image\":{\"@id\":\"https:\/\/www.interpharma.ch\/#\/schema\/logo\/image\/\"},\"sameAs\":[\"https:\/\/x.com\/interpharma_ch\",\"https:\/\/ch.linkedin.com\/company\/interpharma\",\"https:\/\/www.instagram.com\/interpharma_ch\/\"]}]}<\/script>\n<!-- \/ Yoast SEO Premium plugin. -->","yoast_head_json":{"title":"Intelligence artificielle - Interpharma","robots":{"index":"index","follow":"follow","max-snippet":"max-snippet:-1","max-image-preview":"max-image-preview:large","max-video-preview":"max-video-preview:-1"},"canonical":"https:\/\/www.interpharma.ch\/fr\/themen\/a-la-pointe-de-la-recherche-et-developpement\/des-donnees-medicales-de-qualite-pour-garantir-le-progres-medical\/intelligence-artificielle\/","og_locale":"fr_FR","og_type":"article","og_title":"Intelligence artificielle","og_description":"Il n\u2019existe pas de d\u00e9finition universelle de ce qu\u2019est une intelligence artificielle (IA). Toutefois, on peut, comme le fait le Conseil f\u00e9d\u00e9ral d\u00e9limiter les caract\u00e9ristiques suivantes: les syst\u00e8mes d\u2019IA sont capables : (1) d\u2019analyser des donn\u00e9es sous une forme que ne permettraient pas d\u2019autres technologies dans leur \u00e9tat actuel en termes de complexit\u00e9 et de [&hellip;]","og_url":"https:\/\/www.interpharma.ch\/fr\/themen\/a-la-pointe-de-la-recherche-et-developpement\/des-donnees-medicales-de-qualite-pour-garantir-le-progres-medical\/intelligence-artificielle\/","og_site_name":"Interpharma","twitter_card":"summary_large_image","twitter_site":"@interpharma_ch","twitter_misc":{"Dur\u00e9e de lecture estim\u00e9e":"2 minutes"},"schema":{"@context":"https:\/\/schema.org","@graph":[{"@type":"WebPage","@id":"https:\/\/www.interpharma.ch\/fr\/themen\/a-la-pointe-de-la-recherche-et-developpement\/des-donnees-medicales-de-qualite-pour-garantir-le-progres-medical\/intelligence-artificielle\/","url":"https:\/\/www.interpharma.ch\/fr\/themen\/a-la-pointe-de-la-recherche-et-developpement\/des-donnees-medicales-de-qualite-pour-garantir-le-progres-medical\/intelligence-artificielle\/","name":"Intelligence artificielle - Interpharma","isPartOf":{"@id":"https:\/\/www.interpharma.ch\/#website"},"datePublished":"2026-02-25T07:25:38+00:00","breadcrumb":{"@id":"https:\/\/www.interpharma.ch\/fr\/themen\/a-la-pointe-de-la-recherche-et-developpement\/des-donnees-medicales-de-qualite-pour-garantir-le-progres-medical\/intelligence-artificielle\/#breadcrumb"},"inLanguage":"fr-FR","potentialAction":[{"@type":"ReadAction","target":["https:\/\/www.interpharma.ch\/fr\/themen\/a-la-pointe-de-la-recherche-et-developpement\/des-donnees-medicales-de-qualite-pour-garantir-le-progres-medical\/intelligence-artificielle\/"]}]},{"@type":"BreadcrumbList","@id":"https:\/\/www.interpharma.ch\/fr\/themen\/a-la-pointe-de-la-recherche-et-developpement\/des-donnees-medicales-de-qualite-pour-garantir-le-progres-medical\/intelligence-artificielle\/#breadcrumb","itemListElement":[{"@type":"ListItem","position":1,"name":"Startseite","item":"https:\/\/www.interpharma.ch\/fr\/"},{"@type":"ListItem","position":2,"name":"Nos th\u00e8mes","item":"https:\/\/www.interpharma.ch\/fr\/themen\/"},{"@type":"ListItem","position":3,"name":"\u00c0 la pointe de la recherche et d\u00e9veloppement","item":"https:\/\/www.interpharma.ch\/fr\/themen\/a-la-pointe-de-la-recherche-et-developpement\/"},{"@type":"ListItem","position":4,"name":"Des donn\u00e9es m\u00e9dicales de qualit\u00e9 pour garantir le progr\u00e8s m\u00e9dical","item":"https:\/\/www.interpharma.ch\/fr\/themen\/a-la-pointe-de-la-recherche-et-developpement\/des-donnees-medicales-de-qualite-pour-garantir-le-progres-medical\/"},{"@type":"ListItem","position":5,"name":"Intelligence artificielle"}]},{"@type":"WebSite","@id":"https:\/\/www.interpharma.ch\/#website","url":"https:\/\/www.interpharma.ch\/","name":"Interpharma","description":"Verband der forschenden Pharmazeutischen Firmen","publisher":{"@id":"https:\/\/www.interpharma.ch\/#organization"},"potentialAction":[{"@type":"SearchAction","target":{"@type":"EntryPoint","urlTemplate":"https:\/\/www.interpharma.ch\/?s={search_term_string}"},"query-input":{"@type":"PropertyValueSpecification","valueRequired":true,"valueName":"search_term_string"}}],"inLanguage":"fr-FR"},{"@type":"Organization","@id":"https:\/\/www.interpharma.ch\/#organization","name":"Interpharma","url":"https:\/\/www.interpharma.ch\/","logo":{"@type":"ImageObject","inLanguage":"fr-FR","@id":"https:\/\/www.interpharma.ch\/#\/schema\/logo\/image\/","url":"https:\/\/interpharma.ch\/wp-content\/uploads\/2026\/03\/20251014_iph_logo_wort_bildmarke_rgb_final_cu01.svg","contentUrl":"https:\/\/interpharma.ch\/wp-content\/uploads\/2026\/03\/20251014_iph_logo_wort_bildmarke_rgb_final_cu01.svg","width":"1200","height":"1200","caption":"Interpharma"},"image":{"@id":"https:\/\/www.interpharma.ch\/#\/schema\/logo\/image\/"},"sameAs":["https:\/\/x.com\/interpharma_ch","https:\/\/ch.linkedin.com\/company\/interpharma","https:\/\/www.instagram.com\/interpharma_ch\/"]}]}},"_links":{"self":[{"href":"https:\/\/www.interpharma.ch\/fr\/wp-json\/wp\/v2\/pages\/3940","targetHints":{"allow":["GET"]}}],"collection":[{"href":"https:\/\/www.interpharma.ch\/fr\/wp-json\/wp\/v2\/pages"}],"about":[{"href":"https:\/\/www.interpharma.ch\/fr\/wp-json\/wp\/v2\/types\/page"}],"author":[{"embeddable":true,"href":"https:\/\/www.interpharma.ch\/fr\/wp-json\/wp\/v2\/users\/1"}],"replies":[{"embeddable":true,"href":"https:\/\/www.interpharma.ch\/fr\/wp-json\/wp\/v2\/comments?post=3940"}],"version-history":[{"count":1,"href":"https:\/\/www.interpharma.ch\/fr\/wp-json\/wp\/v2\/pages\/3940\/revisions"}],"predecessor-version":[{"id":3941,"href":"https:\/\/www.interpharma.ch\/fr\/wp-json\/wp\/v2\/pages\/3940\/revisions\/3941"}],"up":[{"embeddable":true,"href":"https:\/\/www.interpharma.ch\/fr\/wp-json\/wp\/v2\/pages\/4158"}],"wp:attachment":[{"href":"https:\/\/www.interpharma.ch\/fr\/wp-json\/wp\/v2\/media?parent=3940"}],"curies":[{"name":"wp","href":"https:\/\/api.w.org\/{rel}","templated":true}]}}