{"id":3934,"date":"2026-02-25T08:25:38","date_gmt":"2026-02-25T07:25:38","guid":{"rendered":"https:\/\/iph-multisite.berta-bewegt.ch\/?page_id=3934"},"modified":"2026-02-25T08:25:38","modified_gmt":"2026-02-25T07:25:38","slug":"transparence-des-donnees","status":"publish","type":"page","link":"https:\/\/www.interpharma.ch\/fr\/themen\/a-la-pointe-de-la-recherche-et-developpement\/des-donnees-medicales-de-qualite-pour-garantir-le-progres-medical\/transparence-des-donnees\/","title":{"rendered":"Transparence des donn\u00e9es"},"content":{"rendered":"\n<p>Les donn\u00e9es relev\u00e9es par les\nentreprises pharmaceutiques dans le cadre d\u2019essais cliniques et transmises aux\nautorit\u00e9s d\u2019homologation pour demander l\u2019autorisation de mise sur le march\u00e9\nsont confidentielles et soumises \u00e0 des r\u00e8gles strictes de protection des\ndonn\u00e9es. C\u2019est le seul moyen de garantir une protection suffisante de la sph\u00e8re\npriv\u00e9e des patient-e-s. Sur la base des donn\u00e9es fournies, les autorit\u00e9s\nd\u2019homologation v\u00e9rifient le rapport risque-b\u00e9n\u00e9fice d\u2019un nouveau m\u00e9dicament et,\nsi ce rapport est positif, elles lui d\u00e9livrent une autorisation de mise sur le\nmarch\u00e9 (AMM).<\/p>\n\n\n\n<p>Depuis quelques ann\u00e9es, des\ndemandes s\u2019\u00e9l\u00e8vent de plus en plus souvent pour exiger que les entreprises\npharmaceutiques divulguent leurs donn\u00e9es cliniques relatives \u00e0 l\u2019AMM, de\nmani\u00e8re \u00e0 ce que non seulement l\u2019autorit\u00e9 d\u2019homologation, mais aussi d\u2019autres\nscientifiques puissent contr\u00f4ler le profil de risque d\u2019un m\u00e9dicament. Mais ceci\npose divers probl\u00e8mes: premi\u00e8rement le risque que des participants aux essais\ncliniques puissent \u00eatre identifi\u00e9s (par exemple par le biais des m\u00e9dias\nsociaux). Ceci saperait la protection de la sph\u00e8re priv\u00e9e et porterait atteinte\n\u00e0 la disposition \u00e0 participer \u00e0 des essais cliniques, d\u2019o\u00f9 des effets n\u00e9gatifs\npour l\u2019introduction de nouveaux traitements efficaces. Deuxi\u00e8mement, cela\n\u00e9branlerait l\u2019int\u00e9grit\u00e9 des autorit\u00e9s d\u2019homologation. Celles-ci \u00e9valuent le\nprofil risque-b\u00e9n\u00e9fice des nouveaux m\u00e9dicaments. Le fait de devoir corriger <em>a\nposteriori<\/em> une d\u00e9cision serait donc lourd de cons\u00e9quences, tant pour les\nautorit\u00e9s que pour l\u2019entreprise concern\u00e9e. Troisi\u00e8mement, les donn\u00e9es cliniques\nrenferment aussi parfois des donn\u00e9es commerciales confidentielles dont la\nprotection est importante car elle prot\u00e8ge les entreprises des resquilleurs,\nassurant ainsi leur disposition \u00e0 continuer \u00e0 investir dans l\u2019\u00e9laboration de\nnouveaux m\u00e9dicaments et indications.<\/p>\n\n\n\n<h2 class=\"wp-block-heading\" id=\"h-directives-de-transparence-des-donnees\"><strong>Directives de transparence des donn\u00e9es<\/strong><strong><\/strong><\/h2>\n\n\n\n<p>Dans ce contexte, l\u2019industrie pharmaceutique\nsoutient les efforts d\u2019accro\u00eetre la transparence. C\u2019est ainsi que la f\u00e9d\u00e9ration\neurop\u00e9enne de l\u2019industrie pharmaceutique EFPIA et la f\u00e9d\u00e9ration am\u00e9ricaine\nPhRMA ont adopt\u00e9 des principes de transparence communs comprenant les mesures\nsuivantes:<\/p>\n\n\n\n<ul class=\"post wp-block-list\">\n<li>L&rsquo;acc\u00e8s aux donn\u00e9es cliniques et aux protocoles d&rsquo;\u00e9tude pour les m\u00e9dicaments autoris\u00e9s dans l&rsquo;UE et aux \u00c9tats-Unis est fourni aux scientifiques dans le respect de la protection des donn\u00e9es et dans le cadre de projets de recherche d\u00fbment justifi\u00e9s.. Les demandes en ce sens sont examin\u00e9es par un \u00abScientific Review Board\u00bb dont font \u00e9galement partie des experts externes. Les demandes et l\u2019identit\u00e9 des demandeurs sont publi\u00e9es. Les scientifiques doivent s\u2019engager \u00e0 ne pas transmettre les donn\u00e9es \u00e0 des tiers et \u00e0 soumettre leurs \u00e9tudes \u00e0 une \u00abpeer review\u00bb (\u00e9valuation par les pairs, c\u2019est-\u00e0-dire par d\u2019autres scientifiques).<\/li>\n\n\n\n<li>Le r\u00e9sum\u00e9 des rapports d\u2019essais cliniques envoy\u00e9s aux autorit\u00e9s d\u2019homologation est publi\u00e9.<\/li>\n\n\n\n<li>Les patient-e-s participant \u00e0 l\u2019\u00e9tude ont acc\u00e8s \u00e0 un r\u00e9sum\u00e9 des r\u00e9sultats de l\u2019\u00e9tude.<\/li>\n\n\n\n<li>Les entreprises, mettent en place des strat\u00e9gies de partage et d\u2019utilisation conjointe des donn\u00e9es.<\/li>\n\n\n\n<li>Ind\u00e9pendamment du r\u00e9sultat, toutes les \u00e9tudes financ\u00e9es par l\u2019industrie sont publi\u00e9es sous une forme appropri\u00e9e.<\/li>\n<\/ul>\n\n\n\n<h2 class=\"wp-block-heading\" id=\"h-obligation-d-enregistrement\">Obligation\nd\u2019enregistrement<\/h2>\n\n\n\n<p>Il y a d\u00e9j\u00e0 longtemps que les\nentreprises pharmaceutiques pratiquant la recherche se sont engag\u00e9es dans le\nmonde entier \u00e0 r\u00e9pertorier tous les essais cliniques dans des registres. Cet\nengagement volontaire est valable \u00e9galement en Europe. En Suisse, depuis\nl\u2019entr\u00e9e en vigueur de la loi relative \u00e0 la recherche sur l\u2019\u00eatre humain en\n2014, il est en outre obligatoire d\u2019enregistrer les essais cliniques. Avant de\nd\u00e9buter les travaux, tous les essais cliniques r\u00e9alis\u00e9s en Suisse doivent \u00eatre\nr\u00e9pertori\u00e9s dans un registre reconnu par l\u2019Organisation mondiale de la Sant\u00e9\n(OMS) ou dans le registre de la biblioth\u00e8que m\u00e9dicale nationale des \u00c9tats-Unis\nclinicaltrials.org. De plus, l\u2019essai doit \u00eatre enregistr\u00e9 dans la banque de\ndonn\u00e9es compl\u00e9mentaire de la Conf\u00e9d\u00e9ration.<\/p>\n","protected":false},"excerpt":{"rendered":"<p>Les donn\u00e9es relev\u00e9es par les entreprises pharmaceutiques dans le cadre d\u2019essais cliniques et transmises aux autorit\u00e9s d\u2019homologation pour demander l\u2019autorisation de mise sur le march\u00e9 sont confidentielles et soumises \u00e0 des r\u00e8gles strictes de protection des donn\u00e9es. C\u2019est le seul moyen de garantir une protection suffisante de la sph\u00e8re priv\u00e9e des patient-e-s. Sur la base [&hellip;]<\/p>\n","protected":false},"author":1,"featured_media":14784,"parent":4158,"menu_order":2,"comment_status":"closed","ping_status":"closed","template":"page-templates\/unterthema.php","meta":{"_acf_changed":false,"inline_featured_image":false,"footnotes":""},"class_list":["post-3934","page","type-page","status-publish","has-post-thumbnail","hentry"],"acf":[],"yoast_head":"<!-- This site is optimized with the Yoast SEO Premium plugin v27.2 (Yoast SEO v27.2) - https:\/\/yoast.com\/product\/yoast-seo-premium-wordpress\/ -->\n<title>Transparence des donn\u00e9es - Interpharma<\/title>\n<meta name=\"robots\" content=\"index, follow, max-snippet:-1, max-image-preview:large, max-video-preview:-1\" \/>\n<link rel=\"canonical\" href=\"https:\/\/www.interpharma.ch\/fr\/themen\/a-la-pointe-de-la-recherche-et-developpement\/des-donnees-medicales-de-qualite-pour-garantir-le-progres-medical\/transparence-des-donnees\/\" \/>\n<meta property=\"og:locale\" content=\"fr_FR\" \/>\n<meta property=\"og:type\" content=\"article\" \/>\n<meta property=\"og:title\" content=\"Transparence des donn\u00e9es\" \/>\n<meta property=\"og:description\" content=\"Les donn\u00e9es relev\u00e9es par les entreprises pharmaceutiques dans le cadre d\u2019essais cliniques et transmises aux autorit\u00e9s d\u2019homologation pour demander l\u2019autorisation de mise sur le march\u00e9 sont confidentielles et soumises \u00e0 des r\u00e8gles strictes de protection des donn\u00e9es. C\u2019est le seul moyen de garantir une protection suffisante de la sph\u00e8re priv\u00e9e des patient-e-s. Sur la base [&hellip;]\" \/>\n<meta property=\"og:url\" content=\"https:\/\/www.interpharma.ch\/fr\/themen\/a-la-pointe-de-la-recherche-et-developpement\/des-donnees-medicales-de-qualite-pour-garantir-le-progres-medical\/transparence-des-donnees\/\" \/>\n<meta property=\"og:site_name\" content=\"Interpharma\" \/>\n<meta property=\"og:image\" content=\"https:\/\/www.interpharma.ch\/wp-content\/uploads\/2026\/03\/Interpharma_fuehrendinforschungundentwicklung_hochwertigegesundheitsdaten.jpg\" \/>\n\t<meta property=\"og:image:width\" content=\"960\" \/>\n\t<meta property=\"og:image:height\" content=\"721\" \/>\n\t<meta property=\"og:image:type\" content=\"image\/jpeg\" \/>\n<meta name=\"twitter:card\" content=\"summary_large_image\" \/>\n<meta name=\"twitter:site\" content=\"@interpharma_ch\" \/>\n<meta name=\"twitter:label1\" content=\"Dur\u00e9e de lecture estim\u00e9e\" \/>\n\t<meta name=\"twitter:data1\" content=\"3 minutes\" \/>\n<script type=\"application\/ld+json\" class=\"yoast-schema-graph\">{\"@context\":\"https:\/\/schema.org\",\"@graph\":[{\"@type\":\"WebPage\",\"@id\":\"https:\/\/www.interpharma.ch\/fr\/themen\/a-la-pointe-de-la-recherche-et-developpement\/des-donnees-medicales-de-qualite-pour-garantir-le-progres-medical\/transparence-des-donnees\/\",\"url\":\"https:\/\/www.interpharma.ch\/fr\/themen\/a-la-pointe-de-la-recherche-et-developpement\/des-donnees-medicales-de-qualite-pour-garantir-le-progres-medical\/transparence-des-donnees\/\",\"name\":\"Transparence des donn\u00e9es - Interpharma\",\"isPartOf\":{\"@id\":\"https:\/\/www.interpharma.ch\/#website\"},\"primaryImageOfPage\":{\"@id\":\"https:\/\/www.interpharma.ch\/fr\/themen\/a-la-pointe-de-la-recherche-et-developpement\/des-donnees-medicales-de-qualite-pour-garantir-le-progres-medical\/transparence-des-donnees\/#primaryimage\"},\"image\":{\"@id\":\"https:\/\/www.interpharma.ch\/fr\/themen\/a-la-pointe-de-la-recherche-et-developpement\/des-donnees-medicales-de-qualite-pour-garantir-le-progres-medical\/transparence-des-donnees\/#primaryimage\"},\"thumbnailUrl\":\"https:\/\/www.interpharma.ch\/wp-content\/uploads\/2026\/03\/Interpharma_fuehrendinforschungundentwicklung_hochwertigegesundheitsdaten.jpg\",\"datePublished\":\"2026-02-25T07:25:38+00:00\",\"breadcrumb\":{\"@id\":\"https:\/\/www.interpharma.ch\/fr\/themen\/a-la-pointe-de-la-recherche-et-developpement\/des-donnees-medicales-de-qualite-pour-garantir-le-progres-medical\/transparence-des-donnees\/#breadcrumb\"},\"inLanguage\":\"fr-FR\",\"potentialAction\":[{\"@type\":\"ReadAction\",\"target\":[\"https:\/\/www.interpharma.ch\/fr\/themen\/a-la-pointe-de-la-recherche-et-developpement\/des-donnees-medicales-de-qualite-pour-garantir-le-progres-medical\/transparence-des-donnees\/\"]}]},{\"@type\":\"ImageObject\",\"inLanguage\":\"fr-FR\",\"@id\":\"https:\/\/www.interpharma.ch\/fr\/themen\/a-la-pointe-de-la-recherche-et-developpement\/des-donnees-medicales-de-qualite-pour-garantir-le-progres-medical\/transparence-des-donnees\/#primaryimage\",\"url\":\"https:\/\/www.interpharma.ch\/wp-content\/uploads\/2026\/03\/Interpharma_fuehrendinforschungundentwicklung_hochwertigegesundheitsdaten.jpg\",\"contentUrl\":\"https:\/\/www.interpharma.ch\/wp-content\/uploads\/2026\/03\/Interpharma_fuehrendinforschungundentwicklung_hochwertigegesundheitsdaten.jpg\",\"width\":960,\"height\":721},{\"@type\":\"BreadcrumbList\",\"@id\":\"https:\/\/www.interpharma.ch\/fr\/themen\/a-la-pointe-de-la-recherche-et-developpement\/des-donnees-medicales-de-qualite-pour-garantir-le-progres-medical\/transparence-des-donnees\/#breadcrumb\",\"itemListElement\":[{\"@type\":\"ListItem\",\"position\":1,\"name\":\"Startseite\",\"item\":\"https:\/\/www.interpharma.ch\/fr\/\"},{\"@type\":\"ListItem\",\"position\":2,\"name\":\"Nos th\u00e8mes\",\"item\":\"https:\/\/www.interpharma.ch\/fr\/themen\/\"},{\"@type\":\"ListItem\",\"position\":3,\"name\":\"\u00c0 la pointe de la recherche et d\u00e9veloppement\",\"item\":\"https:\/\/www.interpharma.ch\/fr\/themen\/a-la-pointe-de-la-recherche-et-developpement\/\"},{\"@type\":\"ListItem\",\"position\":4,\"name\":\"Des donn\u00e9es m\u00e9dicales de qualit\u00e9 pour garantir le progr\u00e8s m\u00e9dical\",\"item\":\"https:\/\/www.interpharma.ch\/fr\/themen\/a-la-pointe-de-la-recherche-et-developpement\/des-donnees-medicales-de-qualite-pour-garantir-le-progres-medical\/\"},{\"@type\":\"ListItem\",\"position\":5,\"name\":\"Transparence des donn\u00e9es\"}]},{\"@type\":\"WebSite\",\"@id\":\"https:\/\/www.interpharma.ch\/#website\",\"url\":\"https:\/\/www.interpharma.ch\/\",\"name\":\"Interpharma\",\"description\":\"Verband der forschenden Pharmazeutischen Firmen\",\"publisher\":{\"@id\":\"https:\/\/www.interpharma.ch\/#organization\"},\"potentialAction\":[{\"@type\":\"SearchAction\",\"target\":{\"@type\":\"EntryPoint\",\"urlTemplate\":\"https:\/\/www.interpharma.ch\/?s={search_term_string}\"},\"query-input\":{\"@type\":\"PropertyValueSpecification\",\"valueRequired\":true,\"valueName\":\"search_term_string\"}}],\"inLanguage\":\"fr-FR\"},{\"@type\":\"Organization\",\"@id\":\"https:\/\/www.interpharma.ch\/#organization\",\"name\":\"Interpharma\",\"url\":\"https:\/\/www.interpharma.ch\/\",\"logo\":{\"@type\":\"ImageObject\",\"inLanguage\":\"fr-FR\",\"@id\":\"https:\/\/www.interpharma.ch\/#\/schema\/logo\/image\/\",\"url\":\"https:\/\/interpharma.ch\/wp-content\/uploads\/2026\/03\/20251014_iph_logo_wort_bildmarke_rgb_final_cu01.svg\",\"contentUrl\":\"https:\/\/interpharma.ch\/wp-content\/uploads\/2026\/03\/20251014_iph_logo_wort_bildmarke_rgb_final_cu01.svg\",\"width\":\"1200\",\"height\":\"1200\",\"caption\":\"Interpharma\"},\"image\":{\"@id\":\"https:\/\/www.interpharma.ch\/#\/schema\/logo\/image\/\"},\"sameAs\":[\"https:\/\/x.com\/interpharma_ch\",\"https:\/\/ch.linkedin.com\/company\/interpharma\",\"https:\/\/www.instagram.com\/interpharma_ch\/\"]}]}<\/script>\n<!-- \/ Yoast SEO Premium plugin. -->","yoast_head_json":{"title":"Transparence des donn\u00e9es - Interpharma","robots":{"index":"index","follow":"follow","max-snippet":"max-snippet:-1","max-image-preview":"max-image-preview:large","max-video-preview":"max-video-preview:-1"},"canonical":"https:\/\/www.interpharma.ch\/fr\/themen\/a-la-pointe-de-la-recherche-et-developpement\/des-donnees-medicales-de-qualite-pour-garantir-le-progres-medical\/transparence-des-donnees\/","og_locale":"fr_FR","og_type":"article","og_title":"Transparence des donn\u00e9es","og_description":"Les donn\u00e9es relev\u00e9es par les entreprises pharmaceutiques dans le cadre d\u2019essais cliniques et transmises aux autorit\u00e9s d\u2019homologation pour demander l\u2019autorisation de mise sur le march\u00e9 sont confidentielles et soumises \u00e0 des r\u00e8gles strictes de protection des donn\u00e9es. C\u2019est le seul moyen de garantir une protection suffisante de la sph\u00e8re priv\u00e9e des patient-e-s. Sur la base [&hellip;]","og_url":"https:\/\/www.interpharma.ch\/fr\/themen\/a-la-pointe-de-la-recherche-et-developpement\/des-donnees-medicales-de-qualite-pour-garantir-le-progres-medical\/transparence-des-donnees\/","og_site_name":"Interpharma","og_image":[{"width":960,"height":721,"url":"https:\/\/www.interpharma.ch\/wp-content\/uploads\/2026\/03\/Interpharma_fuehrendinforschungundentwicklung_hochwertigegesundheitsdaten.jpg","type":"image\/jpeg"}],"twitter_card":"summary_large_image","twitter_site":"@interpharma_ch","twitter_misc":{"Dur\u00e9e de lecture estim\u00e9e":"3 minutes"},"schema":{"@context":"https:\/\/schema.org","@graph":[{"@type":"WebPage","@id":"https:\/\/www.interpharma.ch\/fr\/themen\/a-la-pointe-de-la-recherche-et-developpement\/des-donnees-medicales-de-qualite-pour-garantir-le-progres-medical\/transparence-des-donnees\/","url":"https:\/\/www.interpharma.ch\/fr\/themen\/a-la-pointe-de-la-recherche-et-developpement\/des-donnees-medicales-de-qualite-pour-garantir-le-progres-medical\/transparence-des-donnees\/","name":"Transparence des donn\u00e9es - Interpharma","isPartOf":{"@id":"https:\/\/www.interpharma.ch\/#website"},"primaryImageOfPage":{"@id":"https:\/\/www.interpharma.ch\/fr\/themen\/a-la-pointe-de-la-recherche-et-developpement\/des-donnees-medicales-de-qualite-pour-garantir-le-progres-medical\/transparence-des-donnees\/#primaryimage"},"image":{"@id":"https:\/\/www.interpharma.ch\/fr\/themen\/a-la-pointe-de-la-recherche-et-developpement\/des-donnees-medicales-de-qualite-pour-garantir-le-progres-medical\/transparence-des-donnees\/#primaryimage"},"thumbnailUrl":"https:\/\/www.interpharma.ch\/wp-content\/uploads\/2026\/03\/Interpharma_fuehrendinforschungundentwicklung_hochwertigegesundheitsdaten.jpg","datePublished":"2026-02-25T07:25:38+00:00","breadcrumb":{"@id":"https:\/\/www.interpharma.ch\/fr\/themen\/a-la-pointe-de-la-recherche-et-developpement\/des-donnees-medicales-de-qualite-pour-garantir-le-progres-medical\/transparence-des-donnees\/#breadcrumb"},"inLanguage":"fr-FR","potentialAction":[{"@type":"ReadAction","target":["https:\/\/www.interpharma.ch\/fr\/themen\/a-la-pointe-de-la-recherche-et-developpement\/des-donnees-medicales-de-qualite-pour-garantir-le-progres-medical\/transparence-des-donnees\/"]}]},{"@type":"ImageObject","inLanguage":"fr-FR","@id":"https:\/\/www.interpharma.ch\/fr\/themen\/a-la-pointe-de-la-recherche-et-developpement\/des-donnees-medicales-de-qualite-pour-garantir-le-progres-medical\/transparence-des-donnees\/#primaryimage","url":"https:\/\/www.interpharma.ch\/wp-content\/uploads\/2026\/03\/Interpharma_fuehrendinforschungundentwicklung_hochwertigegesundheitsdaten.jpg","contentUrl":"https:\/\/www.interpharma.ch\/wp-content\/uploads\/2026\/03\/Interpharma_fuehrendinforschungundentwicklung_hochwertigegesundheitsdaten.jpg","width":960,"height":721},{"@type":"BreadcrumbList","@id":"https:\/\/www.interpharma.ch\/fr\/themen\/a-la-pointe-de-la-recherche-et-developpement\/des-donnees-medicales-de-qualite-pour-garantir-le-progres-medical\/transparence-des-donnees\/#breadcrumb","itemListElement":[{"@type":"ListItem","position":1,"name":"Startseite","item":"https:\/\/www.interpharma.ch\/fr\/"},{"@type":"ListItem","position":2,"name":"Nos th\u00e8mes","item":"https:\/\/www.interpharma.ch\/fr\/themen\/"},{"@type":"ListItem","position":3,"name":"\u00c0 la pointe de la recherche et d\u00e9veloppement","item":"https:\/\/www.interpharma.ch\/fr\/themen\/a-la-pointe-de-la-recherche-et-developpement\/"},{"@type":"ListItem","position":4,"name":"Des donn\u00e9es m\u00e9dicales de qualit\u00e9 pour garantir le progr\u00e8s m\u00e9dical","item":"https:\/\/www.interpharma.ch\/fr\/themen\/a-la-pointe-de-la-recherche-et-developpement\/des-donnees-medicales-de-qualite-pour-garantir-le-progres-medical\/"},{"@type":"ListItem","position":5,"name":"Transparence des donn\u00e9es"}]},{"@type":"WebSite","@id":"https:\/\/www.interpharma.ch\/#website","url":"https:\/\/www.interpharma.ch\/","name":"Interpharma","description":"Verband der forschenden Pharmazeutischen Firmen","publisher":{"@id":"https:\/\/www.interpharma.ch\/#organization"},"potentialAction":[{"@type":"SearchAction","target":{"@type":"EntryPoint","urlTemplate":"https:\/\/www.interpharma.ch\/?s={search_term_string}"},"query-input":{"@type":"PropertyValueSpecification","valueRequired":true,"valueName":"search_term_string"}}],"inLanguage":"fr-FR"},{"@type":"Organization","@id":"https:\/\/www.interpharma.ch\/#organization","name":"Interpharma","url":"https:\/\/www.interpharma.ch\/","logo":{"@type":"ImageObject","inLanguage":"fr-FR","@id":"https:\/\/www.interpharma.ch\/#\/schema\/logo\/image\/","url":"https:\/\/interpharma.ch\/wp-content\/uploads\/2026\/03\/20251014_iph_logo_wort_bildmarke_rgb_final_cu01.svg","contentUrl":"https:\/\/interpharma.ch\/wp-content\/uploads\/2026\/03\/20251014_iph_logo_wort_bildmarke_rgb_final_cu01.svg","width":"1200","height":"1200","caption":"Interpharma"},"image":{"@id":"https:\/\/www.interpharma.ch\/#\/schema\/logo\/image\/"},"sameAs":["https:\/\/x.com\/interpharma_ch","https:\/\/ch.linkedin.com\/company\/interpharma","https:\/\/www.instagram.com\/interpharma_ch\/"]}]}},"_links":{"self":[{"href":"https:\/\/www.interpharma.ch\/fr\/wp-json\/wp\/v2\/pages\/3934","targetHints":{"allow":["GET"]}}],"collection":[{"href":"https:\/\/www.interpharma.ch\/fr\/wp-json\/wp\/v2\/pages"}],"about":[{"href":"https:\/\/www.interpharma.ch\/fr\/wp-json\/wp\/v2\/types\/page"}],"author":[{"embeddable":true,"href":"https:\/\/www.interpharma.ch\/fr\/wp-json\/wp\/v2\/users\/1"}],"replies":[{"embeddable":true,"href":"https:\/\/www.interpharma.ch\/fr\/wp-json\/wp\/v2\/comments?post=3934"}],"version-history":[{"count":1,"href":"https:\/\/www.interpharma.ch\/fr\/wp-json\/wp\/v2\/pages\/3934\/revisions"}],"predecessor-version":[{"id":3935,"href":"https:\/\/www.interpharma.ch\/fr\/wp-json\/wp\/v2\/pages\/3934\/revisions\/3935"}],"up":[{"embeddable":true,"href":"https:\/\/www.interpharma.ch\/fr\/wp-json\/wp\/v2\/pages\/4158"}],"wp:featuredmedia":[{"embeddable":true,"href":"https:\/\/www.interpharma.ch\/fr\/wp-json\/wp\/v2\/media\/14784"}],"wp:attachment":[{"href":"https:\/\/www.interpharma.ch\/fr\/wp-json\/wp\/v2\/media?parent=3934"}],"curies":[{"name":"wp","href":"https:\/\/api.w.org\/{rel}","templated":true}]}}