{"id":3900,"date":"2026-02-25T08:25:35","date_gmt":"2026-02-25T07:25:35","guid":{"rendered":"https:\/\/iph-multisite.berta-bewegt.ch\/?page_id=3900"},"modified":"2026-02-25T13:16:23","modified_gmt":"2026-02-25T12:16:23","slug":"production-pharma-de-pointe","status":"publish","type":"page","link":"https:\/\/www.interpharma.ch\/fr\/themen\/un-cadre-solide-en-matiere-de-politique-economique\/place-pharmaceutique-suisse\/production-pharma-de-pointe\/","title":{"rendered":"Production pharma de pointe"},"content":{"rendered":"\n<p>La Suisse est connue dans le monde entier pour sa recherche de pointe dans l\u2019industrie pharmaceutique, mais beaucoup ignorent qu\u2019elle est \u00e9galement un site majeur de production de m\u00e9dicaments. Avec 19 sites de production et environ 10\u2019000 collaboratrices et collaborateurs, la production pharmaceutique des membres d\u2019Interpharma joue un r\u00f4le central pour l\u2019\u00e9conomie et la prosp\u00e9rit\u00e9, tout en assurant l\u2019approvisionnement des patientes et patients en m\u00e9dicaments, en Suisse comme dans le reste du monde. Elle garantit des emplois et contribue de mani\u00e8re d\u00e9terminante aux succ\u00e8s \u00e0 l\u2019exportation de la Suisse, dont le r\u00e9seau est international. \u00c0 l\u2019instar du solide secteur chimique suisse, les fournisseurs de la production pharmaceutique sont \u00e9galement un facteur de r\u00e9ussite important pour le site de production suisse. <\/p>\n\n\n\n<p>La r\u00e9ussite conjointe de l\u2019industrie et du site repose sur la stabilit\u00e9 politique et la s\u00e9curit\u00e9 juridique, un environnement attrayant pour les investissements et, en particulier, un acc\u00e8s sans entraves aux march\u00e9s d\u2019exportation et d\u2019importation. L\u2019industrie pharmaceutique suisse d\u00e9pend d\u2019un ordre commercial multilat\u00e9ral stable pour l\u2019importation et l\u2019exportation de ses produits. Celui-ci est toutefois de plus en plus sous pression. En raison notamment de ces d\u00e9fis g\u00e9opolitiques, il s\u2019agit de renforcer les avantages du site. Si la qualit\u00e9 suisse jouit d\u2019une excellente r\u00e9putation dans le monde entier, elle ne saurait suffire \u00e0 elle seule dans une industrie en pleine mutation. La production de m\u00e9dicaments est \u00e0 l\u2019aube d\u2019une transformation : l\u2019intelligence artificielle, la robotique et l\u2019automatisation r\u00e9volutionnent les processus de fabrication. La production pharma de pointe est le nouveau mot d\u2019ordre. Elle ne se r\u00e9sume pas \u00e0 une simple am\u00e9lioration de l\u2019efficacit\u00e9 : elle ouvre la voie pour continuer \u00e0 r\u00e9pondre aux exigences \u00e9lev\u00e9es en mati\u00e8re de qualit\u00e9, de s\u00e9curit\u00e9 et de fiabilit\u00e9 de l\u2019approvisionnement, tout en restant \u00e0 la pointe en mati\u00e8re de comp\u00e9titivit\u00e9. Cela implique bien s\u00fbr aussi des d\u00e9fis, dont les plus importants sont les exigences r\u00e9glementaires, la p\u00e9nurie de main-d\u2019\u0153uvre qualifi\u00e9e et la pression de la concurrence internationale.<\/p>\n\n\n\n<h2 class=\"wp-block-heading\" id=\"h-elements-de-pointe-dans-la-production\"><strong>\u00c9l\u00e9ments de pointe dans la production<\/strong><\/h2>\n\n\n\n<p>La profonde mutation de la production pharmaceutique suisse doit \u00eatre ma\u00eetris\u00e9e principalement \u00e0 l\u2019aide des nouvelles technologies. En font notamment partie les \u00e9l\u00e9ments de pointe qui am\u00e9liorent la fiabilit\u00e9, la stabilit\u00e9 et l\u2019efficacit\u00e9 des processus de fabrication et des cha\u00eenes d\u2019approvisionnement, permettant ainsi aux patientes et aux patients d\u2019acc\u00e9der plus rapidement et en toute s\u00e9curit\u00e9 \u00e0 des m\u00e9dicaments de qualit\u00e9. Les processus hautement automatis\u00e9s garantissent une pr\u00e9cision maximale, tandis que l\u2019intelligence artificielle (IA) analyse par exemple les couleurs ou les particules en temps r\u00e9el. Les mod\u00e8les de processus permettent \u00e0 la fois la simulation et l\u2019optimisation (jumeaux num\u00e9riques ou \u00abdigital twins\u00bb), mais aussi le contr\u00f4le avanc\u00e9 des processus en temps r\u00e9el. Ces avanc\u00e9es permettent un contr\u00f4le continu de la qualit\u00e9, augmentent la vitesse de production et r\u00e9duisent le risque d\u2019erreurs humaines.<\/p>\n\n\n\n<p>\u00c0 l\u2019avenir, les entreprises qui r\u00e9ussiront seront celles qui mettront en \u0153uvre les technologies innovantes de mani\u00e8re cibl\u00e9e et les transformeront en progr\u00e8s mesurables. L\u2019industrie pharmaceutique suisse est certes sur la bonne voie, mais il reste encore beaucoup \u00e0 faire pour garantir sa comp\u00e9titivit\u00e9 \u00e0 long terme. Or, l\u2019utilisation des nouvelles technologies a aussi ses inconv\u00e9nients : d\u00e9pendances technologiques, exigences plus \u00e9lev\u00e9es en mati\u00e8re de durabilit\u00e9, d\u00e9fis \u00e9conomiques consid\u00e9rables. \u00c0 cela s\u2019ajoute le facteur humain : la Suisse dispose certes d\u2019une main-d\u2019\u0153uvre hautement qualifi\u00e9e, mais les besoins augmentent plus rapidement que l\u2019offre. Dans les secteurs de pointe en particulier, de nouveaux profils professionnels voient le jour, n\u00e9cessitant un d\u00e9veloppement cibl\u00e9 de la formation et des qualifications. La question centrale est la suivante : la Suisse peut-elle continuer \u00e0 renforcer ses sites de production pharmaceutique en tant que leader de l\u2019innovation ou faut-il craindre une d\u00e9localisation? Depuis plus de dix ans, la Suisse est en t\u00eate du Global Innovation Index (OMPI). Selon le rapport, le pays est le plus efficace au monde pour transformer les investissements dans l\u2019innovation en r\u00e9sultats. Cette condition doit \u00e9galement \u00eatre transpos\u00e9e dans les produits pharmaceutiques de pointe. Pour relever ce d\u00e9fi, des mesures cibl\u00e9es sont n\u00e9cessaires \u2013 de la promotion des investissements technologiques \u00e0 la garantie d\u2019un environnement r\u00e9glementaire et \u00e9conomique stable. <\/p>\n\n\n\n<figure class=\"wp-block-image size-large\"><img decoding=\"async\" src=\"https:\/\/interpharma.ch\/wp-content\/uploads\/2025\/07\/Tab_FR-1024x643.png\" alt=\"\" class=\"wp-image-27496\"\/><\/figure>\n\n\n\n<figure class=\"wp-block-embed is-type-video is-provider-youtube wp-block-embed-youtube wp-embed-aspect-16-9 wp-has-aspect-ratio\"><div class=\"wp-block-embed__wrapper\">\n<iframe loading=\"lazy\" title=\"Comment na\u00eet un nouveau m\u00e9dicament?\" width=\"500\" height=\"281\" src=\"https:\/\/www.youtube.com\/embed\/i6XUavlUeQo?feature=oembed\" frameborder=\"0\" allow=\"accelerometer; autoplay; clipboard-write; encrypted-media; gyroscope; picture-in-picture; web-share\" referrerpolicy=\"strict-origin-when-cross-origin\" allowfullscreen><\/iframe>\n<\/div><\/figure>\n","protected":false},"excerpt":{"rendered":"<p>La Suisse est connue dans le monde entier pour sa recherche de pointe dans l\u2019industrie pharmaceutique, mais beaucoup ignorent qu\u2019elle est \u00e9galement un site majeur de production de m\u00e9dicaments. Avec 19 sites de production et environ 10\u2019000 collaboratrices et collaborateurs, la production pharmaceutique des membres d\u2019Interpharma joue un r\u00f4le central pour l\u2019\u00e9conomie et la prosp\u00e9rit\u00e9, [&hellip;]<\/p>\n","protected":false},"author":1,"featured_media":0,"parent":4188,"menu_order":0,"comment_status":"closed","ping_status":"closed","template":"page-templates\/unterthema.php","meta":{"_acf_changed":false,"inline_featured_image":false,"footnotes":""},"class_list":["post-3900","page","type-page","status-publish","hentry"],"acf":[],"yoast_head":"<!-- This site is optimized with the Yoast SEO Premium plugin v27.2 (Yoast SEO v27.2) - https:\/\/yoast.com\/product\/yoast-seo-premium-wordpress\/ -->\n<title>Production pharma de pointe - Interpharma<\/title>\n<meta name=\"robots\" content=\"index, follow, max-snippet:-1, max-image-preview:large, max-video-preview:-1\" \/>\n<link rel=\"canonical\" href=\"https:\/\/www.interpharma.ch\/fr\/themen\/un-cadre-solide-en-matiere-de-politique-economique\/place-pharmaceutique-suisse\/production-pharma-de-pointe\/\" \/>\n<meta property=\"og:locale\" content=\"fr_FR\" \/>\n<meta property=\"og:type\" content=\"article\" \/>\n<meta property=\"og:title\" content=\"Production pharma de pointe\" \/>\n<meta property=\"og:description\" content=\"La Suisse est connue dans le monde entier pour sa recherche de pointe dans l\u2019industrie pharmaceutique, mais beaucoup ignorent qu\u2019elle est \u00e9galement un site majeur de production de m\u00e9dicaments. Avec 19 sites de production et environ 10\u2019000 collaboratrices et collaborateurs, la production pharmaceutique des membres d\u2019Interpharma joue un r\u00f4le central pour l\u2019\u00e9conomie et la prosp\u00e9rit\u00e9, [&hellip;]\" \/>\n<meta property=\"og:url\" content=\"https:\/\/www.interpharma.ch\/fr\/themen\/un-cadre-solide-en-matiere-de-politique-economique\/place-pharmaceutique-suisse\/production-pharma-de-pointe\/\" \/>\n<meta property=\"og:site_name\" content=\"Interpharma\" \/>\n<meta property=\"article:modified_time\" content=\"2026-02-25T12:16:23+00:00\" \/>\n<meta property=\"og:image\" content=\"https:\/\/interpharma.ch\/wp-content\/uploads\/2025\/07\/Tab_FR-1024x643.png\" \/>\n<meta name=\"twitter:card\" content=\"summary_large_image\" \/>\n<meta name=\"twitter:site\" content=\"@interpharma_ch\" \/>\n<meta name=\"twitter:label1\" content=\"Dur\u00e9e de lecture estim\u00e9e\" \/>\n\t<meta name=\"twitter:data1\" content=\"4 minutes\" \/>\n<script type=\"application\/ld+json\" class=\"yoast-schema-graph\">{\"@context\":\"https:\/\/schema.org\",\"@graph\":[{\"@type\":\"WebPage\",\"@id\":\"https:\/\/www.interpharma.ch\/fr\/themen\/un-cadre-solide-en-matiere-de-politique-economique\/place-pharmaceutique-suisse\/production-pharma-de-pointe\/\",\"url\":\"https:\/\/www.interpharma.ch\/fr\/themen\/un-cadre-solide-en-matiere-de-politique-economique\/place-pharmaceutique-suisse\/production-pharma-de-pointe\/\",\"name\":\"Production pharma de pointe - Interpharma\",\"isPartOf\":{\"@id\":\"https:\/\/www.interpharma.ch\/#website\"},\"primaryImageOfPage\":{\"@id\":\"https:\/\/www.interpharma.ch\/fr\/themen\/un-cadre-solide-en-matiere-de-politique-economique\/place-pharmaceutique-suisse\/production-pharma-de-pointe\/#primaryimage\"},\"image\":{\"@id\":\"https:\/\/www.interpharma.ch\/fr\/themen\/un-cadre-solide-en-matiere-de-politique-economique\/place-pharmaceutique-suisse\/production-pharma-de-pointe\/#primaryimage\"},\"thumbnailUrl\":\"https:\/\/interpharma.ch\/wp-content\/uploads\/2025\/07\/Tab_FR-1024x643.png\",\"datePublished\":\"2026-02-25T07:25:35+00:00\",\"dateModified\":\"2026-02-25T12:16:23+00:00\",\"breadcrumb\":{\"@id\":\"https:\/\/www.interpharma.ch\/fr\/themen\/un-cadre-solide-en-matiere-de-politique-economique\/place-pharmaceutique-suisse\/production-pharma-de-pointe\/#breadcrumb\"},\"inLanguage\":\"fr-FR\",\"potentialAction\":[{\"@type\":\"ReadAction\",\"target\":[\"https:\/\/www.interpharma.ch\/fr\/themen\/un-cadre-solide-en-matiere-de-politique-economique\/place-pharmaceutique-suisse\/production-pharma-de-pointe\/\"]}]},{\"@type\":\"ImageObject\",\"inLanguage\":\"fr-FR\",\"@id\":\"https:\/\/www.interpharma.ch\/fr\/themen\/un-cadre-solide-en-matiere-de-politique-economique\/place-pharmaceutique-suisse\/production-pharma-de-pointe\/#primaryimage\",\"url\":\"https:\/\/interpharma.ch\/wp-content\/uploads\/2025\/07\/Tab_FR-1024x643.png\",\"contentUrl\":\"https:\/\/interpharma.ch\/wp-content\/uploads\/2025\/07\/Tab_FR-1024x643.png\"},{\"@type\":\"BreadcrumbList\",\"@id\":\"https:\/\/www.interpharma.ch\/fr\/themen\/un-cadre-solide-en-matiere-de-politique-economique\/place-pharmaceutique-suisse\/production-pharma-de-pointe\/#breadcrumb\",\"itemListElement\":[{\"@type\":\"ListItem\",\"position\":1,\"name\":\"Startseite\",\"item\":\"https:\/\/www.interpharma.ch\/fr\/\"},{\"@type\":\"ListItem\",\"position\":2,\"name\":\"Nos th\u00e8mes\",\"item\":\"https:\/\/www.interpharma.ch\/fr\/themen\/\"},{\"@type\":\"ListItem\",\"position\":3,\"name\":\"Un cadre solide en mati\u00e8re de politique \u00e9conomique\",\"item\":\"https:\/\/www.interpharma.ch\/fr\/themen\/un-cadre-solide-en-matiere-de-politique-economique\/\"},{\"@type\":\"ListItem\",\"position\":4,\"name\":\"Place pharmaceutique suisse\",\"item\":\"https:\/\/www.interpharma.ch\/fr\/themen\/un-cadre-solide-en-matiere-de-politique-economique\/place-pharmaceutique-suisse\/\"},{\"@type\":\"ListItem\",\"position\":5,\"name\":\"Production pharma de pointe\"}]},{\"@type\":\"WebSite\",\"@id\":\"https:\/\/www.interpharma.ch\/#website\",\"url\":\"https:\/\/www.interpharma.ch\/\",\"name\":\"Interpharma\",\"description\":\"Verband der forschenden Pharmazeutischen Firmen\",\"publisher\":{\"@id\":\"https:\/\/www.interpharma.ch\/#organization\"},\"potentialAction\":[{\"@type\":\"SearchAction\",\"target\":{\"@type\":\"EntryPoint\",\"urlTemplate\":\"https:\/\/www.interpharma.ch\/?s={search_term_string}\"},\"query-input\":{\"@type\":\"PropertyValueSpecification\",\"valueRequired\":true,\"valueName\":\"search_term_string\"}}],\"inLanguage\":\"fr-FR\"},{\"@type\":\"Organization\",\"@id\":\"https:\/\/www.interpharma.ch\/#organization\",\"name\":\"Interpharma\",\"url\":\"https:\/\/www.interpharma.ch\/\",\"logo\":{\"@type\":\"ImageObject\",\"inLanguage\":\"fr-FR\",\"@id\":\"https:\/\/www.interpharma.ch\/#\/schema\/logo\/image\/\",\"url\":\"https:\/\/interpharma.ch\/wp-content\/uploads\/2026\/03\/20251014_iph_logo_wort_bildmarke_rgb_final_cu01.svg\",\"contentUrl\":\"https:\/\/interpharma.ch\/wp-content\/uploads\/2026\/03\/20251014_iph_logo_wort_bildmarke_rgb_final_cu01.svg\",\"width\":\"1200\",\"height\":\"1200\",\"caption\":\"Interpharma\"},\"image\":{\"@id\":\"https:\/\/www.interpharma.ch\/#\/schema\/logo\/image\/\"},\"sameAs\":[\"https:\/\/x.com\/interpharma_ch\",\"https:\/\/ch.linkedin.com\/company\/interpharma\",\"https:\/\/www.instagram.com\/interpharma_ch\/\"]}]}<\/script>\n<!-- \/ Yoast SEO Premium plugin. -->","yoast_head_json":{"title":"Production pharma de pointe - Interpharma","robots":{"index":"index","follow":"follow","max-snippet":"max-snippet:-1","max-image-preview":"max-image-preview:large","max-video-preview":"max-video-preview:-1"},"canonical":"https:\/\/www.interpharma.ch\/fr\/themen\/un-cadre-solide-en-matiere-de-politique-economique\/place-pharmaceutique-suisse\/production-pharma-de-pointe\/","og_locale":"fr_FR","og_type":"article","og_title":"Production pharma de pointe","og_description":"La Suisse est connue dans le monde entier pour sa recherche de pointe dans l\u2019industrie pharmaceutique, mais beaucoup ignorent qu\u2019elle est \u00e9galement un site majeur de production de m\u00e9dicaments. Avec 19 sites de production et environ 10\u2019000 collaboratrices et collaborateurs, la production pharmaceutique des membres d\u2019Interpharma joue un r\u00f4le central pour l\u2019\u00e9conomie et la prosp\u00e9rit\u00e9, [&hellip;]","og_url":"https:\/\/www.interpharma.ch\/fr\/themen\/un-cadre-solide-en-matiere-de-politique-economique\/place-pharmaceutique-suisse\/production-pharma-de-pointe\/","og_site_name":"Interpharma","article_modified_time":"2026-02-25T12:16:23+00:00","og_image":[{"url":"https:\/\/interpharma.ch\/wp-content\/uploads\/2025\/07\/Tab_FR-1024x643.png","type":"","width":"","height":""}],"twitter_card":"summary_large_image","twitter_site":"@interpharma_ch","twitter_misc":{"Dur\u00e9e de lecture estim\u00e9e":"4 minutes"},"schema":{"@context":"https:\/\/schema.org","@graph":[{"@type":"WebPage","@id":"https:\/\/www.interpharma.ch\/fr\/themen\/un-cadre-solide-en-matiere-de-politique-economique\/place-pharmaceutique-suisse\/production-pharma-de-pointe\/","url":"https:\/\/www.interpharma.ch\/fr\/themen\/un-cadre-solide-en-matiere-de-politique-economique\/place-pharmaceutique-suisse\/production-pharma-de-pointe\/","name":"Production pharma de pointe - Interpharma","isPartOf":{"@id":"https:\/\/www.interpharma.ch\/#website"},"primaryImageOfPage":{"@id":"https:\/\/www.interpharma.ch\/fr\/themen\/un-cadre-solide-en-matiere-de-politique-economique\/place-pharmaceutique-suisse\/production-pharma-de-pointe\/#primaryimage"},"image":{"@id":"https:\/\/www.interpharma.ch\/fr\/themen\/un-cadre-solide-en-matiere-de-politique-economique\/place-pharmaceutique-suisse\/production-pharma-de-pointe\/#primaryimage"},"thumbnailUrl":"https:\/\/interpharma.ch\/wp-content\/uploads\/2025\/07\/Tab_FR-1024x643.png","datePublished":"2026-02-25T07:25:35+00:00","dateModified":"2026-02-25T12:16:23+00:00","breadcrumb":{"@id":"https:\/\/www.interpharma.ch\/fr\/themen\/un-cadre-solide-en-matiere-de-politique-economique\/place-pharmaceutique-suisse\/production-pharma-de-pointe\/#breadcrumb"},"inLanguage":"fr-FR","potentialAction":[{"@type":"ReadAction","target":["https:\/\/www.interpharma.ch\/fr\/themen\/un-cadre-solide-en-matiere-de-politique-economique\/place-pharmaceutique-suisse\/production-pharma-de-pointe\/"]}]},{"@type":"ImageObject","inLanguage":"fr-FR","@id":"https:\/\/www.interpharma.ch\/fr\/themen\/un-cadre-solide-en-matiere-de-politique-economique\/place-pharmaceutique-suisse\/production-pharma-de-pointe\/#primaryimage","url":"https:\/\/interpharma.ch\/wp-content\/uploads\/2025\/07\/Tab_FR-1024x643.png","contentUrl":"https:\/\/interpharma.ch\/wp-content\/uploads\/2025\/07\/Tab_FR-1024x643.png"},{"@type":"BreadcrumbList","@id":"https:\/\/www.interpharma.ch\/fr\/themen\/un-cadre-solide-en-matiere-de-politique-economique\/place-pharmaceutique-suisse\/production-pharma-de-pointe\/#breadcrumb","itemListElement":[{"@type":"ListItem","position":1,"name":"Startseite","item":"https:\/\/www.interpharma.ch\/fr\/"},{"@type":"ListItem","position":2,"name":"Nos th\u00e8mes","item":"https:\/\/www.interpharma.ch\/fr\/themen\/"},{"@type":"ListItem","position":3,"name":"Un cadre solide en mati\u00e8re de politique \u00e9conomique","item":"https:\/\/www.interpharma.ch\/fr\/themen\/un-cadre-solide-en-matiere-de-politique-economique\/"},{"@type":"ListItem","position":4,"name":"Place pharmaceutique suisse","item":"https:\/\/www.interpharma.ch\/fr\/themen\/un-cadre-solide-en-matiere-de-politique-economique\/place-pharmaceutique-suisse\/"},{"@type":"ListItem","position":5,"name":"Production pharma de pointe"}]},{"@type":"WebSite","@id":"https:\/\/www.interpharma.ch\/#website","url":"https:\/\/www.interpharma.ch\/","name":"Interpharma","description":"Verband der forschenden Pharmazeutischen Firmen","publisher":{"@id":"https:\/\/www.interpharma.ch\/#organization"},"potentialAction":[{"@type":"SearchAction","target":{"@type":"EntryPoint","urlTemplate":"https:\/\/www.interpharma.ch\/?s={search_term_string}"},"query-input":{"@type":"PropertyValueSpecification","valueRequired":true,"valueName":"search_term_string"}}],"inLanguage":"fr-FR"},{"@type":"Organization","@id":"https:\/\/www.interpharma.ch\/#organization","name":"Interpharma","url":"https:\/\/www.interpharma.ch\/","logo":{"@type":"ImageObject","inLanguage":"fr-FR","@id":"https:\/\/www.interpharma.ch\/#\/schema\/logo\/image\/","url":"https:\/\/interpharma.ch\/wp-content\/uploads\/2026\/03\/20251014_iph_logo_wort_bildmarke_rgb_final_cu01.svg","contentUrl":"https:\/\/interpharma.ch\/wp-content\/uploads\/2026\/03\/20251014_iph_logo_wort_bildmarke_rgb_final_cu01.svg","width":"1200","height":"1200","caption":"Interpharma"},"image":{"@id":"https:\/\/www.interpharma.ch\/#\/schema\/logo\/image\/"},"sameAs":["https:\/\/x.com\/interpharma_ch","https:\/\/ch.linkedin.com\/company\/interpharma","https:\/\/www.instagram.com\/interpharma_ch\/"]}]}},"_links":{"self":[{"href":"https:\/\/www.interpharma.ch\/fr\/wp-json\/wp\/v2\/pages\/3900","targetHints":{"allow":["GET"]}}],"collection":[{"href":"https:\/\/www.interpharma.ch\/fr\/wp-json\/wp\/v2\/pages"}],"about":[{"href":"https:\/\/www.interpharma.ch\/fr\/wp-json\/wp\/v2\/types\/page"}],"author":[{"embeddable":true,"href":"https:\/\/www.interpharma.ch\/fr\/wp-json\/wp\/v2\/users\/1"}],"replies":[{"embeddable":true,"href":"https:\/\/www.interpharma.ch\/fr\/wp-json\/wp\/v2\/comments?post=3900"}],"version-history":[{"count":2,"href":"https:\/\/www.interpharma.ch\/fr\/wp-json\/wp\/v2\/pages\/3900\/revisions"}],"predecessor-version":[{"id":4494,"href":"https:\/\/www.interpharma.ch\/fr\/wp-json\/wp\/v2\/pages\/3900\/revisions\/4494"}],"up":[{"embeddable":true,"href":"https:\/\/www.interpharma.ch\/fr\/wp-json\/wp\/v2\/pages\/4188"}],"wp:attachment":[{"href":"https:\/\/www.interpharma.ch\/fr\/wp-json\/wp\/v2\/media?parent=3900"}],"curies":[{"name":"wp","href":"https:\/\/api.w.org\/{rel}","templated":true}]}}