{"id":3894,"date":"2026-02-25T08:25:35","date_gmt":"2026-02-25T07:25:35","guid":{"rendered":"https:\/\/iph-multisite.berta-bewegt.ch\/?page_id=3894"},"modified":"2026-02-25T08:25:35","modified_gmt":"2026-02-25T07:25:35","slug":"financement","status":"publish","type":"page","link":"https:\/\/www.interpharma.ch\/fr\/financement\/","title":{"rendered":"Financement"},"content":{"rendered":"\n<p>Les d\u00e9penses de sant\u00e9 de la Suisse se montent \u00e0 11.7% du produit int\u00e9rieur brut (\u00e9tat en 2024), c\u2019est-\u00e0-dire \u00e0 un niveau similaire \u00e0 celui de l\u2019Allemagne, de la France ou du Japon. En t\u00eate se classent les \u00c9tats-Unis avec une part de 16.5%. <\/p>\n\n\n\n<figure class=\"wp-block-image size-full is-resized\"><img decoding=\"async\" src=\"https:\/\/interpharma.ch\/wp-content\/uploads\/2025\/11\/image-10.png\" alt=\"\" class=\"wp-image-31178\" style=\"width:840px;height:auto\"\/><\/figure>\n\n\n\n<p>En m\u00eame temps, la part des m\u00e9dicaments dans les d\u00e9penses de sant\u00e9 reste stable depuis des ann\u00e9es \u00e0 environ 12%. Depuis l\u2019introduction de la Loi f\u00e9d\u00e9rale sur l\u2019assurance-maladie (LAMal) en 1996, l\u2019indice des prix des m\u00e9dicaments a baiss\u00e9 de 46%, c\u2019est-\u00e0-dire qu\u2019un m\u00e9dicament qui co\u00fbtait 100&nbsp;francs l\u2019ann\u00e9e de base 1996 ne co\u00fbterait plus que 54&nbsp;francs aujourd\u2019hui. Dans le m\u00eame temps, l\u2019indice des prix de toutes les autres prestations du syst\u00e8me de sant\u00e9 a augment\u00e9. <\/p>\n\n\n\n<figure class=\"wp-block-image size-full is-resized\"><img decoding=\"async\" src=\"https:\/\/interpharma.ch\/wp-content\/uploads\/2025\/11\/Screenshot-2025-11-27-122340.png\" alt=\"\" class=\"wp-image-31484\" style=\"width:840px;height:auto\"\/><\/figure>\n\n\n\n<p>Par le r\u00e9examen triennal des prix, la branche pharmaceutique contribue en outre \u00e0 une baisse r\u00e9guli\u00e8re des prix des m\u00e9dicaments: l\u2019OFSP contr\u00f4le tous les trois ans les prix de tous les m\u00e9dicaments figurant dans la liste des sp\u00e9cialit\u00e9s. Cela apporte, ann\u00e9e apr\u00e8s ann\u00e9e, des \u00e9conomies de plus de 1.5&nbsp;milliard de francs.<\/p>\n\n\n\n<p>La politique d\u00e9ploie de gros efforts pour limiter la hausse des co\u00fbts dans le syst\u00e8me de sant\u00e9. Ci-apr\u00e8s un bref aper\u00e7u des principaux projets de r\u00e9forme du financement du syst\u00e8me de sant\u00e9.<\/p>\n\n\n\n<h2 class=\"wp-block-heading\" id=\"h-mesures-de-maitrise-des-couts-volet-1-et-2\"><strong>Mesures de ma\u00eetrise des co\u00fbts (volet 1 et 2)<\/strong><\/h2>\n\n\n\n<p>Dans le cadre des volets 1 et 2 de mesures visant \u00e0 freiner la hausse des co\u00fbts, le Parlement a d\u00e9cid\u00e9 diverses mesures de ma\u00eetrise des co\u00fbts de sant\u00e9 en Suisse. Les nouveaut\u00e9s qui touchent la branche pharmaceutique sont l\u2019examen diff\u00e9renci\u00e9 des prix, les mod\u00e8les de prix confidentiels, la prise en charge provisoire des m\u00e9dicaments, ainsi que les mod\u00e8les d\u2019impact budg\u00e9taire. Les mesures d\u00e9cid\u00e9es au printemps 2025 doivent encore \u00eatre pr\u00e9cis\u00e9es dans l\u2019Ordonnance sur l\u2019assurance-maladie (OAMal) et l\u2019Ordonnance sur les prestations de l\u2019assurance des soins (OPAS), de sorte qu\u2019elles devraient entrer en vigueur d\u00e9but 2027.<\/p>\n\n\n\n<h2 class=\"wp-block-heading\" id=\"h-financement-ambulatoire-et-stationnaire-uniforme-efas\"><strong>Financement ambulatoire et stationnaire uniforme (EFAS)<\/strong><\/h2>\n\n\n\n<p>En novembre 2024, la population a approuv\u00e9 un projet de financement uniforme dans le syst\u00e8me de sant\u00e9 qui vise \u00e0 \u00e9liminer des incitations inopportunes existantes. \u00c0 l\u2019avenir, toutes les prestations de sant\u00e9 seront financ\u00e9es de la m\u00eame mani\u00e8re: \u00e0 compter du 1<sup>er<\/sup>&nbsp;janvier 2028, le financement des prestations ambulatoires et stationnaires sera r\u00e9parti de mani\u00e8re identique entre les assureurs-maladies et les cantons. Les payeurs et payeuses de prime b\u00e9n\u00e9ficieront \u00e0 l\u2019avenir du fait que de plus en plus de traitements auront lieu en ambulatoire et donc \u00e0 meilleur march\u00e9. \u00c0 partir de 2032, les soins doivent aussi \u00eatre financ\u00e9s selon ce m\u00eame syst\u00e8me.<\/p>\n\n\n\n<h2 class=\"wp-block-heading\" id=\"h-forfaits-ambulatoires\"><strong>Forfaits ambulatoires<\/strong><\/h2>\n\n\n\n<p>\u00c0 partir de 2026, le syst\u00e8me de tarification m\u00e9dicale actuel Tarmed doit \u00eatre remplac\u00e9 par TARDOC. Ce nouveau tarif pr\u00e9voit aussi l\u2019introduction de forfaits pour les traitements ambulatoires comme ils existent d\u00e9j\u00e0 depuis quelques ann\u00e9es pour les traitements stationnaires. Dans ce syst\u00e8me, les m\u00e9dicaments doivent aussi \u00eatre inclus dans les forfaits. Tandis que l\u2019introduction de forfaits est en principe positive pour accro\u00eetre l\u2019efficacit\u00e9 et favoriser l\u2019ambulatoire, les m\u00e9dicaments ne devraient pas en faire partie: si les forfaits encouragent l\u2019innovation dans les processus, ils ne sauraient refl\u00e9ter correctement les innovations de produits sur lesquelles la branche pharmaceutique se concentre principalement.<\/p>\n\n\n\n<p>Il faut que la soci\u00e9t\u00e9 et les cercles politiques \u00e9laborent une strat\u00e9gie sanitaire globale et p\u00e9renne pour notre pays. En raison de l\u2019\u00e9volution d\u00e9mographique, du progr\u00e8s m\u00e9dical constant et des exigences par cons\u00e9quent croissantes, nous avons besoin de nouvelles approches pour assurer durablement la qualit\u00e9 et le financement du syst\u00e8me de sant\u00e9 suisse, ainsi que l\u2019acc\u00e8s \u00e0 celui-ci. Pour d\u00e9finir cette strat\u00e9gie, il faut se concentrer sur le b\u00e9n\u00e9fice apport\u00e9 aux patient-e-s. Il ne sera possible d\u2019\u00e9laborer une strat\u00e9gie coh\u00e9rente, dot\u00e9e de mesures et d\u2019objectifs concrets que si tous les acteurs du syst\u00e8me de sant\u00e9 sont impliqu\u00e9s, recherchent le dialogue et coop\u00e8rent de mani\u00e8re constructive. En font partie entre autres la Conf\u00e9d\u00e9ration, les cantons, les assureurs-maladie, les fournisseurs de prestations tels qu\u2019h\u00f4pitaux, m\u00e9decins, \u00e9tablissements m\u00e9dico-sociaux, pharmacies, les patient-e-s et l\u2019industrie pharmaceutique. Tous les acteurs doivent abandonner la pens\u00e9e en silos et d\u00e9velopper une vision globale motiv\u00e9e par l\u2019objectif g\u00e9n\u00e9ral d\u2019assurer pour l\u2019avenir un syst\u00e8me de sant\u00e9 de haute qualit\u00e9 et p\u00e9renne.<\/p>\n","protected":false},"excerpt":{"rendered":"<p>Les d\u00e9penses de sant\u00e9 de la Suisse se montent \u00e0 11.7% du produit int\u00e9rieur brut (\u00e9tat en 2024), c\u2019est-\u00e0-dire \u00e0 un niveau similaire \u00e0 celui de l\u2019Allemagne, de la France ou du Japon. En t\u00eate se classent les \u00c9tats-Unis avec une part de 16.5%. En m\u00eame temps, la part des m\u00e9dicaments dans les d\u00e9penses de [&hellip;]<\/p>\n","protected":false},"author":1,"featured_media":0,"parent":0,"menu_order":3,"comment_status":"closed","ping_status":"closed","template":"page-templates\/unterthema.php","meta":{"_acf_changed":false,"inline_featured_image":false,"footnotes":""},"class_list":["post-3894","page","type-page","status-publish","hentry"],"acf":[],"yoast_head":"<!-- This site is optimized with the Yoast SEO Premium plugin v27.2 (Yoast SEO v27.2) - https:\/\/yoast.com\/product\/yoast-seo-premium-wordpress\/ -->\n<title>Financement - Interpharma<\/title>\n<meta name=\"robots\" content=\"index, follow, max-snippet:-1, max-image-preview:large, max-video-preview:-1\" \/>\n<link rel=\"canonical\" href=\"https:\/\/www.interpharma.ch\/fr\/financement\/\" \/>\n<meta property=\"og:locale\" content=\"fr_FR\" \/>\n<meta property=\"og:type\" content=\"article\" \/>\n<meta property=\"og:title\" content=\"Financement\" \/>\n<meta property=\"og:description\" content=\"Les d\u00e9penses de sant\u00e9 de la Suisse se montent \u00e0 11.7% du produit int\u00e9rieur brut (\u00e9tat en 2024), c\u2019est-\u00e0-dire \u00e0 un niveau similaire \u00e0 celui de l\u2019Allemagne, de la France ou du Japon. En t\u00eate se classent les \u00c9tats-Unis avec une part de 16.5%. En m\u00eame temps, la part des m\u00e9dicaments dans les d\u00e9penses de [&hellip;]\" \/>\n<meta property=\"og:url\" content=\"https:\/\/www.interpharma.ch\/fr\/financement\/\" \/>\n<meta property=\"og:site_name\" content=\"Interpharma\" \/>\n<meta property=\"og:image\" content=\"https:\/\/interpharma.ch\/wp-content\/uploads\/2025\/11\/image-10.png\" \/>\n<meta name=\"twitter:card\" content=\"summary_large_image\" \/>\n<meta name=\"twitter:site\" content=\"@interpharma_ch\" \/>\n<meta name=\"twitter:label1\" content=\"Dur\u00e9e de lecture estim\u00e9e\" \/>\n\t<meta name=\"twitter:data1\" content=\"4 minutes\" \/>\n<script type=\"application\/ld+json\" class=\"yoast-schema-graph\">{\"@context\":\"https:\/\/schema.org\",\"@graph\":[{\"@type\":\"WebPage\",\"@id\":\"https:\/\/www.interpharma.ch\/fr\/financement\/\",\"url\":\"https:\/\/www.interpharma.ch\/fr\/financement\/\",\"name\":\"Financement - Interpharma\",\"isPartOf\":{\"@id\":\"https:\/\/www.interpharma.ch\/#website\"},\"primaryImageOfPage\":{\"@id\":\"https:\/\/www.interpharma.ch\/fr\/financement\/#primaryimage\"},\"image\":{\"@id\":\"https:\/\/www.interpharma.ch\/fr\/financement\/#primaryimage\"},\"thumbnailUrl\":\"https:\/\/interpharma.ch\/wp-content\/uploads\/2025\/11\/image-10.png\",\"datePublished\":\"2026-02-25T07:25:35+00:00\",\"breadcrumb\":{\"@id\":\"https:\/\/www.interpharma.ch\/fr\/financement\/#breadcrumb\"},\"inLanguage\":\"fr-FR\",\"potentialAction\":[{\"@type\":\"ReadAction\",\"target\":[\"https:\/\/www.interpharma.ch\/fr\/financement\/\"]}]},{\"@type\":\"ImageObject\",\"inLanguage\":\"fr-FR\",\"@id\":\"https:\/\/www.interpharma.ch\/fr\/financement\/#primaryimage\",\"url\":\"https:\/\/interpharma.ch\/wp-content\/uploads\/2025\/11\/image-10.png\",\"contentUrl\":\"https:\/\/interpharma.ch\/wp-content\/uploads\/2025\/11\/image-10.png\"},{\"@type\":\"BreadcrumbList\",\"@id\":\"https:\/\/www.interpharma.ch\/fr\/financement\/#breadcrumb\",\"itemListElement\":[{\"@type\":\"ListItem\",\"position\":1,\"name\":\"Startseite\",\"item\":\"https:\/\/www.interpharma.ch\/fr\/\"},{\"@type\":\"ListItem\",\"position\":2,\"name\":\"Financement\"}]},{\"@type\":\"WebSite\",\"@id\":\"https:\/\/www.interpharma.ch\/#website\",\"url\":\"https:\/\/www.interpharma.ch\/\",\"name\":\"Interpharma\",\"description\":\"Verband der forschenden Pharmazeutischen Firmen\",\"publisher\":{\"@id\":\"https:\/\/www.interpharma.ch\/#organization\"},\"potentialAction\":[{\"@type\":\"SearchAction\",\"target\":{\"@type\":\"EntryPoint\",\"urlTemplate\":\"https:\/\/www.interpharma.ch\/?s={search_term_string}\"},\"query-input\":{\"@type\":\"PropertyValueSpecification\",\"valueRequired\":true,\"valueName\":\"search_term_string\"}}],\"inLanguage\":\"fr-FR\"},{\"@type\":\"Organization\",\"@id\":\"https:\/\/www.interpharma.ch\/#organization\",\"name\":\"Interpharma\",\"url\":\"https:\/\/www.interpharma.ch\/\",\"logo\":{\"@type\":\"ImageObject\",\"inLanguage\":\"fr-FR\",\"@id\":\"https:\/\/www.interpharma.ch\/#\/schema\/logo\/image\/\",\"url\":\"https:\/\/interpharma.ch\/wp-content\/uploads\/2026\/03\/20251014_iph_logo_wort_bildmarke_rgb_final_cu01.svg\",\"contentUrl\":\"https:\/\/interpharma.ch\/wp-content\/uploads\/2026\/03\/20251014_iph_logo_wort_bildmarke_rgb_final_cu01.svg\",\"width\":\"1200\",\"height\":\"1200\",\"caption\":\"Interpharma\"},\"image\":{\"@id\":\"https:\/\/www.interpharma.ch\/#\/schema\/logo\/image\/\"},\"sameAs\":[\"https:\/\/x.com\/interpharma_ch\",\"https:\/\/ch.linkedin.com\/company\/interpharma\",\"https:\/\/www.instagram.com\/interpharma_ch\/\"]}]}<\/script>\n<!-- \/ Yoast SEO Premium plugin. -->","yoast_head_json":{"title":"Financement - Interpharma","robots":{"index":"index","follow":"follow","max-snippet":"max-snippet:-1","max-image-preview":"max-image-preview:large","max-video-preview":"max-video-preview:-1"},"canonical":"https:\/\/www.interpharma.ch\/fr\/financement\/","og_locale":"fr_FR","og_type":"article","og_title":"Financement","og_description":"Les d\u00e9penses de sant\u00e9 de la Suisse se montent \u00e0 11.7% du produit int\u00e9rieur brut (\u00e9tat en 2024), c\u2019est-\u00e0-dire \u00e0 un niveau similaire \u00e0 celui de l\u2019Allemagne, de la France ou du Japon. En t\u00eate se classent les \u00c9tats-Unis avec une part de 16.5%. En m\u00eame temps, la part des m\u00e9dicaments dans les d\u00e9penses de [&hellip;]","og_url":"https:\/\/www.interpharma.ch\/fr\/financement\/","og_site_name":"Interpharma","og_image":[{"url":"https:\/\/interpharma.ch\/wp-content\/uploads\/2025\/11\/image-10.png","type":"","width":"","height":""}],"twitter_card":"summary_large_image","twitter_site":"@interpharma_ch","twitter_misc":{"Dur\u00e9e de lecture estim\u00e9e":"4 minutes"},"schema":{"@context":"https:\/\/schema.org","@graph":[{"@type":"WebPage","@id":"https:\/\/www.interpharma.ch\/fr\/financement\/","url":"https:\/\/www.interpharma.ch\/fr\/financement\/","name":"Financement - Interpharma","isPartOf":{"@id":"https:\/\/www.interpharma.ch\/#website"},"primaryImageOfPage":{"@id":"https:\/\/www.interpharma.ch\/fr\/financement\/#primaryimage"},"image":{"@id":"https:\/\/www.interpharma.ch\/fr\/financement\/#primaryimage"},"thumbnailUrl":"https:\/\/interpharma.ch\/wp-content\/uploads\/2025\/11\/image-10.png","datePublished":"2026-02-25T07:25:35+00:00","breadcrumb":{"@id":"https:\/\/www.interpharma.ch\/fr\/financement\/#breadcrumb"},"inLanguage":"fr-FR","potentialAction":[{"@type":"ReadAction","target":["https:\/\/www.interpharma.ch\/fr\/financement\/"]}]},{"@type":"ImageObject","inLanguage":"fr-FR","@id":"https:\/\/www.interpharma.ch\/fr\/financement\/#primaryimage","url":"https:\/\/interpharma.ch\/wp-content\/uploads\/2025\/11\/image-10.png","contentUrl":"https:\/\/interpharma.ch\/wp-content\/uploads\/2025\/11\/image-10.png"},{"@type":"BreadcrumbList","@id":"https:\/\/www.interpharma.ch\/fr\/financement\/#breadcrumb","itemListElement":[{"@type":"ListItem","position":1,"name":"Startseite","item":"https:\/\/www.interpharma.ch\/fr\/"},{"@type":"ListItem","position":2,"name":"Financement"}]},{"@type":"WebSite","@id":"https:\/\/www.interpharma.ch\/#website","url":"https:\/\/www.interpharma.ch\/","name":"Interpharma","description":"Verband der forschenden Pharmazeutischen Firmen","publisher":{"@id":"https:\/\/www.interpharma.ch\/#organization"},"potentialAction":[{"@type":"SearchAction","target":{"@type":"EntryPoint","urlTemplate":"https:\/\/www.interpharma.ch\/?s={search_term_string}"},"query-input":{"@type":"PropertyValueSpecification","valueRequired":true,"valueName":"search_term_string"}}],"inLanguage":"fr-FR"},{"@type":"Organization","@id":"https:\/\/www.interpharma.ch\/#organization","name":"Interpharma","url":"https:\/\/www.interpharma.ch\/","logo":{"@type":"ImageObject","inLanguage":"fr-FR","@id":"https:\/\/www.interpharma.ch\/#\/schema\/logo\/image\/","url":"https:\/\/interpharma.ch\/wp-content\/uploads\/2026\/03\/20251014_iph_logo_wort_bildmarke_rgb_final_cu01.svg","contentUrl":"https:\/\/interpharma.ch\/wp-content\/uploads\/2026\/03\/20251014_iph_logo_wort_bildmarke_rgb_final_cu01.svg","width":"1200","height":"1200","caption":"Interpharma"},"image":{"@id":"https:\/\/www.interpharma.ch\/#\/schema\/logo\/image\/"},"sameAs":["https:\/\/x.com\/interpharma_ch","https:\/\/ch.linkedin.com\/company\/interpharma","https:\/\/www.instagram.com\/interpharma_ch\/"]}]}},"_links":{"self":[{"href":"https:\/\/www.interpharma.ch\/fr\/wp-json\/wp\/v2\/pages\/3894","targetHints":{"allow":["GET"]}}],"collection":[{"href":"https:\/\/www.interpharma.ch\/fr\/wp-json\/wp\/v2\/pages"}],"about":[{"href":"https:\/\/www.interpharma.ch\/fr\/wp-json\/wp\/v2\/types\/page"}],"author":[{"embeddable":true,"href":"https:\/\/www.interpharma.ch\/fr\/wp-json\/wp\/v2\/users\/1"}],"replies":[{"embeddable":true,"href":"https:\/\/www.interpharma.ch\/fr\/wp-json\/wp\/v2\/comments?post=3894"}],"version-history":[{"count":1,"href":"https:\/\/www.interpharma.ch\/fr\/wp-json\/wp\/v2\/pages\/3894\/revisions"}],"predecessor-version":[{"id":3895,"href":"https:\/\/www.interpharma.ch\/fr\/wp-json\/wp\/v2\/pages\/3894\/revisions\/3895"}],"wp:attachment":[{"href":"https:\/\/www.interpharma.ch\/fr\/wp-json\/wp\/v2\/media?parent=3894"}],"curies":[{"name":"wp","href":"https:\/\/api.w.org\/{rel}","templated":true}]}}