{"id":15597,"date":"2026-01-13T15:52:53","date_gmt":"2026-01-13T14:52:53","guid":{"rendered":"https:\/\/iph-multisite.berta-bewegt.ch\/jahresbericht\/"},"modified":"2026-03-26T14:19:12","modified_gmt":"2026-03-26T13:19:12","slug":"jahresbericht","status":"publish","type":"page","link":"https:\/\/www.interpharma.ch\/fr\/jahresbericht\/","title":{"rendered":"Rapport annuel"},"content":{"rendered":"\n<h2 class=\"wp-block-heading\" id=\"h-switzerlands-s-choice-la-place-pharmaceutique-suisse-a-la-croisee-des-chemins\">Switzerlands&rsquo;s Choice : la place pharmaceutique suisse \u00e0 la crois\u00e9e des chemins<\/h2>\n\n\n\n<p>Depuis des d\u00e9cennies, la Suisse figure parmi les leaders mondiaux en mati\u00e8re de recherche, d\u2019innovation et de production pharmaceutiques. Les m\u00e9dicaments d\u00e9velopp\u00e9s ici sauvent des vies, en Suisse et bien au-del\u00e0. L\u2019industrie pharmaceutique ax\u00e9e sur la recherche est donc non seulement un pilier central de notre syst\u00e8me de sant\u00e9, mais aussi un facteur d\u00e9terminant pour la prosp\u00e9rit\u00e9, la cr\u00e9ation d\u2019emplois de qualit\u00e9 et la comp\u00e9titivit\u00e9 internationale de notre pays. Peu d\u2019autres secteurs ont marqu\u00e9 la Suisse de mani\u00e8re aussi durable sur les plans \u00e9conomique et social.<\/p>\n\n\n\n    <section class=\"bild-text-block block-margins scrollMagic-block visibleInBackend\" data-uid=\"69e24f336e609\">\n        <div class=\"bild-text-inner-container   image-text-half-width\">\n\n                            <div class=\"bild-part-wrapper\">\n                                            <div class=\"bild-part\">\n                            <img decoding=\"async\" src=\"https:\/\/www.interpharma.ch\/wp-content\/uploads\/2026\/03\/vorwort-800x533_3.png\" alt=\"Editorial\" \/>\n                        <\/div>\n                    \n                                            <p class=\"small \">J\u00f6rg-Michael Rupp, pr\u00e9sident d&rsquo;Interpharma (\u00e0 gauche), et le Dr Ren\u00e9 P. Buholzer, directeur g\u00e9n\u00e9ral, \u00e9voquent dans l&rsquo;\u00e9ditorial du rapport annuel l&rsquo;importance de la recherche, de l&rsquo;innovation et d&rsquo;un cadre r\u00e9glementaire fiable pour la place pharmaceutique suisse.<\/p>\n                                    <\/div>\n            \n                            <div class=\"text-part\">\n                                            <h2 class=\"like-h3\">Editorial<\/h2>\n                    \n                                            <div class=\"default-text-wrapper texteditor-small-headings\">\n                            <p>Son importance \u00e9conomique est impressionnante : chaque franc de chiffre d&rsquo;affaires de l&rsquo;industrie pharmaceutique g\u00e9n\u00e8re environ 3,20 francs de valeur ajout\u00e9e pour la Suisse, sous forme d&rsquo;imp\u00f4ts et d&rsquo;investissements. Au total, ce secteur contribue chaque ann\u00e9e \u00e0 hauteur de 10 milliards de francs aux recettes publiques et assure environ 50 000 emplois directs ainsi que quelque 250 000 emplois indirects. Parall\u00e8lement, les b\u00e9n\u00e9fices m\u00e9dicaux sont \u00e9vidents : depuis 1990, les m\u00e9dicaments innovants ont r\u00e9duit la mortalit\u00e9 de pr\u00e8s d\u2019un tiers, permis d\u2019\u00e9conomiser environ deux millions de jours d\u2019hospitalisation par an et contribu\u00e9 ainsi \u00e0 mod\u00e9rer les d\u00e9penses de sant\u00e9.<\/p>\n<p>Mais cette r\u00e9ussite ne va pas de soi. Le contexte international \u00e9volue \u00e0 un rythme effr\u00e9n\u00e9. Les tensions g\u00e9opolitiques et les nouvelles exigences r\u00e9glementaires exacerbent la concurrence mondiale entre les sites d\u2019implantation. Sur les grands march\u00e9s tels que les \u00c9tats-Unis et la Chine, des investissements massifs dans la recherche, le d\u00e9veloppement et la production sur place sont aujourd\u2019hui une condition pr\u00e9alable \u00e0 l\u2019acc\u00e8s au march\u00e9. Pour les petites \u00e9conomies ouvertes comme la Suisse, la pression concurrentielle s\u2019en trouve sensiblement accrue. De plus, les \u00e9volutions en mati\u00e8re de politique de sant\u00e9 aggravent la situation. Le r\u00e9gime de la nation la plus favoris\u00e9e aux \u00c9tats-Unis a notamment des cons\u00e9quences de grande envergure : si les prix am\u00e9ricains sont de plus en plus align\u00e9s sur ceux pratiqu\u00e9s en Suisse et dans d\u2019autres pays europ\u00e9ens, les prix suisses, ajust\u00e9s en fonction du pouvoir d\u2019achat, ont un impact direct sur le march\u00e9 pharmaceutique le plus important au monde. Les cons\u00e9quences sont pr\u00e9visibles \u2013 et probl\u00e9matiques : les nouveaux m\u00e9dicaments pourraient \u00eatre mis sur le march\u00e9 en Suisse avec du retard, uniquement \u00e0 des prix nettement plus \u00e9lev\u00e9s ou, dans le pire des cas, ne plus \u00eatre commercialis\u00e9s du tout. La recherche, les essais cliniques et les emplois qualifi\u00e9s risquent de partir \u00e0 l\u2019\u00e9tranger.<\/p>\n                        <\/div>\n                    \n                                    <\/div>\n                    <\/div>\n    <\/section>\n\n\n\n\n    <section class=\"bild-text-slider-block block-margins scrollMagic-block visibleInBackend\" data-uid=\"69e24f336e84d\">\n                    <div class=\"bild-text-slider-intro-container\">\n                                    <h2 class=\"\">Renforcer la place \u00e9conomique suisse<\/h2>\n                \n                                    <div class=\"default-text-wrapper texteditor-small-headings\">\n                        <p>Cette \u00e9volution n\u2019est pas une question abstraite d\u2019avenir, mais d\u00e9j\u00e0 une r\u00e9alit\u00e9. On constate depuis quelque temps une d\u00e9t\u00e9rioration manifeste de l\u2019acc\u00e8s aux traitements innovants : la Suisse n\u2019occupe plus que la septi\u00e8me place dans le classement europ\u00e9en et ne propose aux patients qu\u2019environ la moiti\u00e9 des nouveaux m\u00e9dicaments disponibles en Allemagne. Le risque est donc grandissant que la Suisse ne profite plus des progr\u00e8s m\u00e9dicaux au m\u00eame rythme que ses pays voisins. Un approvisionnement fiable et rapide en m\u00e9dicaments innovants n\u2019est toutefois pas un luxe, mais un \u00e9l\u00e9ment central d\u2019un syst\u00e8me de sant\u00e9 performant \u2013 et un crit\u00e8re de qualit\u00e9 d\u00e9terminant pour les soins m\u00e9dicaux.<\/p>\n<p>Dans ce contexte, une question fondamentale se pose : quelle voie la Suisse souhaite-t-elle emprunter ? Va-t-on continuer \u00e0 se concentrer principalement sur la ma\u00eetrise des co\u00fbts \u00e0 court terme, ou allons-nous cr\u00e9er un environnement propice \u00e0 des investissements cibl\u00e9s, mettre en place des m\u00e9canismes modernes de fixation des prix ajust\u00e9s au pouvoir d&rsquo;achat et renforcer les conditions-cadres favorables \u00e0 l&rsquo;innovation ?<br \/>\n<br \/>\nLa r\u00e9ponse \u00e0 cette question d\u00e9terminera si la Suisse pourra conserver sa position de p\u00f4le mondial de premier plan dans le domaine des sciences de la vie \u2013 et si les patients continueront \u00e0 b\u00e9n\u00e9ficier d\u2019un acc\u00e8s pr\u00e9coce aux innovations m\u00e9dicales. Nous en sommes convaincus : gr\u00e2ce \u00e0 une collaboration constructive entre tous les acteurs et \u00e0 la volont\u00e9 de trouver des solutions, la Suisse pourra relever ce d\u00e9fi et poursuivre son succ\u00e8s.<\/p>\n                    <\/div>\n                            <\/div>\n        \n            <\/section>\n\n\n\n\n\n    <section class=\"publikationen-block block-paddings\">\n        <div class=\"block-bg bg-secondary-20\"><\/div>\n\n        <div class=\"publikationen-block-inner-container\">\n                            <div class=\"publikationen-text-wrapper scrollMagic-block visibleInBackend\" data-uid=\"69e24f336eec1\">\n                                            <h2 class=\"\">Download<\/h2>\n                    \n                                    <\/div>\n            \n                            <div class=\"publikationen-cards\">\n                                            \n                        <div class=\"publikation-card-wrapper scrollMagic-block visibleInBackend\" data-uid=\"69e24f336fe87\">\n                            <div class=\"publikation-image-wrapper\" style=\"background-image: url('https:\/\/www.interpharma.ch\/wp-content\/uploads\/2026\/03\/20260311_iph_thumb_jahresbericht_2025_192x254px_DE.jpg')\">\n                                <img decoding=\"async\" src=\"https:\/\/www.interpharma.ch\/wp-content\/themes\/iph\/dist\/images\/publikation_placeholder.png\" alt=\"Placeholder\">\n                            <\/div>\n\n                            <div class=\"publikation-card-content\">\n                                                                    <h3 class=\"publikation-card-title black-text like-h4\">Rapport annuel 2025<\/h3>\n                                \n                                                                    <div class=\"default-text-wrapper\">\n                                        <p>Ce qui aide les patients aujourd\u2019hui d\u00e9terminera l\u2019avenir de la Suisse en tant que p\u00f4le pharmaceutique. Le rapport annuel 2025 montre les liens qui unissent progr\u00e8s m\u00e9dical, s\u00e9curit\u00e9 d\u2019approvisionnement et puissance \u00e9conomique \u2013 et met en \u00e9vidence les orientations politiques qu\u2019il convient de prendre d\u00e8s maintenant.<\/p>\n                                    <\/div>\n                                \n                                                                    <div class=\"publikation-card-btn-wrapper\">\n                                                                                     <a href=\"https:\/\/www.interpharma.ch\/wp-content\/uploads\/2026\/03\/jahresbericht_iph_2025_de.pdf\" target=\"_blank\" download=\"\" class=\"btn-download\">\n                                                <div>\n                                                    <span>PDF en allemand<\/span>\n                                                    <svg width=\"11\" height=\"11\" viewBox=\"0 0 11 11\" fill=\"none\" xmlns=\"http:\/\/www.w3.org\/2000\/svg\">\n                                                        <path d=\"M5.33333 8L2 4.66667L2.93333 3.7L4.66667 5.43333V0H6V5.43333L7.73333 3.7L8.66667 4.66667L5.33333 8ZM1.33333 10.6667C0.966667 10.6667 0.652778 10.5361 0.391667 10.275C0.130556 10.0139 0 9.7 0 9.33333V7.33333H1.33333V9.33333H9.33333V7.33333H10.6667V9.33333C10.6667 9.7 10.5361 10.0139 10.275 10.275C10.0139 10.5361 9.7 10.6667 9.33333 10.6667H1.33333Z\" fill=\"#298899\"\/>\n                                                    <\/svg>\n                                                <\/div>\n                                            <\/a>\n                                         \n                                        \n                                                                                    <a href=\"https:\/\/www.interpharma.ch\/wp-content\/uploads\/2026\/03\/jahresbericht_iph_2025_e.pdf\" target=\"_blank\" download=\"\" class=\"btn-download\">\n                                                <div>\n                                                    <span>PDF en anglais<\/span>\n                                                    <svg width=\"11\" height=\"11\" viewBox=\"0 0 11 11\" fill=\"none\" xmlns=\"http:\/\/www.w3.org\/2000\/svg\">\n                                                        <path d=\"M5.33333 8L2 4.66667L2.93333 3.7L4.66667 5.43333V0H6V5.43333L7.73333 3.7L8.66667 4.66667L5.33333 8ZM1.33333 10.6667C0.966667 10.6667 0.652778 10.5361 0.391667 10.275C0.130556 10.0139 0 9.7 0 9.33333V7.33333H1.33333V9.33333H9.33333V7.33333H10.6667V9.33333C10.6667 9.7 10.5361 10.0139 10.275 10.275C10.0139 10.5361 9.7 10.6667 9.33333 10.6667H1.33333Z\" fill=\"#298899\"\/>\n                                                    <\/svg>\n                                                <\/div>\n                                            <\/a>\n                                                                            <\/div>\n                                                            <\/div>\n                        <\/div>\n                                    <\/div>\n            \n                    <\/div>\n    <\/section>\n\n\n","protected":false},"excerpt":{"rendered":"<p>Switzerlands&rsquo;s Choice : la place pharmaceutique suisse \u00e0 la crois\u00e9e des chemins Depuis des d\u00e9cennies, la Suisse figure parmi les leaders mondiaux en mati\u00e8re de recherche, d\u2019innovation et de production pharmaceutiques. Les m\u00e9dicaments d\u00e9velopp\u00e9s ici sauvent des vies, en Suisse et bien au-del\u00e0. L\u2019industrie pharmaceutique ax\u00e9e sur la recherche est donc non seulement un pilier [&hellip;]<\/p>\n","protected":false},"author":1,"featured_media":15599,"parent":0,"menu_order":13,"comment_status":"closed","ping_status":"closed","template":"","meta":{"_acf_changed":false,"inline_featured_image":false,"footnotes":""},"class_list":["post-15597","page","type-page","status-publish","has-post-thumbnail","hentry"],"acf":[],"yoast_head":"<!-- This site is optimized with the Yoast SEO Premium plugin v27.2 (Yoast SEO v27.2) - https:\/\/yoast.com\/product\/yoast-seo-premium-wordpress\/ -->\n<title>Rapport annuel - Interpharma<\/title>\n<meta name=\"robots\" content=\"index, follow, max-snippet:-1, max-image-preview:large, max-video-preview:-1\" \/>\n<link rel=\"canonical\" href=\"https:\/\/www.interpharma.ch\/fr\/jahresbericht\/\" \/>\n<meta property=\"og:locale\" content=\"fr_FR\" \/>\n<meta property=\"og:type\" content=\"article\" \/>\n<meta property=\"og:title\" content=\"Rapport annuel\" \/>\n<meta property=\"og:description\" content=\"Switzerlands&rsquo;s Choice : la place pharmaceutique suisse \u00e0 la crois\u00e9e des chemins Depuis des d\u00e9cennies, la Suisse figure parmi les leaders mondiaux en mati\u00e8re de recherche, d\u2019innovation et de production pharmaceutiques. Les m\u00e9dicaments d\u00e9velopp\u00e9s ici sauvent des vies, en Suisse et bien au-del\u00e0. L\u2019industrie pharmaceutique ax\u00e9e sur la recherche est donc non seulement un pilier [&hellip;]\" \/>\n<meta property=\"og:url\" content=\"https:\/\/www.interpharma.ch\/fr\/jahresbericht\/\" \/>\n<meta property=\"og:site_name\" content=\"Interpharma\" \/>\n<meta property=\"article:modified_time\" content=\"2026-03-26T13:19:12+00:00\" \/>\n<meta property=\"og:image\" content=\"https:\/\/www.interpharma.ch\/wp-content\/uploads\/2026\/03\/Interpharma_home_banner_schwerpunktthemen-1.jpg\" \/>\n\t<meta property=\"og:image:width\" content=\"2000\" \/>\n\t<meta property=\"og:image:height\" content=\"858\" \/>\n\t<meta property=\"og:image:type\" content=\"image\/jpeg\" \/>\n<meta name=\"twitter:card\" content=\"summary_large_image\" \/>\n<meta name=\"twitter:site\" content=\"@interpharma_ch\" \/>\n<meta name=\"twitter:label1\" content=\"Dur\u00e9e de lecture estim\u00e9e\" \/>\n\t<meta name=\"twitter:data1\" content=\"1 minute\" \/>\n<script type=\"application\/ld+json\" class=\"yoast-schema-graph\">{\"@context\":\"https:\/\/schema.org\",\"@graph\":[{\"@type\":\"WebPage\",\"@id\":\"https:\/\/www.interpharma.ch\/fr\/jahresbericht\/\",\"url\":\"https:\/\/www.interpharma.ch\/fr\/jahresbericht\/\",\"name\":\"Rapport annuel - Interpharma\",\"isPartOf\":{\"@id\":\"https:\/\/www.interpharma.ch\/#website\"},\"primaryImageOfPage\":{\"@id\":\"https:\/\/www.interpharma.ch\/fr\/jahresbericht\/#primaryimage\"},\"image\":{\"@id\":\"https:\/\/www.interpharma.ch\/fr\/jahresbericht\/#primaryimage\"},\"thumbnailUrl\":\"https:\/\/www.interpharma.ch\/wp-content\/uploads\/2026\/03\/Interpharma_home_banner_schwerpunktthemen-1.jpg\",\"datePublished\":\"2026-01-13T14:52:53+00:00\",\"dateModified\":\"2026-03-26T13:19:12+00:00\",\"breadcrumb\":{\"@id\":\"https:\/\/www.interpharma.ch\/fr\/jahresbericht\/#breadcrumb\"},\"inLanguage\":\"fr-FR\",\"potentialAction\":[{\"@type\":\"ReadAction\",\"target\":[\"https:\/\/www.interpharma.ch\/fr\/jahresbericht\/\"]}]},{\"@type\":\"ImageObject\",\"inLanguage\":\"fr-FR\",\"@id\":\"https:\/\/www.interpharma.ch\/fr\/jahresbericht\/#primaryimage\",\"url\":\"https:\/\/www.interpharma.ch\/wp-content\/uploads\/2026\/03\/Interpharma_home_banner_schwerpunktthemen-1.jpg\",\"contentUrl\":\"https:\/\/www.interpharma.ch\/wp-content\/uploads\/2026\/03\/Interpharma_home_banner_schwerpunktthemen-1.jpg\",\"width\":2000,\"height\":858},{\"@type\":\"BreadcrumbList\",\"@id\":\"https:\/\/www.interpharma.ch\/fr\/jahresbericht\/#breadcrumb\",\"itemListElement\":[{\"@type\":\"ListItem\",\"position\":1,\"name\":\"Startseite\",\"item\":\"https:\/\/www.interpharma.ch\/fr\/\"},{\"@type\":\"ListItem\",\"position\":2,\"name\":\"Rapport annuel\"}]},{\"@type\":\"WebSite\",\"@id\":\"https:\/\/www.interpharma.ch\/#website\",\"url\":\"https:\/\/www.interpharma.ch\/\",\"name\":\"Interpharma\",\"description\":\"Verband der forschenden Pharmazeutischen Firmen\",\"publisher\":{\"@id\":\"https:\/\/www.interpharma.ch\/#organization\"},\"potentialAction\":[{\"@type\":\"SearchAction\",\"target\":{\"@type\":\"EntryPoint\",\"urlTemplate\":\"https:\/\/www.interpharma.ch\/?s={search_term_string}\"},\"query-input\":{\"@type\":\"PropertyValueSpecification\",\"valueRequired\":true,\"valueName\":\"search_term_string\"}}],\"inLanguage\":\"fr-FR\"},{\"@type\":\"Organization\",\"@id\":\"https:\/\/www.interpharma.ch\/#organization\",\"name\":\"Interpharma\",\"url\":\"https:\/\/www.interpharma.ch\/\",\"logo\":{\"@type\":\"ImageObject\",\"inLanguage\":\"fr-FR\",\"@id\":\"https:\/\/www.interpharma.ch\/#\/schema\/logo\/image\/\",\"url\":\"https:\/\/interpharma.ch\/wp-content\/uploads\/2026\/03\/20251014_iph_logo_wort_bildmarke_rgb_final_cu01.svg\",\"contentUrl\":\"https:\/\/interpharma.ch\/wp-content\/uploads\/2026\/03\/20251014_iph_logo_wort_bildmarke_rgb_final_cu01.svg\",\"width\":\"1200\",\"height\":\"1200\",\"caption\":\"Interpharma\"},\"image\":{\"@id\":\"https:\/\/www.interpharma.ch\/#\/schema\/logo\/image\/\"},\"sameAs\":[\"https:\/\/x.com\/interpharma_ch\",\"https:\/\/ch.linkedin.com\/company\/interpharma\",\"https:\/\/www.instagram.com\/interpharma_ch\/\"]}]}<\/script>\n<!-- \/ Yoast SEO Premium plugin. -->","yoast_head_json":{"title":"Rapport annuel - Interpharma","robots":{"index":"index","follow":"follow","max-snippet":"max-snippet:-1","max-image-preview":"max-image-preview:large","max-video-preview":"max-video-preview:-1"},"canonical":"https:\/\/www.interpharma.ch\/fr\/jahresbericht\/","og_locale":"fr_FR","og_type":"article","og_title":"Rapport annuel","og_description":"Switzerlands&rsquo;s Choice : la place pharmaceutique suisse \u00e0 la crois\u00e9e des chemins Depuis des d\u00e9cennies, la Suisse figure parmi les leaders mondiaux en mati\u00e8re de recherche, d\u2019innovation et de production pharmaceutiques. Les m\u00e9dicaments d\u00e9velopp\u00e9s ici sauvent des vies, en Suisse et bien au-del\u00e0. L\u2019industrie pharmaceutique ax\u00e9e sur la recherche est donc non seulement un pilier [&hellip;]","og_url":"https:\/\/www.interpharma.ch\/fr\/jahresbericht\/","og_site_name":"Interpharma","article_modified_time":"2026-03-26T13:19:12+00:00","og_image":[{"width":2000,"height":858,"url":"https:\/\/www.interpharma.ch\/wp-content\/uploads\/2026\/03\/Interpharma_home_banner_schwerpunktthemen-1.jpg","type":"image\/jpeg"}],"twitter_card":"summary_large_image","twitter_site":"@interpharma_ch","twitter_misc":{"Dur\u00e9e de lecture estim\u00e9e":"1 minute"},"schema":{"@context":"https:\/\/schema.org","@graph":[{"@type":"WebPage","@id":"https:\/\/www.interpharma.ch\/fr\/jahresbericht\/","url":"https:\/\/www.interpharma.ch\/fr\/jahresbericht\/","name":"Rapport annuel - Interpharma","isPartOf":{"@id":"https:\/\/www.interpharma.ch\/#website"},"primaryImageOfPage":{"@id":"https:\/\/www.interpharma.ch\/fr\/jahresbericht\/#primaryimage"},"image":{"@id":"https:\/\/www.interpharma.ch\/fr\/jahresbericht\/#primaryimage"},"thumbnailUrl":"https:\/\/www.interpharma.ch\/wp-content\/uploads\/2026\/03\/Interpharma_home_banner_schwerpunktthemen-1.jpg","datePublished":"2026-01-13T14:52:53+00:00","dateModified":"2026-03-26T13:19:12+00:00","breadcrumb":{"@id":"https:\/\/www.interpharma.ch\/fr\/jahresbericht\/#breadcrumb"},"inLanguage":"fr-FR","potentialAction":[{"@type":"ReadAction","target":["https:\/\/www.interpharma.ch\/fr\/jahresbericht\/"]}]},{"@type":"ImageObject","inLanguage":"fr-FR","@id":"https:\/\/www.interpharma.ch\/fr\/jahresbericht\/#primaryimage","url":"https:\/\/www.interpharma.ch\/wp-content\/uploads\/2026\/03\/Interpharma_home_banner_schwerpunktthemen-1.jpg","contentUrl":"https:\/\/www.interpharma.ch\/wp-content\/uploads\/2026\/03\/Interpharma_home_banner_schwerpunktthemen-1.jpg","width":2000,"height":858},{"@type":"BreadcrumbList","@id":"https:\/\/www.interpharma.ch\/fr\/jahresbericht\/#breadcrumb","itemListElement":[{"@type":"ListItem","position":1,"name":"Startseite","item":"https:\/\/www.interpharma.ch\/fr\/"},{"@type":"ListItem","position":2,"name":"Rapport annuel"}]},{"@type":"WebSite","@id":"https:\/\/www.interpharma.ch\/#website","url":"https:\/\/www.interpharma.ch\/","name":"Interpharma","description":"Verband der forschenden Pharmazeutischen Firmen","publisher":{"@id":"https:\/\/www.interpharma.ch\/#organization"},"potentialAction":[{"@type":"SearchAction","target":{"@type":"EntryPoint","urlTemplate":"https:\/\/www.interpharma.ch\/?s={search_term_string}"},"query-input":{"@type":"PropertyValueSpecification","valueRequired":true,"valueName":"search_term_string"}}],"inLanguage":"fr-FR"},{"@type":"Organization","@id":"https:\/\/www.interpharma.ch\/#organization","name":"Interpharma","url":"https:\/\/www.interpharma.ch\/","logo":{"@type":"ImageObject","inLanguage":"fr-FR","@id":"https:\/\/www.interpharma.ch\/#\/schema\/logo\/image\/","url":"https:\/\/interpharma.ch\/wp-content\/uploads\/2026\/03\/20251014_iph_logo_wort_bildmarke_rgb_final_cu01.svg","contentUrl":"https:\/\/interpharma.ch\/wp-content\/uploads\/2026\/03\/20251014_iph_logo_wort_bildmarke_rgb_final_cu01.svg","width":"1200","height":"1200","caption":"Interpharma"},"image":{"@id":"https:\/\/www.interpharma.ch\/#\/schema\/logo\/image\/"},"sameAs":["https:\/\/x.com\/interpharma_ch","https:\/\/ch.linkedin.com\/company\/interpharma","https:\/\/www.instagram.com\/interpharma_ch\/"]}]}},"_links":{"self":[{"href":"https:\/\/www.interpharma.ch\/fr\/wp-json\/wp\/v2\/pages\/15597","targetHints":{"allow":["GET"]}}],"collection":[{"href":"https:\/\/www.interpharma.ch\/fr\/wp-json\/wp\/v2\/pages"}],"about":[{"href":"https:\/\/www.interpharma.ch\/fr\/wp-json\/wp\/v2\/types\/page"}],"author":[{"embeddable":true,"href":"https:\/\/www.interpharma.ch\/fr\/wp-json\/wp\/v2\/users\/1"}],"replies":[{"embeddable":true,"href":"https:\/\/www.interpharma.ch\/fr\/wp-json\/wp\/v2\/comments?post=15597"}],"version-history":[{"count":5,"href":"https:\/\/www.interpharma.ch\/fr\/wp-json\/wp\/v2\/pages\/15597\/revisions"}],"predecessor-version":[{"id":16215,"href":"https:\/\/www.interpharma.ch\/fr\/wp-json\/wp\/v2\/pages\/15597\/revisions\/16215"}],"wp:featuredmedia":[{"embeddable":true,"href":"https:\/\/www.interpharma.ch\/fr\/wp-json\/wp\/v2\/media\/15599"}],"wp:attachment":[{"href":"https:\/\/www.interpharma.ch\/fr\/wp-json\/wp\/v2\/media?parent=15597"}],"curies":[{"name":"wp","href":"https:\/\/api.w.org\/{rel}","templated":true}]}}