{"id":15439,"date":"2026-01-13T15:52:43","date_gmt":"2026-01-13T14:52:43","guid":{"rendered":"https:\/\/iph-multisite.berta-bewegt.ch\/impressum\/"},"modified":"2026-03-11T16:31:29","modified_gmt":"2026-03-11T15:31:29","slug":"impressum","status":"publish","type":"page","link":"https:\/\/www.interpharma.ch\/fr\/impressum\/","title":{"rendered":"Impressum"},"content":{"rendered":"\n<p class=\"is-style-lead-paragraph\">Exploitant du site<\/p>\n\n\n\n<p class=\"is-style-mb-0\"><strong>Interpharma\u2028<\/strong><\/p>\n\n\n\n<p class=\"is-style-mb-0\">Association des entreprises pharmaceutiques<\/p>\n\n\n\n<p class=\"is-style-mb-0\">suisses pratiquant la recherche<\/p>\n\n\n\n<p class=\"is-style-mb-0\"><\/p>\n\n\n\n<p class=\"is-style-mb-0\">Petersgraben 35\u2028<br>Case postale<br>CH 4009 B\u00e2le<\/p>\n\n\n\n<p class=\"is-style-tel\"><a href=\"tel:+41 61 264 34 00\">+41 61 264 34 00<\/a><\/p>\n\n\n\n<p class=\"is-style-email\"><a href=\"mailto:info@interpharma.ch\">info@interpharma.ch<\/a><\/p>\n\n\n\n<p><\/p>\n\n\n\n<p><\/p>\n\n\n\n<p><\/p>\n\n\n\n<p class=\"is-style-lead-paragraph\">R\u00e9alisation<\/p>\n\n\n\n<p class=\"is-style-mb-0\"><strong>Berta Kommunikationsplan AG<\/strong><\/p>\n\n\n\n<p class=\"is-style-mb-0\">Josefstrasse 212<\/p>\n\n\n\n<p class=\"is-style-default\">CH-8005 Z\u00fcrich\u2028\u2028<\/p>\n\n\n\n<p><a href=\"https:\/\/bertakomm.ch\">www.bertakomm.ch<\/a><\/p>\n\n\n\n<p><\/p>\n\n\n\n<p><\/p>\n\n\n\n<p class=\"is-style-lead-paragraph\">H\u00e9bergement<\/p>\n\n\n\n<p class=\"is-style-mb-0\"><strong>cyon GmbH\u2028<\/strong><\/p>\n\n\n\n<p class=\"is-style-mb-0\">Aeschengraben 6\u2028<\/p>\n\n\n\n<p>CH-4051 Basel\u2028\u2028<\/p>\n\n\n\n<p><a href=\"https:\/\/www.cyon.ch\">www.cyon.ch<\/a><\/p>\n\n\n\n<p><\/p>\n\n\n\n<p><\/p>\n","protected":false},"excerpt":{"rendered":"<p>Exploitant du site Interpharma\u2028 Association des entreprises pharmaceutiques suisses pratiquant la recherche Petersgraben 35\u2028Case postaleCH 4009 B\u00e2le +41 61 264 34 00 info@interpharma.ch R\u00e9alisation Berta Kommunikationsplan AG Josefstrasse 212 CH-8005 Z\u00fcrich\u2028\u2028 www.bertakomm.ch H\u00e9bergement cyon GmbH\u2028 Aeschengraben 6\u2028 CH-4051 Basel\u2028\u2028 www.cyon.ch<\/p>\n","protected":false},"author":1,"featured_media":0,"parent":0,"menu_order":14,"comment_status":"closed","ping_status":"closed","template":"","meta":{"_acf_changed":false,"inline_featured_image":false,"footnotes":""},"class_list":["post-15439","page","type-page","status-publish","hentry"],"acf":[],"yoast_head":"<!-- This site is optimized with the Yoast SEO Premium plugin v27.2 (Yoast SEO v27.2) - https:\/\/yoast.com\/product\/yoast-seo-premium-wordpress\/ -->\n<title>Impressum - Interpharma<\/title>\n<meta name=\"robots\" content=\"index, follow, max-snippet:-1, max-image-preview:large, max-video-preview:-1\" \/>\n<link rel=\"canonical\" href=\"https:\/\/www.interpharma.ch\/fr\/impressum\/\" \/>\n<meta property=\"og:locale\" content=\"fr_FR\" \/>\n<meta property=\"og:type\" content=\"article\" \/>\n<meta property=\"og:title\" content=\"Impressum\" \/>\n<meta property=\"og:description\" content=\"Exploitant du site Interpharma\u2028 Association des entreprises pharmaceutiques suisses pratiquant la recherche Petersgraben 35\u2028Case postaleCH 4009 B\u00e2le +41 61 264 34 00 info@interpharma.ch R\u00e9alisation Berta Kommunikationsplan AG Josefstrasse 212 CH-8005 Z\u00fcrich\u2028\u2028 www.bertakomm.ch H\u00e9bergement cyon GmbH\u2028 Aeschengraben 6\u2028 CH-4051 Basel\u2028\u2028 www.cyon.ch\" \/>\n<meta property=\"og:url\" content=\"https:\/\/www.interpharma.ch\/fr\/impressum\/\" \/>\n<meta property=\"og:site_name\" content=\"Interpharma\" \/>\n<meta property=\"article:modified_time\" content=\"2026-03-11T15:31:29+00:00\" \/>\n<meta name=\"twitter:card\" content=\"summary_large_image\" \/>\n<meta name=\"twitter:site\" content=\"@interpharma_ch\" \/>\n<meta name=\"twitter:label1\" content=\"Dur\u00e9e de lecture estim\u00e9e\" \/>\n\t<meta name=\"twitter:data1\" content=\"1 minute\" \/>\n<script type=\"application\/ld+json\" class=\"yoast-schema-graph\">{\"@context\":\"https:\/\/schema.org\",\"@graph\":[{\"@type\":\"WebPage\",\"@id\":\"https:\/\/www.interpharma.ch\/fr\/impressum\/\",\"url\":\"https:\/\/www.interpharma.ch\/fr\/impressum\/\",\"name\":\"Impressum - Interpharma\",\"isPartOf\":{\"@id\":\"https:\/\/www.interpharma.ch\/#website\"},\"datePublished\":\"2026-01-13T14:52:43+00:00\",\"dateModified\":\"2026-03-11T15:31:29+00:00\",\"breadcrumb\":{\"@id\":\"https:\/\/www.interpharma.ch\/fr\/impressum\/#breadcrumb\"},\"inLanguage\":\"fr-FR\",\"potentialAction\":[{\"@type\":\"ReadAction\",\"target\":[\"https:\/\/www.interpharma.ch\/fr\/impressum\/\"]}]},{\"@type\":\"BreadcrumbList\",\"@id\":\"https:\/\/www.interpharma.ch\/fr\/impressum\/#breadcrumb\",\"itemListElement\":[{\"@type\":\"ListItem\",\"position\":1,\"name\":\"Startseite\",\"item\":\"https:\/\/www.interpharma.ch\/fr\/\"},{\"@type\":\"ListItem\",\"position\":2,\"name\":\"Impressum\"}]},{\"@type\":\"WebSite\",\"@id\":\"https:\/\/www.interpharma.ch\/#website\",\"url\":\"https:\/\/www.interpharma.ch\/\",\"name\":\"Interpharma\",\"description\":\"Verband der forschenden Pharmazeutischen Firmen\",\"publisher\":{\"@id\":\"https:\/\/www.interpharma.ch\/#organization\"},\"potentialAction\":[{\"@type\":\"SearchAction\",\"target\":{\"@type\":\"EntryPoint\",\"urlTemplate\":\"https:\/\/www.interpharma.ch\/?s={search_term_string}\"},\"query-input\":{\"@type\":\"PropertyValueSpecification\",\"valueRequired\":true,\"valueName\":\"search_term_string\"}}],\"inLanguage\":\"fr-FR\"},{\"@type\":\"Organization\",\"@id\":\"https:\/\/www.interpharma.ch\/#organization\",\"name\":\"Interpharma\",\"url\":\"https:\/\/www.interpharma.ch\/\",\"logo\":{\"@type\":\"ImageObject\",\"inLanguage\":\"fr-FR\",\"@id\":\"https:\/\/www.interpharma.ch\/#\/schema\/logo\/image\/\",\"url\":\"https:\/\/interpharma.ch\/wp-content\/uploads\/2026\/03\/20251014_iph_logo_wort_bildmarke_rgb_final_cu01.svg\",\"contentUrl\":\"https:\/\/interpharma.ch\/wp-content\/uploads\/2026\/03\/20251014_iph_logo_wort_bildmarke_rgb_final_cu01.svg\",\"width\":\"1200\",\"height\":\"1200\",\"caption\":\"Interpharma\"},\"image\":{\"@id\":\"https:\/\/www.interpharma.ch\/#\/schema\/logo\/image\/\"},\"sameAs\":[\"https:\/\/x.com\/interpharma_ch\",\"https:\/\/ch.linkedin.com\/company\/interpharma\",\"https:\/\/www.instagram.com\/interpharma_ch\/\"]}]}<\/script>\n<!-- \/ Yoast SEO Premium plugin. -->","yoast_head_json":{"title":"Impressum - Interpharma","robots":{"index":"index","follow":"follow","max-snippet":"max-snippet:-1","max-image-preview":"max-image-preview:large","max-video-preview":"max-video-preview:-1"},"canonical":"https:\/\/www.interpharma.ch\/fr\/impressum\/","og_locale":"fr_FR","og_type":"article","og_title":"Impressum","og_description":"Exploitant du site Interpharma\u2028 Association des entreprises pharmaceutiques suisses pratiquant la recherche Petersgraben 35\u2028Case postaleCH 4009 B\u00e2le +41 61 264 34 00 info@interpharma.ch R\u00e9alisation Berta Kommunikationsplan AG Josefstrasse 212 CH-8005 Z\u00fcrich\u2028\u2028 www.bertakomm.ch H\u00e9bergement cyon GmbH\u2028 Aeschengraben 6\u2028 CH-4051 Basel\u2028\u2028 www.cyon.ch","og_url":"https:\/\/www.interpharma.ch\/fr\/impressum\/","og_site_name":"Interpharma","article_modified_time":"2026-03-11T15:31:29+00:00","twitter_card":"summary_large_image","twitter_site":"@interpharma_ch","twitter_misc":{"Dur\u00e9e de lecture estim\u00e9e":"1 minute"},"schema":{"@context":"https:\/\/schema.org","@graph":[{"@type":"WebPage","@id":"https:\/\/www.interpharma.ch\/fr\/impressum\/","url":"https:\/\/www.interpharma.ch\/fr\/impressum\/","name":"Impressum - Interpharma","isPartOf":{"@id":"https:\/\/www.interpharma.ch\/#website"},"datePublished":"2026-01-13T14:52:43+00:00","dateModified":"2026-03-11T15:31:29+00:00","breadcrumb":{"@id":"https:\/\/www.interpharma.ch\/fr\/impressum\/#breadcrumb"},"inLanguage":"fr-FR","potentialAction":[{"@type":"ReadAction","target":["https:\/\/www.interpharma.ch\/fr\/impressum\/"]}]},{"@type":"BreadcrumbList","@id":"https:\/\/www.interpharma.ch\/fr\/impressum\/#breadcrumb","itemListElement":[{"@type":"ListItem","position":1,"name":"Startseite","item":"https:\/\/www.interpharma.ch\/fr\/"},{"@type":"ListItem","position":2,"name":"Impressum"}]},{"@type":"WebSite","@id":"https:\/\/www.interpharma.ch\/#website","url":"https:\/\/www.interpharma.ch\/","name":"Interpharma","description":"Verband der forschenden Pharmazeutischen Firmen","publisher":{"@id":"https:\/\/www.interpharma.ch\/#organization"},"potentialAction":[{"@type":"SearchAction","target":{"@type":"EntryPoint","urlTemplate":"https:\/\/www.interpharma.ch\/?s={search_term_string}"},"query-input":{"@type":"PropertyValueSpecification","valueRequired":true,"valueName":"search_term_string"}}],"inLanguage":"fr-FR"},{"@type":"Organization","@id":"https:\/\/www.interpharma.ch\/#organization","name":"Interpharma","url":"https:\/\/www.interpharma.ch\/","logo":{"@type":"ImageObject","inLanguage":"fr-FR","@id":"https:\/\/www.interpharma.ch\/#\/schema\/logo\/image\/","url":"https:\/\/interpharma.ch\/wp-content\/uploads\/2026\/03\/20251014_iph_logo_wort_bildmarke_rgb_final_cu01.svg","contentUrl":"https:\/\/interpharma.ch\/wp-content\/uploads\/2026\/03\/20251014_iph_logo_wort_bildmarke_rgb_final_cu01.svg","width":"1200","height":"1200","caption":"Interpharma"},"image":{"@id":"https:\/\/www.interpharma.ch\/#\/schema\/logo\/image\/"},"sameAs":["https:\/\/x.com\/interpharma_ch","https:\/\/ch.linkedin.com\/company\/interpharma","https:\/\/www.instagram.com\/interpharma_ch\/"]}]}},"_links":{"self":[{"href":"https:\/\/www.interpharma.ch\/fr\/wp-json\/wp\/v2\/pages\/15439","targetHints":{"allow":["GET"]}}],"collection":[{"href":"https:\/\/www.interpharma.ch\/fr\/wp-json\/wp\/v2\/pages"}],"about":[{"href":"https:\/\/www.interpharma.ch\/fr\/wp-json\/wp\/v2\/types\/page"}],"author":[{"embeddable":true,"href":"https:\/\/www.interpharma.ch\/fr\/wp-json\/wp\/v2\/users\/1"}],"replies":[{"embeddable":true,"href":"https:\/\/www.interpharma.ch\/fr\/wp-json\/wp\/v2\/comments?post=15439"}],"version-history":[{"count":3,"href":"https:\/\/www.interpharma.ch\/fr\/wp-json\/wp\/v2\/pages\/15439\/revisions"}],"predecessor-version":[{"id":15504,"href":"https:\/\/www.interpharma.ch\/fr\/wp-json\/wp\/v2\/pages\/15439\/revisions\/15504"}],"wp:attachment":[{"href":"https:\/\/www.interpharma.ch\/fr\/wp-json\/wp\/v2\/media?parent=15439"}],"curies":[{"name":"wp","href":"https:\/\/api.w.org\/{rel}","templated":true}]}}