{"id":15403,"date":"2026-02-05T08:13:57","date_gmt":"2026-02-05T07:13:57","guid":{"rendered":"https:\/\/iph-multisite.berta-bewegt.ch\/kontakt\/"},"modified":"2026-03-11T09:44:56","modified_gmt":"2026-03-11T08:44:56","slug":"kontakt","status":"publish","type":"page","link":"https:\/\/www.interpharma.ch\/fr\/ueber-uns\/kontakt\/","title":{"rendered":"Contact"},"content":{"rendered":"\n    <section class=\"google-kontakt-block block-margins scrollMagic-block visibleInBackend\" data-uid=\"69f4655d8e443\">\n        <div class=\"google-part-block\">\n                            <a href=\"https:\/\/www.google.com\/maps\/place\/Postfach, Petersgraben 35, CH 4009 Basel\" target=\"_blank\" style=\"display: inline\">\n                    <div class=\"acf-map\" data-zoom=\"16\">\n                        <div class=\"marker\" data-lat=\"47.5584171\" data-lng=\"7.5845587\"><\/div>\n                    <\/div>\n                <\/a>\n                    <\/div>\n\n        <div class=\"kontakt-part-block\">\n            <p class=\"small text-bold primary-color-1-text mb-0\">Interpharma<\/p>\n            <div class=\"local-firma-title-divider\"><\/div>\n                            <div class=\"small-text-wrapper\">\n                    <p>Association des entreprises pharmaceutiques<br \/>\nsuisses pratiquant la recherche<\/p>\n                <\/div>\n            \n                            <div class=\"address-wrapper small-text-wrapper\">\n                    <p>Petersgraben 35<br \/>\nCase postale<br \/>\nCH 4009 B\u00e2le<\/p>\n                <\/div>\n            \n                            <div class=\"local-kontakt-divider\"><\/div>\n            \n                            <div class=\"tel-wrapper\">\n                    <svg width=\"12\" height=\"12\" viewBox=\"0 0 12 12\" fill=\"none\" xmlns=\"http:\/\/www.w3.org\/2000\/svg\">\n                        <path d=\"M11.3 12C9.86667 12 8.46956 11.6804 7.10867 11.0413C5.74733 10.4027 4.54178 9.55822 3.492 8.508C2.44178 7.45822 1.59733 6.25267 0.958667 4.89133C0.319556 3.53044 0 2.13333 0 0.7C0 0.5 0.0666666 0.333333 0.2 0.2C0.333333 0.0666666 0.5 0 0.7 0H3.4C3.55556 0 3.69444 0.0499999 3.81667 0.15C3.93889 0.25 4.01111 0.377778 4.03333 0.533333L4.46667 2.86667C4.48889 3.02222 4.48622 3.16378 4.45867 3.29133C4.43067 3.41933 4.36667 3.53333 4.26667 3.63333L2.65 5.26667C3.11667 6.06667 3.70289 6.81667 4.40867 7.51667C5.114 8.21667 5.88889 8.82222 6.73333 9.33333L8.3 7.76667C8.4 7.66667 8.53067 7.59156 8.692 7.54133C8.85289 7.49156 9.01111 7.47778 9.16667 7.5L11.4667 7.96667C11.6222 8 11.75 8.07489 11.85 8.19133C11.95 8.30822 12 8.44444 12 8.6V11.3C12 11.5 11.9333 11.6667 11.8 11.8C11.6667 11.9333 11.5 12 11.3 12ZM2.01667 4L3.11667 2.9L2.83333 1.33333H1.35C1.40556 1.78889 1.48333 2.23889 1.58333 2.68333C1.68333 3.12778 1.82778 3.56667 2.01667 4ZM7.98333 9.96667C8.41667 10.1556 8.85844 10.3056 9.30867 10.4167C9.75844 10.5278 10.2111 10.6 10.6667 10.6333V9.16667L9.1 8.85L7.98333 9.96667Z\" fill=\"#298899\"\/>\n                    <\/svg>\n\n                    <p class=\"small mb-0\">\n                        <a href=\"tel:+41 61 264 34 00\">\n                            +41 61 264 34 00                        <\/a>\n                    <\/p>\n                <\/div>\n            \n                            <div class=\"email-wrapper\">\n                    <svg width=\"14\" height=\"11\" viewBox=\"0 0 14 11\" fill=\"none\" xmlns=\"http:\/\/www.w3.org\/2000\/svg\">\n                        <path d=\"M1.33333 10.6667C0.966667 10.6667 0.652889 10.5362 0.392 10.2753C0.130667 10.014 0 9.7 0 9.33333V1.33333C0 0.966667 0.130667 0.652889 0.392 0.392C0.652889 0.130667 0.966667 0 1.33333 0H12C12.3667 0 12.6807 0.130667 12.942 0.392C13.2029 0.652889 13.3333 0.966667 13.3333 1.33333V9.33333C13.3333 9.7 13.2029 10.014 12.942 10.2753C12.6807 10.5362 12.3667 10.6667 12 10.6667H1.33333ZM6.66667 6L12 2.66667V1.33333L6.66667 4.66667L1.33333 1.33333V2.66667L6.66667 6Z\" fill=\"#298899\"\/>\n                    <\/svg>\n\n                    <p class=\"small mb-0\">\n                        <a href=\"mailto:info@interpharma.ch\">\n                            info@interpharma.ch                        <\/a>\n                    <\/p>\n                <\/div>\n                    <\/div>\n    <\/section>\n\n\n\n\n\n            <section class=\"text-and-persons-kontakt-block block-margins scrollMagic-block visibleInBackend\" data-uid=\"69f4655d8ee8b\">\n            <div class=\"kontakt-into-text-part-block\">\n                                    <h2 class=\"like-h3\">Vos interlocuteurs<\/h2>\n                \n                                    <p class=\"mb-0\">Nos interlocuteurs se tiennent \u00e0 votre disposition pour r\u00e9pondre \u00e0 vos questions relatives aux m\u00e9dias et vous fournir des informations sur nos th\u00e8mes. Ils vous apporteront leur aide en vous fournissant des informations et des \u00e9valuations.<\/p>\n                            <\/div>\n\n            <div class=\"kontakt-persons-part-block\">\n                <div class=\"team-cards\">\n                    <div class=\"team-card-wrapper scrollMagic-block visibleInBackend\" data-uid=\"69f4655d8f079\">\n    <div class=\"team-card-inner-container\">\n        <div class=\"team-image-wrapper\" style=\"background-image: url('https:\/\/www.interpharma.ch\/wp-content\/uploads\/2026\/02\/Michele-Sierro.png')\">\n            <img decoding=\"async\" src=\"https:\/\/www.interpharma.ch\/wp-content\/themes\/iph\/dist\/images\/1_1_placeholder.png\" alt=\"Placeholder\">\n        <\/div>\n\n        <div class=\"team-kontakt-wrapper\">\n            <p class=\"text-bold mb-0\">Mich\u00e8le Sierro<\/p>\n\n                            <div class=\"local-function-wrapper\"><\/div>\n                <p class=\"mb-0\">Responsable communication Suisse romande<\/p>\n            \n                            <div class=\"local-main-kontakt-wrapper\"><\/div>\n            \n                            <div class=\"tel-wrapper\">\n                    <svg width=\"12\" height=\"12\" viewBox=\"0 0 12 12\" fill=\"none\" xmlns=\"http:\/\/www.w3.org\/2000\/svg\">\n                        <path d=\"M11.3 12C9.86667 12 8.46956 11.6804 7.10867 11.0413C5.74733 10.4027 4.54178 9.55822 3.492 8.508C2.44178 7.45822 1.59733 6.25267 0.958667 4.89133C0.319556 3.53044 0 2.13333 0 0.7C0 0.5 0.0666666 0.333333 0.2 0.2C0.333333 0.0666666 0.5 0 0.7 0H3.4C3.55556 0 3.69444 0.0499999 3.81667 0.15C3.93889 0.25 4.01111 0.377778 4.03333 0.533333L4.46667 2.86667C4.48889 3.02222 4.48622 3.16378 4.45867 3.29133C4.43067 3.41933 4.36667 3.53333 4.26667 3.63333L2.65 5.26667C3.11667 6.06667 3.70289 6.81667 4.40867 7.51667C5.114 8.21667 5.88889 8.82222 6.73333 9.33333L8.3 7.76667C8.4 7.66667 8.53067 7.59156 8.692 7.54133C8.85289 7.49156 9.01111 7.47778 9.16667 7.5L11.4667 7.96667C11.6222 8 11.75 8.07489 11.85 8.19133C11.95 8.30822 12 8.44444 12 8.6V11.3C12 11.5 11.9333 11.6667 11.8 11.8C11.6667 11.9333 11.5 12 11.3 12ZM2.01667 4L3.11667 2.9L2.83333 1.33333H1.35C1.40556 1.78889 1.48333 2.23889 1.58333 2.68333C1.68333 3.12778 1.82778 3.56667 2.01667 4ZM7.98333 9.96667C8.41667 10.1556 8.85844 10.3056 9.30867 10.4167C9.75844 10.5278 10.2111 10.6 10.6667 10.6333V9.16667L9.1 8.85L7.98333 9.96667Z\" fill=\"#298899\"\/>\n                    <\/svg>\n\n                    <p class=\"mb-0\">\n                        <a href=\"tel:+41 79 305 84 30\">\n                            +41 79 305 84 30                        <\/a>\n                    <\/p>\n                <\/div>\n            \n                            <div class=\"local-kontakt-wrapper\"><\/div>\n            \n                            <div class=\"email-wrapper\">\n                    <svg width=\"20\" height=\"16\" viewBox=\"0 0 20 16\" fill=\"none\" xmlns=\"http:\/\/www.w3.org\/2000\/svg\">\n                        <path d=\"M2 16C1.45 16 0.979333 15.8043 0.588 15.413C0.196 15.021 0 14.55 0 14V2C0 1.45 0.196 0.979333 0.588 0.588C0.979333 0.196 1.45 0 2 0H18C18.55 0 19.021 0.196 19.413 0.588C19.8043 0.979333 20 1.45 20 2V14C20 14.55 19.8043 15.021 19.413 15.413C19.021 15.8043 18.55 16 18 16H2ZM10 9L2 4V14H18V4L10 9ZM10 7L18 2H2L10 7ZM2 4V2V14V4Z\" fill=\"#298899\"\/>\n                    <\/svg>\n\n                    <p class=\"mb-0\">\n                        <a href=\"mailto:michele.sierro@interpharma.ch\">\n                            \u00c9crire un message                        <\/a>\n                    <\/p>\n                <\/div>\n                    <\/div>\n    <\/div>\n<\/div>\n<div class=\"team-card-wrapper scrollMagic-block visibleInBackend\" data-uid=\"69f4655d8f50f\">\n    <div class=\"team-card-inner-container\">\n        <div class=\"team-image-wrapper\" style=\"background-image: url('https:\/\/www.interpharma.ch\/wp-content\/uploads\/2026\/02\/Georg-Daerendinger.png')\">\n            <img decoding=\"async\" src=\"https:\/\/www.interpharma.ch\/wp-content\/themes\/iph\/dist\/images\/1_1_placeholder.png\" alt=\"Placeholder\">\n        <\/div>\n\n        <div class=\"team-kontakt-wrapper\">\n            <p class=\"text-bold mb-0\">Georg D\u00e4rendinger<\/p>\n\n                            <div class=\"local-function-wrapper\"><\/div>\n                <p class=\"mb-0\">Responsable communication<\/p>\n            \n                            <div class=\"local-main-kontakt-wrapper\"><\/div>\n            \n                            <div class=\"tel-wrapper\">\n                    <svg width=\"12\" height=\"12\" viewBox=\"0 0 12 12\" fill=\"none\" xmlns=\"http:\/\/www.w3.org\/2000\/svg\">\n                        <path d=\"M11.3 12C9.86667 12 8.46956 11.6804 7.10867 11.0413C5.74733 10.4027 4.54178 9.55822 3.492 8.508C2.44178 7.45822 1.59733 6.25267 0.958667 4.89133C0.319556 3.53044 0 2.13333 0 0.7C0 0.5 0.0666666 0.333333 0.2 0.2C0.333333 0.0666666 0.5 0 0.7 0H3.4C3.55556 0 3.69444 0.0499999 3.81667 0.15C3.93889 0.25 4.01111 0.377778 4.03333 0.533333L4.46667 2.86667C4.48889 3.02222 4.48622 3.16378 4.45867 3.29133C4.43067 3.41933 4.36667 3.53333 4.26667 3.63333L2.65 5.26667C3.11667 6.06667 3.70289 6.81667 4.40867 7.51667C5.114 8.21667 5.88889 8.82222 6.73333 9.33333L8.3 7.76667C8.4 7.66667 8.53067 7.59156 8.692 7.54133C8.85289 7.49156 9.01111 7.47778 9.16667 7.5L11.4667 7.96667C11.6222 8 11.75 8.07489 11.85 8.19133C11.95 8.30822 12 8.44444 12 8.6V11.3C12 11.5 11.9333 11.6667 11.8 11.8C11.6667 11.9333 11.5 12 11.3 12ZM2.01667 4L3.11667 2.9L2.83333 1.33333H1.35C1.40556 1.78889 1.48333 2.23889 1.58333 2.68333C1.68333 3.12778 1.82778 3.56667 2.01667 4ZM7.98333 9.96667C8.41667 10.1556 8.85844 10.3056 9.30867 10.4167C9.75844 10.5278 10.2111 10.6 10.6667 10.6333V9.16667L9.1 8.85L7.98333 9.96667Z\" fill=\"#298899\"\/>\n                    <\/svg>\n\n                    <p class=\"mb-0\">\n                        <a href=\"tel:+41 79 590 98 77\">\n                            +41 79 590 98 77                        <\/a>\n                    <\/p>\n                <\/div>\n            \n                            <div class=\"local-kontakt-wrapper\"><\/div>\n            \n                            <div class=\"email-wrapper\">\n                    <svg width=\"20\" height=\"16\" viewBox=\"0 0 20 16\" fill=\"none\" xmlns=\"http:\/\/www.w3.org\/2000\/svg\">\n                        <path d=\"M2 16C1.45 16 0.979333 15.8043 0.588 15.413C0.196 15.021 0 14.55 0 14V2C0 1.45 0.196 0.979333 0.588 0.588C0.979333 0.196 1.45 0 2 0H18C18.55 0 19.021 0.196 19.413 0.588C19.8043 0.979333 20 1.45 20 2V14C20 14.55 19.8043 15.021 19.413 15.413C19.021 15.8043 18.55 16 18 16H2ZM10 9L2 4V14H18V4L10 9ZM10 7L18 2H2L10 7ZM2 4V2V14V4Z\" fill=\"#298899\"\/>\n                    <\/svg>\n\n                    <p class=\"mb-0\">\n                        <a href=\"mailto:georg.daerendinger@interpharma.ch\">\n                            \u00c9crire un message                        <\/a>\n                    <\/p>\n                <\/div>\n                    <\/div>\n    <\/div>\n<\/div>\n                <\/div>\n            <\/div>\n        <\/section>\n    \n\n","protected":false},"excerpt":{"rendered":"","protected":false},"author":1,"featured_media":0,"parent":15666,"menu_order":4,"comment_status":"closed","ping_status":"closed","template":"","meta":{"_acf_changed":false,"inline_featured_image":false,"footnotes":""},"class_list":["post-15403","page","type-page","status-publish","hentry"],"acf":[],"yoast_head":"<!-- This site is optimized with the Yoast SEO Premium plugin v27.2 (Yoast SEO v27.2) - https:\/\/yoast.com\/product\/yoast-seo-premium-wordpress\/ -->\n<title>Contact - Interpharma<\/title>\n<meta name=\"robots\" content=\"index, follow, max-snippet:-1, max-image-preview:large, max-video-preview:-1\" \/>\n<link rel=\"canonical\" href=\"https:\/\/www.interpharma.ch\/fr\/ueber-uns\/kontakt\/\" \/>\n<meta property=\"og:locale\" content=\"fr_FR\" \/>\n<meta property=\"og:type\" content=\"article\" \/>\n<meta property=\"og:title\" content=\"Contact\" \/>\n<meta property=\"og:url\" content=\"https:\/\/www.interpharma.ch\/fr\/ueber-uns\/kontakt\/\" \/>\n<meta property=\"og:site_name\" content=\"Interpharma\" \/>\n<meta property=\"article:modified_time\" content=\"2026-03-11T08:44:56+00:00\" \/>\n<meta name=\"twitter:card\" content=\"summary_large_image\" \/>\n<meta name=\"twitter:site\" content=\"@interpharma_ch\" \/>\n<script type=\"application\/ld+json\" class=\"yoast-schema-graph\">{\"@context\":\"https:\/\/schema.org\",\"@graph\":[{\"@type\":\"WebPage\",\"@id\":\"https:\/\/www.interpharma.ch\/fr\/ueber-uns\/kontakt\/\",\"url\":\"https:\/\/www.interpharma.ch\/fr\/ueber-uns\/kontakt\/\",\"name\":\"Contact - Interpharma\",\"isPartOf\":{\"@id\":\"https:\/\/www.interpharma.ch\/#website\"},\"datePublished\":\"2026-02-05T07:13:57+00:00\",\"dateModified\":\"2026-03-11T08:44:56+00:00\",\"breadcrumb\":{\"@id\":\"https:\/\/www.interpharma.ch\/fr\/ueber-uns\/kontakt\/#breadcrumb\"},\"inLanguage\":\"fr-FR\",\"potentialAction\":[{\"@type\":\"ReadAction\",\"target\":[\"https:\/\/www.interpharma.ch\/fr\/ueber-uns\/kontakt\/\"]}]},{\"@type\":\"BreadcrumbList\",\"@id\":\"https:\/\/www.interpharma.ch\/fr\/ueber-uns\/kontakt\/#breadcrumb\",\"itemListElement\":[{\"@type\":\"ListItem\",\"position\":1,\"name\":\"Startseite\",\"item\":\"https:\/\/www.interpharma.ch\/fr\/\"},{\"@type\":\"ListItem\",\"position\":2,\"name\":\"\u00c0 propos de nous\",\"item\":\"https:\/\/www.interpharma.ch\/fr\/ueber-uns\/\"},{\"@type\":\"ListItem\",\"position\":3,\"name\":\"Contact\"}]},{\"@type\":\"WebSite\",\"@id\":\"https:\/\/www.interpharma.ch\/#website\",\"url\":\"https:\/\/www.interpharma.ch\/\",\"name\":\"Interpharma\",\"description\":\"Verband der forschenden Pharmazeutischen Firmen\",\"publisher\":{\"@id\":\"https:\/\/www.interpharma.ch\/#organization\"},\"potentialAction\":[{\"@type\":\"SearchAction\",\"target\":{\"@type\":\"EntryPoint\",\"urlTemplate\":\"https:\/\/www.interpharma.ch\/?s={search_term_string}\"},\"query-input\":{\"@type\":\"PropertyValueSpecification\",\"valueRequired\":true,\"valueName\":\"search_term_string\"}}],\"inLanguage\":\"fr-FR\"},{\"@type\":\"Organization\",\"@id\":\"https:\/\/www.interpharma.ch\/#organization\",\"name\":\"Interpharma\",\"url\":\"https:\/\/www.interpharma.ch\/\",\"logo\":{\"@type\":\"ImageObject\",\"inLanguage\":\"fr-FR\",\"@id\":\"https:\/\/www.interpharma.ch\/#\/schema\/logo\/image\/\",\"url\":\"https:\/\/interpharma.ch\/wp-content\/uploads\/2026\/03\/20251014_iph_logo_wort_bildmarke_rgb_final_cu01.svg\",\"contentUrl\":\"https:\/\/interpharma.ch\/wp-content\/uploads\/2026\/03\/20251014_iph_logo_wort_bildmarke_rgb_final_cu01.svg\",\"width\":\"1200\",\"height\":\"1200\",\"caption\":\"Interpharma\"},\"image\":{\"@id\":\"https:\/\/www.interpharma.ch\/#\/schema\/logo\/image\/\"},\"sameAs\":[\"https:\/\/x.com\/interpharma_ch\",\"https:\/\/ch.linkedin.com\/company\/interpharma\",\"https:\/\/www.instagram.com\/interpharma_ch\/\"]}]}<\/script>\n<!-- \/ Yoast SEO Premium plugin. -->","yoast_head_json":{"title":"Contact - Interpharma","robots":{"index":"index","follow":"follow","max-snippet":"max-snippet:-1","max-image-preview":"max-image-preview:large","max-video-preview":"max-video-preview:-1"},"canonical":"https:\/\/www.interpharma.ch\/fr\/ueber-uns\/kontakt\/","og_locale":"fr_FR","og_type":"article","og_title":"Contact","og_url":"https:\/\/www.interpharma.ch\/fr\/ueber-uns\/kontakt\/","og_site_name":"Interpharma","article_modified_time":"2026-03-11T08:44:56+00:00","twitter_card":"summary_large_image","twitter_site":"@interpharma_ch","schema":{"@context":"https:\/\/schema.org","@graph":[{"@type":"WebPage","@id":"https:\/\/www.interpharma.ch\/fr\/ueber-uns\/kontakt\/","url":"https:\/\/www.interpharma.ch\/fr\/ueber-uns\/kontakt\/","name":"Contact - Interpharma","isPartOf":{"@id":"https:\/\/www.interpharma.ch\/#website"},"datePublished":"2026-02-05T07:13:57+00:00","dateModified":"2026-03-11T08:44:56+00:00","breadcrumb":{"@id":"https:\/\/www.interpharma.ch\/fr\/ueber-uns\/kontakt\/#breadcrumb"},"inLanguage":"fr-FR","potentialAction":[{"@type":"ReadAction","target":["https:\/\/www.interpharma.ch\/fr\/ueber-uns\/kontakt\/"]}]},{"@type":"BreadcrumbList","@id":"https:\/\/www.interpharma.ch\/fr\/ueber-uns\/kontakt\/#breadcrumb","itemListElement":[{"@type":"ListItem","position":1,"name":"Startseite","item":"https:\/\/www.interpharma.ch\/fr\/"},{"@type":"ListItem","position":2,"name":"\u00c0 propos de nous","item":"https:\/\/www.interpharma.ch\/fr\/ueber-uns\/"},{"@type":"ListItem","position":3,"name":"Contact"}]},{"@type":"WebSite","@id":"https:\/\/www.interpharma.ch\/#website","url":"https:\/\/www.interpharma.ch\/","name":"Interpharma","description":"Verband der forschenden Pharmazeutischen Firmen","publisher":{"@id":"https:\/\/www.interpharma.ch\/#organization"},"potentialAction":[{"@type":"SearchAction","target":{"@type":"EntryPoint","urlTemplate":"https:\/\/www.interpharma.ch\/?s={search_term_string}"},"query-input":{"@type":"PropertyValueSpecification","valueRequired":true,"valueName":"search_term_string"}}],"inLanguage":"fr-FR"},{"@type":"Organization","@id":"https:\/\/www.interpharma.ch\/#organization","name":"Interpharma","url":"https:\/\/www.interpharma.ch\/","logo":{"@type":"ImageObject","inLanguage":"fr-FR","@id":"https:\/\/www.interpharma.ch\/#\/schema\/logo\/image\/","url":"https:\/\/interpharma.ch\/wp-content\/uploads\/2026\/03\/20251014_iph_logo_wort_bildmarke_rgb_final_cu01.svg","contentUrl":"https:\/\/interpharma.ch\/wp-content\/uploads\/2026\/03\/20251014_iph_logo_wort_bildmarke_rgb_final_cu01.svg","width":"1200","height":"1200","caption":"Interpharma"},"image":{"@id":"https:\/\/www.interpharma.ch\/#\/schema\/logo\/image\/"},"sameAs":["https:\/\/x.com\/interpharma_ch","https:\/\/ch.linkedin.com\/company\/interpharma","https:\/\/www.instagram.com\/interpharma_ch\/"]}]}},"_links":{"self":[{"href":"https:\/\/www.interpharma.ch\/fr\/wp-json\/wp\/v2\/pages\/15403","targetHints":{"allow":["GET"]}}],"collection":[{"href":"https:\/\/www.interpharma.ch\/fr\/wp-json\/wp\/v2\/pages"}],"about":[{"href":"https:\/\/www.interpharma.ch\/fr\/wp-json\/wp\/v2\/types\/page"}],"author":[{"embeddable":true,"href":"https:\/\/www.interpharma.ch\/fr\/wp-json\/wp\/v2\/users\/1"}],"replies":[{"embeddable":true,"href":"https:\/\/www.interpharma.ch\/fr\/wp-json\/wp\/v2\/comments?post=15403"}],"version-history":[{"count":3,"href":"https:\/\/www.interpharma.ch\/fr\/wp-json\/wp\/v2\/pages\/15403\/revisions"}],"predecessor-version":[{"id":15409,"href":"https:\/\/www.interpharma.ch\/fr\/wp-json\/wp\/v2\/pages\/15403\/revisions\/15409"}],"up":[{"embeddable":true,"href":"https:\/\/www.interpharma.ch\/fr\/wp-json\/wp\/v2\/pages\/15666"}],"wp:attachment":[{"href":"https:\/\/www.interpharma.ch\/fr\/wp-json\/wp\/v2\/media?parent=15403"}],"curies":[{"name":"wp","href":"https:\/\/api.w.org\/{rel}","templated":true}]}}